{"id":5176,"date":"2021-03-20T08:43:57","date_gmt":"2022-10-17T06:33:36","guid":{"rendered":"https:\/\/decoplanta.com\/sem%20categoria\/planta-suspensa-ficus-pumila\/"},"modified":"2023-11-01T15:52:00","modified_gmt":"2023-11-01T14:52:00","slug":"planta-suspensa-ficus-pumila","status":"publish","type":"product","link":"https:\/\/decoplanta.com\/pt-pt\/plantas-suspensas\/planta-suspensa-ficus-pumila\/","title":{"rendered":"Planta suspensa FICUS PUMILA"},"content":{"rendered":"<p>Planta suspensa artificial FICUS PUMILA 80 cm de comprimento para decora\u00e7\u00e3o de interiores. N\u00e3o requer manuten\u00e7\u00e3o e permanece verde durante todo o ano. Os caules e folhas variam em comprimento para uma apar\u00eancia natural e muito realista. S\u00e3o vendidos em caixas indivis\u00edveis de 6 unidades. Pre\u00e7o por unidade no cat\u00e1logo.<\/p>\n","protected":false},"excerpt":{"rendered":"<p>Planta suspensa FICUS PUMILA artificial 80 cm de comprimento para decora\u00e7\u00e3o de interiores. N\u00e3o requer manuten\u00e7\u00e3o e permanece verde durante todo o ano. Os caules e folhas variam em comprimento para uma apar\u00eancia natural e muito realista.<\/p>\n<p>Pre\u00e7o por unidade no cat\u00e1logo.<\/p>\n<table>\n<tbody>\n<tr>\n<td><strong>REF<\/strong><\/td>\n<td><strong>ALTURA<\/strong><\/td>\n<\/tr>\n<tr>\n<td><strong>419269<\/strong><\/td>\n<td>80 cm<\/td>\n<\/tr>\n<\/tbody>\n<\/table>\n","protected":false},"featured_media":4489,"template":"","meta":{"_monsterinsights_skip_tracking":false,"_monsterinsights_sitenote_active":false,"_monsterinsights_sitenote_note":"","_monsterinsights_sitenote_category":0},"product_brand":[],"product_cat":[392],"product_tag":[409],"class_list":{"0":"post-5176","1":"product","2":"type-product","3":"status-publish","4":"has-post-thumbnail","6":"product_cat-plantas-suspensas","7":"product_tag-ficus-para-decoracao-de-interiores","8":"","9":"woocommerce-text-align-center","10":"woocommerce-image-align-center","11":"do-quantity-buttons","13":"first","14":"instock","15":"taxable","16":"shipping-taxable","17":"purchasable","18":"product-type-simple"},"yoast_head":"<!-- This site is optimized with the Yoast SEO plugin v27.3 - https:\/\/yoast.com\/product\/yoast-seo-wordpress\/ -->\n<title>Planta suspensa FICUS PUMILA artificial para decora\u00e7\u00e3o<\/title>\n<meta name=\"description\" content=\"Planta suspensa FICUS PUMILA artificial com 80 cm de comprimento para decora\u00e7\u00e3o de interiores. Planta suspensa artificial altamente realista para interior\" \/>\n<meta name=\"robots\" content=\"index, follow, max-snippet:-1, max-image-preview:large, max-video-preview:-1\" \/>\n<link rel=\"canonical\" href=\"https:\/\/decoplanta.com\/pt-pt\/plantas-suspensas\/planta-suspensa-ficus-pumila\/\" \/>\n<meta property=\"og:locale\" content=\"pt_PT\" \/>\n<meta property=\"og:type\" content=\"article\" \/>\n<meta property=\"og:title\" content=\"Planta suspensa FICUS PUMILA artificial para decora\u00e7\u00e3o\" \/>\n<meta property=\"og:description\" content=\"Planta suspensa FICUS PUMILA artificial com 80 cm de comprimento para decora\u00e7\u00e3o de interiores. Planta suspensa artificial altamente realista para interior\" \/>\n<meta property=\"og:url\" content=\"https:\/\/decoplanta.com\/pt-pt\/plantas-suspensas\/planta-suspensa-ficus-pumila\/\" \/>\n<meta property=\"og:site_name\" content=\"Plantas y \u00e1rboles artificiales de Alto Realismo\" \/>\n<meta property=\"article:modified_time\" content=\"2023-11-01T14:52:00+00:00\" \/>\n<meta property=\"og:image\" content=\"https:\/\/decoplanta.com\/wp-content\/uploads\/2021\/03\/419269-Planta_Colgante-FICUS_PUMILA.jpg\" \/>\n\t<meta property=\"og:image:width\" content=\"2300\" \/>\n\t<meta property=\"og:image:height\" content=\"2300\" \/>\n\t<meta property=\"og:image:type\" content=\"image\/jpeg\" \/>\n<meta name=\"twitter:card\" content=\"summary_large_image\" \/>\n<meta name=\"twitter:label1\" content=\"Tempo estimado de leitura\" \/>\n\t<meta name=\"twitter:data1\" content=\"1 minuto\" \/>\n<script type=\"application\/ld+json\" class=\"yoast-schema-graph\">{\"@context\":\"https:\\\/\\\/schema.org\",\"@graph\":[{\"@type\":\"WebPage\",\"@id\":\"https:\\\/\\\/decoplanta.com\\\/pt-pt\\\/plantas-suspensas\\\/planta-suspensa-ficus-pumila\\\/\",\"url\":\"https:\\\/\\\/decoplanta.com\\\/pt-pt\\\/plantas-suspensas\\\/planta-suspensa-ficus-pumila\\\/\",\"name\":\"Planta suspensa FICUS PUMILA artificial para decora\u00e7\u00e3o\",\"isPartOf\":{\"@id\":\"https:\\\/\\\/decoplanta.com\\\/pt-pt\\\/#website\"},\"primaryImageOfPage\":{\"@id\":\"https:\\\/\\\/decoplanta.com\\\/pt-pt\\\/plantas-suspensas\\\/planta-suspensa-ficus-pumila\\\/#primaryimage\"},\"image\":{\"@id\":\"https:\\\/\\\/decoplanta.com\\\/pt-pt\\\/plantas-suspensas\\\/planta-suspensa-ficus-pumila\\\/#primaryimage\"},\"thumbnailUrl\":\"https:\\\/\\\/decoplanta.com\\\/wp-content\\\/uploads\\\/2021\\\/03\\\/419269-Planta_Colgante-FICUS_PUMILA.jpg\",\"datePublished\":\"2022-10-17T06:33:36+00:00\",\"dateModified\":\"2023-11-01T14:52:00+00:00\",\"description\":\"Planta suspensa FICUS PUMILA artificial com 80 cm de comprimento para decora\u00e7\u00e3o de interiores. Planta suspensa artificial altamente realista para interior\",\"breadcrumb\":{\"@id\":\"https:\\\/\\\/decoplanta.com\\\/pt-pt\\\/plantas-suspensas\\\/planta-suspensa-ficus-pumila\\\/#breadcrumb\"},\"inLanguage\":\"pt-PT\",\"potentialAction\":[{\"@type\":\"ReadAction\",\"target\":[\"https:\\\/\\\/decoplanta.com\\\/pt-pt\\\/plantas-suspensas\\\/planta-suspensa-ficus-pumila\\\/\"]}]},{\"@type\":\"ImageObject\",\"inLanguage\":\"pt-PT\",\"@id\":\"https:\\\/\\\/decoplanta.com\\\/pt-pt\\\/plantas-suspensas\\\/planta-suspensa-ficus-pumila\\\/#primaryimage\",\"url\":\"https:\\\/\\\/decoplanta.com\\\/wp-content\\\/uploads\\\/2021\\\/03\\\/419269-Planta_Colgante-FICUS_PUMILA.jpg\",\"contentUrl\":\"https:\\\/\\\/decoplanta.com\\\/wp-content\\\/uploads\\\/2021\\\/03\\\/419269-Planta_Colgante-FICUS_PUMILA.jpg\",\"width\":2300,\"height\":2300,\"caption\":\"Planta suspensa artificial FICUS PUMILA 80 cm de comprimento para decora\u00e7\u00e3o de interiores\"},{\"@type\":\"BreadcrumbList\",\"@id\":\"https:\\\/\\\/decoplanta.com\\\/pt-pt\\\/plantas-suspensas\\\/planta-suspensa-ficus-pumila\\\/#breadcrumb\",\"itemListElement\":[{\"@type\":\"ListItem\",\"position\":1,\"name\":\"Portada\",\"item\":\"https:\\\/\\\/decoplanta.com\\\/pt-pt\\\/\"},{\"@type\":\"ListItem\",\"position\":2,\"name\":\"Priv\u00e9\u00a0: Tienda\",\"item\":\"https:\\\/\\\/decoplanta.com\\\/?page_id=377\"},{\"@type\":\"ListItem\",\"position\":3,\"name\":\"Planta suspensa FICUS PUMILA\"}]},{\"@type\":\"WebSite\",\"@id\":\"https:\\\/\\\/decoplanta.com\\\/pt-pt\\\/#website\",\"url\":\"https:\\\/\\\/decoplanta.com\\\/pt-pt\\\/\",\"name\":\"Plantas y \u00e1rboles artificiales de Alto Realismo\",\"description\":\"Proveedor de Plantas artificiales para estudios de Arquitectura, Interiorismo, Paisajismo, Escenograf\u00eda, Tiendas de Decoraci\u00f3n Florister\u00edas y Mobiliario\",\"publisher\":{\"@id\":\"https:\\\/\\\/decoplanta.com\\\/pt-pt\\\/#organization\"},\"potentialAction\":[{\"@type\":\"SearchAction\",\"target\":{\"@type\":\"EntryPoint\",\"urlTemplate\":\"https:\\\/\\\/decoplanta.com\\\/pt-pt\\\/?s={search_term_string}\"},\"query-input\":{\"@type\":\"PropertyValueSpecification\",\"valueRequired\":true,\"valueName\":\"search_term_string\"}}],\"inLanguage\":\"pt-PT\"},{\"@type\":\"Organization\",\"@id\":\"https:\\\/\\\/decoplanta.com\\\/pt-pt\\\/#organization\",\"name\":\"Plantas y \u00e1rboles artificiales de Alto Realismo\",\"url\":\"https:\\\/\\\/decoplanta.com\\\/pt-pt\\\/\",\"logo\":{\"@type\":\"ImageObject\",\"inLanguage\":\"pt-PT\",\"@id\":\"https:\\\/\\\/decoplanta.com\\\/pt-pt\\\/#\\\/schema\\\/logo\\\/image\\\/\",\"url\":\"https:\\\/\\\/decoplanta.com\\\/wp-content\\\/uploads\\\/2021\\\/02\\\/decoplanta-logo2020.svg\",\"contentUrl\":\"https:\\\/\\\/decoplanta.com\\\/wp-content\\\/uploads\\\/2021\\\/02\\\/decoplanta-logo2020.svg\",\"width\":500,\"height\":500,\"caption\":\"Plantas y \u00e1rboles artificiales de Alto Realismo\"},\"image\":{\"@id\":\"https:\\\/\\\/decoplanta.com\\\/pt-pt\\\/#\\\/schema\\\/logo\\\/image\\\/\"}}]}<\/script>\n<!-- \/ Yoast SEO plugin. -->","yoast_head_json":{"title":"Planta suspensa FICUS PUMILA artificial para decora\u00e7\u00e3o","description":"Planta suspensa FICUS PUMILA artificial com 80 cm de comprimento para decora\u00e7\u00e3o de interiores. Planta suspensa artificial altamente realista para interior","robots":{"index":"index","follow":"follow","max-snippet":"max-snippet:-1","max-image-preview":"max-image-preview:large","max-video-preview":"max-video-preview:-1"},"canonical":"https:\/\/decoplanta.com\/pt-pt\/plantas-suspensas\/planta-suspensa-ficus-pumila\/","og_locale":"pt_PT","og_type":"article","og_title":"Planta suspensa FICUS PUMILA artificial para decora\u00e7\u00e3o","og_description":"Planta suspensa FICUS PUMILA artificial com 80 cm de comprimento para decora\u00e7\u00e3o de interiores. Planta suspensa artificial altamente realista para interior","og_url":"https:\/\/decoplanta.com\/pt-pt\/plantas-suspensas\/planta-suspensa-ficus-pumila\/","og_site_name":"Plantas y \u00e1rboles artificiales de Alto Realismo","article_modified_time":"2023-11-01T14:52:00+00:00","og_image":[{"width":2300,"height":2300,"url":"https:\/\/decoplanta.com\/wp-content\/uploads\/2021\/03\/419269-Planta_Colgante-FICUS_PUMILA.jpg","type":"image\/jpeg"}],"twitter_card":"summary_large_image","twitter_misc":{"Tempo estimado de leitura":"1 minuto"},"schema":{"@context":"https:\/\/schema.org","@graph":[{"@type":"WebPage","@id":"https:\/\/decoplanta.com\/pt-pt\/plantas-suspensas\/planta-suspensa-ficus-pumila\/","url":"https:\/\/decoplanta.com\/pt-pt\/plantas-suspensas\/planta-suspensa-ficus-pumila\/","name":"Planta suspensa FICUS PUMILA artificial para decora\u00e7\u00e3o","isPartOf":{"@id":"https:\/\/decoplanta.com\/pt-pt\/#website"},"primaryImageOfPage":{"@id":"https:\/\/decoplanta.com\/pt-pt\/plantas-suspensas\/planta-suspensa-ficus-pumila\/#primaryimage"},"image":{"@id":"https:\/\/decoplanta.com\/pt-pt\/plantas-suspensas\/planta-suspensa-ficus-pumila\/#primaryimage"},"thumbnailUrl":"https:\/\/decoplanta.com\/wp-content\/uploads\/2021\/03\/419269-Planta_Colgante-FICUS_PUMILA.jpg","datePublished":"2022-10-17T06:33:36+00:00","dateModified":"2023-11-01T14:52:00+00:00","description":"Planta suspensa FICUS PUMILA artificial com 80 cm de comprimento para decora\u00e7\u00e3o de interiores. Planta suspensa artificial altamente realista para interior","breadcrumb":{"@id":"https:\/\/decoplanta.com\/pt-pt\/plantas-suspensas\/planta-suspensa-ficus-pumila\/#breadcrumb"},"inLanguage":"pt-PT","potentialAction":[{"@type":"ReadAction","target":["https:\/\/decoplanta.com\/pt-pt\/plantas-suspensas\/planta-suspensa-ficus-pumila\/"]}]},{"@type":"ImageObject","inLanguage":"pt-PT","@id":"https:\/\/decoplanta.com\/pt-pt\/plantas-suspensas\/planta-suspensa-ficus-pumila\/#primaryimage","url":"https:\/\/decoplanta.com\/wp-content\/uploads\/2021\/03\/419269-Planta_Colgante-FICUS_PUMILA.jpg","contentUrl":"https:\/\/decoplanta.com\/wp-content\/uploads\/2021\/03\/419269-Planta_Colgante-FICUS_PUMILA.jpg","width":2300,"height":2300,"caption":"Planta suspensa artificial FICUS PUMILA 80 cm de comprimento para decora\u00e7\u00e3o de interiores"},{"@type":"BreadcrumbList","@id":"https:\/\/decoplanta.com\/pt-pt\/plantas-suspensas\/planta-suspensa-ficus-pumila\/#breadcrumb","itemListElement":[{"@type":"ListItem","position":1,"name":"Portada","item":"https:\/\/decoplanta.com\/pt-pt\/"},{"@type":"ListItem","position":2,"name":"Priv\u00e9\u00a0: Tienda","item":"https:\/\/decoplanta.com\/?page_id=377"},{"@type":"ListItem","position":3,"name":"Planta suspensa FICUS PUMILA"}]},{"@type":"WebSite","@id":"https:\/\/decoplanta.com\/pt-pt\/#website","url":"https:\/\/decoplanta.com\/pt-pt\/","name":"Plantas y \u00e1rboles artificiales de Alto Realismo","description":"Proveedor de Plantas artificiales para estudios de Arquitectura, Interiorismo, Paisajismo, Escenograf\u00eda, Tiendas de Decoraci\u00f3n Florister\u00edas y Mobiliario","publisher":{"@id":"https:\/\/decoplanta.com\/pt-pt\/#organization"},"potentialAction":[{"@type":"SearchAction","target":{"@type":"EntryPoint","urlTemplate":"https:\/\/decoplanta.com\/pt-pt\/?s={search_term_string}"},"query-input":{"@type":"PropertyValueSpecification","valueRequired":true,"valueName":"search_term_string"}}],"inLanguage":"pt-PT"},{"@type":"Organization","@id":"https:\/\/decoplanta.com\/pt-pt\/#organization","name":"Plantas y \u00e1rboles artificiales de Alto Realismo","url":"https:\/\/decoplanta.com\/pt-pt\/","logo":{"@type":"ImageObject","inLanguage":"pt-PT","@id":"https:\/\/decoplanta.com\/pt-pt\/#\/schema\/logo\/image\/","url":"https:\/\/decoplanta.com\/wp-content\/uploads\/2021\/02\/decoplanta-logo2020.svg","contentUrl":"https:\/\/decoplanta.com\/wp-content\/uploads\/2021\/02\/decoplanta-logo2020.svg","width":500,"height":500,"caption":"Plantas y \u00e1rboles artificiales de Alto Realismo"},"image":{"@id":"https:\/\/decoplanta.com\/pt-pt\/#\/schema\/logo\/image\/"}}]}},"_links":{"self":[{"href":"https:\/\/decoplanta.com\/pt-pt\/wp-json\/wp\/v2\/product\/5176","targetHints":{"allow":["GET"]}}],"collection":[{"href":"https:\/\/decoplanta.com\/pt-pt\/wp-json\/wp\/v2\/product"}],"about":[{"href":"https:\/\/decoplanta.com\/pt-pt\/wp-json\/wp\/v2\/types\/product"}],"version-history":[{"count":0,"href":"https:\/\/decoplanta.com\/pt-pt\/wp-json\/wp\/v2\/product\/5176\/revisions"}],"wp:featuredmedia":[{"embeddable":true,"href":"https:\/\/decoplanta.com\/pt-pt\/wp-json\/wp\/v2\/media\/4489"}],"wp:attachment":[{"href":"https:\/\/decoplanta.com\/pt-pt\/wp-json\/wp\/v2\/media?parent=5176"}],"wp:term":[{"taxonomy":"product_brand","embeddable":true,"href":"https:\/\/decoplanta.com\/pt-pt\/wp-json\/wp\/v2\/product_brand?post=5176"},{"taxonomy":"product_cat","embeddable":true,"href":"https:\/\/decoplanta.com\/pt-pt\/wp-json\/wp\/v2\/product_cat?post=5176"},{"taxonomy":"product_tag","embeddable":true,"href":"https:\/\/decoplanta.com\/pt-pt\/wp-json\/wp\/v2\/product_tag?post=5176"}],"curies":[{"name":"wp","href":"https:\/\/api.w.org\/{rel}","templated":true}]}}