{"id":5183,"date":"2022-04-22T17:00:23","date_gmt":"2022-10-17T06:54:54","guid":{"rendered":"https:\/\/decoplanta.com\/sem%20categoria\/kokedama-feto-suspenso\/"},"modified":"2022-10-18T06:52:52","modified_gmt":"2022-10-18T05:52:52","slug":"kokedama-feto-suspenso-de-teto-artificial","status":"publish","type":"product","link":"https:\/\/decoplanta.com\/pt-pt\/jardim-suspenso-artificial\/kokedama-feto-suspenso-de-teto-artificial\/","title":{"rendered":"Kokedama FETO suspenso em cesta de arame"},"content":{"rendered":"<p>Kokedama FETO suspenso artificial em cesto de arame <a class=\"waffle-rich-text-link\" href=\"https:\/\/www.elmundo.es\/ofertas-regalos\/hogar-jardin\/2021\/09\/16\/609bc62121efa04a778b460c.html\">Kokedama<\/a> FETO bola suspensa artificial de musgo em cesto de arame.<\/p>\n<p>Planta suspensa de teto altamente realista. Tem uma altura total de aproximadamente 45 cm. Combinar este feto artificial com outras plantas reais ou artificiais para criar uma atmosfera tropical. Agora do Jap\u00e3o vem esta variedade de cultivo que vai muito para al\u00e9m do estritamente natural, tendo poderosos benef\u00edcios emocionais para aqueles que o praticam. Para al\u00e9m da sua beleza est\u00e9tica e originalidade, os kokedamas tornaram-se rapidamente populares porque valorizam a decora\u00e7\u00e3o de qualquer espa\u00e7o. N\u00e3o os ama simplesmente?<\/p>\n<p>Esta planta maravilhosa \u00e9 feita utilizando a t\u00e9cnica japonesa chamada kokedama, na qual o vaso tradicional de plantas \u00e9 substitu\u00eddo por uma bola de musgo. O Kokedama artificial suspenso na bola de musgo da feto \u00e9 fornecido com um cesto de arame e est\u00e1 pronto a ser pendurado. \u00c9 ideal para a cria\u00e7\u00e3o de um fant\u00e1stico jardim de teto suspenso interior. Gra\u00e7as ao seu aspecto natural, \u00e9 indistingu\u00edvel dos originais \u00e0 primeira vista. Este feto vers\u00e1til ir\u00e1 cativar tanto a si como aos seus visitantes, seja na \u00e1rea de recep\u00e7\u00e3o ou em espa\u00e7os comerciais. Esta f\u00e1brica de bolas de musgo \u00e9 fornecida com arame de suspens\u00e3o, pronto a ser pendurado. Estas bolas cobertas de musgo tornaram-se moda. Kokedama \u00e9 a t\u00e9cnica japonesa para decorar qualquer espa\u00e7o com plantas sem vaso, que s\u00e3o pequenas bolas de musgo que substituem os vasos tradicionais. Estes s\u00e3o kokedama, a t\u00e9cnica japonesa em que o vaso tradicional de plantas \u00e9 substitu\u00eddo por uma bola de musgo.<\/p>\n<h3>Qual \u00e9 o aspecto do Kokedama FETO suspenso artificial?<\/h3>\n<p>O kokedama tem uma apar\u00eancia escult\u00f3rica. Podemos ter um kokedama de quase qualquer tipo de planta, tanto dentro como fora de casa. Antes de mais, a bola de musgo que actuar\u00e1 como um pote est\u00e1 bem preparada. O substrato mineral e uma argila de origem vulc\u00e2nica s\u00e3o utilizados para formar a bola com o solo e as ra\u00edzes da planta, que \u00e9 depois coberta com uma camada de musgo. Tudo \u00e9 amarrado com uma corda para que n\u00e3o perca a sua forma. Quase todos os tipos de plantas s\u00e3o adequados para apresenta\u00e7\u00e3o sob a forma de kokedama. Descubra a nossa maravilhosa planta <a class=\"waffle-rich-text-link\" href=\"https:\/\/decoplanta.com\/plantas-colgantes-de-techo-jardin-colgante-artificial\/kokedama-monstera-colgante-de-techo-artificial\">Kokedama MONSTERA<\/a>.<\/p>\n","protected":false},"excerpt":{"rendered":"<p>Kokedama FETO suspenso artificial com bola de musgo em cesto de arame. Planta suspensa altamente realista. Altura total aprox. 45 cm.<\/p>\n<p>Combinar este feto artificial com outras plantas reais ou artificiais para criar uma atmosfera tropical. Esta planta maravilhosa \u00e9 feita utilizando a t\u00e9cnica japonesa chamada kokedama, na qual o vaso tradicional de plantas \u00e9 substitu\u00eddo por uma bola de musgo. O Kokedama FETO suspenso artificial \u00e9 fornecido com um cesto de arame e est\u00e1 pronto para ser pendurado no teto. \u00c9 ideal para a cria\u00e7\u00e3o de um fant\u00e1stico jardim de teto suspenso interior.<\/p>\n<table>\n<tbody>\n<tr>\n<td><strong>REF<\/strong><\/td>\n<td>Altura<\/td>\n<\/tr>\n<tr>\n<td><strong>420222<\/strong><\/td>\n<td>45 cm<\/td>\n<\/tr>\n<\/tbody>\n<\/table>\n","protected":false},"featured_media":4705,"template":"","meta":{"_monsterinsights_skip_tracking":false,"_monsterinsights_sitenote_active":false,"_monsterinsights_sitenote_note":"","_monsterinsights_sitenote_category":0},"product_brand":[],"product_cat":[393],"product_tag":[413,423,422],"class_list":{"0":"post-5183","1":"product","2":"type-product","3":"status-publish","4":"has-post-thumbnail","6":"product_cat-jardim-suspenso-artificial","7":"product_tag-feto-para-interior","8":"product_tag-kokedama-artificial","9":"product_tag-planta-tropical","10":"","11":"woocommerce-text-align-center","12":"woocommerce-image-align-center","13":"do-quantity-buttons","15":"first","16":"instock","17":"taxable","18":"shipping-taxable","19":"purchasable","20":"product-type-simple"},"yoast_head":"<!-- This site is optimized with the Yoast SEO plugin v27.4 - https:\/\/yoast.com\/product\/yoast-seo-wordpress\/ -->\n<title>Kokedama FETO suspenso artificial - Alto realismo para interior<\/title>\n<meta name=\"description\" content=\"Kokedama FETO suspenso artificial - Planta suspensa altamente realista. Combinar com outras plantas para criar um ambiente tropical\" \/>\n<meta name=\"robots\" content=\"index, follow, max-snippet:-1, max-image-preview:large, max-video-preview:-1\" \/>\n<link rel=\"canonical\" href=\"https:\/\/decoplanta.com\/pt-pt\/jardim-suspenso-artificial\/kokedama-feto-suspenso-de-teto-artificial\/\" \/>\n<meta property=\"og:locale\" content=\"pt_PT\" \/>\n<meta property=\"og:type\" content=\"article\" \/>\n<meta property=\"og:title\" content=\"Kokedama FETO suspenso artificial - Alto realismo para interior\" \/>\n<meta property=\"og:description\" content=\"Kokedama FETO suspenso artificial - Planta suspensa altamente realista. Combinar com outras plantas para criar um ambiente tropical\" \/>\n<meta property=\"og:url\" content=\"https:\/\/decoplanta.com\/pt-pt\/jardim-suspenso-artificial\/kokedama-feto-suspenso-de-teto-artificial\/\" \/>\n<meta property=\"og:site_name\" content=\"Plantas y \u00e1rboles artificiales de Alto Realismo\" \/>\n<meta property=\"article:modified_time\" content=\"2022-10-18T05:52:52+00:00\" \/>\n<meta property=\"og:image\" content=\"https:\/\/decoplanta.com\/wp-content\/uploads\/2022\/04\/420222-KOKEDAMA-HELECHO_en_cesta_metalica-Jardin-Colgante-de-Techo-45cm-1.jpg\" \/>\n\t<meta property=\"og:image:width\" content=\"1910\" \/>\n\t<meta property=\"og:image:height\" content=\"1910\" \/>\n\t<meta property=\"og:image:type\" content=\"image\/jpeg\" \/>\n<meta name=\"twitter:card\" content=\"summary_large_image\" \/>\n<meta name=\"twitter:label1\" content=\"Tempo estimado de leitura\" \/>\n\t<meta name=\"twitter:data1\" content=\"2 minutos\" \/>\n<script type=\"application\/ld+json\" class=\"yoast-schema-graph\">{\"@context\":\"https:\\\/\\\/schema.org\",\"@graph\":[{\"@type\":\"WebPage\",\"@id\":\"https:\\\/\\\/decoplanta.com\\\/pt-pt\\\/jardim-suspenso-artificial\\\/kokedama-feto-suspenso-de-teto-artificial\\\/\",\"url\":\"https:\\\/\\\/decoplanta.com\\\/pt-pt\\\/jardim-suspenso-artificial\\\/kokedama-feto-suspenso-de-teto-artificial\\\/\",\"name\":\"Kokedama FETO suspenso artificial - Alto realismo para interior\",\"isPartOf\":{\"@id\":\"https:\\\/\\\/decoplanta.com\\\/pt-pt\\\/#website\"},\"primaryImageOfPage\":{\"@id\":\"https:\\\/\\\/decoplanta.com\\\/pt-pt\\\/jardim-suspenso-artificial\\\/kokedama-feto-suspenso-de-teto-artificial\\\/#primaryimage\"},\"image\":{\"@id\":\"https:\\\/\\\/decoplanta.com\\\/pt-pt\\\/jardim-suspenso-artificial\\\/kokedama-feto-suspenso-de-teto-artificial\\\/#primaryimage\"},\"thumbnailUrl\":\"https:\\\/\\\/decoplanta.com\\\/wp-content\\\/uploads\\\/2022\\\/04\\\/420222-KOKEDAMA-HELECHO_en_cesta_metalica-Jardin-Colgante-de-Techo-45cm-1.jpg\",\"datePublished\":\"2022-10-17T06:54:54+00:00\",\"dateModified\":\"2022-10-18T05:52:52+00:00\",\"description\":\"Kokedama FETO suspenso artificial - Planta suspensa altamente realista. Combinar com outras plantas para criar um ambiente tropical\",\"breadcrumb\":{\"@id\":\"https:\\\/\\\/decoplanta.com\\\/pt-pt\\\/jardim-suspenso-artificial\\\/kokedama-feto-suspenso-de-teto-artificial\\\/#breadcrumb\"},\"inLanguage\":\"pt-PT\",\"potentialAction\":[{\"@type\":\"ReadAction\",\"target\":[\"https:\\\/\\\/decoplanta.com\\\/pt-pt\\\/jardim-suspenso-artificial\\\/kokedama-feto-suspenso-de-teto-artificial\\\/\"]}]},{\"@type\":\"ImageObject\",\"inLanguage\":\"pt-PT\",\"@id\":\"https:\\\/\\\/decoplanta.com\\\/pt-pt\\\/jardim-suspenso-artificial\\\/kokedama-feto-suspenso-de-teto-artificial\\\/#primaryimage\",\"url\":\"https:\\\/\\\/decoplanta.com\\\/wp-content\\\/uploads\\\/2022\\\/04\\\/420222-KOKEDAMA-HELECHO_en_cesta_metalica-Jardin-Colgante-de-Techo-45cm-1.jpg\",\"contentUrl\":\"https:\\\/\\\/decoplanta.com\\\/wp-content\\\/uploads\\\/2022\\\/04\\\/420222-KOKEDAMA-HELECHO_en_cesta_metalica-Jardin-Colgante-de-Techo-45cm-1.jpg\",\"width\":1910,\"height\":1910,\"caption\":\"Kokedama feto suspenso\"},{\"@type\":\"BreadcrumbList\",\"@id\":\"https:\\\/\\\/decoplanta.com\\\/pt-pt\\\/jardim-suspenso-artificial\\\/kokedama-feto-suspenso-de-teto-artificial\\\/#breadcrumb\",\"itemListElement\":[{\"@type\":\"ListItem\",\"position\":1,\"name\":\"Portada\",\"item\":\"https:\\\/\\\/decoplanta.com\\\/pt-pt\\\/\"},{\"@type\":\"ListItem\",\"position\":2,\"name\":\"Priv\u00e9\u00a0: Tienda\",\"item\":\"https:\\\/\\\/decoplanta.com\\\/?page_id=377\"},{\"@type\":\"ListItem\",\"position\":3,\"name\":\"Kokedama FETO suspenso em cesta de arame\"}]},{\"@type\":\"WebSite\",\"@id\":\"https:\\\/\\\/decoplanta.com\\\/pt-pt\\\/#website\",\"url\":\"https:\\\/\\\/decoplanta.com\\\/pt-pt\\\/\",\"name\":\"Plantas y \u00e1rboles artificiales de Alto Realismo\",\"description\":\"Proveedor de Plantas artificiales para estudios de Arquitectura, Interiorismo, Paisajismo, Escenograf\u00eda, Tiendas de Decoraci\u00f3n Florister\u00edas y Mobiliario\",\"publisher\":{\"@id\":\"https:\\\/\\\/decoplanta.com\\\/pt-pt\\\/#organization\"},\"potentialAction\":[{\"@type\":\"SearchAction\",\"target\":{\"@type\":\"EntryPoint\",\"urlTemplate\":\"https:\\\/\\\/decoplanta.com\\\/pt-pt\\\/?s={search_term_string}\"},\"query-input\":{\"@type\":\"PropertyValueSpecification\",\"valueRequired\":true,\"valueName\":\"search_term_string\"}}],\"inLanguage\":\"pt-PT\"},{\"@type\":\"Organization\",\"@id\":\"https:\\\/\\\/decoplanta.com\\\/pt-pt\\\/#organization\",\"name\":\"Plantas y \u00e1rboles artificiales de Alto Realismo\",\"url\":\"https:\\\/\\\/decoplanta.com\\\/pt-pt\\\/\",\"logo\":{\"@type\":\"ImageObject\",\"inLanguage\":\"pt-PT\",\"@id\":\"https:\\\/\\\/decoplanta.com\\\/pt-pt\\\/#\\\/schema\\\/logo\\\/image\\\/\",\"url\":\"https:\\\/\\\/decoplanta.com\\\/wp-content\\\/uploads\\\/2021\\\/02\\\/decoplanta-logo2020.svg\",\"contentUrl\":\"https:\\\/\\\/decoplanta.com\\\/wp-content\\\/uploads\\\/2021\\\/02\\\/decoplanta-logo2020.svg\",\"width\":500,\"height\":500,\"caption\":\"Plantas y \u00e1rboles artificiales de Alto Realismo\"},\"image\":{\"@id\":\"https:\\\/\\\/decoplanta.com\\\/pt-pt\\\/#\\\/schema\\\/logo\\\/image\\\/\"}}]}<\/script>\n<!-- \/ Yoast SEO plugin. -->","yoast_head_json":{"title":"Kokedama FETO suspenso artificial - Alto realismo para interior","description":"Kokedama FETO suspenso artificial - Planta suspensa altamente realista. Combinar com outras plantas para criar um ambiente tropical","robots":{"index":"index","follow":"follow","max-snippet":"max-snippet:-1","max-image-preview":"max-image-preview:large","max-video-preview":"max-video-preview:-1"},"canonical":"https:\/\/decoplanta.com\/pt-pt\/jardim-suspenso-artificial\/kokedama-feto-suspenso-de-teto-artificial\/","og_locale":"pt_PT","og_type":"article","og_title":"Kokedama FETO suspenso artificial - Alto realismo para interior","og_description":"Kokedama FETO suspenso artificial - Planta suspensa altamente realista. Combinar com outras plantas para criar um ambiente tropical","og_url":"https:\/\/decoplanta.com\/pt-pt\/jardim-suspenso-artificial\/kokedama-feto-suspenso-de-teto-artificial\/","og_site_name":"Plantas y \u00e1rboles artificiales de Alto Realismo","article_modified_time":"2022-10-18T05:52:52+00:00","og_image":[{"width":1910,"height":1910,"url":"https:\/\/decoplanta.com\/wp-content\/uploads\/2022\/04\/420222-KOKEDAMA-HELECHO_en_cesta_metalica-Jardin-Colgante-de-Techo-45cm-1.jpg","type":"image\/jpeg"}],"twitter_card":"summary_large_image","twitter_misc":{"Tempo estimado de leitura":"2 minutos"},"schema":{"@context":"https:\/\/schema.org","@graph":[{"@type":"WebPage","@id":"https:\/\/decoplanta.com\/pt-pt\/jardim-suspenso-artificial\/kokedama-feto-suspenso-de-teto-artificial\/","url":"https:\/\/decoplanta.com\/pt-pt\/jardim-suspenso-artificial\/kokedama-feto-suspenso-de-teto-artificial\/","name":"Kokedama FETO suspenso artificial - Alto realismo para interior","isPartOf":{"@id":"https:\/\/decoplanta.com\/pt-pt\/#website"},"primaryImageOfPage":{"@id":"https:\/\/decoplanta.com\/pt-pt\/jardim-suspenso-artificial\/kokedama-feto-suspenso-de-teto-artificial\/#primaryimage"},"image":{"@id":"https:\/\/decoplanta.com\/pt-pt\/jardim-suspenso-artificial\/kokedama-feto-suspenso-de-teto-artificial\/#primaryimage"},"thumbnailUrl":"https:\/\/decoplanta.com\/wp-content\/uploads\/2022\/04\/420222-KOKEDAMA-HELECHO_en_cesta_metalica-Jardin-Colgante-de-Techo-45cm-1.jpg","datePublished":"2022-10-17T06:54:54+00:00","dateModified":"2022-10-18T05:52:52+00:00","description":"Kokedama FETO suspenso artificial - Planta suspensa altamente realista. Combinar com outras plantas para criar um ambiente tropical","breadcrumb":{"@id":"https:\/\/decoplanta.com\/pt-pt\/jardim-suspenso-artificial\/kokedama-feto-suspenso-de-teto-artificial\/#breadcrumb"},"inLanguage":"pt-PT","potentialAction":[{"@type":"ReadAction","target":["https:\/\/decoplanta.com\/pt-pt\/jardim-suspenso-artificial\/kokedama-feto-suspenso-de-teto-artificial\/"]}]},{"@type":"ImageObject","inLanguage":"pt-PT","@id":"https:\/\/decoplanta.com\/pt-pt\/jardim-suspenso-artificial\/kokedama-feto-suspenso-de-teto-artificial\/#primaryimage","url":"https:\/\/decoplanta.com\/wp-content\/uploads\/2022\/04\/420222-KOKEDAMA-HELECHO_en_cesta_metalica-Jardin-Colgante-de-Techo-45cm-1.jpg","contentUrl":"https:\/\/decoplanta.com\/wp-content\/uploads\/2022\/04\/420222-KOKEDAMA-HELECHO_en_cesta_metalica-Jardin-Colgante-de-Techo-45cm-1.jpg","width":1910,"height":1910,"caption":"Kokedama feto suspenso"},{"@type":"BreadcrumbList","@id":"https:\/\/decoplanta.com\/pt-pt\/jardim-suspenso-artificial\/kokedama-feto-suspenso-de-teto-artificial\/#breadcrumb","itemListElement":[{"@type":"ListItem","position":1,"name":"Portada","item":"https:\/\/decoplanta.com\/pt-pt\/"},{"@type":"ListItem","position":2,"name":"Priv\u00e9\u00a0: Tienda","item":"https:\/\/decoplanta.com\/?page_id=377"},{"@type":"ListItem","position":3,"name":"Kokedama FETO suspenso em cesta de arame"}]},{"@type":"WebSite","@id":"https:\/\/decoplanta.com\/pt-pt\/#website","url":"https:\/\/decoplanta.com\/pt-pt\/","name":"Plantas y \u00e1rboles artificiales de Alto Realismo","description":"Proveedor de Plantas artificiales para estudios de Arquitectura, Interiorismo, Paisajismo, Escenograf\u00eda, Tiendas de Decoraci\u00f3n Florister\u00edas y Mobiliario","publisher":{"@id":"https:\/\/decoplanta.com\/pt-pt\/#organization"},"potentialAction":[{"@type":"SearchAction","target":{"@type":"EntryPoint","urlTemplate":"https:\/\/decoplanta.com\/pt-pt\/?s={search_term_string}"},"query-input":{"@type":"PropertyValueSpecification","valueRequired":true,"valueName":"search_term_string"}}],"inLanguage":"pt-PT"},{"@type":"Organization","@id":"https:\/\/decoplanta.com\/pt-pt\/#organization","name":"Plantas y \u00e1rboles artificiales de Alto Realismo","url":"https:\/\/decoplanta.com\/pt-pt\/","logo":{"@type":"ImageObject","inLanguage":"pt-PT","@id":"https:\/\/decoplanta.com\/pt-pt\/#\/schema\/logo\/image\/","url":"https:\/\/decoplanta.com\/wp-content\/uploads\/2021\/02\/decoplanta-logo2020.svg","contentUrl":"https:\/\/decoplanta.com\/wp-content\/uploads\/2021\/02\/decoplanta-logo2020.svg","width":500,"height":500,"caption":"Plantas y \u00e1rboles artificiales de Alto Realismo"},"image":{"@id":"https:\/\/decoplanta.com\/pt-pt\/#\/schema\/logo\/image\/"}}]}},"_links":{"self":[{"href":"https:\/\/decoplanta.com\/pt-pt\/wp-json\/wp\/v2\/product\/5183","targetHints":{"allow":["GET"]}}],"collection":[{"href":"https:\/\/decoplanta.com\/pt-pt\/wp-json\/wp\/v2\/product"}],"about":[{"href":"https:\/\/decoplanta.com\/pt-pt\/wp-json\/wp\/v2\/types\/product"}],"version-history":[{"count":0,"href":"https:\/\/decoplanta.com\/pt-pt\/wp-json\/wp\/v2\/product\/5183\/revisions"}],"wp:featuredmedia":[{"embeddable":true,"href":"https:\/\/decoplanta.com\/pt-pt\/wp-json\/wp\/v2\/media\/4705"}],"wp:attachment":[{"href":"https:\/\/decoplanta.com\/pt-pt\/wp-json\/wp\/v2\/media?parent=5183"}],"wp:term":[{"taxonomy":"product_brand","embeddable":true,"href":"https:\/\/decoplanta.com\/pt-pt\/wp-json\/wp\/v2\/product_brand?post=5183"},{"taxonomy":"product_cat","embeddable":true,"href":"https:\/\/decoplanta.com\/pt-pt\/wp-json\/wp\/v2\/product_cat?post=5183"},{"taxonomy":"product_tag","embeddable":true,"href":"https:\/\/decoplanta.com\/pt-pt\/wp-json\/wp\/v2\/product_tag?post=5183"}],"curies":[{"name":"wp","href":"https:\/\/api.w.org\/{rel}","templated":true}]}}