{"id":5192,"date":"2021-03-19T12:47:56","date_gmt":"2022-10-18T05:36:38","guid":{"rendered":"https:\/\/decoplanta.com\/sin%20categor\u00eda\/feto-plumoso-suspenso-de-teto\/"},"modified":"2022-10-18T07:34:23","modified_gmt":"2022-10-18T06:34:23","slug":"feto-plumoso-suspenso-de-teto","status":"publish","type":"product","link":"https:\/\/decoplanta.com\/pt-pt\/jardim-suspenso-artificial\/feto-plumoso-suspenso-de-teto\/","title":{"rendered":"FETO PLUMOSO suspenso de teto"},"content":{"rendered":"<p>FETO PLUMOSO suspenso de teto artificial, ou Asparagus Setaceus e vulgarmente conhecido como &#8220;espuma do mar&#8221;, \u00e9 nativo da \u00c1frica do Sul. Suas hastes finas d\u00e3o-lhe uma apar\u00eancia de penas muito decorativa. <a href=\"https:\/\/decoplanta.com\/pt-pt\/jardim-suspenso-artificial\/kokedama-feto-suspenso-de-teto-artificial\/\">Grande planta suspensa para teto<\/a>, com 80 cm de comprimento num belo vaso suspenso de terracota envelhecida de 16 cm. A altura total \u00e9 de aproximadamente 105 cm. Vendido em caixas indivis\u00edveis de 3 unidades. Pre\u00e7o por unidade no cat\u00e1logo.<\/p>\n<p>Planta pendente que pode atingir 2-4 metros de comprimento. Muito original com os seus caules longos e finos e com as folhas em forma de cora\u00e7\u00e3o. Tem uma flora\u00e7\u00e3o cor-de-rosa muito interessante. Deve ser manuseada com cuidado, pois \u00e9 muito f\u00e1cil os caules partirem-se.<\/p>\n<p>O FETO PLUMOSO suspenso de teto artificial \u00e9 muito delicado, partindo-se com facilidade ao manusear aproveite para o multiplicar colocando as mudas em cima de vasos com substrato. Faz um efeito muito bonito e pode crescer v\u00e1rios metros.<\/p>\n<p>Uma planta suculenta pendente em que as folhas carnudas cobrem os caules na totalidade, fazendo um efeito muito original. Muito f\u00e1cil de multiplicar por caules ou por folhas.<\/p>\n<p>Um cato brasileiro que se desenvolve no interior e tamb\u00e9m no exterior se n\u00e3o fizer muito frio. Faz um efeito de cascata muito bonito, tem uns frutos pequenos coloridos e decorativos.<\/p>\n<p><strong>Condi\u00e7\u00f5es de cultivo<\/strong><\/p>\n<p>Muita luz e calor, pode ter algumas horas de sol in\u00edcio manh\u00e3 ou final da tarde. Esta \u00e9 uma planta ep\u00edfita, logo est\u00e1 habituada <a href=\"https:\/\/revistajardins.pt\/plantas-penduradas\/\">pendurada<\/a> nos ramos das \u00e1rvores. Pode usar um substrato para plantas suculentas e juntar uma medida de substrato de orqu\u00eddeas, para ficar mais leve e bem drenado.<\/p>\n","protected":false},"excerpt":{"rendered":"<p>FETO PLUMOSO suspenso de teto artificial, ou Asparagus Setaceus e vulgarmente conhecido como &#8220;Espuma do mar&#8221;, \u00e9 nativo da \u00c1frica do Sul. Suas hastes finas d\u00e3o-lhe uma apar\u00eancia de penas muito decorativa. Grande planta suspensa para tecto, com 80 cm de comprimento num belo vaso suspenso de terracota envelhecida de 16 cm. A altura total \u00e9 de aproximadamente 105 cm. Vendido em caixas indivis\u00edveis de 3 unidades. Pre\u00e7o por unidade no <a href=\"https:\/\/decoplanta.com\/catalogo\/TarifasDecoplanta-CatalogoDistribuidor-HR.pdf\" target=\"_blank\" rel=\"noopener\">cat\u00e1logo<\/a>.<\/p>\n<table>\n<tbody>\n<tr>\n<td><strong>REF<\/strong><\/td>\n<td><strong>ALTURA<\/strong><\/td>\n<\/tr>\n<tr>\n<td><strong>420808<\/strong><\/td>\n<td>80 cm<\/td>\n<\/tr>\n<\/tbody>\n<\/table>\n","protected":false},"featured_media":4482,"template":"","meta":{"_monsterinsights_skip_tracking":false,"_monsterinsights_sitenote_active":false,"_monsterinsights_sitenote_note":"","_monsterinsights_sitenote_category":0},"product_brand":[],"product_cat":[393],"product_tag":[413,422],"class_list":{"0":"post-5192","1":"product","2":"type-product","3":"status-publish","4":"has-post-thumbnail","6":"product_cat-jardim-suspenso-artificial","7":"product_tag-feto-para-interior","8":"product_tag-planta-tropical","9":"","10":"woocommerce-text-align-center","11":"woocommerce-image-align-center","12":"do-quantity-buttons","14":"first","15":"instock","16":"taxable","17":"shipping-taxable","18":"purchasable","19":"product-type-simple"},"yoast_head":"<!-- This site is optimized with the Yoast SEO plugin v27.5 - https:\/\/yoast.com\/product\/yoast-seo-wordpress\/ -->\n<title>FETO PLUMOSO suspenso de teto artificial com alto realismo<\/title>\n<meta name=\"description\" content=\"FETO PLUMOSO suspenso de teto artificial conhecido como espuma do mar, com alto realismo. 80 cm de comprimento em vaso de terracota envelhecido\" \/>\n<meta name=\"robots\" content=\"index, follow, max-snippet:-1, max-image-preview:large, max-video-preview:-1\" \/>\n<link rel=\"canonical\" href=\"https:\/\/decoplanta.com\/pt-pt\/jardim-suspenso-artificial\/feto-plumoso-suspenso-de-teto\/\" \/>\n<meta property=\"og:locale\" content=\"pt_PT\" \/>\n<meta property=\"og:type\" content=\"article\" \/>\n<meta property=\"og:title\" content=\"FETO PLUMOSO suspenso de teto artificial com alto realismo\" \/>\n<meta property=\"og:description\" content=\"FETO PLUMOSO suspenso de teto artificial conhecido como espuma do mar, com alto realismo. 80 cm de comprimento em vaso de terracota envelhecido\" \/>\n<meta property=\"og:url\" content=\"https:\/\/decoplanta.com\/pt-pt\/jardim-suspenso-artificial\/feto-plumoso-suspenso-de-teto\/\" \/>\n<meta property=\"og:site_name\" content=\"Plantas y \u00e1rboles artificiales de Alto Realismo\" \/>\n<meta property=\"article:modified_time\" content=\"2022-10-18T06:34:23+00:00\" \/>\n<meta property=\"og:image\" content=\"https:\/\/decoplanta.com\/wp-content\/uploads\/2021\/03\/420808-HELECHO_PLUMOSO_Colgante_de_techo.jpg\" \/>\n\t<meta property=\"og:image:width\" content=\"2150\" \/>\n\t<meta property=\"og:image:height\" content=\"2150\" \/>\n\t<meta property=\"og:image:type\" content=\"image\/jpeg\" \/>\n<meta name=\"twitter:card\" content=\"summary_large_image\" \/>\n<meta name=\"twitter:label1\" content=\"Tempo estimado de leitura\" \/>\n\t<meta name=\"twitter:data1\" content=\"2 minutos\" \/>\n<script type=\"application\/ld+json\" class=\"yoast-schema-graph\">{\"@context\":\"https:\\\/\\\/schema.org\",\"@graph\":[{\"@type\":\"WebPage\",\"@id\":\"https:\\\/\\\/decoplanta.com\\\/pt-pt\\\/jardim-suspenso-artificial\\\/feto-plumoso-suspenso-de-teto\\\/\",\"url\":\"https:\\\/\\\/decoplanta.com\\\/pt-pt\\\/jardim-suspenso-artificial\\\/feto-plumoso-suspenso-de-teto\\\/\",\"name\":\"FETO PLUMOSO suspenso de teto artificial com alto realismo\",\"isPartOf\":{\"@id\":\"https:\\\/\\\/decoplanta.com\\\/pt-pt\\\/#website\"},\"primaryImageOfPage\":{\"@id\":\"https:\\\/\\\/decoplanta.com\\\/pt-pt\\\/jardim-suspenso-artificial\\\/feto-plumoso-suspenso-de-teto\\\/#primaryimage\"},\"image\":{\"@id\":\"https:\\\/\\\/decoplanta.com\\\/pt-pt\\\/jardim-suspenso-artificial\\\/feto-plumoso-suspenso-de-teto\\\/#primaryimage\"},\"thumbnailUrl\":\"https:\\\/\\\/decoplanta.com\\\/wp-content\\\/uploads\\\/2021\\\/03\\\/420808-HELECHO_PLUMOSO_Colgante_de_techo.jpg\",\"datePublished\":\"2022-10-18T05:36:38+00:00\",\"dateModified\":\"2022-10-18T06:34:23+00:00\",\"description\":\"FETO PLUMOSO suspenso de teto artificial conhecido como espuma do mar, com alto realismo. 80 cm de comprimento em vaso de terracota envelhecido\",\"breadcrumb\":{\"@id\":\"https:\\\/\\\/decoplanta.com\\\/pt-pt\\\/jardim-suspenso-artificial\\\/feto-plumoso-suspenso-de-teto\\\/#breadcrumb\"},\"inLanguage\":\"pt-PT\",\"potentialAction\":[{\"@type\":\"ReadAction\",\"target\":[\"https:\\\/\\\/decoplanta.com\\\/pt-pt\\\/jardim-suspenso-artificial\\\/feto-plumoso-suspenso-de-teto\\\/\"]}]},{\"@type\":\"ImageObject\",\"inLanguage\":\"pt-PT\",\"@id\":\"https:\\\/\\\/decoplanta.com\\\/pt-pt\\\/jardim-suspenso-artificial\\\/feto-plumoso-suspenso-de-teto\\\/#primaryimage\",\"url\":\"https:\\\/\\\/decoplanta.com\\\/wp-content\\\/uploads\\\/2021\\\/03\\\/420808-HELECHO_PLUMOSO_Colgante_de_techo.jpg\",\"contentUrl\":\"https:\\\/\\\/decoplanta.com\\\/wp-content\\\/uploads\\\/2021\\\/03\\\/420808-HELECHO_PLUMOSO_Colgante_de_techo.jpg\",\"width\":2150,\"height\":2150,\"caption\":\"FETO PLUMOSO suspenso de teto artificial\"},{\"@type\":\"BreadcrumbList\",\"@id\":\"https:\\\/\\\/decoplanta.com\\\/pt-pt\\\/jardim-suspenso-artificial\\\/feto-plumoso-suspenso-de-teto\\\/#breadcrumb\",\"itemListElement\":[{\"@type\":\"ListItem\",\"position\":1,\"name\":\"Portada\",\"item\":\"https:\\\/\\\/decoplanta.com\\\/pt-pt\\\/\"},{\"@type\":\"ListItem\",\"position\":2,\"name\":\"Priv\u00e9\u00a0: Tienda\",\"item\":\"https:\\\/\\\/decoplanta.com\\\/?page_id=377\"},{\"@type\":\"ListItem\",\"position\":3,\"name\":\"FETO PLUMOSO suspenso de teto\"}]},{\"@type\":\"WebSite\",\"@id\":\"https:\\\/\\\/decoplanta.com\\\/pt-pt\\\/#website\",\"url\":\"https:\\\/\\\/decoplanta.com\\\/pt-pt\\\/\",\"name\":\"Plantas y \u00e1rboles artificiales de Alto Realismo\",\"description\":\"Proveedor de Plantas artificiales para estudios de Arquitectura, Interiorismo, Paisajismo, Escenograf\u00eda, Tiendas de Decoraci\u00f3n Florister\u00edas y Mobiliario\",\"publisher\":{\"@id\":\"https:\\\/\\\/decoplanta.com\\\/pt-pt\\\/#organization\"},\"potentialAction\":[{\"@type\":\"SearchAction\",\"target\":{\"@type\":\"EntryPoint\",\"urlTemplate\":\"https:\\\/\\\/decoplanta.com\\\/pt-pt\\\/?s={search_term_string}\"},\"query-input\":{\"@type\":\"PropertyValueSpecification\",\"valueRequired\":true,\"valueName\":\"search_term_string\"}}],\"inLanguage\":\"pt-PT\"},{\"@type\":\"Organization\",\"@id\":\"https:\\\/\\\/decoplanta.com\\\/pt-pt\\\/#organization\",\"name\":\"Plantas y \u00e1rboles artificiales de Alto Realismo\",\"url\":\"https:\\\/\\\/decoplanta.com\\\/pt-pt\\\/\",\"logo\":{\"@type\":\"ImageObject\",\"inLanguage\":\"pt-PT\",\"@id\":\"https:\\\/\\\/decoplanta.com\\\/pt-pt\\\/#\\\/schema\\\/logo\\\/image\\\/\",\"url\":\"https:\\\/\\\/decoplanta.com\\\/wp-content\\\/uploads\\\/2021\\\/02\\\/decoplanta-logo2020.svg\",\"contentUrl\":\"https:\\\/\\\/decoplanta.com\\\/wp-content\\\/uploads\\\/2021\\\/02\\\/decoplanta-logo2020.svg\",\"width\":500,\"height\":500,\"caption\":\"Plantas y \u00e1rboles artificiales de Alto Realismo\"},\"image\":{\"@id\":\"https:\\\/\\\/decoplanta.com\\\/pt-pt\\\/#\\\/schema\\\/logo\\\/image\\\/\"}}]}<\/script>\n<!-- \/ Yoast SEO plugin. -->","yoast_head_json":{"title":"FETO PLUMOSO suspenso de teto artificial com alto realismo","description":"FETO PLUMOSO suspenso de teto artificial conhecido como espuma do mar, com alto realismo. 80 cm de comprimento em vaso de terracota envelhecido","robots":{"index":"index","follow":"follow","max-snippet":"max-snippet:-1","max-image-preview":"max-image-preview:large","max-video-preview":"max-video-preview:-1"},"canonical":"https:\/\/decoplanta.com\/pt-pt\/jardim-suspenso-artificial\/feto-plumoso-suspenso-de-teto\/","og_locale":"pt_PT","og_type":"article","og_title":"FETO PLUMOSO suspenso de teto artificial com alto realismo","og_description":"FETO PLUMOSO suspenso de teto artificial conhecido como espuma do mar, com alto realismo. 80 cm de comprimento em vaso de terracota envelhecido","og_url":"https:\/\/decoplanta.com\/pt-pt\/jardim-suspenso-artificial\/feto-plumoso-suspenso-de-teto\/","og_site_name":"Plantas y \u00e1rboles artificiales de Alto Realismo","article_modified_time":"2022-10-18T06:34:23+00:00","og_image":[{"width":2150,"height":2150,"url":"https:\/\/decoplanta.com\/wp-content\/uploads\/2021\/03\/420808-HELECHO_PLUMOSO_Colgante_de_techo.jpg","type":"image\/jpeg"}],"twitter_card":"summary_large_image","twitter_misc":{"Tempo estimado de leitura":"2 minutos"},"schema":{"@context":"https:\/\/schema.org","@graph":[{"@type":"WebPage","@id":"https:\/\/decoplanta.com\/pt-pt\/jardim-suspenso-artificial\/feto-plumoso-suspenso-de-teto\/","url":"https:\/\/decoplanta.com\/pt-pt\/jardim-suspenso-artificial\/feto-plumoso-suspenso-de-teto\/","name":"FETO PLUMOSO suspenso de teto artificial com alto realismo","isPartOf":{"@id":"https:\/\/decoplanta.com\/pt-pt\/#website"},"primaryImageOfPage":{"@id":"https:\/\/decoplanta.com\/pt-pt\/jardim-suspenso-artificial\/feto-plumoso-suspenso-de-teto\/#primaryimage"},"image":{"@id":"https:\/\/decoplanta.com\/pt-pt\/jardim-suspenso-artificial\/feto-plumoso-suspenso-de-teto\/#primaryimage"},"thumbnailUrl":"https:\/\/decoplanta.com\/wp-content\/uploads\/2021\/03\/420808-HELECHO_PLUMOSO_Colgante_de_techo.jpg","datePublished":"2022-10-18T05:36:38+00:00","dateModified":"2022-10-18T06:34:23+00:00","description":"FETO PLUMOSO suspenso de teto artificial conhecido como espuma do mar, com alto realismo. 80 cm de comprimento em vaso de terracota envelhecido","breadcrumb":{"@id":"https:\/\/decoplanta.com\/pt-pt\/jardim-suspenso-artificial\/feto-plumoso-suspenso-de-teto\/#breadcrumb"},"inLanguage":"pt-PT","potentialAction":[{"@type":"ReadAction","target":["https:\/\/decoplanta.com\/pt-pt\/jardim-suspenso-artificial\/feto-plumoso-suspenso-de-teto\/"]}]},{"@type":"ImageObject","inLanguage":"pt-PT","@id":"https:\/\/decoplanta.com\/pt-pt\/jardim-suspenso-artificial\/feto-plumoso-suspenso-de-teto\/#primaryimage","url":"https:\/\/decoplanta.com\/wp-content\/uploads\/2021\/03\/420808-HELECHO_PLUMOSO_Colgante_de_techo.jpg","contentUrl":"https:\/\/decoplanta.com\/wp-content\/uploads\/2021\/03\/420808-HELECHO_PLUMOSO_Colgante_de_techo.jpg","width":2150,"height":2150,"caption":"FETO PLUMOSO suspenso de teto artificial"},{"@type":"BreadcrumbList","@id":"https:\/\/decoplanta.com\/pt-pt\/jardim-suspenso-artificial\/feto-plumoso-suspenso-de-teto\/#breadcrumb","itemListElement":[{"@type":"ListItem","position":1,"name":"Portada","item":"https:\/\/decoplanta.com\/pt-pt\/"},{"@type":"ListItem","position":2,"name":"Priv\u00e9\u00a0: Tienda","item":"https:\/\/decoplanta.com\/?page_id=377"},{"@type":"ListItem","position":3,"name":"FETO PLUMOSO suspenso de teto"}]},{"@type":"WebSite","@id":"https:\/\/decoplanta.com\/pt-pt\/#website","url":"https:\/\/decoplanta.com\/pt-pt\/","name":"Plantas y \u00e1rboles artificiales de Alto Realismo","description":"Proveedor de Plantas artificiales para estudios de Arquitectura, Interiorismo, Paisajismo, Escenograf\u00eda, Tiendas de Decoraci\u00f3n Florister\u00edas y Mobiliario","publisher":{"@id":"https:\/\/decoplanta.com\/pt-pt\/#organization"},"potentialAction":[{"@type":"SearchAction","target":{"@type":"EntryPoint","urlTemplate":"https:\/\/decoplanta.com\/pt-pt\/?s={search_term_string}"},"query-input":{"@type":"PropertyValueSpecification","valueRequired":true,"valueName":"search_term_string"}}],"inLanguage":"pt-PT"},{"@type":"Organization","@id":"https:\/\/decoplanta.com\/pt-pt\/#organization","name":"Plantas y \u00e1rboles artificiales de Alto Realismo","url":"https:\/\/decoplanta.com\/pt-pt\/","logo":{"@type":"ImageObject","inLanguage":"pt-PT","@id":"https:\/\/decoplanta.com\/pt-pt\/#\/schema\/logo\/image\/","url":"https:\/\/decoplanta.com\/wp-content\/uploads\/2021\/02\/decoplanta-logo2020.svg","contentUrl":"https:\/\/decoplanta.com\/wp-content\/uploads\/2021\/02\/decoplanta-logo2020.svg","width":500,"height":500,"caption":"Plantas y \u00e1rboles artificiales de Alto Realismo"},"image":{"@id":"https:\/\/decoplanta.com\/pt-pt\/#\/schema\/logo\/image\/"}}]}},"_links":{"self":[{"href":"https:\/\/decoplanta.com\/pt-pt\/wp-json\/wp\/v2\/product\/5192","targetHints":{"allow":["GET"]}}],"collection":[{"href":"https:\/\/decoplanta.com\/pt-pt\/wp-json\/wp\/v2\/product"}],"about":[{"href":"https:\/\/decoplanta.com\/pt-pt\/wp-json\/wp\/v2\/types\/product"}],"version-history":[{"count":0,"href":"https:\/\/decoplanta.com\/pt-pt\/wp-json\/wp\/v2\/product\/5192\/revisions"}],"wp:featuredmedia":[{"embeddable":true,"href":"https:\/\/decoplanta.com\/pt-pt\/wp-json\/wp\/v2\/media\/4482"}],"wp:attachment":[{"href":"https:\/\/decoplanta.com\/pt-pt\/wp-json\/wp\/v2\/media?parent=5192"}],"wp:term":[{"taxonomy":"product_brand","embeddable":true,"href":"https:\/\/decoplanta.com\/pt-pt\/wp-json\/wp\/v2\/product_brand?post=5192"},{"taxonomy":"product_cat","embeddable":true,"href":"https:\/\/decoplanta.com\/pt-pt\/wp-json\/wp\/v2\/product_cat?post=5192"},{"taxonomy":"product_tag","embeddable":true,"href":"https:\/\/decoplanta.com\/pt-pt\/wp-json\/wp\/v2\/product_tag?post=5192"}],"curies":[{"name":"wp","href":"https:\/\/api.w.org\/{rel}","templated":true}]}}