{"id":5246,"date":"2022-08-09T15:36:02","date_gmt":"2022-10-18T08:52:24","guid":{"rendered":"https:\/\/decoplanta.com\/sem%20categoria\/jardim-vertical-floral\/"},"modified":"2022-12-05T16:50:59","modified_gmt":"2022-12-05T15:50:59","slug":"jardim-vertical-floral","status":"publish","type":"product","link":"https:\/\/decoplanta.com\/pt-pt\/jardim-vertical\/jardim-vertical-floral\/","title":{"rendered":"Jardim vertical FLORAL"},"content":{"rendered":"<p>Jardim vertical FLORAL de m\u00e1xima folhagem, em placa de 50 X 50 cm. N\u00e3o \u00e9 v\u00e1lido para exterior.<\/p>\n<p>Lindas <a href=\"https:\/\/es.wikipedia.org\/wiki\/Rosa\">rosas<\/a> de tamanhos diferentes em tons pastel. F\u00e1cil coloca\u00e7\u00e3o.<br \/>\nLindo jardim floral <a href=\"https:\/\/decoplanta.com\/pt-pt\/\">vertical<\/a> com rosas de v\u00e1rios tons. \u00c9 ideal para espa\u00e7os interiores com um toque de glamour. Pertence \u00e0 nossa cole\u00e7\u00e3o outono-inverno, dispon\u00edvel a partir de dezembro. Projetado em material altamente dur\u00e1vel com uma apar\u00eancia real e natural. Seu design multicolorido apresenta rosas em tons de rosa claro, branco e toques de amarelo.<\/p>\n<p>Em primeiro lugar, devemos ter em mente que as plantas e flores que usaremos para o nosso jardim vertical n\u00e3o s\u00e3o dif\u00edceis de encontrar, mas devem ser cuidadosamente selecionadas, pensando onde ser\u00e1 o destino delas, e tendo em mente se elas v\u00e3o ser colocado em um jardim interno ou em um jardim externo. Damos-lhe algumas ideias de plantas e flores para criar um jardim vertical ideal para a sua casa.<\/p>\n<h3>Um espet\u00e1culo de cor nas suas paredes!<\/h3>\n<p>Seu material sint\u00e9tico \u00e9 f\u00e1cil de lavar, este maravilhoso jardim vertical \u00e9 perfeito para revestir paredes e uma decora\u00e7\u00e3o personalizada para sua casa ou empresa.<\/p>\n<p>Para montar um jardim vertical, todas as plantas funcionam: crescem da mesma forma que na cultura de cont\u00eaineres. Lembre-se, sim, que neste caso o sistema de irriga\u00e7\u00e3o por gotejamento ser\u00e1 o mais eficaz.<\/p>\n","protected":false},"excerpt":{"rendered":"<p>Jardim vertical FLORAL com folhagem m\u00e1xima, em placa de 50 X 50 cm. N\u00e3o v\u00e1lido para utiliza\u00e7\u00e3o no exterior. Belas rosas de diferentes tamanhos em cores pastel. F\u00e1cil de instalar.<\/p>\n<table>\n<tbody>\n<tr>\n<td><strong>REF<\/strong><\/td>\n<td><strong>MEDIDA DE PLACA<\/strong><\/td>\n<\/tr>\n<tr>\n<td><strong>430303<\/strong><\/td>\n<td>50 x 50 cm<\/td>\n<\/tr>\n<\/tbody>\n<\/table>\n","protected":false},"featured_media":4734,"template":"","meta":{"_monsterinsights_skip_tracking":false,"_monsterinsights_sitenote_active":false,"_monsterinsights_sitenote_note":"","_monsterinsights_sitenote_category":0},"product_brand":[],"product_cat":[391],"product_tag":[],"class_list":{"0":"post-5246","1":"product","2":"type-product","3":"status-publish","4":"has-post-thumbnail","6":"product_cat-jardim-vertical","7":"","8":"woocommerce-text-align-center","9":"woocommerce-image-align-center","10":"do-quantity-buttons","11":"wc-has-gallery","13":"first","14":"instock","15":"taxable","16":"shipping-taxable","17":"purchasable","18":"product-type-simple"},"yoast_head":"<!-- This site is optimized with the Yoast SEO plugin v27.4 - https:\/\/yoast.com\/product\/yoast-seo-wordpress\/ -->\n<title>Jardim vertical FLORAL de belas rosas em cores pastel artificiais<\/title>\n<meta name=\"description\" content=\"Jardim vertical FLORAL com folhagem m\u00e1xima, em placa de 50 X 50 cm. Belas rosas de diferentes tamanhos em cores pastel. F\u00e1cil de instalar.\" \/>\n<meta name=\"robots\" content=\"index, follow, max-snippet:-1, max-image-preview:large, max-video-preview:-1\" \/>\n<link rel=\"canonical\" href=\"https:\/\/decoplanta.com\/pt-pt\/jardim-vertical\/jardim-vertical-floral\/\" \/>\n<meta property=\"og:locale\" content=\"pt_PT\" \/>\n<meta property=\"og:type\" content=\"article\" \/>\n<meta property=\"og:title\" content=\"Jardim vertical FLORAL de belas rosas em cores pastel artificiais\" \/>\n<meta property=\"og:description\" content=\"Jardim vertical FLORAL com folhagem m\u00e1xima, em placa de 50 X 50 cm. Belas rosas de diferentes tamanhos em cores pastel. F\u00e1cil de instalar.\" \/>\n<meta property=\"og:url\" content=\"https:\/\/decoplanta.com\/pt-pt\/jardim-vertical\/jardim-vertical-floral\/\" \/>\n<meta property=\"og:site_name\" content=\"Plantas y \u00e1rboles artificiales de Alto Realismo\" \/>\n<meta property=\"article:modified_time\" content=\"2022-12-05T15:50:59+00:00\" \/>\n<meta property=\"og:image\" content=\"https:\/\/decoplanta.com\/wp-content\/uploads\/2022\/08\/430303-JARDIN_VERTICAL_FLORAL-INTERIOR-scaled.jpg\" \/>\n\t<meta property=\"og:image:width\" content=\"2560\" \/>\n\t<meta property=\"og:image:height\" content=\"2560\" \/>\n\t<meta property=\"og:image:type\" content=\"image\/jpeg\" \/>\n<meta name=\"twitter:card\" content=\"summary_large_image\" \/>\n<meta name=\"twitter:label1\" content=\"Tempo estimado de leitura\" \/>\n\t<meta name=\"twitter:data1\" content=\"1 minuto\" \/>\n<script type=\"application\/ld+json\" class=\"yoast-schema-graph\">{\"@context\":\"https:\\\/\\\/schema.org\",\"@graph\":[{\"@type\":\"WebPage\",\"@id\":\"https:\\\/\\\/decoplanta.com\\\/pt-pt\\\/jardim-vertical\\\/jardim-vertical-floral\\\/\",\"url\":\"https:\\\/\\\/decoplanta.com\\\/pt-pt\\\/jardim-vertical\\\/jardim-vertical-floral\\\/\",\"name\":\"Jardim vertical FLORAL de belas rosas em cores pastel artificiais\",\"isPartOf\":{\"@id\":\"https:\\\/\\\/decoplanta.com\\\/pt-pt\\\/#website\"},\"primaryImageOfPage\":{\"@id\":\"https:\\\/\\\/decoplanta.com\\\/pt-pt\\\/jardim-vertical\\\/jardim-vertical-floral\\\/#primaryimage\"},\"image\":{\"@id\":\"https:\\\/\\\/decoplanta.com\\\/pt-pt\\\/jardim-vertical\\\/jardim-vertical-floral\\\/#primaryimage\"},\"thumbnailUrl\":\"https:\\\/\\\/decoplanta.com\\\/wp-content\\\/uploads\\\/2022\\\/08\\\/430303-JARDIN_VERTICAL_FLORAL-INTERIOR-scaled.jpg\",\"datePublished\":\"2022-10-18T08:52:24+00:00\",\"dateModified\":\"2022-12-05T15:50:59+00:00\",\"description\":\"Jardim vertical FLORAL com folhagem m\u00e1xima, em placa de 50 X 50 cm. Belas rosas de diferentes tamanhos em cores pastel. F\u00e1cil de instalar.\",\"breadcrumb\":{\"@id\":\"https:\\\/\\\/decoplanta.com\\\/pt-pt\\\/jardim-vertical\\\/jardim-vertical-floral\\\/#breadcrumb\"},\"inLanguage\":\"pt-PT\",\"potentialAction\":[{\"@type\":\"ReadAction\",\"target\":[\"https:\\\/\\\/decoplanta.com\\\/pt-pt\\\/jardim-vertical\\\/jardim-vertical-floral\\\/\"]}]},{\"@type\":\"ImageObject\",\"inLanguage\":\"pt-PT\",\"@id\":\"https:\\\/\\\/decoplanta.com\\\/pt-pt\\\/jardim-vertical\\\/jardim-vertical-floral\\\/#primaryimage\",\"url\":\"https:\\\/\\\/decoplanta.com\\\/wp-content\\\/uploads\\\/2022\\\/08\\\/430303-JARDIN_VERTICAL_FLORAL-INTERIOR-scaled.jpg\",\"contentUrl\":\"https:\\\/\\\/decoplanta.com\\\/wp-content\\\/uploads\\\/2022\\\/08\\\/430303-JARDIN_VERTICAL_FLORAL-INTERIOR-scaled.jpg\",\"width\":2560,\"height\":2560,\"caption\":\"Jard\u00edn vertical FLORAL de rosas en tonos pastel\"},{\"@type\":\"BreadcrumbList\",\"@id\":\"https:\\\/\\\/decoplanta.com\\\/pt-pt\\\/jardim-vertical\\\/jardim-vertical-floral\\\/#breadcrumb\",\"itemListElement\":[{\"@type\":\"ListItem\",\"position\":1,\"name\":\"Portada\",\"item\":\"https:\\\/\\\/decoplanta.com\\\/pt-pt\\\/\"},{\"@type\":\"ListItem\",\"position\":2,\"name\":\"Priv\u00e9\u00a0: Tienda\",\"item\":\"https:\\\/\\\/decoplanta.com\\\/?page_id=377\"},{\"@type\":\"ListItem\",\"position\":3,\"name\":\"Jardim vertical FLORAL\"}]},{\"@type\":\"WebSite\",\"@id\":\"https:\\\/\\\/decoplanta.com\\\/pt-pt\\\/#website\",\"url\":\"https:\\\/\\\/decoplanta.com\\\/pt-pt\\\/\",\"name\":\"Plantas y \u00e1rboles artificiales de Alto Realismo\",\"description\":\"Proveedor de Plantas artificiales para estudios de Arquitectura, Interiorismo, Paisajismo, Escenograf\u00eda, Tiendas de Decoraci\u00f3n Florister\u00edas y Mobiliario\",\"publisher\":{\"@id\":\"https:\\\/\\\/decoplanta.com\\\/pt-pt\\\/#organization\"},\"potentialAction\":[{\"@type\":\"SearchAction\",\"target\":{\"@type\":\"EntryPoint\",\"urlTemplate\":\"https:\\\/\\\/decoplanta.com\\\/pt-pt\\\/?s={search_term_string}\"},\"query-input\":{\"@type\":\"PropertyValueSpecification\",\"valueRequired\":true,\"valueName\":\"search_term_string\"}}],\"inLanguage\":\"pt-PT\"},{\"@type\":\"Organization\",\"@id\":\"https:\\\/\\\/decoplanta.com\\\/pt-pt\\\/#organization\",\"name\":\"Plantas y \u00e1rboles artificiales de Alto Realismo\",\"url\":\"https:\\\/\\\/decoplanta.com\\\/pt-pt\\\/\",\"logo\":{\"@type\":\"ImageObject\",\"inLanguage\":\"pt-PT\",\"@id\":\"https:\\\/\\\/decoplanta.com\\\/pt-pt\\\/#\\\/schema\\\/logo\\\/image\\\/\",\"url\":\"https:\\\/\\\/decoplanta.com\\\/wp-content\\\/uploads\\\/2021\\\/02\\\/decoplanta-logo2020.svg\",\"contentUrl\":\"https:\\\/\\\/decoplanta.com\\\/wp-content\\\/uploads\\\/2021\\\/02\\\/decoplanta-logo2020.svg\",\"width\":500,\"height\":500,\"caption\":\"Plantas y \u00e1rboles artificiales de Alto Realismo\"},\"image\":{\"@id\":\"https:\\\/\\\/decoplanta.com\\\/pt-pt\\\/#\\\/schema\\\/logo\\\/image\\\/\"}}]}<\/script>\n<!-- \/ Yoast SEO plugin. -->","yoast_head_json":{"title":"Jardim vertical FLORAL de belas rosas em cores pastel artificiais","description":"Jardim vertical FLORAL com folhagem m\u00e1xima, em placa de 50 X 50 cm. Belas rosas de diferentes tamanhos em cores pastel. F\u00e1cil de instalar.","robots":{"index":"index","follow":"follow","max-snippet":"max-snippet:-1","max-image-preview":"max-image-preview:large","max-video-preview":"max-video-preview:-1"},"canonical":"https:\/\/decoplanta.com\/pt-pt\/jardim-vertical\/jardim-vertical-floral\/","og_locale":"pt_PT","og_type":"article","og_title":"Jardim vertical FLORAL de belas rosas em cores pastel artificiais","og_description":"Jardim vertical FLORAL com folhagem m\u00e1xima, em placa de 50 X 50 cm. Belas rosas de diferentes tamanhos em cores pastel. F\u00e1cil de instalar.","og_url":"https:\/\/decoplanta.com\/pt-pt\/jardim-vertical\/jardim-vertical-floral\/","og_site_name":"Plantas y \u00e1rboles artificiales de Alto Realismo","article_modified_time":"2022-12-05T15:50:59+00:00","og_image":[{"width":2560,"height":2560,"url":"https:\/\/decoplanta.com\/wp-content\/uploads\/2022\/08\/430303-JARDIN_VERTICAL_FLORAL-INTERIOR-scaled.jpg","type":"image\/jpeg"}],"twitter_card":"summary_large_image","twitter_misc":{"Tempo estimado de leitura":"1 minuto"},"schema":{"@context":"https:\/\/schema.org","@graph":[{"@type":"WebPage","@id":"https:\/\/decoplanta.com\/pt-pt\/jardim-vertical\/jardim-vertical-floral\/","url":"https:\/\/decoplanta.com\/pt-pt\/jardim-vertical\/jardim-vertical-floral\/","name":"Jardim vertical FLORAL de belas rosas em cores pastel artificiais","isPartOf":{"@id":"https:\/\/decoplanta.com\/pt-pt\/#website"},"primaryImageOfPage":{"@id":"https:\/\/decoplanta.com\/pt-pt\/jardim-vertical\/jardim-vertical-floral\/#primaryimage"},"image":{"@id":"https:\/\/decoplanta.com\/pt-pt\/jardim-vertical\/jardim-vertical-floral\/#primaryimage"},"thumbnailUrl":"https:\/\/decoplanta.com\/wp-content\/uploads\/2022\/08\/430303-JARDIN_VERTICAL_FLORAL-INTERIOR-scaled.jpg","datePublished":"2022-10-18T08:52:24+00:00","dateModified":"2022-12-05T15:50:59+00:00","description":"Jardim vertical FLORAL com folhagem m\u00e1xima, em placa de 50 X 50 cm. Belas rosas de diferentes tamanhos em cores pastel. F\u00e1cil de instalar.","breadcrumb":{"@id":"https:\/\/decoplanta.com\/pt-pt\/jardim-vertical\/jardim-vertical-floral\/#breadcrumb"},"inLanguage":"pt-PT","potentialAction":[{"@type":"ReadAction","target":["https:\/\/decoplanta.com\/pt-pt\/jardim-vertical\/jardim-vertical-floral\/"]}]},{"@type":"ImageObject","inLanguage":"pt-PT","@id":"https:\/\/decoplanta.com\/pt-pt\/jardim-vertical\/jardim-vertical-floral\/#primaryimage","url":"https:\/\/decoplanta.com\/wp-content\/uploads\/2022\/08\/430303-JARDIN_VERTICAL_FLORAL-INTERIOR-scaled.jpg","contentUrl":"https:\/\/decoplanta.com\/wp-content\/uploads\/2022\/08\/430303-JARDIN_VERTICAL_FLORAL-INTERIOR-scaled.jpg","width":2560,"height":2560,"caption":"Jard\u00edn vertical FLORAL de rosas en tonos pastel"},{"@type":"BreadcrumbList","@id":"https:\/\/decoplanta.com\/pt-pt\/jardim-vertical\/jardim-vertical-floral\/#breadcrumb","itemListElement":[{"@type":"ListItem","position":1,"name":"Portada","item":"https:\/\/decoplanta.com\/pt-pt\/"},{"@type":"ListItem","position":2,"name":"Priv\u00e9\u00a0: Tienda","item":"https:\/\/decoplanta.com\/?page_id=377"},{"@type":"ListItem","position":3,"name":"Jardim vertical FLORAL"}]},{"@type":"WebSite","@id":"https:\/\/decoplanta.com\/pt-pt\/#website","url":"https:\/\/decoplanta.com\/pt-pt\/","name":"Plantas y \u00e1rboles artificiales de Alto Realismo","description":"Proveedor de Plantas artificiales para estudios de Arquitectura, Interiorismo, Paisajismo, Escenograf\u00eda, Tiendas de Decoraci\u00f3n Florister\u00edas y Mobiliario","publisher":{"@id":"https:\/\/decoplanta.com\/pt-pt\/#organization"},"potentialAction":[{"@type":"SearchAction","target":{"@type":"EntryPoint","urlTemplate":"https:\/\/decoplanta.com\/pt-pt\/?s={search_term_string}"},"query-input":{"@type":"PropertyValueSpecification","valueRequired":true,"valueName":"search_term_string"}}],"inLanguage":"pt-PT"},{"@type":"Organization","@id":"https:\/\/decoplanta.com\/pt-pt\/#organization","name":"Plantas y \u00e1rboles artificiales de Alto Realismo","url":"https:\/\/decoplanta.com\/pt-pt\/","logo":{"@type":"ImageObject","inLanguage":"pt-PT","@id":"https:\/\/decoplanta.com\/pt-pt\/#\/schema\/logo\/image\/","url":"https:\/\/decoplanta.com\/wp-content\/uploads\/2021\/02\/decoplanta-logo2020.svg","contentUrl":"https:\/\/decoplanta.com\/wp-content\/uploads\/2021\/02\/decoplanta-logo2020.svg","width":500,"height":500,"caption":"Plantas y \u00e1rboles artificiales de Alto Realismo"},"image":{"@id":"https:\/\/decoplanta.com\/pt-pt\/#\/schema\/logo\/image\/"}}]}},"_links":{"self":[{"href":"https:\/\/decoplanta.com\/pt-pt\/wp-json\/wp\/v2\/product\/5246","targetHints":{"allow":["GET"]}}],"collection":[{"href":"https:\/\/decoplanta.com\/pt-pt\/wp-json\/wp\/v2\/product"}],"about":[{"href":"https:\/\/decoplanta.com\/pt-pt\/wp-json\/wp\/v2\/types\/product"}],"version-history":[{"count":0,"href":"https:\/\/decoplanta.com\/pt-pt\/wp-json\/wp\/v2\/product\/5246\/revisions"}],"wp:featuredmedia":[{"embeddable":true,"href":"https:\/\/decoplanta.com\/pt-pt\/wp-json\/wp\/v2\/media\/4734"}],"wp:attachment":[{"href":"https:\/\/decoplanta.com\/pt-pt\/wp-json\/wp\/v2\/media?parent=5246"}],"wp:term":[{"taxonomy":"product_brand","embeddable":true,"href":"https:\/\/decoplanta.com\/pt-pt\/wp-json\/wp\/v2\/product_brand?post=5246"},{"taxonomy":"product_cat","embeddable":true,"href":"https:\/\/decoplanta.com\/pt-pt\/wp-json\/wp\/v2\/product_cat?post=5246"},{"taxonomy":"product_tag","embeddable":true,"href":"https:\/\/decoplanta.com\/pt-pt\/wp-json\/wp\/v2\/product_tag?post=5246"}],"curies":[{"name":"wp","href":"https:\/\/api.w.org\/{rel}","templated":true}]}}