{"id":5247,"date":"2021-04-17T19:13:45","date_gmt":"2022-10-18T09:06:22","guid":{"rendered":"https:\/\/decoplanta.com\/sem%20categoria\/desenhe-seu-proprio-jardim-vertical\/"},"modified":"2025-03-01T07:51:05","modified_gmt":"2025-03-01T06:51:05","slug":"desenhe-seu-jardim-vertical","status":"publish","type":"product","link":"https:\/\/decoplanta.com\/pt-pt\/jardim-vertical\/desenhe-seu-jardim-vertical\/","title":{"rendered":"Desenhe seu pr\u00f3prio Jardim Vertical"},"content":{"rendered":"<p>Desafie e Desenhe seu Jardim Vertical. Combinar qualquer modelo de base de placa com folhas e plantas suspensas, dentro da categoria de Jardim Vertical ou <a href=\"https:\/\/decoplanta.com\/plantas-colgantes-artificiales\/\" target=\"_blank\" rel=\"noopener\">Plantas Suspensas<\/a>. H\u00e1 muitas possibilidades de personalizar o seu jardim vertical.<\/p>\n<p>Aqui mostramos-lhe as plantas com as quais pode desenhar o seu jardim vertical artificial:<\/p>\n<p>422346 ORQU\u00cdDEA ROSA ORQU\u00cdDEA ROSA. Altura total: 83 cm 11,18 \u20ac 83 cm<br \/>\n422745 FOLHA ANTHURIANA FOLHA ANTHURIANA, verde\/castanha. Altura total: 100 cm 14,09 \u20ac 100 cm<br \/>\n423893 CACTUS PENDANT CACTUS PENDANT, cor verde. Altura total: 125 cm 12,64 \u20ac 125 cm<br \/>\n424489 ANTURIO STOCK ANTURIO STOCK, cor borgonha. Altura total: 55 cm 3,12 \u20ac 55 cm<br \/>\n425138 GUIRNALDA BEGONIA GUIRNALDA BEGONIA, vermelho. Altura total: 115 cm 14,07 \u20ac 115 cm<br \/>\n425286 RHIPSALIS RHIPSALIS RHIPSALIS, cor &#8220;borgonha ba\u00e7a&#8221;. Altura total: 80 cm 5,98 \u20ac 80 cm<br \/>\n425659 HANGING HERB HANGING HERB, cor verde h\u00famido. Altura total: 80 cm 13,84 \u20ac 80 cm<br \/>\n425944 FOLHA VERDE ELEPHANT LEAF VERDE ELEPHANT LEAF em cor verde. Altura total: 105 cm 26,39 \u20ac 26,39 \u20ac 105 cm<br \/>\n425945 ELEPHANT LEAF Aubergine <a href=\"https:\/\/es.wikipedia.org\/wiki\/Alocasia_odora\" target=\"_blank\" rel=\"noopener\">ELEPHANT LEAF<\/a> Aubergine colour. Altura total 105 cm. 26,39 \u20ac 105 cm<\/p>\n<p>Al\u00e9m disso, desafiamo-lo a &#8220;Desenhar o seu Jardim Vertical&#8221;, e pode enviar-nos fotografias dos seus desenhos.<\/p>\n<p>&nbsp;<\/p>\n","protected":false},"excerpt":{"rendered":"<p>Combinar qualquer modelo de base de placa com folhas e plantas suspensas, dentro da categoria de Jardim Vertical ou Plantas Suspensas. H\u00e1 muitas possibilidades de personalizar o seu jardim vertical.<\/p>\n<table class=\"especial\" style=\"background-color: #fff;\">\n<tbody>\n<tr style=\"display: none;\">\n<td style=\"width: 80px; padding: 0px;\"><a href=\"https:\/\/decoplanta.com\/pt-pt\/desenhe-seu-proprio-jardim-vertical\/orquidea-rosa-artificial-para-desenhar-seu-proprio-jardim-vertical\/\"><img decoding=\"async\" src=\"https:\/\/decoplanta.com\/wp-content\/uploads\/2021\/04\/422346-Decora_tu_Jardin_Vertical-ORQUIDEA_ROSA-100x100.jpg\" \/><\/a><\/td>\n<td>ORQU\u00cdDEA ROSA<\/td>\n<td>422346<\/td>\n<\/tr>\n<tr>\n<td style=\"width: 80px; padding: 0px;\"><a href=\"https:\/\/decoplanta.com\/pt-pt\/desenhe-seu-proprio-jardim-vertical\/cacto-supenso-artificial\/\"><img decoding=\"async\" src=\"https:\/\/decoplanta.com\/wp-content\/uploads\/2021\/04\/423893-Decora_tu_jardin_vertical-CACTUS-COLGANTE-100x100.jpg\" \/><\/a><\/td>\n<td>CACTO SUSPENSO<\/td>\n<td>423893<\/td>\n<\/tr>\n<tr>\n<td style=\"width: 80px; padding: 0px;\"><a href=\"https:\/\/decoplanta.com\/pt-pt\/desenhe-seu-proprio-jardim-vertical\/guirlanda-begonia-desenhe-seu-proprio-jardim-vertical\/\"><img decoding=\"async\" src=\"https:\/\/decoplanta.com\/wp-content\/uploads\/2021\/04\/425138-Decora_tu_jardin_vertical-GUIRLANDA_BEGONIA-100x100.jpg\" \/><\/a><\/td>\n<td>Guirlanda BEGONIA<\/td>\n<td>425138<\/td>\n<\/tr>\n<tr>\n<td style=\"width: 80px; padding: 0px;\"><a href=\"https:\/\/decoplanta.com\/pt-pt\/desenhe-seu-proprio-jardim-vertical\/rhipsalis-suspensa\/\"><img decoding=\"async\" src=\"https:\/\/decoplanta.com\/wp-content\/uploads\/2021\/04\/425286-Decora_tu_jardin_vertical-RHIPSALIS-100x100.jpg\" \/><\/a><\/td>\n<td>RHIPSALIS suspensa<\/td>\n<td>425286<\/td>\n<\/tr>\n<tr>\n<td style=\"width: 80px; padding: 0px;\"><a href=\"https:\/\/decoplanta.com\/pt-pt\/plantas-ao-ar-livre-artificiais\/planta-artificial-erva-suspensa\/\"><img decoding=\"async\" src=\"https:\/\/decoplanta.com\/wp-content\/uploads\/2021\/04\/425659-Decora_tu_jardin_vertical-HIERBA_COLGANTE_UV-100x100.jpg\" \/><\/a><\/td>\n<td>ERVA SUSPENSA<\/td>\n<td>425659<\/td>\n<\/tr>\n<tr>\n<td style=\"width: 80px; padding: 0px;\"><a href=\"https:\/\/decoplanta.com\/pt-pt\/desenhe-seu-proprio-jardim-vertical\/folha-orelha-de-elefante-verde-artificial\/\"><img decoding=\"async\" src=\"https:\/\/decoplanta.com\/wp-content\/uploads\/2021\/04\/425944-Decora_tu_jardin_vertical-HOJA_DE_ELEFANTE_VERDE-100x100.jpg\" \/><\/a><\/td>\n<td>Folha ORELHA DE ELEFANTE VERDE<\/td>\n<td>425944<\/td>\n<\/tr>\n<tr>\n<td style=\"width: 80px; padding: 0px;\"><a href=\"https:\/\/decoplanta.com\/pt-pt\/desenhe-seu-proprio-jardim-vertical\/folha-de-elefante-beringela\/\"><img decoding=\"async\" src=\"https:\/\/decoplanta.com\/wp-content\/uploads\/2021\/04\/425945-Decora_tu_jardin_vertical-HOJA_DE_ELEFANTE_BERENGENA-100x100.jpg\" \/><\/a><\/td>\n<td>Folha ORELHA DE ELEFANTE BERINGELA<\/td>\n<td>425945<\/td>\n<\/tr>\n<\/tbody>\n<\/table>\n<p>Neste V\u00cdDEO pode ver como \u00e9 f\u00e1cil DESENHAR SEU PR\u00d3PRIO JARDIM VERTICAL:<\/p>\n[embed]https:\/\/decoplanta.com\/wp-content\/uploads\/2021\/10\/Crea-tu-jardin-vertical-DECOPLANTA(720)-3.mp4[\/embed]\n","protected":false},"featured_media":4544,"template":"","meta":{"_monsterinsights_skip_tracking":false,"_monsterinsights_sitenote_active":false,"_monsterinsights_sitenote_note":"","_monsterinsights_sitenote_category":0},"product_brand":[],"product_cat":[391],"product_tag":[408,411],"class_list":{"0":"post-5247","1":"product","2":"type-product","3":"status-publish","4":"has-post-thumbnail","6":"product_cat-jardim-vertical","7":"product_tag-desenhar-seu-jardim-vertical","8":"product_tag-guirlanda-de-folhas","9":"","10":"woocommerce-text-align-center","11":"woocommerce-image-align-center","12":"do-quantity-buttons","14":"first","15":"instock","16":"taxable","17":"shipping-taxable","18":"purchasable","19":"product-type-simple"},"yoast_head":"<!-- This site is optimized with the Yoast SEO plugin v27.4 - https:\/\/yoast.com\/product\/yoast-seo-wordpress\/ -->\n<title>Desenhe seu Jardim Vertical com folhas e flores artificiais realistas<\/title>\n<meta name=\"description\" content=\"Desenhe seu pr\u00f3prio Jardim Vertical, combinando uma placa base com folhas e flores do nosso cat\u00e1logo. Tem um n\u00famero infinito de possibilidades\" \/>\n<meta name=\"robots\" content=\"index, follow, max-snippet:-1, max-image-preview:large, max-video-preview:-1\" \/>\n<link rel=\"canonical\" href=\"https:\/\/decoplanta.com\/pt-pt\/jardim-vertical\/desenhe-seu-jardim-vertical\/\" \/>\n<meta property=\"og:locale\" content=\"pt_PT\" \/>\n<meta property=\"og:type\" content=\"article\" \/>\n<meta property=\"og:title\" content=\"Desenhe seu Jardim Vertical com folhas e flores artificiais realistas\" \/>\n<meta property=\"og:description\" content=\"Desenhe seu pr\u00f3prio Jardim Vertical, combinando uma placa base com folhas e flores do nosso cat\u00e1logo. Tem um n\u00famero infinito de possibilidades\" \/>\n<meta property=\"og:url\" content=\"https:\/\/decoplanta.com\/pt-pt\/jardim-vertical\/desenhe-seu-jardim-vertical\/\" \/>\n<meta property=\"og:site_name\" content=\"Plantas y \u00e1rboles artificiales de Alto Realismo\" \/>\n<meta property=\"article:modified_time\" content=\"2025-03-01T06:51:05+00:00\" \/>\n<meta property=\"og:image\" content=\"https:\/\/decoplanta.com\/wp-content\/uploads\/2021\/04\/DISENA_TU_PROPIO_JARDIN_VERTICAL.jpg\" \/>\n\t<meta property=\"og:image:width\" content=\"1221\" \/>\n\t<meta property=\"og:image:height\" content=\"1221\" \/>\n\t<meta property=\"og:image:type\" content=\"image\/jpeg\" \/>\n<meta name=\"twitter:card\" content=\"summary_large_image\" \/>\n<meta name=\"twitter:label1\" content=\"Tempo estimado de leitura\" \/>\n\t<meta name=\"twitter:data1\" content=\"2 minutos\" \/>\n<script type=\"application\/ld+json\" class=\"yoast-schema-graph\">{\"@context\":\"https:\\\/\\\/schema.org\",\"@graph\":[{\"@type\":\"WebPage\",\"@id\":\"https:\\\/\\\/decoplanta.com\\\/pt-pt\\\/jardim-vertical\\\/desenhe-seu-jardim-vertical\\\/\",\"url\":\"https:\\\/\\\/decoplanta.com\\\/pt-pt\\\/jardim-vertical\\\/desenhe-seu-jardim-vertical\\\/\",\"name\":\"Desenhe seu Jardim Vertical com folhas e flores artificiais realistas\",\"isPartOf\":{\"@id\":\"https:\\\/\\\/decoplanta.com\\\/pt-pt\\\/#website\"},\"primaryImageOfPage\":{\"@id\":\"https:\\\/\\\/decoplanta.com\\\/pt-pt\\\/jardim-vertical\\\/desenhe-seu-jardim-vertical\\\/#primaryimage\"},\"image\":{\"@id\":\"https:\\\/\\\/decoplanta.com\\\/pt-pt\\\/jardim-vertical\\\/desenhe-seu-jardim-vertical\\\/#primaryimage\"},\"thumbnailUrl\":\"https:\\\/\\\/decoplanta.com\\\/wp-content\\\/uploads\\\/2021\\\/04\\\/DISENA_TU_PROPIO_JARDIN_VERTICAL.jpg\",\"datePublished\":\"2022-10-18T09:06:22+00:00\",\"dateModified\":\"2025-03-01T06:51:05+00:00\",\"description\":\"Desenhe seu pr\u00f3prio Jardim Vertical, combinando uma placa base com folhas e flores do nosso cat\u00e1logo. Tem um n\u00famero infinito de possibilidades\",\"breadcrumb\":{\"@id\":\"https:\\\/\\\/decoplanta.com\\\/pt-pt\\\/jardim-vertical\\\/desenhe-seu-jardim-vertical\\\/#breadcrumb\"},\"inLanguage\":\"pt-PT\",\"potentialAction\":[{\"@type\":\"ReadAction\",\"target\":[\"https:\\\/\\\/decoplanta.com\\\/pt-pt\\\/jardim-vertical\\\/desenhe-seu-jardim-vertical\\\/\"]}]},{\"@type\":\"ImageObject\",\"inLanguage\":\"pt-PT\",\"@id\":\"https:\\\/\\\/decoplanta.com\\\/pt-pt\\\/jardim-vertical\\\/desenhe-seu-jardim-vertical\\\/#primaryimage\",\"url\":\"https:\\\/\\\/decoplanta.com\\\/wp-content\\\/uploads\\\/2021\\\/04\\\/DISENA_TU_PROPIO_JARDIN_VERTICAL.jpg\",\"contentUrl\":\"https:\\\/\\\/decoplanta.com\\\/wp-content\\\/uploads\\\/2021\\\/04\\\/DISENA_TU_PROPIO_JARDIN_VERTICAL.jpg\",\"width\":1221,\"height\":1221,\"caption\":\"Desenhe seu Jardim Vertical com folhas e flores artificiais realistas\"},{\"@type\":\"BreadcrumbList\",\"@id\":\"https:\\\/\\\/decoplanta.com\\\/pt-pt\\\/jardim-vertical\\\/desenhe-seu-jardim-vertical\\\/#breadcrumb\",\"itemListElement\":[{\"@type\":\"ListItem\",\"position\":1,\"name\":\"Portada\",\"item\":\"https:\\\/\\\/decoplanta.com\\\/pt-pt\\\/\"},{\"@type\":\"ListItem\",\"position\":2,\"name\":\"Priv\u00e9\u00a0: Tienda\",\"item\":\"https:\\\/\\\/decoplanta.com\\\/?page_id=377\"},{\"@type\":\"ListItem\",\"position\":3,\"name\":\"Desenhe seu pr\u00f3prio Jardim Vertical\"}]},{\"@type\":\"WebSite\",\"@id\":\"https:\\\/\\\/decoplanta.com\\\/pt-pt\\\/#website\",\"url\":\"https:\\\/\\\/decoplanta.com\\\/pt-pt\\\/\",\"name\":\"Plantas y \u00e1rboles artificiales de Alto Realismo\",\"description\":\"Proveedor de Plantas artificiales para estudios de Arquitectura, Interiorismo, Paisajismo, Escenograf\u00eda, Tiendas de Decoraci\u00f3n Florister\u00edas y Mobiliario\",\"publisher\":{\"@id\":\"https:\\\/\\\/decoplanta.com\\\/pt-pt\\\/#organization\"},\"potentialAction\":[{\"@type\":\"SearchAction\",\"target\":{\"@type\":\"EntryPoint\",\"urlTemplate\":\"https:\\\/\\\/decoplanta.com\\\/pt-pt\\\/?s={search_term_string}\"},\"query-input\":{\"@type\":\"PropertyValueSpecification\",\"valueRequired\":true,\"valueName\":\"search_term_string\"}}],\"inLanguage\":\"pt-PT\"},{\"@type\":\"Organization\",\"@id\":\"https:\\\/\\\/decoplanta.com\\\/pt-pt\\\/#organization\",\"name\":\"Plantas y \u00e1rboles artificiales de Alto Realismo\",\"url\":\"https:\\\/\\\/decoplanta.com\\\/pt-pt\\\/\",\"logo\":{\"@type\":\"ImageObject\",\"inLanguage\":\"pt-PT\",\"@id\":\"https:\\\/\\\/decoplanta.com\\\/pt-pt\\\/#\\\/schema\\\/logo\\\/image\\\/\",\"url\":\"https:\\\/\\\/decoplanta.com\\\/wp-content\\\/uploads\\\/2021\\\/02\\\/decoplanta-logo2020.svg\",\"contentUrl\":\"https:\\\/\\\/decoplanta.com\\\/wp-content\\\/uploads\\\/2021\\\/02\\\/decoplanta-logo2020.svg\",\"width\":500,\"height\":500,\"caption\":\"Plantas y \u00e1rboles artificiales de Alto Realismo\"},\"image\":{\"@id\":\"https:\\\/\\\/decoplanta.com\\\/pt-pt\\\/#\\\/schema\\\/logo\\\/image\\\/\"}}]}<\/script>\n<!-- \/ Yoast SEO plugin. -->","yoast_head_json":{"title":"Desenhe seu Jardim Vertical com folhas e flores artificiais realistas","description":"Desenhe seu pr\u00f3prio Jardim Vertical, combinando uma placa base com folhas e flores do nosso cat\u00e1logo. Tem um n\u00famero infinito de possibilidades","robots":{"index":"index","follow":"follow","max-snippet":"max-snippet:-1","max-image-preview":"max-image-preview:large","max-video-preview":"max-video-preview:-1"},"canonical":"https:\/\/decoplanta.com\/pt-pt\/jardim-vertical\/desenhe-seu-jardim-vertical\/","og_locale":"pt_PT","og_type":"article","og_title":"Desenhe seu Jardim Vertical com folhas e flores artificiais realistas","og_description":"Desenhe seu pr\u00f3prio Jardim Vertical, combinando uma placa base com folhas e flores do nosso cat\u00e1logo. Tem um n\u00famero infinito de possibilidades","og_url":"https:\/\/decoplanta.com\/pt-pt\/jardim-vertical\/desenhe-seu-jardim-vertical\/","og_site_name":"Plantas y \u00e1rboles artificiales de Alto Realismo","article_modified_time":"2025-03-01T06:51:05+00:00","og_image":[{"width":1221,"height":1221,"url":"https:\/\/decoplanta.com\/wp-content\/uploads\/2021\/04\/DISENA_TU_PROPIO_JARDIN_VERTICAL.jpg","type":"image\/jpeg"}],"twitter_card":"summary_large_image","twitter_misc":{"Tempo estimado de leitura":"2 minutos"},"schema":{"@context":"https:\/\/schema.org","@graph":[{"@type":"WebPage","@id":"https:\/\/decoplanta.com\/pt-pt\/jardim-vertical\/desenhe-seu-jardim-vertical\/","url":"https:\/\/decoplanta.com\/pt-pt\/jardim-vertical\/desenhe-seu-jardim-vertical\/","name":"Desenhe seu Jardim Vertical com folhas e flores artificiais realistas","isPartOf":{"@id":"https:\/\/decoplanta.com\/pt-pt\/#website"},"primaryImageOfPage":{"@id":"https:\/\/decoplanta.com\/pt-pt\/jardim-vertical\/desenhe-seu-jardim-vertical\/#primaryimage"},"image":{"@id":"https:\/\/decoplanta.com\/pt-pt\/jardim-vertical\/desenhe-seu-jardim-vertical\/#primaryimage"},"thumbnailUrl":"https:\/\/decoplanta.com\/wp-content\/uploads\/2021\/04\/DISENA_TU_PROPIO_JARDIN_VERTICAL.jpg","datePublished":"2022-10-18T09:06:22+00:00","dateModified":"2025-03-01T06:51:05+00:00","description":"Desenhe seu pr\u00f3prio Jardim Vertical, combinando uma placa base com folhas e flores do nosso cat\u00e1logo. Tem um n\u00famero infinito de possibilidades","breadcrumb":{"@id":"https:\/\/decoplanta.com\/pt-pt\/jardim-vertical\/desenhe-seu-jardim-vertical\/#breadcrumb"},"inLanguage":"pt-PT","potentialAction":[{"@type":"ReadAction","target":["https:\/\/decoplanta.com\/pt-pt\/jardim-vertical\/desenhe-seu-jardim-vertical\/"]}]},{"@type":"ImageObject","inLanguage":"pt-PT","@id":"https:\/\/decoplanta.com\/pt-pt\/jardim-vertical\/desenhe-seu-jardim-vertical\/#primaryimage","url":"https:\/\/decoplanta.com\/wp-content\/uploads\/2021\/04\/DISENA_TU_PROPIO_JARDIN_VERTICAL.jpg","contentUrl":"https:\/\/decoplanta.com\/wp-content\/uploads\/2021\/04\/DISENA_TU_PROPIO_JARDIN_VERTICAL.jpg","width":1221,"height":1221,"caption":"Desenhe seu Jardim Vertical com folhas e flores artificiais realistas"},{"@type":"BreadcrumbList","@id":"https:\/\/decoplanta.com\/pt-pt\/jardim-vertical\/desenhe-seu-jardim-vertical\/#breadcrumb","itemListElement":[{"@type":"ListItem","position":1,"name":"Portada","item":"https:\/\/decoplanta.com\/pt-pt\/"},{"@type":"ListItem","position":2,"name":"Priv\u00e9\u00a0: Tienda","item":"https:\/\/decoplanta.com\/?page_id=377"},{"@type":"ListItem","position":3,"name":"Desenhe seu pr\u00f3prio Jardim Vertical"}]},{"@type":"WebSite","@id":"https:\/\/decoplanta.com\/pt-pt\/#website","url":"https:\/\/decoplanta.com\/pt-pt\/","name":"Plantas y \u00e1rboles artificiales de Alto Realismo","description":"Proveedor de Plantas artificiales para estudios de Arquitectura, Interiorismo, Paisajismo, Escenograf\u00eda, Tiendas de Decoraci\u00f3n Florister\u00edas y Mobiliario","publisher":{"@id":"https:\/\/decoplanta.com\/pt-pt\/#organization"},"potentialAction":[{"@type":"SearchAction","target":{"@type":"EntryPoint","urlTemplate":"https:\/\/decoplanta.com\/pt-pt\/?s={search_term_string}"},"query-input":{"@type":"PropertyValueSpecification","valueRequired":true,"valueName":"search_term_string"}}],"inLanguage":"pt-PT"},{"@type":"Organization","@id":"https:\/\/decoplanta.com\/pt-pt\/#organization","name":"Plantas y \u00e1rboles artificiales de Alto Realismo","url":"https:\/\/decoplanta.com\/pt-pt\/","logo":{"@type":"ImageObject","inLanguage":"pt-PT","@id":"https:\/\/decoplanta.com\/pt-pt\/#\/schema\/logo\/image\/","url":"https:\/\/decoplanta.com\/wp-content\/uploads\/2021\/02\/decoplanta-logo2020.svg","contentUrl":"https:\/\/decoplanta.com\/wp-content\/uploads\/2021\/02\/decoplanta-logo2020.svg","width":500,"height":500,"caption":"Plantas y \u00e1rboles artificiales de Alto Realismo"},"image":{"@id":"https:\/\/decoplanta.com\/pt-pt\/#\/schema\/logo\/image\/"}}]}},"_links":{"self":[{"href":"https:\/\/decoplanta.com\/pt-pt\/wp-json\/wp\/v2\/product\/5247","targetHints":{"allow":["GET"]}}],"collection":[{"href":"https:\/\/decoplanta.com\/pt-pt\/wp-json\/wp\/v2\/product"}],"about":[{"href":"https:\/\/decoplanta.com\/pt-pt\/wp-json\/wp\/v2\/types\/product"}],"version-history":[{"count":1,"href":"https:\/\/decoplanta.com\/pt-pt\/wp-json\/wp\/v2\/product\/5247\/revisions"}],"predecessor-version":[{"id":8120,"href":"https:\/\/decoplanta.com\/pt-pt\/wp-json\/wp\/v2\/product\/5247\/revisions\/8120"}],"wp:featuredmedia":[{"embeddable":true,"href":"https:\/\/decoplanta.com\/pt-pt\/wp-json\/wp\/v2\/media\/4544"}],"wp:attachment":[{"href":"https:\/\/decoplanta.com\/pt-pt\/wp-json\/wp\/v2\/media?parent=5247"}],"wp:term":[{"taxonomy":"product_brand","embeddable":true,"href":"https:\/\/decoplanta.com\/pt-pt\/wp-json\/wp\/v2\/product_brand?post=5247"},{"taxonomy":"product_cat","embeddable":true,"href":"https:\/\/decoplanta.com\/pt-pt\/wp-json\/wp\/v2\/product_cat?post=5247"},{"taxonomy":"product_tag","embeddable":true,"href":"https:\/\/decoplanta.com\/pt-pt\/wp-json\/wp\/v2\/product_tag?post=5247"}],"curies":[{"name":"wp","href":"https:\/\/api.w.org\/{rel}","templated":true}]}}