{"id":5256,"date":"2021-03-19T09:21:29","date_gmt":"2022-10-18T09:48:49","guid":{"rendered":"https:\/\/decoplanta.com\/sem%20categoria\/jardim-vertical-buxo-uv\/"},"modified":"2022-10-18T11:38:37","modified_gmt":"2022-10-18T10:38:37","slug":"jardim-vertical-buxo-uv","status":"publish","type":"product","link":"https:\/\/decoplanta.com\/pt-pt\/jardim-vertical\/jardim-vertical-buxo-uv\/","title":{"rendered":"Jardim vertical BUXO UV"},"content":{"rendered":"<p>Jardim vertical BUXO UV artificial, com uma elegante cor de folha verde escura e relevo homog\u00e9neo, ideal para uma est\u00e9tica discreta. Adequado para decora\u00e7\u00e3o interior e exterior. F\u00e1cil de instalar. <a href=\"https:\/\/decoplanta.com\/etiqueta-producto\/plantas-artificiales-con-proteccion-uv\/\" target=\"_blank\" rel=\"noopener\">Protec\u00e7\u00e3o UV e resistente \u00e0 \u00e1gua.<\/a><\/p>\n<p>Se o que precisa \u00e9 de uma \u00e1rvore de caixa com mais altura e mais esferas ou bolas, temos o que procura: Jardim Artificial <a href=\"https:\/\/es.wikipedia.org\/wiki\/Buxus_sempervirens\" target=\"_blank\" rel=\"noopener\">BUXO<\/a> Vertical de alto realismo, para decora\u00e7\u00e3o exterior, paisagismo e <a href=\"https:\/\/www.google.com\/search?sxsrf=ALeKk02GJNGwwu0o5SViWCzyZ5x4bnKeOQ:1616082621663&amp;q=boj+bola+cuidados&amp;sa=X&amp;ved=2ahUKEwjrwd30mLrvAhWCThUIHYi3C7YQ1QIoBXoECAEQBg&amp;biw=1352&amp;bih=947\" target=\"_blank\" rel=\"noopener\">jardinagem<\/a>. Inclui tratamento UV espec\u00edfico para uso exterior. O sol e a \u00e1gua n\u00e3o ser\u00e3o um impedimento para o manter com t\u00e3o bom aspecto como no primeiro dia. Inclui un vaso de flores b\u00e1sico.<\/p>\n<p>A madeira de caixa comum \u00e9 arbustiva ou arb\u00f3rea de h\u00e1bito; pode excepcionalmente atingir 12 m de altura, com um <a title=\"Haste\" href=\"https:\/\/es.wikipedia.org\/wiki\/Tallo\">caule<\/a> altamente ramificado coberto de casca lisa em exemplares jovens, sulcado com fendas em adultos, de cor castanho-acinzentada. As <a title=\"Desdobr\u00e1vel\" href=\"https:\/\/es.wikipedia.org\/wiki\/Hoja\">folhas<\/a> s\u00e3o lanceoladas a ovadas ou el\u00edpticas, opostas, cori\u00e1ceas, verdes escuras no lado superior e mais claras no lado inferior, at\u00e9 30 mm, com uma borda para baixo um pouco curva.<\/p>\n<p>As <a title=\"\" href=\"https:\/\/es.wikipedia.org\/wiki\/Flor\">flores<\/a> s\u00e3o mon\u00f3icas, com flores masculinas e femininas presentes no mesmo exemplar; aparecem no in\u00edcio da Primavera, em pequenas infloresc\u00eancias de v\u00e1rios machos e uma flor feminina nas axilas foliares. T\u00eam cerca de 2 mm de comprimento, cor amarela, discreta, sem corola, sem perfume mas rica em <a class=\"mw-redirect\" title=\"N\u00e9ctar (Bot\u00e2nica)\" href=\"https:\/\/es.wikipedia.org\/wiki\/N%C3%A9ctar_(Bot%C3%A1nica)\">n\u00e9ctar<\/a>, o que atrai <a class=\"mw-redirect\" title=\"Hymenoptera\" href=\"https:\/\/es.wikipedia.org\/wiki\/Himen%C3%B3ptero\">hymenopterans<\/a> e <a title=\"Diptera\" href=\"https:\/\/es.wikipedia.org\/wiki\/Diptera\">dipterans<\/a>. O fruto \u00e9 uma <a class=\"mw-redirect\" title=\"C\u00e1psula (fruta)\" href=\"https:\/\/es.wikipedia.org\/wiki\/C%C3%A1psula_(fruto)\">c\u00e1psula<\/a> castanha ou cinzenta, de couro, com cerca de 1 cm de comprimento, contendo numerosas sementes.<\/p>\n<h3>Tipo de utiliza\u00e7\u00e3o ou implementa\u00e7\u00e3o deste Jardim vertical BUXO UV artificial<\/h3>\n<p>\u00c9 um tipo muito t\u00edpico de \u00e1rvore ou arbusto na entrada de grandes restaurantes de prest\u00edgio ou de alta cozinha, ou mesmo nas fachadas de lojas de alta costura, por exemplo, no distrito de Salamanca, em Madrid. Lojas como Loewe, Armani, Louis Vuitton, ou mesmo a prestigiada marca Prada, utilizam este tipo de \u00e1rvore decorativa nas frentes das suas lojas. O facto de ser comum neste tipo de estabelecimento n\u00e3o diminui a sua eleg\u00e2ncia ou design. O objectivo desta \u00e1rvore ou planta artificial de madeira de dupla esfera \u00e9 criar um estilo geral de design calmo e convencional. Pode estar em desacordo com as novas campanhas de moda, mas ser\u00e1 sempre um estilo v\u00e1lido em qualquer \u00e9poca.<\/p>\n","protected":false},"excerpt":{"rendered":"<p>Jardim vertical BUXO UV artificial, com uma elegante cor de folha verde escura e relevo homog\u00e9neo, ideal para uma est\u00e9tica discreta. Adequado para decora\u00e7\u00e3o interior e exterior. F\u00e1cil de instalar. Prote\u00e7\u00e3o UV e resistente \u00e0 \u00e1gua.<\/p>\n<table>\n<tbody>\n<tr>\n<td><strong>REF<\/strong><\/td>\n<td><strong>MEDIDA DA PLACA<\/strong><\/td>\n<\/tr>\n<tr>\n<td><strong>1817003<\/strong><\/td>\n<td>50 x 50 cm<\/td>\n<\/tr>\n<\/tbody>\n<\/table>\n","protected":false},"featured_media":4466,"template":"","meta":{"_monsterinsights_skip_tracking":false,"_monsterinsights_sitenote_active":false,"_monsterinsights_sitenote_note":"","_monsterinsights_sitenote_category":0},"product_brand":[],"product_cat":[391],"product_tag":[407],"class_list":{"0":"post-5256","1":"product","2":"type-product","3":"status-publish","4":"has-post-thumbnail","6":"product_cat-jardim-vertical","7":"product_tag-planta-artificial-com-protecao-uv","8":"","9":"woocommerce-text-align-center","10":"woocommerce-image-align-center","11":"do-quantity-buttons","13":"first","14":"instock","15":"taxable","16":"shipping-taxable","17":"purchasable","18":"product-type-simple"},"yoast_head":"<!-- This site is optimized with the Yoast SEO plugin v27.5 - https:\/\/yoast.com\/product\/yoast-seo-wordpress\/ -->\n<title>Jardim vertical BUXO UV artificial - Alto realismo exterior - interior<\/title>\n<meta name=\"description\" content=\"Jardim vertical BUXO UV artificial com protec\u00e7\u00e3o UV e \u00e0 prova de \u00e1gua. Alto Realismo para decorar dentro ou fora de casa.\" \/>\n<meta name=\"robots\" content=\"index, follow, max-snippet:-1, max-image-preview:large, max-video-preview:-1\" \/>\n<link rel=\"canonical\" href=\"https:\/\/decoplanta.com\/pt-pt\/jardim-vertical\/jardim-vertical-buxo-uv\/\" \/>\n<meta property=\"og:locale\" content=\"pt_PT\" \/>\n<meta property=\"og:type\" content=\"article\" \/>\n<meta property=\"og:title\" content=\"Jardim vertical BUXO UV artificial - Alto realismo exterior - interior\" \/>\n<meta property=\"og:description\" content=\"Jardim vertical BUXO UV artificial com protec\u00e7\u00e3o UV e \u00e0 prova de \u00e1gua. Alto Realismo para decorar dentro ou fora de casa.\" \/>\n<meta property=\"og:url\" content=\"https:\/\/decoplanta.com\/pt-pt\/jardim-vertical\/jardim-vertical-buxo-uv\/\" \/>\n<meta property=\"og:site_name\" content=\"Plantas y \u00e1rboles artificiales de Alto Realismo\" \/>\n<meta property=\"article:modified_time\" content=\"2022-10-18T10:38:37+00:00\" \/>\n<meta property=\"og:image\" content=\"https:\/\/decoplanta.com\/wp-content\/uploads\/2021\/03\/1817003-jardin-vertical-BOJ.jpg\" \/>\n\t<meta property=\"og:image:width\" content=\"1650\" \/>\n\t<meta property=\"og:image:height\" content=\"1650\" \/>\n\t<meta property=\"og:image:type\" content=\"image\/jpeg\" \/>\n<meta name=\"twitter:card\" content=\"summary_large_image\" \/>\n<meta name=\"twitter:label1\" content=\"Tempo estimado de leitura\" \/>\n\t<meta name=\"twitter:data1\" content=\"2 minutos\" \/>\n<script type=\"application\/ld+json\" class=\"yoast-schema-graph\">{\"@context\":\"https:\\\/\\\/schema.org\",\"@graph\":[{\"@type\":\"WebPage\",\"@id\":\"https:\\\/\\\/decoplanta.com\\\/pt-pt\\\/jardim-vertical\\\/jardim-vertical-buxo-uv\\\/\",\"url\":\"https:\\\/\\\/decoplanta.com\\\/pt-pt\\\/jardim-vertical\\\/jardim-vertical-buxo-uv\\\/\",\"name\":\"Jardim vertical BUXO UV artificial - Alto realismo exterior - interior\",\"isPartOf\":{\"@id\":\"https:\\\/\\\/decoplanta.com\\\/pt-pt\\\/#website\"},\"primaryImageOfPage\":{\"@id\":\"https:\\\/\\\/decoplanta.com\\\/pt-pt\\\/jardim-vertical\\\/jardim-vertical-buxo-uv\\\/#primaryimage\"},\"image\":{\"@id\":\"https:\\\/\\\/decoplanta.com\\\/pt-pt\\\/jardim-vertical\\\/jardim-vertical-buxo-uv\\\/#primaryimage\"},\"thumbnailUrl\":\"https:\\\/\\\/decoplanta.com\\\/wp-content\\\/uploads\\\/2021\\\/03\\\/1817003-jardin-vertical-BOJ.jpg\",\"datePublished\":\"2022-10-18T09:48:49+00:00\",\"dateModified\":\"2022-10-18T10:38:37+00:00\",\"description\":\"Jardim vertical BUXO UV artificial com protec\u00e7\u00e3o UV e \u00e0 prova de \u00e1gua. Alto Realismo para decorar dentro ou fora de casa.\",\"breadcrumb\":{\"@id\":\"https:\\\/\\\/decoplanta.com\\\/pt-pt\\\/jardim-vertical\\\/jardim-vertical-buxo-uv\\\/#breadcrumb\"},\"inLanguage\":\"pt-PT\",\"potentialAction\":[{\"@type\":\"ReadAction\",\"target\":[\"https:\\\/\\\/decoplanta.com\\\/pt-pt\\\/jardim-vertical\\\/jardim-vertical-buxo-uv\\\/\"]}]},{\"@type\":\"ImageObject\",\"inLanguage\":\"pt-PT\",\"@id\":\"https:\\\/\\\/decoplanta.com\\\/pt-pt\\\/jardim-vertical\\\/jardim-vertical-buxo-uv\\\/#primaryimage\",\"url\":\"https:\\\/\\\/decoplanta.com\\\/wp-content\\\/uploads\\\/2021\\\/03\\\/1817003-jardin-vertical-BOJ.jpg\",\"contentUrl\":\"https:\\\/\\\/decoplanta.com\\\/wp-content\\\/uploads\\\/2021\\\/03\\\/1817003-jardin-vertical-BOJ.jpg\",\"width\":1650,\"height\":1650,\"caption\":\"Jardim vertical BUXO UV artificial, com uma elegante cor de folha verde escura e relevo homog\u00e9neo, ideal para uma est\u00e9tica discreta\"},{\"@type\":\"BreadcrumbList\",\"@id\":\"https:\\\/\\\/decoplanta.com\\\/pt-pt\\\/jardim-vertical\\\/jardim-vertical-buxo-uv\\\/#breadcrumb\",\"itemListElement\":[{\"@type\":\"ListItem\",\"position\":1,\"name\":\"Portada\",\"item\":\"https:\\\/\\\/decoplanta.com\\\/pt-pt\\\/\"},{\"@type\":\"ListItem\",\"position\":2,\"name\":\"Priv\u00e9\u00a0: Tienda\",\"item\":\"https:\\\/\\\/decoplanta.com\\\/?page_id=377\"},{\"@type\":\"ListItem\",\"position\":3,\"name\":\"Jardim vertical BUXO UV\"}]},{\"@type\":\"WebSite\",\"@id\":\"https:\\\/\\\/decoplanta.com\\\/pt-pt\\\/#website\",\"url\":\"https:\\\/\\\/decoplanta.com\\\/pt-pt\\\/\",\"name\":\"Plantas y \u00e1rboles artificiales de Alto Realismo\",\"description\":\"Proveedor de Plantas artificiales para estudios de Arquitectura, Interiorismo, Paisajismo, Escenograf\u00eda, Tiendas de Decoraci\u00f3n Florister\u00edas y Mobiliario\",\"publisher\":{\"@id\":\"https:\\\/\\\/decoplanta.com\\\/pt-pt\\\/#organization\"},\"potentialAction\":[{\"@type\":\"SearchAction\",\"target\":{\"@type\":\"EntryPoint\",\"urlTemplate\":\"https:\\\/\\\/decoplanta.com\\\/pt-pt\\\/?s={search_term_string}\"},\"query-input\":{\"@type\":\"PropertyValueSpecification\",\"valueRequired\":true,\"valueName\":\"search_term_string\"}}],\"inLanguage\":\"pt-PT\"},{\"@type\":\"Organization\",\"@id\":\"https:\\\/\\\/decoplanta.com\\\/pt-pt\\\/#organization\",\"name\":\"Plantas y \u00e1rboles artificiales de Alto Realismo\",\"url\":\"https:\\\/\\\/decoplanta.com\\\/pt-pt\\\/\",\"logo\":{\"@type\":\"ImageObject\",\"inLanguage\":\"pt-PT\",\"@id\":\"https:\\\/\\\/decoplanta.com\\\/pt-pt\\\/#\\\/schema\\\/logo\\\/image\\\/\",\"url\":\"https:\\\/\\\/decoplanta.com\\\/wp-content\\\/uploads\\\/2021\\\/02\\\/decoplanta-logo2020.svg\",\"contentUrl\":\"https:\\\/\\\/decoplanta.com\\\/wp-content\\\/uploads\\\/2021\\\/02\\\/decoplanta-logo2020.svg\",\"width\":500,\"height\":500,\"caption\":\"Plantas y \u00e1rboles artificiales de Alto Realismo\"},\"image\":{\"@id\":\"https:\\\/\\\/decoplanta.com\\\/pt-pt\\\/#\\\/schema\\\/logo\\\/image\\\/\"}}]}<\/script>\n<!-- \/ Yoast SEO plugin. -->","yoast_head_json":{"title":"Jardim vertical BUXO UV artificial - Alto realismo exterior - interior","description":"Jardim vertical BUXO UV artificial com protec\u00e7\u00e3o UV e \u00e0 prova de \u00e1gua. Alto Realismo para decorar dentro ou fora de casa.","robots":{"index":"index","follow":"follow","max-snippet":"max-snippet:-1","max-image-preview":"max-image-preview:large","max-video-preview":"max-video-preview:-1"},"canonical":"https:\/\/decoplanta.com\/pt-pt\/jardim-vertical\/jardim-vertical-buxo-uv\/","og_locale":"pt_PT","og_type":"article","og_title":"Jardim vertical BUXO UV artificial - Alto realismo exterior - interior","og_description":"Jardim vertical BUXO UV artificial com protec\u00e7\u00e3o UV e \u00e0 prova de \u00e1gua. Alto Realismo para decorar dentro ou fora de casa.","og_url":"https:\/\/decoplanta.com\/pt-pt\/jardim-vertical\/jardim-vertical-buxo-uv\/","og_site_name":"Plantas y \u00e1rboles artificiales de Alto Realismo","article_modified_time":"2022-10-18T10:38:37+00:00","og_image":[{"width":1650,"height":1650,"url":"https:\/\/decoplanta.com\/wp-content\/uploads\/2021\/03\/1817003-jardin-vertical-BOJ.jpg","type":"image\/jpeg"}],"twitter_card":"summary_large_image","twitter_misc":{"Tempo estimado de leitura":"2 minutos"},"schema":{"@context":"https:\/\/schema.org","@graph":[{"@type":"WebPage","@id":"https:\/\/decoplanta.com\/pt-pt\/jardim-vertical\/jardim-vertical-buxo-uv\/","url":"https:\/\/decoplanta.com\/pt-pt\/jardim-vertical\/jardim-vertical-buxo-uv\/","name":"Jardim vertical BUXO UV artificial - Alto realismo exterior - interior","isPartOf":{"@id":"https:\/\/decoplanta.com\/pt-pt\/#website"},"primaryImageOfPage":{"@id":"https:\/\/decoplanta.com\/pt-pt\/jardim-vertical\/jardim-vertical-buxo-uv\/#primaryimage"},"image":{"@id":"https:\/\/decoplanta.com\/pt-pt\/jardim-vertical\/jardim-vertical-buxo-uv\/#primaryimage"},"thumbnailUrl":"https:\/\/decoplanta.com\/wp-content\/uploads\/2021\/03\/1817003-jardin-vertical-BOJ.jpg","datePublished":"2022-10-18T09:48:49+00:00","dateModified":"2022-10-18T10:38:37+00:00","description":"Jardim vertical BUXO UV artificial com protec\u00e7\u00e3o UV e \u00e0 prova de \u00e1gua. Alto Realismo para decorar dentro ou fora de casa.","breadcrumb":{"@id":"https:\/\/decoplanta.com\/pt-pt\/jardim-vertical\/jardim-vertical-buxo-uv\/#breadcrumb"},"inLanguage":"pt-PT","potentialAction":[{"@type":"ReadAction","target":["https:\/\/decoplanta.com\/pt-pt\/jardim-vertical\/jardim-vertical-buxo-uv\/"]}]},{"@type":"ImageObject","inLanguage":"pt-PT","@id":"https:\/\/decoplanta.com\/pt-pt\/jardim-vertical\/jardim-vertical-buxo-uv\/#primaryimage","url":"https:\/\/decoplanta.com\/wp-content\/uploads\/2021\/03\/1817003-jardin-vertical-BOJ.jpg","contentUrl":"https:\/\/decoplanta.com\/wp-content\/uploads\/2021\/03\/1817003-jardin-vertical-BOJ.jpg","width":1650,"height":1650,"caption":"Jardim vertical BUXO UV artificial, com uma elegante cor de folha verde escura e relevo homog\u00e9neo, ideal para uma est\u00e9tica discreta"},{"@type":"BreadcrumbList","@id":"https:\/\/decoplanta.com\/pt-pt\/jardim-vertical\/jardim-vertical-buxo-uv\/#breadcrumb","itemListElement":[{"@type":"ListItem","position":1,"name":"Portada","item":"https:\/\/decoplanta.com\/pt-pt\/"},{"@type":"ListItem","position":2,"name":"Priv\u00e9\u00a0: Tienda","item":"https:\/\/decoplanta.com\/?page_id=377"},{"@type":"ListItem","position":3,"name":"Jardim vertical BUXO UV"}]},{"@type":"WebSite","@id":"https:\/\/decoplanta.com\/pt-pt\/#website","url":"https:\/\/decoplanta.com\/pt-pt\/","name":"Plantas y \u00e1rboles artificiales de Alto Realismo","description":"Proveedor de Plantas artificiales para estudios de Arquitectura, Interiorismo, Paisajismo, Escenograf\u00eda, Tiendas de Decoraci\u00f3n Florister\u00edas y Mobiliario","publisher":{"@id":"https:\/\/decoplanta.com\/pt-pt\/#organization"},"potentialAction":[{"@type":"SearchAction","target":{"@type":"EntryPoint","urlTemplate":"https:\/\/decoplanta.com\/pt-pt\/?s={search_term_string}"},"query-input":{"@type":"PropertyValueSpecification","valueRequired":true,"valueName":"search_term_string"}}],"inLanguage":"pt-PT"},{"@type":"Organization","@id":"https:\/\/decoplanta.com\/pt-pt\/#organization","name":"Plantas y \u00e1rboles artificiales de Alto Realismo","url":"https:\/\/decoplanta.com\/pt-pt\/","logo":{"@type":"ImageObject","inLanguage":"pt-PT","@id":"https:\/\/decoplanta.com\/pt-pt\/#\/schema\/logo\/image\/","url":"https:\/\/decoplanta.com\/wp-content\/uploads\/2021\/02\/decoplanta-logo2020.svg","contentUrl":"https:\/\/decoplanta.com\/wp-content\/uploads\/2021\/02\/decoplanta-logo2020.svg","width":500,"height":500,"caption":"Plantas y \u00e1rboles artificiales de Alto Realismo"},"image":{"@id":"https:\/\/decoplanta.com\/pt-pt\/#\/schema\/logo\/image\/"}}]}},"_links":{"self":[{"href":"https:\/\/decoplanta.com\/pt-pt\/wp-json\/wp\/v2\/product\/5256","targetHints":{"allow":["GET"]}}],"collection":[{"href":"https:\/\/decoplanta.com\/pt-pt\/wp-json\/wp\/v2\/product"}],"about":[{"href":"https:\/\/decoplanta.com\/pt-pt\/wp-json\/wp\/v2\/types\/product"}],"version-history":[{"count":0,"href":"https:\/\/decoplanta.com\/pt-pt\/wp-json\/wp\/v2\/product\/5256\/revisions"}],"wp:featuredmedia":[{"embeddable":true,"href":"https:\/\/decoplanta.com\/pt-pt\/wp-json\/wp\/v2\/media\/4466"}],"wp:attachment":[{"href":"https:\/\/decoplanta.com\/pt-pt\/wp-json\/wp\/v2\/media?parent=5256"}],"wp:term":[{"taxonomy":"product_brand","embeddable":true,"href":"https:\/\/decoplanta.com\/pt-pt\/wp-json\/wp\/v2\/product_brand?post=5256"},{"taxonomy":"product_cat","embeddable":true,"href":"https:\/\/decoplanta.com\/pt-pt\/wp-json\/wp\/v2\/product_cat?post=5256"},{"taxonomy":"product_tag","embeddable":true,"href":"https:\/\/decoplanta.com\/pt-pt\/wp-json\/wp\/v2\/product_tag?post=5256"}],"curies":[{"name":"wp","href":"https:\/\/api.w.org\/{rel}","templated":true}]}}