{"id":5272,"date":"2022-04-22T17:00:50","date_gmt":"2022-10-18T10:46:35","guid":{"rendered":"https:\/\/decoplanta.com\/sem%20categoria\/feto-adiantum\/"},"modified":"2023-10-31T09:05:23","modified_gmt":"2023-10-31T08:05:23","slug":"feto-adiantum-artificial-30cm","status":"publish","type":"product","link":"https:\/\/decoplanta.com\/pt-pt\/mini-plantas-artificiais-de-interior\/feto-adiantum-artificial-30cm\/","title":{"rendered":"FETO ADIANTUM 30cm"},"content":{"rendered":"<p>FETO ADIANTUM artificial de 30 cm de altura sobre uma base cimentada. Este maravilhoso e realista avan\u00e7o <a class=\"waffle-rich-text-link\" href=\"https:\/\/decoplanta.com\/etiqueta-producto\/helecho-de-interior\/\">artificial de feto<\/a> \u00e9 muito realista. N\u00e3o se consegue distingui-lo do feto natural.<\/p>\n<p>O Adiantum raddianum fragans \u00e9 um feto muito elegante devido \u00e0s suas folhas finas, pequenas e triangulares verdes, que tamb\u00e9m s\u00e3o imperme\u00e1veis. N\u00e3o requer manuten\u00e7\u00e3o. O Adiantum pertence ao grupo de <a class=\"waffle-rich-text-link\" href=\"https:\/\/www.hogarmania.com\/jardineria\/fichas\/plantas\/tipos-de-helechos\/\">fetos<\/a> da fam\u00edlia Adianthaceae. Caracteriza-se pelas suas folhas basais, pecioladas, glabras e divididas em pinh\u00f5es flabelados. \u00c9 comummente chamado Culantrillo, e tamb\u00e9m recebe nomes em todo o mundo como: Cabello de Venus, Culantrillo de pozo, Capilera, Brenca ou Ara\u00f1uela.<\/p>\n<p>Planta de origem tropical, de pa\u00edses como o Uruguai, Brasil e Paraguai. \u00c9 um feto muito utilizado para decorar o interior da casa em vasos ou vasos pendurados. \u00c9 uma planta de interior num local h\u00famido e iluminado. Tamb\u00e9m pode ser colocado ao ar livre \u00e0 sombra ou semi-sombra, onde n\u00e3o recebe sol directo.<\/p>\n<h3>Como \u00e9 que o FETO ADIANTUM artificial difere de outros fetos?<\/h3>\n<p>Culantrillo (Adiantum cuneatum) \u00e9 um feto pertencente \u00e0 fam\u00edlia Pteridaceae. \u00c9 um herb\u00e1ceo perene at\u00e9 50 cm de altura, com um longo rizoma rastejante. Geralmente cresce em paredes rochosas de fontes e lugares sombrios. Al\u00e9m disso, s\u00e3o plantas que carecem de flores, frutos e sementes, pelo que a sua especialidade s\u00e3o as suas folhas.<\/p>\n<h3>Mini planta artificial para decora\u00e7\u00e3o<\/h3>\n<p>As nossas plantas artificiais na sec\u00e7\u00e3o &#8220;Mini Decora\u00e7\u00e3o&#8221; ir\u00e3o mudar o aspecto do seu espa\u00e7o de trabalho. Aqui encontrar\u00e1 diferentes tipos de plantas artificiais que caber\u00e3o perfeitamente no seu escrit\u00f3rio. Temos uma grande variedade de pequenas plantas artificiais com as quais podemos completar espa\u00e7os com um detalhe vegetal. As nossas plantas artificiais s\u00e3o tamb\u00e9m adequadas para qualquer estilo de decora\u00e7\u00e3o. De estilos cl\u00e1ssicos, r\u00fasticos, modernos ou mesmo minimalistas para aqueles que adoram decora\u00e7\u00e3o. As nossas pequenas plantas artificiais s\u00e3o perfeitas para tornar o seu neg\u00f3cio num local atractivo para os clientes. Um pequeno detalhe como este \u00e9 muito importante para criar uma boa impress\u00e3o. Naturalmente, as nossas pe\u00e7as centrais de mesa s\u00e3o o elemento de que necessita para mudar o aspecto do seu neg\u00f3cio.<\/p>\n","protected":false},"excerpt":{"rendered":"<p>FETO ADIANTUM artificial de 30 cm de altura sobre uma base cimentada. Este FETO ADIANTUM artificial maravilhosa \u00e9 muito realista. N\u00e3o se consegue distingui-lo do feto natural. O Adiantum pertence \u00e0 fam\u00edlia Adiantaceae. Caracteriza-se pelas suas folhas basais, pecioladas, glabras e divididas em pinh\u00f5es flabelados. \u00c9 comummente chamado Culantrillo, e tamb\u00e9m recebe nomes em todo o mundo como: Cabello de Venus, Culantrillo de pozo, Capilera, Brenca ou Ara\u00f1uela. Planta de origem tropical, de pa\u00edses como o Uruguai, Brasil e Paraguai. N\u00e3o requer manuten\u00e7\u00e3o.<\/p>\n<table>\n<tbody>\n<tr>\n<td><strong>REF<\/strong><\/td>\n<td>Altura<\/td>\n<\/tr>\n<tr>\n<td><strong>422298<\/strong><\/td>\n<td>30 cm<\/td>\n<\/tr>\n<\/tbody>\n<\/table>\n","protected":false},"featured_media":4716,"template":"","meta":{"_monsterinsights_skip_tracking":false,"_monsterinsights_sitenote_active":false,"_monsterinsights_sitenote_note":"","_monsterinsights_sitenote_category":0},"product_brand":[],"product_cat":[390],"product_tag":[406,413,422],"class_list":{"0":"post-5272","1":"product","2":"type-product","3":"status-publish","4":"has-post-thumbnail","6":"product_cat-mini-plantas-artificiais-de-interior","7":"product_tag-centro-de-mesa","8":"product_tag-feto-para-interior","9":"product_tag-planta-tropical","10":"","11":"woocommerce-text-align-center","12":"woocommerce-image-align-center","13":"do-quantity-buttons","15":"first","16":"instock","17":"taxable","18":"shipping-taxable","19":"purchasable","20":"product-type-simple"},"yoast_head":"<!-- This site is optimized with the Yoast SEO plugin v27.3 - https:\/\/yoast.com\/product\/yoast-seo-wordpress\/ -->\n<title>FETO ADIANTUM artificial sobre uma base cimentada<\/title>\n<meta name=\"description\" content=\"FETO ADIANTUM artificial de 30 cm de altura sobre uma base cimentada. Este maravilhoso feto artificial \u00e9 muito realista.\" \/>\n<meta name=\"robots\" content=\"index, follow, max-snippet:-1, max-image-preview:large, max-video-preview:-1\" \/>\n<link rel=\"canonical\" href=\"https:\/\/decoplanta.com\/pt-pt\/mini-plantas-artificiais-de-interior\/feto-adiantum-artificial-30cm\/\" \/>\n<meta property=\"og:locale\" content=\"pt_PT\" \/>\n<meta property=\"og:type\" content=\"article\" \/>\n<meta property=\"og:title\" content=\"FETO ADIANTUM artificial sobre uma base cimentada\" \/>\n<meta property=\"og:description\" content=\"FETO ADIANTUM artificial de 30 cm de altura sobre uma base cimentada. Este maravilhoso feto artificial \u00e9 muito realista.\" \/>\n<meta property=\"og:url\" content=\"https:\/\/decoplanta.com\/pt-pt\/mini-plantas-artificiais-de-interior\/feto-adiantum-artificial-30cm\/\" \/>\n<meta property=\"og:site_name\" content=\"Plantas y \u00e1rboles artificiales de Alto Realismo\" \/>\n<meta property=\"article:modified_time\" content=\"2023-10-31T08:05:23+00:00\" \/>\n<meta property=\"og:image\" content=\"https:\/\/decoplanta.com\/wp-content\/uploads\/2022\/04\/422298-HELECHO_ADIANTUM-base_cemento-1.jpg\" \/>\n\t<meta property=\"og:image:width\" content=\"1880\" \/>\n\t<meta property=\"og:image:height\" content=\"1880\" \/>\n\t<meta property=\"og:image:type\" content=\"image\/jpeg\" \/>\n<meta name=\"twitter:card\" content=\"summary_large_image\" \/>\n<meta name=\"twitter:label1\" content=\"Tempo estimado de leitura\" \/>\n\t<meta name=\"twitter:data1\" content=\"2 minutos\" \/>\n<script type=\"application\/ld+json\" class=\"yoast-schema-graph\">{\"@context\":\"https:\\\/\\\/schema.org\",\"@graph\":[{\"@type\":\"WebPage\",\"@id\":\"https:\\\/\\\/decoplanta.com\\\/pt-pt\\\/mini-plantas-artificiais-de-interior\\\/feto-adiantum-artificial-30cm\\\/\",\"url\":\"https:\\\/\\\/decoplanta.com\\\/pt-pt\\\/mini-plantas-artificiais-de-interior\\\/feto-adiantum-artificial-30cm\\\/\",\"name\":\"FETO ADIANTUM artificial sobre uma base cimentada\",\"isPartOf\":{\"@id\":\"https:\\\/\\\/decoplanta.com\\\/pt-pt\\\/#website\"},\"primaryImageOfPage\":{\"@id\":\"https:\\\/\\\/decoplanta.com\\\/pt-pt\\\/mini-plantas-artificiais-de-interior\\\/feto-adiantum-artificial-30cm\\\/#primaryimage\"},\"image\":{\"@id\":\"https:\\\/\\\/decoplanta.com\\\/pt-pt\\\/mini-plantas-artificiais-de-interior\\\/feto-adiantum-artificial-30cm\\\/#primaryimage\"},\"thumbnailUrl\":\"https:\\\/\\\/decoplanta.com\\\/wp-content\\\/uploads\\\/2022\\\/04\\\/422298-HELECHO_ADIANTUM-base_cemento-1.jpg\",\"datePublished\":\"2022-10-18T10:46:35+00:00\",\"dateModified\":\"2023-10-31T08:05:23+00:00\",\"description\":\"FETO ADIANTUM artificial de 30 cm de altura sobre uma base cimentada. Este maravilhoso feto artificial \u00e9 muito realista.\",\"breadcrumb\":{\"@id\":\"https:\\\/\\\/decoplanta.com\\\/pt-pt\\\/mini-plantas-artificiais-de-interior\\\/feto-adiantum-artificial-30cm\\\/#breadcrumb\"},\"inLanguage\":\"pt-PT\",\"potentialAction\":[{\"@type\":\"ReadAction\",\"target\":[\"https:\\\/\\\/decoplanta.com\\\/pt-pt\\\/mini-plantas-artificiais-de-interior\\\/feto-adiantum-artificial-30cm\\\/\"]}]},{\"@type\":\"ImageObject\",\"inLanguage\":\"pt-PT\",\"@id\":\"https:\\\/\\\/decoplanta.com\\\/pt-pt\\\/mini-plantas-artificiais-de-interior\\\/feto-adiantum-artificial-30cm\\\/#primaryimage\",\"url\":\"https:\\\/\\\/decoplanta.com\\\/wp-content\\\/uploads\\\/2022\\\/04\\\/422298-HELECHO_ADIANTUM-base_cemento-1.jpg\",\"contentUrl\":\"https:\\\/\\\/decoplanta.com\\\/wp-content\\\/uploads\\\/2022\\\/04\\\/422298-HELECHO_ADIANTUM-base_cemento-1.jpg\",\"width\":1880,\"height\":1880},{\"@type\":\"BreadcrumbList\",\"@id\":\"https:\\\/\\\/decoplanta.com\\\/pt-pt\\\/mini-plantas-artificiais-de-interior\\\/feto-adiantum-artificial-30cm\\\/#breadcrumb\",\"itemListElement\":[{\"@type\":\"ListItem\",\"position\":1,\"name\":\"Portada\",\"item\":\"https:\\\/\\\/decoplanta.com\\\/pt-pt\\\/\"},{\"@type\":\"ListItem\",\"position\":2,\"name\":\"Priv\u00e9\u00a0: Tienda\",\"item\":\"https:\\\/\\\/decoplanta.com\\\/?page_id=377\"},{\"@type\":\"ListItem\",\"position\":3,\"name\":\"FETO ADIANTUM 30cm\"}]},{\"@type\":\"WebSite\",\"@id\":\"https:\\\/\\\/decoplanta.com\\\/pt-pt\\\/#website\",\"url\":\"https:\\\/\\\/decoplanta.com\\\/pt-pt\\\/\",\"name\":\"Plantas y \u00e1rboles artificiales de Alto Realismo\",\"description\":\"Proveedor de Plantas artificiales para estudios de Arquitectura, Interiorismo, Paisajismo, Escenograf\u00eda, Tiendas de Decoraci\u00f3n Florister\u00edas y Mobiliario\",\"publisher\":{\"@id\":\"https:\\\/\\\/decoplanta.com\\\/pt-pt\\\/#organization\"},\"potentialAction\":[{\"@type\":\"SearchAction\",\"target\":{\"@type\":\"EntryPoint\",\"urlTemplate\":\"https:\\\/\\\/decoplanta.com\\\/pt-pt\\\/?s={search_term_string}\"},\"query-input\":{\"@type\":\"PropertyValueSpecification\",\"valueRequired\":true,\"valueName\":\"search_term_string\"}}],\"inLanguage\":\"pt-PT\"},{\"@type\":\"Organization\",\"@id\":\"https:\\\/\\\/decoplanta.com\\\/pt-pt\\\/#organization\",\"name\":\"Plantas y \u00e1rboles artificiales de Alto Realismo\",\"url\":\"https:\\\/\\\/decoplanta.com\\\/pt-pt\\\/\",\"logo\":{\"@type\":\"ImageObject\",\"inLanguage\":\"pt-PT\",\"@id\":\"https:\\\/\\\/decoplanta.com\\\/pt-pt\\\/#\\\/schema\\\/logo\\\/image\\\/\",\"url\":\"https:\\\/\\\/decoplanta.com\\\/wp-content\\\/uploads\\\/2021\\\/02\\\/decoplanta-logo2020.svg\",\"contentUrl\":\"https:\\\/\\\/decoplanta.com\\\/wp-content\\\/uploads\\\/2021\\\/02\\\/decoplanta-logo2020.svg\",\"width\":500,\"height\":500,\"caption\":\"Plantas y \u00e1rboles artificiales de Alto Realismo\"},\"image\":{\"@id\":\"https:\\\/\\\/decoplanta.com\\\/pt-pt\\\/#\\\/schema\\\/logo\\\/image\\\/\"}}]}<\/script>\n<!-- \/ Yoast SEO plugin. -->","yoast_head_json":{"title":"FETO ADIANTUM artificial sobre uma base cimentada","description":"FETO ADIANTUM artificial de 30 cm de altura sobre uma base cimentada. Este maravilhoso feto artificial \u00e9 muito realista.","robots":{"index":"index","follow":"follow","max-snippet":"max-snippet:-1","max-image-preview":"max-image-preview:large","max-video-preview":"max-video-preview:-1"},"canonical":"https:\/\/decoplanta.com\/pt-pt\/mini-plantas-artificiais-de-interior\/feto-adiantum-artificial-30cm\/","og_locale":"pt_PT","og_type":"article","og_title":"FETO ADIANTUM artificial sobre uma base cimentada","og_description":"FETO ADIANTUM artificial de 30 cm de altura sobre uma base cimentada. Este maravilhoso feto artificial \u00e9 muito realista.","og_url":"https:\/\/decoplanta.com\/pt-pt\/mini-plantas-artificiais-de-interior\/feto-adiantum-artificial-30cm\/","og_site_name":"Plantas y \u00e1rboles artificiales de Alto Realismo","article_modified_time":"2023-10-31T08:05:23+00:00","og_image":[{"width":1880,"height":1880,"url":"https:\/\/decoplanta.com\/wp-content\/uploads\/2022\/04\/422298-HELECHO_ADIANTUM-base_cemento-1.jpg","type":"image\/jpeg"}],"twitter_card":"summary_large_image","twitter_misc":{"Tempo estimado de leitura":"2 minutos"},"schema":{"@context":"https:\/\/schema.org","@graph":[{"@type":"WebPage","@id":"https:\/\/decoplanta.com\/pt-pt\/mini-plantas-artificiais-de-interior\/feto-adiantum-artificial-30cm\/","url":"https:\/\/decoplanta.com\/pt-pt\/mini-plantas-artificiais-de-interior\/feto-adiantum-artificial-30cm\/","name":"FETO ADIANTUM artificial sobre uma base cimentada","isPartOf":{"@id":"https:\/\/decoplanta.com\/pt-pt\/#website"},"primaryImageOfPage":{"@id":"https:\/\/decoplanta.com\/pt-pt\/mini-plantas-artificiais-de-interior\/feto-adiantum-artificial-30cm\/#primaryimage"},"image":{"@id":"https:\/\/decoplanta.com\/pt-pt\/mini-plantas-artificiais-de-interior\/feto-adiantum-artificial-30cm\/#primaryimage"},"thumbnailUrl":"https:\/\/decoplanta.com\/wp-content\/uploads\/2022\/04\/422298-HELECHO_ADIANTUM-base_cemento-1.jpg","datePublished":"2022-10-18T10:46:35+00:00","dateModified":"2023-10-31T08:05:23+00:00","description":"FETO ADIANTUM artificial de 30 cm de altura sobre uma base cimentada. Este maravilhoso feto artificial \u00e9 muito realista.","breadcrumb":{"@id":"https:\/\/decoplanta.com\/pt-pt\/mini-plantas-artificiais-de-interior\/feto-adiantum-artificial-30cm\/#breadcrumb"},"inLanguage":"pt-PT","potentialAction":[{"@type":"ReadAction","target":["https:\/\/decoplanta.com\/pt-pt\/mini-plantas-artificiais-de-interior\/feto-adiantum-artificial-30cm\/"]}]},{"@type":"ImageObject","inLanguage":"pt-PT","@id":"https:\/\/decoplanta.com\/pt-pt\/mini-plantas-artificiais-de-interior\/feto-adiantum-artificial-30cm\/#primaryimage","url":"https:\/\/decoplanta.com\/wp-content\/uploads\/2022\/04\/422298-HELECHO_ADIANTUM-base_cemento-1.jpg","contentUrl":"https:\/\/decoplanta.com\/wp-content\/uploads\/2022\/04\/422298-HELECHO_ADIANTUM-base_cemento-1.jpg","width":1880,"height":1880},{"@type":"BreadcrumbList","@id":"https:\/\/decoplanta.com\/pt-pt\/mini-plantas-artificiais-de-interior\/feto-adiantum-artificial-30cm\/#breadcrumb","itemListElement":[{"@type":"ListItem","position":1,"name":"Portada","item":"https:\/\/decoplanta.com\/pt-pt\/"},{"@type":"ListItem","position":2,"name":"Priv\u00e9\u00a0: Tienda","item":"https:\/\/decoplanta.com\/?page_id=377"},{"@type":"ListItem","position":3,"name":"FETO ADIANTUM 30cm"}]},{"@type":"WebSite","@id":"https:\/\/decoplanta.com\/pt-pt\/#website","url":"https:\/\/decoplanta.com\/pt-pt\/","name":"Plantas y \u00e1rboles artificiales de Alto Realismo","description":"Proveedor de Plantas artificiales para estudios de Arquitectura, Interiorismo, Paisajismo, Escenograf\u00eda, Tiendas de Decoraci\u00f3n Florister\u00edas y Mobiliario","publisher":{"@id":"https:\/\/decoplanta.com\/pt-pt\/#organization"},"potentialAction":[{"@type":"SearchAction","target":{"@type":"EntryPoint","urlTemplate":"https:\/\/decoplanta.com\/pt-pt\/?s={search_term_string}"},"query-input":{"@type":"PropertyValueSpecification","valueRequired":true,"valueName":"search_term_string"}}],"inLanguage":"pt-PT"},{"@type":"Organization","@id":"https:\/\/decoplanta.com\/pt-pt\/#organization","name":"Plantas y \u00e1rboles artificiales de Alto Realismo","url":"https:\/\/decoplanta.com\/pt-pt\/","logo":{"@type":"ImageObject","inLanguage":"pt-PT","@id":"https:\/\/decoplanta.com\/pt-pt\/#\/schema\/logo\/image\/","url":"https:\/\/decoplanta.com\/wp-content\/uploads\/2021\/02\/decoplanta-logo2020.svg","contentUrl":"https:\/\/decoplanta.com\/wp-content\/uploads\/2021\/02\/decoplanta-logo2020.svg","width":500,"height":500,"caption":"Plantas y \u00e1rboles artificiales de Alto Realismo"},"image":{"@id":"https:\/\/decoplanta.com\/pt-pt\/#\/schema\/logo\/image\/"}}]}},"_links":{"self":[{"href":"https:\/\/decoplanta.com\/pt-pt\/wp-json\/wp\/v2\/product\/5272","targetHints":{"allow":["GET"]}}],"collection":[{"href":"https:\/\/decoplanta.com\/pt-pt\/wp-json\/wp\/v2\/product"}],"about":[{"href":"https:\/\/decoplanta.com\/pt-pt\/wp-json\/wp\/v2\/types\/product"}],"version-history":[{"count":0,"href":"https:\/\/decoplanta.com\/pt-pt\/wp-json\/wp\/v2\/product\/5272\/revisions"}],"wp:featuredmedia":[{"embeddable":true,"href":"https:\/\/decoplanta.com\/pt-pt\/wp-json\/wp\/v2\/media\/4716"}],"wp:attachment":[{"href":"https:\/\/decoplanta.com\/pt-pt\/wp-json\/wp\/v2\/media?parent=5272"}],"wp:term":[{"taxonomy":"product_brand","embeddable":true,"href":"https:\/\/decoplanta.com\/pt-pt\/wp-json\/wp\/v2\/product_brand?post=5272"},{"taxonomy":"product_cat","embeddable":true,"href":"https:\/\/decoplanta.com\/pt-pt\/wp-json\/wp\/v2\/product_cat?post=5272"},{"taxonomy":"product_tag","embeddable":true,"href":"https:\/\/decoplanta.com\/pt-pt\/wp-json\/wp\/v2\/product_tag?post=5272"}],"curies":[{"name":"wp","href":"https:\/\/api.w.org\/{rel}","templated":true}]}}