{"id":5273,"date":"2022-04-22T17:00:39","date_gmt":"2022-10-18T11:05:14","guid":{"rendered":"https:\/\/decoplanta.com\/sem%20categoria\/erva-selvagem\/"},"modified":"2025-03-05T08:52:13","modified_gmt":"2025-03-05T07:52:13","slug":"erva-selvagem-artificial","status":"publish","type":"product","link":"https:\/\/decoplanta.com\/pt-pt\/mini-plantas-artificiais-de-interior\/erva-selvagem-artificial\/","title":{"rendered":"ERVA SELVAGEM em vaso"},"content":{"rendered":"<p>ERVA SELVAGEM artificial , 50 cm de altura num vaso de metal vintage. N\u00e3o requer manuten\u00e7\u00e3o.<\/p>\n<h3>O que \u00e9 o Centro de ERVA SELVAGEM artificial ?<\/h3>\n<p><a class=\"waffle-rich-text-link\" href=\"https:\/\/decoplanta.com\/plantas-artificiales\/\">As plantas artificiais da Decoplanta Green<\/a> s\u00e3o indistingu\u00edveis das plantas reais, mas tamb\u00e9m s\u00e3o isentas de manuten\u00e7\u00e3o. Com esta planta de <a class=\"waffle-rich-text-link\" href=\"https:\/\/es.wikipedia.org\/wiki\/Hierba\">erva<\/a> selvagem, ir\u00e1 encher a sua casa de verde. Esta planta artificial consiste em caules de diferentes alturas e em v\u00e1rias tonalidades de verde para um efeito natural. A planta vem num vaso met\u00e1lico envelhecido. As plantas podem ser classificadas de muitas maneiras. Uma das classifica\u00e7\u00f5es mais frequentemente utilizadas \u00e9 pelo tamanho que atingem. Contudo, n\u00e3o \u00e9 invulgar ter d\u00favidas sobre o que \u00e9 uma erva, um arbusto e uma \u00e1rvore, uma vez que por vezes podem surgir defini\u00e7\u00f5es um pouco diferentes umas das outras.<\/p>\n<p>As ervas s\u00e3o as esp\u00e9cies vegetais com maior sucesso evolutivo. Podem ser encontrados em quase todo o planeta, e podem ser os grandes sobreviventes no caso de uma cat\u00e1strofe global. Mas como s\u00e3o as ervas?<\/p>\n<h3>Quer desfrutar de uma planta sem preocupa\u00e7\u00f5es?<\/h3>\n<p>As plantas herb\u00e1ceas s\u00e3o plantas que n\u00e3o t\u00eam caules decididamente lenhosos. O verde \u00e9 a sua cor predominante, e quando d\u00e3o frutos produzem muitas sementes. Estes s\u00e3o chamados bulbos ou rebentos que brotam de um rizoma, conforme o caso. Existem dois tipos, dependendo do tipo de folha: graminoides, com folhas estreitas, e forbias, com folhas largas. Dentro deste \u00faltimo grupo, existe tamb\u00e9m outro grupo: as megaforbias.<\/p>\n<h3>Outros tipos de erva?<\/h3>\n<p>Ervas gigantes, tais como Musas (bananeiras, bananeiras) ou palmeiras. Podem facilmente crescer at\u00e9 mais de 10 metros, raz\u00e3o pela qual s\u00e3o frequentemente confundidas com \u00e1rvores mesmo que n\u00e3o tenham nada a ver umas com as outras; al\u00e9m disso, enquanto as \u00e1rvores s\u00e3o plantas dicotiled\u00f3neas, as gram\u00edneas s\u00e3o monocotiled\u00f3neas, o que significa, entre outras coisas que pode ler aqui, que apenas um \u00fanico cotil\u00e9done brota quando germina.<\/p>\n","protected":false},"excerpt":{"rendered":"<p>ERVA SELVAGEM artificial , 50 cm de altura num vaso met\u00e1lico vintage com efeito envelhecido. Com esta planta de <a class=\"waffle-rich-text-link\" href=\"https:\/\/es.wikipedia.org\/wiki\/Hierba\">erva<\/a> selvagem, ir\u00e1 encher a sua casa de verde. Esta planta artificial consiste em caules de diferentes alturas e em v\u00e1rias tonalidades de verde para um efeito natural. N\u00e3o requer manuten\u00e7\u00e3o.<\/p>\n<table>\n<tbody>\n<tr>\n<td><strong>REF<\/strong><\/td>\n<td>Altura<\/td>\n<\/tr>\n<tr>\n<td><strong>418845<\/strong><\/td>\n<td>50 cm<\/td>\n<\/tr>\n<tr>\n<td><strong>418846<\/strong><\/td>\n<td>80 cm<\/td>\n<\/tr>\n<\/tbody>\n<\/table>\n","protected":false},"featured_media":8105,"template":"","meta":{"_monsterinsights_skip_tracking":false,"_monsterinsights_sitenote_active":false,"_monsterinsights_sitenote_note":"","_monsterinsights_sitenote_category":0},"product_brand":[],"product_cat":[390,395],"product_tag":[406,415],"class_list":{"0":"post-5273","1":"product","2":"type-product","3":"status-publish","4":"has-post-thumbnail","6":"product_cat-mini-plantas-artificiais-de-interior","7":"product_cat-plantas-de-interior-artificiais","8":"product_tag-centro-de-mesa","9":"product_tag-erva-artificial","10":"","11":"woocommerce-text-align-center","12":"woocommerce-image-align-center","13":"do-quantity-buttons","14":"wc-has-gallery","16":"first","17":"instock","18":"taxable","19":"shipping-taxable","20":"purchasable","21":"product-type-variable","22":"has-default-attributes"},"yoast_head":"<!-- This site is optimized with the Yoast SEO plugin v27.4 - https:\/\/yoast.com\/product\/yoast-seo-wordpress\/ -->\n<title>ERVA SELVAGEM artificial 50-80cm em vaso de metal vintage<\/title>\n<meta name=\"description\" content=\"ERVA SELVAGEM artificial de 50 y 80 cm de altura em vaso met\u00e1lico vintage com efeito envelhecido. Alto realismo para interior\" \/>\n<meta name=\"robots\" content=\"index, follow, max-snippet:-1, max-image-preview:large, max-video-preview:-1\" \/>\n<link rel=\"canonical\" href=\"https:\/\/decoplanta.com\/pt-pt\/mini-plantas-artificiais-de-interior\/erva-selvagem-artificial\/\" \/>\n<meta property=\"og:locale\" content=\"pt_PT\" \/>\n<meta property=\"og:type\" content=\"article\" \/>\n<meta property=\"og:title\" content=\"ERVA SELVAGEM artificial 50-80cm em vaso de metal vintage\" \/>\n<meta property=\"og:description\" content=\"ERVA SELVAGEM artificial de 50 y 80 cm de altura em vaso met\u00e1lico vintage com efeito envelhecido. Alto realismo para interior\" \/>\n<meta property=\"og:url\" content=\"https:\/\/decoplanta.com\/pt-pt\/mini-plantas-artificiais-de-interior\/erva-selvagem-artificial\/\" \/>\n<meta property=\"og:site_name\" content=\"Plantas y \u00e1rboles artificiales de Alto Realismo\" \/>\n<meta property=\"article:modified_time\" content=\"2025-03-05T07:52:13+00:00\" \/>\n<meta property=\"og:image\" content=\"https:\/\/decoplanta.com\/wp-content\/uploads\/2022\/04\/418846-HIERBA_SALVAJE-80cm.jpg\" \/>\n\t<meta property=\"og:image:width\" content=\"2200\" \/>\n\t<meta property=\"og:image:height\" content=\"2200\" \/>\n\t<meta property=\"og:image:type\" content=\"image\/jpeg\" \/>\n<meta name=\"twitter:card\" content=\"summary_large_image\" \/>\n<meta name=\"twitter:label1\" content=\"Tempo estimado de leitura\" \/>\n\t<meta name=\"twitter:data1\" content=\"2 minutos\" \/>\n<script type=\"application\/ld+json\" class=\"yoast-schema-graph\">{\"@context\":\"https:\\\/\\\/schema.org\",\"@graph\":[{\"@type\":\"WebPage\",\"@id\":\"https:\\\/\\\/decoplanta.com\\\/pt-pt\\\/mini-plantas-artificiais-de-interior\\\/erva-selvagem-artificial\\\/\",\"url\":\"https:\\\/\\\/decoplanta.com\\\/pt-pt\\\/mini-plantas-artificiais-de-interior\\\/erva-selvagem-artificial\\\/\",\"name\":\"ERVA SELVAGEM artificial 50-80cm em vaso de metal vintage\",\"isPartOf\":{\"@id\":\"https:\\\/\\\/decoplanta.com\\\/pt-pt\\\/#website\"},\"primaryImageOfPage\":{\"@id\":\"https:\\\/\\\/decoplanta.com\\\/pt-pt\\\/mini-plantas-artificiais-de-interior\\\/erva-selvagem-artificial\\\/#primaryimage\"},\"image\":{\"@id\":\"https:\\\/\\\/decoplanta.com\\\/pt-pt\\\/mini-plantas-artificiais-de-interior\\\/erva-selvagem-artificial\\\/#primaryimage\"},\"thumbnailUrl\":\"https:\\\/\\\/decoplanta.com\\\/wp-content\\\/uploads\\\/2022\\\/04\\\/418846-HIERBA_SALVAJE-80cm.jpg\",\"datePublished\":\"2022-10-18T11:05:14+00:00\",\"dateModified\":\"2025-03-05T07:52:13+00:00\",\"description\":\"ERVA SELVAGEM artificial de 50 y 80 cm de altura em vaso met\u00e1lico vintage com efeito envelhecido. Alto realismo para interior\",\"breadcrumb\":{\"@id\":\"https:\\\/\\\/decoplanta.com\\\/pt-pt\\\/mini-plantas-artificiais-de-interior\\\/erva-selvagem-artificial\\\/#breadcrumb\"},\"inLanguage\":\"pt-PT\",\"potentialAction\":[{\"@type\":\"ReadAction\",\"target\":[\"https:\\\/\\\/decoplanta.com\\\/pt-pt\\\/mini-plantas-artificiais-de-interior\\\/erva-selvagem-artificial\\\/\"]}]},{\"@type\":\"ImageObject\",\"inLanguage\":\"pt-PT\",\"@id\":\"https:\\\/\\\/decoplanta.com\\\/pt-pt\\\/mini-plantas-artificiais-de-interior\\\/erva-selvagem-artificial\\\/#primaryimage\",\"url\":\"https:\\\/\\\/decoplanta.com\\\/wp-content\\\/uploads\\\/2022\\\/04\\\/418846-HIERBA_SALVAJE-80cm.jpg\",\"contentUrl\":\"https:\\\/\\\/decoplanta.com\\\/wp-content\\\/uploads\\\/2022\\\/04\\\/418846-HIERBA_SALVAJE-80cm.jpg\",\"width\":2200,\"height\":2200,\"caption\":\"Planta de hierba salvaje en maceta met\u00e1lica vintage de 80 cmm de altura para interior\"},{\"@type\":\"BreadcrumbList\",\"@id\":\"https:\\\/\\\/decoplanta.com\\\/pt-pt\\\/mini-plantas-artificiais-de-interior\\\/erva-selvagem-artificial\\\/#breadcrumb\",\"itemListElement\":[{\"@type\":\"ListItem\",\"position\":1,\"name\":\"Portada\",\"item\":\"https:\\\/\\\/decoplanta.com\\\/pt-pt\\\/\"},{\"@type\":\"ListItem\",\"position\":2,\"name\":\"Priv\u00e9\u00a0: Tienda\",\"item\":\"https:\\\/\\\/decoplanta.com\\\/?page_id=377\"},{\"@type\":\"ListItem\",\"position\":3,\"name\":\"ERVA SELVAGEM em vaso\"}]},{\"@type\":\"WebSite\",\"@id\":\"https:\\\/\\\/decoplanta.com\\\/pt-pt\\\/#website\",\"url\":\"https:\\\/\\\/decoplanta.com\\\/pt-pt\\\/\",\"name\":\"Plantas y \u00e1rboles artificiales de Alto Realismo\",\"description\":\"Proveedor de Plantas artificiales para estudios de Arquitectura, Interiorismo, Paisajismo, Escenograf\u00eda, Tiendas de Decoraci\u00f3n Florister\u00edas y Mobiliario\",\"publisher\":{\"@id\":\"https:\\\/\\\/decoplanta.com\\\/pt-pt\\\/#organization\"},\"potentialAction\":[{\"@type\":\"SearchAction\",\"target\":{\"@type\":\"EntryPoint\",\"urlTemplate\":\"https:\\\/\\\/decoplanta.com\\\/pt-pt\\\/?s={search_term_string}\"},\"query-input\":{\"@type\":\"PropertyValueSpecification\",\"valueRequired\":true,\"valueName\":\"search_term_string\"}}],\"inLanguage\":\"pt-PT\"},{\"@type\":\"Organization\",\"@id\":\"https:\\\/\\\/decoplanta.com\\\/pt-pt\\\/#organization\",\"name\":\"Plantas y \u00e1rboles artificiales de Alto Realismo\",\"url\":\"https:\\\/\\\/decoplanta.com\\\/pt-pt\\\/\",\"logo\":{\"@type\":\"ImageObject\",\"inLanguage\":\"pt-PT\",\"@id\":\"https:\\\/\\\/decoplanta.com\\\/pt-pt\\\/#\\\/schema\\\/logo\\\/image\\\/\",\"url\":\"https:\\\/\\\/decoplanta.com\\\/wp-content\\\/uploads\\\/2021\\\/02\\\/decoplanta-logo2020.svg\",\"contentUrl\":\"https:\\\/\\\/decoplanta.com\\\/wp-content\\\/uploads\\\/2021\\\/02\\\/decoplanta-logo2020.svg\",\"width\":500,\"height\":500,\"caption\":\"Plantas y \u00e1rboles artificiales de Alto Realismo\"},\"image\":{\"@id\":\"https:\\\/\\\/decoplanta.com\\\/pt-pt\\\/#\\\/schema\\\/logo\\\/image\\\/\"}}]}<\/script>\n<!-- \/ Yoast SEO plugin. -->","yoast_head_json":{"title":"ERVA SELVAGEM artificial 50-80cm em vaso de metal vintage","description":"ERVA SELVAGEM artificial de 50 y 80 cm de altura em vaso met\u00e1lico vintage com efeito envelhecido. Alto realismo para interior","robots":{"index":"index","follow":"follow","max-snippet":"max-snippet:-1","max-image-preview":"max-image-preview:large","max-video-preview":"max-video-preview:-1"},"canonical":"https:\/\/decoplanta.com\/pt-pt\/mini-plantas-artificiais-de-interior\/erva-selvagem-artificial\/","og_locale":"pt_PT","og_type":"article","og_title":"ERVA SELVAGEM artificial 50-80cm em vaso de metal vintage","og_description":"ERVA SELVAGEM artificial de 50 y 80 cm de altura em vaso met\u00e1lico vintage com efeito envelhecido. Alto realismo para interior","og_url":"https:\/\/decoplanta.com\/pt-pt\/mini-plantas-artificiais-de-interior\/erva-selvagem-artificial\/","og_site_name":"Plantas y \u00e1rboles artificiales de Alto Realismo","article_modified_time":"2025-03-05T07:52:13+00:00","og_image":[{"width":2200,"height":2200,"url":"https:\/\/decoplanta.com\/wp-content\/uploads\/2022\/04\/418846-HIERBA_SALVAJE-80cm.jpg","type":"image\/jpeg"}],"twitter_card":"summary_large_image","twitter_misc":{"Tempo estimado de leitura":"2 minutos"},"schema":{"@context":"https:\/\/schema.org","@graph":[{"@type":"WebPage","@id":"https:\/\/decoplanta.com\/pt-pt\/mini-plantas-artificiais-de-interior\/erva-selvagem-artificial\/","url":"https:\/\/decoplanta.com\/pt-pt\/mini-plantas-artificiais-de-interior\/erva-selvagem-artificial\/","name":"ERVA SELVAGEM artificial 50-80cm em vaso de metal vintage","isPartOf":{"@id":"https:\/\/decoplanta.com\/pt-pt\/#website"},"primaryImageOfPage":{"@id":"https:\/\/decoplanta.com\/pt-pt\/mini-plantas-artificiais-de-interior\/erva-selvagem-artificial\/#primaryimage"},"image":{"@id":"https:\/\/decoplanta.com\/pt-pt\/mini-plantas-artificiais-de-interior\/erva-selvagem-artificial\/#primaryimage"},"thumbnailUrl":"https:\/\/decoplanta.com\/wp-content\/uploads\/2022\/04\/418846-HIERBA_SALVAJE-80cm.jpg","datePublished":"2022-10-18T11:05:14+00:00","dateModified":"2025-03-05T07:52:13+00:00","description":"ERVA SELVAGEM artificial de 50 y 80 cm de altura em vaso met\u00e1lico vintage com efeito envelhecido. Alto realismo para interior","breadcrumb":{"@id":"https:\/\/decoplanta.com\/pt-pt\/mini-plantas-artificiais-de-interior\/erva-selvagem-artificial\/#breadcrumb"},"inLanguage":"pt-PT","potentialAction":[{"@type":"ReadAction","target":["https:\/\/decoplanta.com\/pt-pt\/mini-plantas-artificiais-de-interior\/erva-selvagem-artificial\/"]}]},{"@type":"ImageObject","inLanguage":"pt-PT","@id":"https:\/\/decoplanta.com\/pt-pt\/mini-plantas-artificiais-de-interior\/erva-selvagem-artificial\/#primaryimage","url":"https:\/\/decoplanta.com\/wp-content\/uploads\/2022\/04\/418846-HIERBA_SALVAJE-80cm.jpg","contentUrl":"https:\/\/decoplanta.com\/wp-content\/uploads\/2022\/04\/418846-HIERBA_SALVAJE-80cm.jpg","width":2200,"height":2200,"caption":"Planta de hierba salvaje en maceta met\u00e1lica vintage de 80 cmm de altura para interior"},{"@type":"BreadcrumbList","@id":"https:\/\/decoplanta.com\/pt-pt\/mini-plantas-artificiais-de-interior\/erva-selvagem-artificial\/#breadcrumb","itemListElement":[{"@type":"ListItem","position":1,"name":"Portada","item":"https:\/\/decoplanta.com\/pt-pt\/"},{"@type":"ListItem","position":2,"name":"Priv\u00e9\u00a0: Tienda","item":"https:\/\/decoplanta.com\/?page_id=377"},{"@type":"ListItem","position":3,"name":"ERVA SELVAGEM em vaso"}]},{"@type":"WebSite","@id":"https:\/\/decoplanta.com\/pt-pt\/#website","url":"https:\/\/decoplanta.com\/pt-pt\/","name":"Plantas y \u00e1rboles artificiales de Alto Realismo","description":"Proveedor de Plantas artificiales para estudios de Arquitectura, Interiorismo, Paisajismo, Escenograf\u00eda, Tiendas de Decoraci\u00f3n Florister\u00edas y Mobiliario","publisher":{"@id":"https:\/\/decoplanta.com\/pt-pt\/#organization"},"potentialAction":[{"@type":"SearchAction","target":{"@type":"EntryPoint","urlTemplate":"https:\/\/decoplanta.com\/pt-pt\/?s={search_term_string}"},"query-input":{"@type":"PropertyValueSpecification","valueRequired":true,"valueName":"search_term_string"}}],"inLanguage":"pt-PT"},{"@type":"Organization","@id":"https:\/\/decoplanta.com\/pt-pt\/#organization","name":"Plantas y \u00e1rboles artificiales de Alto Realismo","url":"https:\/\/decoplanta.com\/pt-pt\/","logo":{"@type":"ImageObject","inLanguage":"pt-PT","@id":"https:\/\/decoplanta.com\/pt-pt\/#\/schema\/logo\/image\/","url":"https:\/\/decoplanta.com\/wp-content\/uploads\/2021\/02\/decoplanta-logo2020.svg","contentUrl":"https:\/\/decoplanta.com\/wp-content\/uploads\/2021\/02\/decoplanta-logo2020.svg","width":500,"height":500,"caption":"Plantas y \u00e1rboles artificiales de Alto Realismo"},"image":{"@id":"https:\/\/decoplanta.com\/pt-pt\/#\/schema\/logo\/image\/"}}]}},"_links":{"self":[{"href":"https:\/\/decoplanta.com\/pt-pt\/wp-json\/wp\/v2\/product\/5273","targetHints":{"allow":["GET"]}}],"collection":[{"href":"https:\/\/decoplanta.com\/pt-pt\/wp-json\/wp\/v2\/product"}],"about":[{"href":"https:\/\/decoplanta.com\/pt-pt\/wp-json\/wp\/v2\/types\/product"}],"version-history":[{"count":3,"href":"https:\/\/decoplanta.com\/pt-pt\/wp-json\/wp\/v2\/product\/5273\/revisions"}],"predecessor-version":[{"id":8424,"href":"https:\/\/decoplanta.com\/pt-pt\/wp-json\/wp\/v2\/product\/5273\/revisions\/8424"}],"wp:featuredmedia":[{"embeddable":true,"href":"https:\/\/decoplanta.com\/pt-pt\/wp-json\/wp\/v2\/media\/8105"}],"wp:attachment":[{"href":"https:\/\/decoplanta.com\/pt-pt\/wp-json\/wp\/v2\/media?parent=5273"}],"wp:term":[{"taxonomy":"product_brand","embeddable":true,"href":"https:\/\/decoplanta.com\/pt-pt\/wp-json\/wp\/v2\/product_brand?post=5273"},{"taxonomy":"product_cat","embeddable":true,"href":"https:\/\/decoplanta.com\/pt-pt\/wp-json\/wp\/v2\/product_cat?post=5273"},{"taxonomy":"product_tag","embeddable":true,"href":"https:\/\/decoplanta.com\/pt-pt\/wp-json\/wp\/v2\/product_tag?post=5273"}],"curies":[{"name":"wp","href":"https:\/\/api.w.org\/{rel}","templated":true}]}}