{"id":5285,"date":"2022-10-24T13:00:48","date_gmt":"2022-10-24T12:00:32","guid":{"rendered":"https:\/\/decoplanta.com\/?post_type=product&#038;p=5285"},"modified":"2022-10-24T12:07:52","modified_gmt":"2022-10-24T11:07:52","slug":"arbusto-suspenso-cacto-epiphyllum-artificial","status":"publish","type":"product","link":"https:\/\/decoplanta.com\/pt-pt\/plantas-suspensas\/arbusto-suspenso-cacto-epiphyllum-artificial\/","title":{"rendered":"Arbusto suspenso EPIPHYLLUM"},"content":{"rendered":"<p>Arbusto suspenso EPIPHYLLUM artificial ou planta suspensa tropical EPIPHYLLUM artificial. Altura 120 cm.<\/p>\n<p>Muitos cactos podem ser usados como plantas suspensas, mas o Epiphyllum anguliger \u00e9 muito especial. Os seus caules s\u00e3o muito vistosos, e como permanecem verdes durante muito tempo, a planta tem sempre um aspecto bonito.<br \/>\n\u00c9 por isso que \u00e9 frequentemente utilizado para decorar o interior das casas, pois n\u00e3o necessita de tanta luz como outros cactos. Portanto, vejamos as suas caracter\u00edsticas e cuidados.<\/p>\n<h3>Origem e caracter\u00edsticas de Epiphyllum anguliger<\/h3>\n<p>Epiphyllum anguliger \u00e9 um cacto ep\u00edfito end\u00e9mico do M\u00e9xico. \u00c9 uma planta que atinge uma altura de aproximadamente 20 cent\u00edmetros, com caules lobados e altamente ramificados at\u00e9 30 cent\u00edmetros de comprimento e at\u00e9 5 cent\u00edmetros de largura. S\u00e3o verdes, com uma superf\u00edcie lisa, e t\u00eam ilh\u00f3s dos quais 1 ou 2 cerdas brancas podem &#8211; mas nem sempre &#8211; brotar.<br \/>\nAs suas flores s\u00e3o brancas e de bom tamanho: medem 20 cent\u00edmetros de comprimento por 7 cent\u00edmetros de largura. S\u00e3o nocturnos e arom\u00e1ticos. A fruta \u00e9 ov\u00f3ide, cerca de 4 cent\u00edmetros de di\u00e2metro, de cor verde, castanha ou amarela. E as sementes s\u00e3o pequenas e de cor escura.<\/p>\n<h3>Cuidados a ter com o arbusto pendurado Epiphyllum anguliger<\/h3>\n<p>Quer saber como cuidar deste cacto?<\/p>\n<p>Se est\u00e1 a pensar em comprar um, ou j\u00e1 o fez, eis o que precisa para ser saud\u00e1vel:<br \/>\nClima<br \/>\n\u00c9 uma planta tropical, t\u00edpica das florestas de montanha, onde vive em \u00e1reas de alguma forma protegidas. Sendo uma ep\u00edfita, encontra-se a crescer nos ramos de outras plantas maiores, tais como as \u00e1rvores.<br \/>\nAs temperaturas devem ser mantidas entre 10\u00baC m\u00ednimo e 25\u00baC m\u00e1ximo, embora possa suportar valores mais elevados se estiver num local protegido do sol.<br \/>\nLocaliza\u00e7\u00e3o<br \/>\n&#8211; Interior: <a href=\"https:\/\/es.wikipedia.org\/wiki\/Epiphyllum\">Epiphyllum<\/a> anguliger \u00e9 um <a href=\"https:\/\/decoplanta.com\/etiqueta-producto\/cactus-de-interior\/\">cacto<\/a> que precisa de muita luz, mas n\u00e3o tem de estar directamente exposto a ela. Por esta raz\u00e3o, \u00e9 uma das esp\u00e9cies de cactos mais adequadas para o interior do lar. \u00c9, portanto, muito importante que seja colocado numa sala com muita luz. No entanto, n\u00e3o deve estar junto \u00e0 janela ou perto de portas, caso contr\u00e1rio ter\u00e1 problemas, quer por causa do sol a atravessar o vidro ou por causa de correntes de ar ao abrir\/fechar as portas e ao passar pelo cacto.<br \/>\n&#8211; Ao ar livre: se n\u00e3o houver geada, ou se quiser mant\u00ea-la ao ar livre durante alguns meses, deve ser colocada numa \u00e1rea brilhante, mas protegida da luz solar directa. Desta forma, os seus caules permanecer\u00e3o verdes e poder\u00e3o florescer sem qualquer problema.<br \/>\nPor ser um cacto ep\u00edfito, o solo precisa de ser solto e leve para que a \u00e1gua possa ser absorvida o mais rapidamente poss\u00edvel. De facto, se cultivados em vasos, a turfa e a perlite devem, idealmente, ser utilizados em partes iguais. Al\u00e9m disso, o vaso deve ter buracos na sua base, caso contr\u00e1rio, a \u00e1gua estagnaria e as ra\u00edzes apodreceriam.<\/p>\n<p>Se for mantido no jardim, \u00e9 igualmente importante que cres\u00e7a em solo bem drenado e f\u00e9rtil, caso contr\u00e1rio acabar\u00e1 por ter problemas como resultado do excesso de humidade.<\/p>\n<p>S\u00e3o vendidos em caixas indivis\u00edveis de 6 unidades. Pre\u00e7o por unidade no cat\u00e1logo.<\/p>\n","protected":false},"excerpt":{"rendered":"<p>Arbusto suspenso EPIPHYLLUM artificial. Altura 120 cm. Muitos cactos podem ser utilizados como plantas suspensas, mas o Epiphyllum anguliger \u00e9 muito especial, com caules lobados, altamente ramificados, de cor verde profundo.<\/p>\n<table>\n<tbody>\n<tr>\n<td><strong>REF<\/strong><\/td>\n<td><strong>ALTURA<\/strong><\/td>\n<\/tr>\n<tr>\n<td><strong>423981<\/strong><\/td>\n<td>120 cm<\/td>\n<\/tr>\n<\/tbody>\n<\/table>\n","protected":false},"featured_media":5381,"template":"","meta":{"_monsterinsights_skip_tracking":false,"_monsterinsights_sitenote_active":false,"_monsterinsights_sitenote_note":"","_monsterinsights_sitenote_category":0},"product_brand":[],"product_cat":[392],"product_tag":[405,421,422],"class_list":{"0":"post-5285","1":"product","2":"type-product","3":"status-publish","4":"has-post-thumbnail","6":"product_cat-plantas-suspensas","7":"product_tag-cacto-de-interior","8":"product_tag-planta-suculenta-artificial","9":"product_tag-planta-tropical","10":"","11":"woocommerce-text-align-center","12":"woocommerce-image-align-center","13":"do-quantity-buttons","15":"first","16":"instock","17":"taxable","18":"shipping-taxable","19":"purchasable","20":"product-type-simple"},"yoast_head":"<!-- This site is optimized with the Yoast SEO plugin v27.4 - https:\/\/yoast.com\/product\/yoast-seo-wordpress\/ -->\n<title>Arbusto suspenso EPIPHYLLUM artificial - Alto realismo en interior<\/title>\n<meta name=\"description\" content=\"Arbusto suspenso EPIPHYLLUM artificial de 120 cm para uso interior. Planta suspensa artificial altamente realista e livre de manuten\u00e7\u00e3o\" \/>\n<meta name=\"robots\" content=\"index, follow, max-snippet:-1, max-image-preview:large, max-video-preview:-1\" \/>\n<link rel=\"canonical\" href=\"https:\/\/decoplanta.com\/pt-pt\/plantas-suspensas\/arbusto-suspenso-cacto-epiphyllum-artificial\/\" \/>\n<meta property=\"og:locale\" content=\"pt_PT\" \/>\n<meta property=\"og:type\" content=\"article\" \/>\n<meta property=\"og:title\" content=\"Arbusto suspenso EPIPHYLLUM artificial - Alto realismo en interior\" \/>\n<meta property=\"og:description\" content=\"Arbusto suspenso EPIPHYLLUM artificial de 120 cm para uso interior. Planta suspensa artificial altamente realista e livre de manuten\u00e7\u00e3o\" \/>\n<meta property=\"og:url\" content=\"https:\/\/decoplanta.com\/pt-pt\/plantas-suspensas\/arbusto-suspenso-cacto-epiphyllum-artificial\/\" \/>\n<meta property=\"og:site_name\" content=\"Plantas y \u00e1rboles artificiales de Alto Realismo\" \/>\n<meta property=\"og:image\" content=\"https:\/\/decoplanta.com\/wp-content\/uploads\/2022\/10\/423981-Arbusto_Colgante-EPIPHYLLUM-120cm.jpg\" \/>\n\t<meta property=\"og:image:width\" content=\"2230\" \/>\n\t<meta property=\"og:image:height\" content=\"2230\" \/>\n\t<meta property=\"og:image:type\" content=\"image\/jpeg\" \/>\n<meta name=\"twitter:card\" content=\"summary_large_image\" \/>\n<meta name=\"twitter:label1\" content=\"Tempo estimado de leitura\" \/>\n\t<meta name=\"twitter:data1\" content=\"3 minutos\" \/>\n<script type=\"application\/ld+json\" class=\"yoast-schema-graph\">{\"@context\":\"https:\\\/\\\/schema.org\",\"@graph\":[{\"@type\":\"WebPage\",\"@id\":\"https:\\\/\\\/decoplanta.com\\\/pt-pt\\\/plantas-suspensas\\\/arbusto-suspenso-cacto-epiphyllum-artificial\\\/\",\"url\":\"https:\\\/\\\/decoplanta.com\\\/pt-pt\\\/plantas-suspensas\\\/arbusto-suspenso-cacto-epiphyllum-artificial\\\/\",\"name\":\"Arbusto suspenso EPIPHYLLUM artificial - Alto realismo en interior\",\"isPartOf\":{\"@id\":\"https:\\\/\\\/decoplanta.com\\\/pt-pt\\\/#website\"},\"primaryImageOfPage\":{\"@id\":\"https:\\\/\\\/decoplanta.com\\\/pt-pt\\\/plantas-suspensas\\\/arbusto-suspenso-cacto-epiphyllum-artificial\\\/#primaryimage\"},\"image\":{\"@id\":\"https:\\\/\\\/decoplanta.com\\\/pt-pt\\\/plantas-suspensas\\\/arbusto-suspenso-cacto-epiphyllum-artificial\\\/#primaryimage\"},\"thumbnailUrl\":\"https:\\\/\\\/decoplanta.com\\\/wp-content\\\/uploads\\\/2022\\\/10\\\/423981-Arbusto_Colgante-EPIPHYLLUM-120cm.jpg\",\"datePublished\":\"2022-10-24T12:00:32+00:00\",\"description\":\"Arbusto suspenso EPIPHYLLUM artificial de 120 cm para uso interior. Planta suspensa artificial altamente realista e livre de manuten\u00e7\u00e3o\",\"breadcrumb\":{\"@id\":\"https:\\\/\\\/decoplanta.com\\\/pt-pt\\\/plantas-suspensas\\\/arbusto-suspenso-cacto-epiphyllum-artificial\\\/#breadcrumb\"},\"inLanguage\":\"pt-PT\",\"potentialAction\":[{\"@type\":\"ReadAction\",\"target\":[\"https:\\\/\\\/decoplanta.com\\\/pt-pt\\\/plantas-suspensas\\\/arbusto-suspenso-cacto-epiphyllum-artificial\\\/\"]}]},{\"@type\":\"ImageObject\",\"inLanguage\":\"pt-PT\",\"@id\":\"https:\\\/\\\/decoplanta.com\\\/pt-pt\\\/plantas-suspensas\\\/arbusto-suspenso-cacto-epiphyllum-artificial\\\/#primaryimage\",\"url\":\"https:\\\/\\\/decoplanta.com\\\/wp-content\\\/uploads\\\/2022\\\/10\\\/423981-Arbusto_Colgante-EPIPHYLLUM-120cm.jpg\",\"contentUrl\":\"https:\\\/\\\/decoplanta.com\\\/wp-content\\\/uploads\\\/2022\\\/10\\\/423981-Arbusto_Colgante-EPIPHYLLUM-120cm.jpg\",\"width\":2230,\"height\":2230,\"caption\":\"Arbusto Colgante EPIPHYLLUM de 120cm\"},{\"@type\":\"BreadcrumbList\",\"@id\":\"https:\\\/\\\/decoplanta.com\\\/pt-pt\\\/plantas-suspensas\\\/arbusto-suspenso-cacto-epiphyllum-artificial\\\/#breadcrumb\",\"itemListElement\":[{\"@type\":\"ListItem\",\"position\":1,\"name\":\"Portada\",\"item\":\"https:\\\/\\\/decoplanta.com\\\/pt-pt\\\/\"},{\"@type\":\"ListItem\",\"position\":2,\"name\":\"Priv\u00e9\u00a0: Tienda\",\"item\":\"https:\\\/\\\/decoplanta.com\\\/?page_id=377\"},{\"@type\":\"ListItem\",\"position\":3,\"name\":\"Arbusto suspenso EPIPHYLLUM\"}]},{\"@type\":\"WebSite\",\"@id\":\"https:\\\/\\\/decoplanta.com\\\/pt-pt\\\/#website\",\"url\":\"https:\\\/\\\/decoplanta.com\\\/pt-pt\\\/\",\"name\":\"Plantas y \u00e1rboles artificiales de Alto Realismo\",\"description\":\"Proveedor de Plantas artificiales para estudios de Arquitectura, Interiorismo, Paisajismo, Escenograf\u00eda, Tiendas de Decoraci\u00f3n Florister\u00edas y Mobiliario\",\"publisher\":{\"@id\":\"https:\\\/\\\/decoplanta.com\\\/pt-pt\\\/#organization\"},\"potentialAction\":[{\"@type\":\"SearchAction\",\"target\":{\"@type\":\"EntryPoint\",\"urlTemplate\":\"https:\\\/\\\/decoplanta.com\\\/pt-pt\\\/?s={search_term_string}\"},\"query-input\":{\"@type\":\"PropertyValueSpecification\",\"valueRequired\":true,\"valueName\":\"search_term_string\"}}],\"inLanguage\":\"pt-PT\"},{\"@type\":\"Organization\",\"@id\":\"https:\\\/\\\/decoplanta.com\\\/pt-pt\\\/#organization\",\"name\":\"Plantas y \u00e1rboles artificiales de Alto Realismo\",\"url\":\"https:\\\/\\\/decoplanta.com\\\/pt-pt\\\/\",\"logo\":{\"@type\":\"ImageObject\",\"inLanguage\":\"pt-PT\",\"@id\":\"https:\\\/\\\/decoplanta.com\\\/pt-pt\\\/#\\\/schema\\\/logo\\\/image\\\/\",\"url\":\"https:\\\/\\\/decoplanta.com\\\/wp-content\\\/uploads\\\/2021\\\/02\\\/decoplanta-logo2020.svg\",\"contentUrl\":\"https:\\\/\\\/decoplanta.com\\\/wp-content\\\/uploads\\\/2021\\\/02\\\/decoplanta-logo2020.svg\",\"width\":500,\"height\":500,\"caption\":\"Plantas y \u00e1rboles artificiales de Alto Realismo\"},\"image\":{\"@id\":\"https:\\\/\\\/decoplanta.com\\\/pt-pt\\\/#\\\/schema\\\/logo\\\/image\\\/\"}}]}<\/script>\n<!-- \/ Yoast SEO plugin. -->","yoast_head_json":{"title":"Arbusto suspenso EPIPHYLLUM artificial - Alto realismo en interior","description":"Arbusto suspenso EPIPHYLLUM artificial de 120 cm para uso interior. Planta suspensa artificial altamente realista e livre de manuten\u00e7\u00e3o","robots":{"index":"index","follow":"follow","max-snippet":"max-snippet:-1","max-image-preview":"max-image-preview:large","max-video-preview":"max-video-preview:-1"},"canonical":"https:\/\/decoplanta.com\/pt-pt\/plantas-suspensas\/arbusto-suspenso-cacto-epiphyllum-artificial\/","og_locale":"pt_PT","og_type":"article","og_title":"Arbusto suspenso EPIPHYLLUM artificial - Alto realismo en interior","og_description":"Arbusto suspenso EPIPHYLLUM artificial de 120 cm para uso interior. Planta suspensa artificial altamente realista e livre de manuten\u00e7\u00e3o","og_url":"https:\/\/decoplanta.com\/pt-pt\/plantas-suspensas\/arbusto-suspenso-cacto-epiphyllum-artificial\/","og_site_name":"Plantas y \u00e1rboles artificiales de Alto Realismo","og_image":[{"width":2230,"height":2230,"url":"https:\/\/decoplanta.com\/wp-content\/uploads\/2022\/10\/423981-Arbusto_Colgante-EPIPHYLLUM-120cm.jpg","type":"image\/jpeg"}],"twitter_card":"summary_large_image","twitter_misc":{"Tempo estimado de leitura":"3 minutos"},"schema":{"@context":"https:\/\/schema.org","@graph":[{"@type":"WebPage","@id":"https:\/\/decoplanta.com\/pt-pt\/plantas-suspensas\/arbusto-suspenso-cacto-epiphyllum-artificial\/","url":"https:\/\/decoplanta.com\/pt-pt\/plantas-suspensas\/arbusto-suspenso-cacto-epiphyllum-artificial\/","name":"Arbusto suspenso EPIPHYLLUM artificial - Alto realismo en interior","isPartOf":{"@id":"https:\/\/decoplanta.com\/pt-pt\/#website"},"primaryImageOfPage":{"@id":"https:\/\/decoplanta.com\/pt-pt\/plantas-suspensas\/arbusto-suspenso-cacto-epiphyllum-artificial\/#primaryimage"},"image":{"@id":"https:\/\/decoplanta.com\/pt-pt\/plantas-suspensas\/arbusto-suspenso-cacto-epiphyllum-artificial\/#primaryimage"},"thumbnailUrl":"https:\/\/decoplanta.com\/wp-content\/uploads\/2022\/10\/423981-Arbusto_Colgante-EPIPHYLLUM-120cm.jpg","datePublished":"2022-10-24T12:00:32+00:00","description":"Arbusto suspenso EPIPHYLLUM artificial de 120 cm para uso interior. Planta suspensa artificial altamente realista e livre de manuten\u00e7\u00e3o","breadcrumb":{"@id":"https:\/\/decoplanta.com\/pt-pt\/plantas-suspensas\/arbusto-suspenso-cacto-epiphyllum-artificial\/#breadcrumb"},"inLanguage":"pt-PT","potentialAction":[{"@type":"ReadAction","target":["https:\/\/decoplanta.com\/pt-pt\/plantas-suspensas\/arbusto-suspenso-cacto-epiphyllum-artificial\/"]}]},{"@type":"ImageObject","inLanguage":"pt-PT","@id":"https:\/\/decoplanta.com\/pt-pt\/plantas-suspensas\/arbusto-suspenso-cacto-epiphyllum-artificial\/#primaryimage","url":"https:\/\/decoplanta.com\/wp-content\/uploads\/2022\/10\/423981-Arbusto_Colgante-EPIPHYLLUM-120cm.jpg","contentUrl":"https:\/\/decoplanta.com\/wp-content\/uploads\/2022\/10\/423981-Arbusto_Colgante-EPIPHYLLUM-120cm.jpg","width":2230,"height":2230,"caption":"Arbusto Colgante EPIPHYLLUM de 120cm"},{"@type":"BreadcrumbList","@id":"https:\/\/decoplanta.com\/pt-pt\/plantas-suspensas\/arbusto-suspenso-cacto-epiphyllum-artificial\/#breadcrumb","itemListElement":[{"@type":"ListItem","position":1,"name":"Portada","item":"https:\/\/decoplanta.com\/pt-pt\/"},{"@type":"ListItem","position":2,"name":"Priv\u00e9\u00a0: Tienda","item":"https:\/\/decoplanta.com\/?page_id=377"},{"@type":"ListItem","position":3,"name":"Arbusto suspenso EPIPHYLLUM"}]},{"@type":"WebSite","@id":"https:\/\/decoplanta.com\/pt-pt\/#website","url":"https:\/\/decoplanta.com\/pt-pt\/","name":"Plantas y \u00e1rboles artificiales de Alto Realismo","description":"Proveedor de Plantas artificiales para estudios de Arquitectura, Interiorismo, Paisajismo, Escenograf\u00eda, Tiendas de Decoraci\u00f3n Florister\u00edas y Mobiliario","publisher":{"@id":"https:\/\/decoplanta.com\/pt-pt\/#organization"},"potentialAction":[{"@type":"SearchAction","target":{"@type":"EntryPoint","urlTemplate":"https:\/\/decoplanta.com\/pt-pt\/?s={search_term_string}"},"query-input":{"@type":"PropertyValueSpecification","valueRequired":true,"valueName":"search_term_string"}}],"inLanguage":"pt-PT"},{"@type":"Organization","@id":"https:\/\/decoplanta.com\/pt-pt\/#organization","name":"Plantas y \u00e1rboles artificiales de Alto Realismo","url":"https:\/\/decoplanta.com\/pt-pt\/","logo":{"@type":"ImageObject","inLanguage":"pt-PT","@id":"https:\/\/decoplanta.com\/pt-pt\/#\/schema\/logo\/image\/","url":"https:\/\/decoplanta.com\/wp-content\/uploads\/2021\/02\/decoplanta-logo2020.svg","contentUrl":"https:\/\/decoplanta.com\/wp-content\/uploads\/2021\/02\/decoplanta-logo2020.svg","width":500,"height":500,"caption":"Plantas y \u00e1rboles artificiales de Alto Realismo"},"image":{"@id":"https:\/\/decoplanta.com\/pt-pt\/#\/schema\/logo\/image\/"}}]}},"_links":{"self":[{"href":"https:\/\/decoplanta.com\/pt-pt\/wp-json\/wp\/v2\/product\/5285","targetHints":{"allow":["GET"]}}],"collection":[{"href":"https:\/\/decoplanta.com\/pt-pt\/wp-json\/wp\/v2\/product"}],"about":[{"href":"https:\/\/decoplanta.com\/pt-pt\/wp-json\/wp\/v2\/types\/product"}],"version-history":[{"count":0,"href":"https:\/\/decoplanta.com\/pt-pt\/wp-json\/wp\/v2\/product\/5285\/revisions"}],"wp:featuredmedia":[{"embeddable":true,"href":"https:\/\/decoplanta.com\/pt-pt\/wp-json\/wp\/v2\/media\/5381"}],"wp:attachment":[{"href":"https:\/\/decoplanta.com\/pt-pt\/wp-json\/wp\/v2\/media?parent=5285"}],"wp:term":[{"taxonomy":"product_brand","embeddable":true,"href":"https:\/\/decoplanta.com\/pt-pt\/wp-json\/wp\/v2\/product_brand?post=5285"},{"taxonomy":"product_cat","embeddable":true,"href":"https:\/\/decoplanta.com\/pt-pt\/wp-json\/wp\/v2\/product_cat?post=5285"},{"taxonomy":"product_tag","embeddable":true,"href":"https:\/\/decoplanta.com\/pt-pt\/wp-json\/wp\/v2\/product_tag?post=5285"}],"curies":[{"name":"wp","href":"https:\/\/api.w.org\/{rel}","templated":true}]}}