{"id":5289,"date":"2022-10-24T13:00:04","date_gmt":"2022-10-24T12:00:40","guid":{"rendered":"https:\/\/decoplanta.com\/?post_type=product&#038;p=5289"},"modified":"2023-11-01T13:38:36","modified_gmt":"2023-11-01T12:38:36","slug":"planta-suspensa-tillandsia-artificial","status":"publish","type":"product","link":"https:\/\/decoplanta.com\/pt-pt\/plantas-suspensas\/planta-suspensa-tillandsia-artificial\/","title":{"rendered":"Planta suspensa TILLANDSIA"},"content":{"rendered":"<p>Arbusto ou Planta suspensa TILLANDSIA artificial, de cor cinza-verde e 150 cm de altura. Tamb\u00e9m conhecido como musgo espanhol, ou &#8220;planta do ar&#8221;, cuja cor varia do verde ao cinzento. Nativo da Am\u00e9rica tropical e subtropical. A planta tem um caule flex\u00edvel com folhas finas, curvadas ou com espiral, de 2-6 cm de comprimento. Recomendamos a sua utiliza\u00e7\u00e3o como complemento de um jardim suspenso, proporcionando leveza, luminosidade e frescura. Pode combin\u00e1-lo com outras <a href=\"https:\/\/decoplanta.com\/plantas-colgantes-artificiales\/planta-colgante-hoja-de-parra\/\">plantas suspensas<\/a> naturais ou artificiais.<\/p>\n<p><i><b>A Planta suspensa TILLANDSIA artificial<\/b><\/i>\u00a0\u00e9 um <a title=\"G\u00e9nero (biologia)\" href=\"https:\/\/es.wikipedia.org\/wiki\/G%C3%A9nero_(biolog%C3%ADa)\">g\u00e9nero<\/a> de plantas maioritariamente <a class=\"mw-redirect\" title=\"Ep\u00edfito\" href=\"https:\/\/es.wikipedia.org\/wiki\/Epifita\">ep\u00edfitas<\/a> que, com mais de seiscentas e cinquenta <a class=\"mw-redirect\" title=\"Esp\u00e9cie\" href=\"https:\/\/es.wikipedia.org\/wiki\/Especies\">esp\u00e9cies<\/a> aceites,<sup id=\"cite_ref-2\" class=\"reference separada\"><a href=\"https:\/\/es.wikipedia.org\/wiki\/Tillandsia#cite_note-2\">2<\/a><\/sup>\u00e9 a mais diversa da fam\u00edlia <a title=\"Bromeliaceae\" href=\"https:\/\/es.wikipedia.org\/wiki\/Bromeliaceae\">Bromeliaceae<\/a>. Encontram-se nos <a title=\"Deserto\" href=\"https:\/\/es.wikipedia.org\/wiki\/Desierto\">desertos<\/a>, <a title=\"Floresta\" href=\"https:\/\/es.wikipedia.org\/wiki\/Bosque\">florestas<\/a> e <a title=\"Montanha\" href=\"https:\/\/es.wikipedia.org\/wiki\/Monta%C3%B1a\">montanhas<\/a> da <a class=\"mw-redirect\" title=\"Am\u00e9rica Central\" href=\"https:\/\/es.wikipedia.org\/wiki\/Centroam%C3%A9rica\">Am\u00e9rica Central<\/a>, <a class=\"mw-redirect\" title=\"Am\u00e9rica do Sul\" href=\"https:\/\/es.wikipedia.org\/wiki\/Sudam%C3%A9rica\">Am\u00e9rica do Sul<\/a>, <a title=\"M\u00e9xico\" href=\"https:\/\/es.wikipedia.org\/wiki\/M%C3%A9xico\">M\u00e9xico<\/a> e sul dos <a title=\"Estados Unidos da Am\u00e9rica\" href=\"https:\/\/es.wikipedia.org\/wiki\/Estados_Unidos\">Estados Unidos<\/a> na <a class=\"mw-redirect\" title=\"Am\u00e9rica do Norte\" href=\"https:\/\/es.wikipedia.org\/wiki\/Norteam%C3%A9rica\">Am\u00e9rica do Norte<\/a>.<\/p>\n<p><i>As til\u00e2ndias<\/i> s\u00e3o plantas herb\u00e1ceas perenes que apresentam uma multiplicidade de diferen\u00e7as fisiol\u00f3gicas e morfol\u00f3gicas em rela\u00e7\u00e3o a outras plantas. Tendo habitats que v\u00e3o desde <a title=\"Planta ep\u00edfita\" href=\"https:\/\/es.wikipedia.org\/wiki\/Planta_ep%C3%ADfita\">ep\u00edfitas<\/a> a <a title=\"Lit\u00f3fito\" href=\"https:\/\/es.wikipedia.org\/wiki\/Lit%C3%B3fita\">sax\u00edcolas<\/a>, t\u00eam certas adapta\u00e7\u00f5es, tais como sistemas radiculares concebidos para se ancorarem a outras plantas ou substratos, e tricomas modificados para absor\u00e7\u00e3o de \u00e1gua e nutrientes. Algumas das esp\u00e9cies, como a maioria das Bromeliaceae, t\u00eam folhas de roseta formando um funil para recolher \u00e1gua.<sup id=\"cite_ref-3\" class=\"reference separada\"><a href=\"https:\/\/es.wikipedia.org\/wiki\/Tillandsia#cite_note-3\">3<\/a><\/sup><sup id=\"cite_ref-4\" class=\"reference separada\"><a href=\"https:\/\/es.wikipedia.org\/wiki\/Tillandsia#cite_note-4\">4<\/a><\/sup><\/p>\n<h3>A cor da flor varia<\/h3>\n<p>H\u00e1 flores vermelhas, amarelas, roxas e rosadas, e s\u00e3o conhecidas flores multicoloridas. A folhagem de uma planta do ar tamb\u00e9m pode mudar de cor quando floresce, o que atrai polinizadores. As flores s\u00e3o hermafroditas, tri-merous, com <a title=\"Perianto\" href=\"https:\/\/es.wikipedia.org\/wiki\/Perianto\">perianth<\/a> duplo. As tr\u00eas s\u00e9palas livres s\u00e3o sim\u00e9tricas e pontiagudas. As sementes t\u00eam um <a title=\"Vilano\" href=\"https:\/\/es.wikipedia.org\/wiki\/Vilano\">papo<\/a> que lhes permite serem transportadas pelo <a class=\"new\" title=\"Aerocoria (ainda n\u00e3o redigido)\" href=\"https:\/\/es.wikipedia.org\/w\/index.php?title=Aerocoria&amp;action=edit&amp;redlink=1\">ar<\/a>.<sup id=\"cite_ref-5\" class=\"reference separada\"><a href=\"https:\/\/es.wikipedia.org\/wiki\/Tillandsia#cite_note-5\">5<\/a><\/sup><\/p>\n<p>A maioria dos membros deste g\u00e9nero, vulgarmente chamados <b>plantas do ar<\/b>, s\u00e3o plantas que crescem presas \u00e0s \u00e1rvores pelas suas ra\u00edzes. As ra\u00edzes servem apenas como suporte, retirando literalmente \u00e1gua e nutrientes do ar atrav\u00e9s das folhas.<\/p>\n<p>Planta artificial tropical suspensa TILLANDSIA. Altura 150 cm. Tamb\u00e9m conhecido como &#8220;cravo do ar&#8221; ou &#8220;planta do ar&#8221;, \u00e9 semelhante a um espanador de penas de anan\u00e1s que varia na cor do verde ao cinzento. Nativo da Am\u00e9rica tropical e subtropical. A planta tem um caule flex\u00edvel com folhas finas, curvadas ou com espiral, de 2-6 cm de comprimento. Recomendamos a sua utiliza\u00e7\u00e3o como complemento de um jardim suspenso, proporcionando leveza em combina\u00e7\u00e3o com outras plantas naturais ou artificiais suspensas.<\/p>\n<p>&nbsp;<\/p>\n<p>S\u00e3o vendidos em caixas indivis\u00edveis de 6 unidades. Pre\u00e7o por unidade no cat\u00e1logo.<\/p>\n","protected":false},"excerpt":{"rendered":"<p>Arbusto suspenso TILLANDSIA com uma cor cinza-verde e uma altura de 150 cm. Tamb\u00e9m conhecido como musgo espanhol, ou &#8220;planta do ar&#8221;, cuja cor varia do verde ao cinzento. Nativo da Am\u00e9rica tropical e subtropical. A planta tem um caule flex\u00edvel com folhas finas, curvadas ou com espiral, de 2-6 cm de comprimento. Recomendamos a sua utiliza\u00e7\u00e3o como complemento de um jardim suspenso, proporcionando leveza, luminosidade e frescura. Pode combin\u00e1-lo com outras plantas naturais ou artificiais suspensas.<\/p>\n<table>\n<tbody>\n<tr>\n<td><strong>REF<\/strong><\/td>\n<td><strong>ALTURA<\/strong><\/td>\n<\/tr>\n<tr>\n<td><strong>423978<\/strong><\/td>\n<td>150 cm<\/td>\n<\/tr>\n<\/tbody>\n<\/table>\n","protected":false},"featured_media":5378,"template":"","meta":{"_monsterinsights_skip_tracking":false,"_monsterinsights_sitenote_active":false,"_monsterinsights_sitenote_note":"","_monsterinsights_sitenote_category":0},"product_brand":[],"product_cat":[392],"product_tag":[422],"class_list":{"0":"post-5289","1":"product","2":"type-product","3":"status-publish","4":"has-post-thumbnail","6":"product_cat-plantas-suspensas","7":"product_tag-planta-tropical","8":"","9":"woocommerce-text-align-center","10":"woocommerce-image-align-center","11":"do-quantity-buttons","13":"first","14":"instock","15":"taxable","16":"shipping-taxable","17":"purchasable","18":"product-type-simple"},"yoast_head":"<!-- This site is optimized with the Yoast SEO plugin v27.4 - https:\/\/yoast.com\/product\/yoast-seo-wordpress\/ -->\n<title>Planta suspensa TILLANDSIA artificial - Alto realismo em interior<\/title>\n<meta name=\"description\" content=\"Planta suspensa TILLANDSIA artificial 150 cm para uso interior. \u00c9 um cacto suspenso tropical altamente realista e livre de manuten\u00e7\u00e3o.\" \/>\n<meta name=\"robots\" content=\"index, follow, max-snippet:-1, max-image-preview:large, max-video-preview:-1\" \/>\n<link rel=\"canonical\" href=\"https:\/\/decoplanta.com\/pt-pt\/plantas-suspensas\/planta-suspensa-tillandsia-artificial\/\" \/>\n<meta property=\"og:locale\" content=\"pt_PT\" \/>\n<meta property=\"og:type\" content=\"article\" \/>\n<meta property=\"og:title\" content=\"Planta suspensa TILLANDSIA artificial - Alto realismo em interior\" \/>\n<meta property=\"og:description\" content=\"Planta suspensa TILLANDSIA artificial 150 cm para uso interior. \u00c9 um cacto suspenso tropical altamente realista e livre de manuten\u00e7\u00e3o.\" \/>\n<meta property=\"og:url\" content=\"https:\/\/decoplanta.com\/pt-pt\/plantas-suspensas\/planta-suspensa-tillandsia-artificial\/\" \/>\n<meta property=\"og:site_name\" content=\"Plantas y \u00e1rboles artificiales de Alto Realismo\" \/>\n<meta property=\"article:modified_time\" content=\"2023-11-01T12:38:36+00:00\" \/>\n<meta property=\"og:image\" content=\"https:\/\/decoplanta.com\/wp-content\/uploads\/2022\/10\/423978-Arbusto_Colgante-TILLANDSIA-150cm.jpg\" \/>\n\t<meta property=\"og:image:width\" content=\"2360\" \/>\n\t<meta property=\"og:image:height\" content=\"2360\" \/>\n\t<meta property=\"og:image:type\" content=\"image\/jpeg\" \/>\n<meta name=\"twitter:card\" content=\"summary_large_image\" \/>\n<meta name=\"twitter:label1\" content=\"Tempo estimado de leitura\" \/>\n\t<meta name=\"twitter:data1\" content=\"2 minutos\" \/>\n<script type=\"application\/ld+json\" class=\"yoast-schema-graph\">{\"@context\":\"https:\\\/\\\/schema.org\",\"@graph\":[{\"@type\":\"WebPage\",\"@id\":\"https:\\\/\\\/decoplanta.com\\\/pt-pt\\\/plantas-suspensas\\\/planta-suspensa-tillandsia-artificial\\\/\",\"url\":\"https:\\\/\\\/decoplanta.com\\\/pt-pt\\\/plantas-suspensas\\\/planta-suspensa-tillandsia-artificial\\\/\",\"name\":\"Planta suspensa TILLANDSIA artificial - Alto realismo em interior\",\"isPartOf\":{\"@id\":\"https:\\\/\\\/decoplanta.com\\\/pt-pt\\\/#website\"},\"primaryImageOfPage\":{\"@id\":\"https:\\\/\\\/decoplanta.com\\\/pt-pt\\\/plantas-suspensas\\\/planta-suspensa-tillandsia-artificial\\\/#primaryimage\"},\"image\":{\"@id\":\"https:\\\/\\\/decoplanta.com\\\/pt-pt\\\/plantas-suspensas\\\/planta-suspensa-tillandsia-artificial\\\/#primaryimage\"},\"thumbnailUrl\":\"https:\\\/\\\/decoplanta.com\\\/wp-content\\\/uploads\\\/2022\\\/10\\\/423978-Arbusto_Colgante-TILLANDSIA-150cm.jpg\",\"datePublished\":\"2022-10-24T12:00:40+00:00\",\"dateModified\":\"2023-11-01T12:38:36+00:00\",\"description\":\"Planta suspensa TILLANDSIA artificial 150 cm para uso interior. \u00c9 um cacto suspenso tropical altamente realista e livre de manuten\u00e7\u00e3o.\",\"breadcrumb\":{\"@id\":\"https:\\\/\\\/decoplanta.com\\\/pt-pt\\\/plantas-suspensas\\\/planta-suspensa-tillandsia-artificial\\\/#breadcrumb\"},\"inLanguage\":\"pt-PT\",\"potentialAction\":[{\"@type\":\"ReadAction\",\"target\":[\"https:\\\/\\\/decoplanta.com\\\/pt-pt\\\/plantas-suspensas\\\/planta-suspensa-tillandsia-artificial\\\/\"]}]},{\"@type\":\"ImageObject\",\"inLanguage\":\"pt-PT\",\"@id\":\"https:\\\/\\\/decoplanta.com\\\/pt-pt\\\/plantas-suspensas\\\/planta-suspensa-tillandsia-artificial\\\/#primaryimage\",\"url\":\"https:\\\/\\\/decoplanta.com\\\/wp-content\\\/uploads\\\/2022\\\/10\\\/423978-Arbusto_Colgante-TILLANDSIA-150cm.jpg\",\"contentUrl\":\"https:\\\/\\\/decoplanta.com\\\/wp-content\\\/uploads\\\/2022\\\/10\\\/423978-Arbusto_Colgante-TILLANDSIA-150cm.jpg\",\"width\":2360,\"height\":2360,\"caption\":\"Arbusto Colgante TILLANDSIA de 150cm \\\/ Planta suspensa Tillandsia\"},{\"@type\":\"BreadcrumbList\",\"@id\":\"https:\\\/\\\/decoplanta.com\\\/pt-pt\\\/plantas-suspensas\\\/planta-suspensa-tillandsia-artificial\\\/#breadcrumb\",\"itemListElement\":[{\"@type\":\"ListItem\",\"position\":1,\"name\":\"Portada\",\"item\":\"https:\\\/\\\/decoplanta.com\\\/pt-pt\\\/\"},{\"@type\":\"ListItem\",\"position\":2,\"name\":\"Priv\u00e9\u00a0: Tienda\",\"item\":\"https:\\\/\\\/decoplanta.com\\\/?page_id=377\"},{\"@type\":\"ListItem\",\"position\":3,\"name\":\"Planta suspensa TILLANDSIA\"}]},{\"@type\":\"WebSite\",\"@id\":\"https:\\\/\\\/decoplanta.com\\\/pt-pt\\\/#website\",\"url\":\"https:\\\/\\\/decoplanta.com\\\/pt-pt\\\/\",\"name\":\"Plantas y \u00e1rboles artificiales de Alto Realismo\",\"description\":\"Proveedor de Plantas artificiales para estudios de Arquitectura, Interiorismo, Paisajismo, Escenograf\u00eda, Tiendas de Decoraci\u00f3n Florister\u00edas y Mobiliario\",\"publisher\":{\"@id\":\"https:\\\/\\\/decoplanta.com\\\/pt-pt\\\/#organization\"},\"potentialAction\":[{\"@type\":\"SearchAction\",\"target\":{\"@type\":\"EntryPoint\",\"urlTemplate\":\"https:\\\/\\\/decoplanta.com\\\/pt-pt\\\/?s={search_term_string}\"},\"query-input\":{\"@type\":\"PropertyValueSpecification\",\"valueRequired\":true,\"valueName\":\"search_term_string\"}}],\"inLanguage\":\"pt-PT\"},{\"@type\":\"Organization\",\"@id\":\"https:\\\/\\\/decoplanta.com\\\/pt-pt\\\/#organization\",\"name\":\"Plantas y \u00e1rboles artificiales de Alto Realismo\",\"url\":\"https:\\\/\\\/decoplanta.com\\\/pt-pt\\\/\",\"logo\":{\"@type\":\"ImageObject\",\"inLanguage\":\"pt-PT\",\"@id\":\"https:\\\/\\\/decoplanta.com\\\/pt-pt\\\/#\\\/schema\\\/logo\\\/image\\\/\",\"url\":\"https:\\\/\\\/decoplanta.com\\\/wp-content\\\/uploads\\\/2021\\\/02\\\/decoplanta-logo2020.svg\",\"contentUrl\":\"https:\\\/\\\/decoplanta.com\\\/wp-content\\\/uploads\\\/2021\\\/02\\\/decoplanta-logo2020.svg\",\"width\":500,\"height\":500,\"caption\":\"Plantas y \u00e1rboles artificiales de Alto Realismo\"},\"image\":{\"@id\":\"https:\\\/\\\/decoplanta.com\\\/pt-pt\\\/#\\\/schema\\\/logo\\\/image\\\/\"}}]}<\/script>\n<!-- \/ Yoast SEO plugin. -->","yoast_head_json":{"title":"Planta suspensa TILLANDSIA artificial - Alto realismo em interior","description":"Planta suspensa TILLANDSIA artificial 150 cm para uso interior. \u00c9 um cacto suspenso tropical altamente realista e livre de manuten\u00e7\u00e3o.","robots":{"index":"index","follow":"follow","max-snippet":"max-snippet:-1","max-image-preview":"max-image-preview:large","max-video-preview":"max-video-preview:-1"},"canonical":"https:\/\/decoplanta.com\/pt-pt\/plantas-suspensas\/planta-suspensa-tillandsia-artificial\/","og_locale":"pt_PT","og_type":"article","og_title":"Planta suspensa TILLANDSIA artificial - Alto realismo em interior","og_description":"Planta suspensa TILLANDSIA artificial 150 cm para uso interior. \u00c9 um cacto suspenso tropical altamente realista e livre de manuten\u00e7\u00e3o.","og_url":"https:\/\/decoplanta.com\/pt-pt\/plantas-suspensas\/planta-suspensa-tillandsia-artificial\/","og_site_name":"Plantas y \u00e1rboles artificiales de Alto Realismo","article_modified_time":"2023-11-01T12:38:36+00:00","og_image":[{"width":2360,"height":2360,"url":"https:\/\/decoplanta.com\/wp-content\/uploads\/2022\/10\/423978-Arbusto_Colgante-TILLANDSIA-150cm.jpg","type":"image\/jpeg"}],"twitter_card":"summary_large_image","twitter_misc":{"Tempo estimado de leitura":"2 minutos"},"schema":{"@context":"https:\/\/schema.org","@graph":[{"@type":"WebPage","@id":"https:\/\/decoplanta.com\/pt-pt\/plantas-suspensas\/planta-suspensa-tillandsia-artificial\/","url":"https:\/\/decoplanta.com\/pt-pt\/plantas-suspensas\/planta-suspensa-tillandsia-artificial\/","name":"Planta suspensa TILLANDSIA artificial - Alto realismo em interior","isPartOf":{"@id":"https:\/\/decoplanta.com\/pt-pt\/#website"},"primaryImageOfPage":{"@id":"https:\/\/decoplanta.com\/pt-pt\/plantas-suspensas\/planta-suspensa-tillandsia-artificial\/#primaryimage"},"image":{"@id":"https:\/\/decoplanta.com\/pt-pt\/plantas-suspensas\/planta-suspensa-tillandsia-artificial\/#primaryimage"},"thumbnailUrl":"https:\/\/decoplanta.com\/wp-content\/uploads\/2022\/10\/423978-Arbusto_Colgante-TILLANDSIA-150cm.jpg","datePublished":"2022-10-24T12:00:40+00:00","dateModified":"2023-11-01T12:38:36+00:00","description":"Planta suspensa TILLANDSIA artificial 150 cm para uso interior. \u00c9 um cacto suspenso tropical altamente realista e livre de manuten\u00e7\u00e3o.","breadcrumb":{"@id":"https:\/\/decoplanta.com\/pt-pt\/plantas-suspensas\/planta-suspensa-tillandsia-artificial\/#breadcrumb"},"inLanguage":"pt-PT","potentialAction":[{"@type":"ReadAction","target":["https:\/\/decoplanta.com\/pt-pt\/plantas-suspensas\/planta-suspensa-tillandsia-artificial\/"]}]},{"@type":"ImageObject","inLanguage":"pt-PT","@id":"https:\/\/decoplanta.com\/pt-pt\/plantas-suspensas\/planta-suspensa-tillandsia-artificial\/#primaryimage","url":"https:\/\/decoplanta.com\/wp-content\/uploads\/2022\/10\/423978-Arbusto_Colgante-TILLANDSIA-150cm.jpg","contentUrl":"https:\/\/decoplanta.com\/wp-content\/uploads\/2022\/10\/423978-Arbusto_Colgante-TILLANDSIA-150cm.jpg","width":2360,"height":2360,"caption":"Arbusto Colgante TILLANDSIA de 150cm \/ Planta suspensa Tillandsia"},{"@type":"BreadcrumbList","@id":"https:\/\/decoplanta.com\/pt-pt\/plantas-suspensas\/planta-suspensa-tillandsia-artificial\/#breadcrumb","itemListElement":[{"@type":"ListItem","position":1,"name":"Portada","item":"https:\/\/decoplanta.com\/pt-pt\/"},{"@type":"ListItem","position":2,"name":"Priv\u00e9\u00a0: Tienda","item":"https:\/\/decoplanta.com\/?page_id=377"},{"@type":"ListItem","position":3,"name":"Planta suspensa TILLANDSIA"}]},{"@type":"WebSite","@id":"https:\/\/decoplanta.com\/pt-pt\/#website","url":"https:\/\/decoplanta.com\/pt-pt\/","name":"Plantas y \u00e1rboles artificiales de Alto Realismo","description":"Proveedor de Plantas artificiales para estudios de Arquitectura, Interiorismo, Paisajismo, Escenograf\u00eda, Tiendas de Decoraci\u00f3n Florister\u00edas y Mobiliario","publisher":{"@id":"https:\/\/decoplanta.com\/pt-pt\/#organization"},"potentialAction":[{"@type":"SearchAction","target":{"@type":"EntryPoint","urlTemplate":"https:\/\/decoplanta.com\/pt-pt\/?s={search_term_string}"},"query-input":{"@type":"PropertyValueSpecification","valueRequired":true,"valueName":"search_term_string"}}],"inLanguage":"pt-PT"},{"@type":"Organization","@id":"https:\/\/decoplanta.com\/pt-pt\/#organization","name":"Plantas y \u00e1rboles artificiales de Alto Realismo","url":"https:\/\/decoplanta.com\/pt-pt\/","logo":{"@type":"ImageObject","inLanguage":"pt-PT","@id":"https:\/\/decoplanta.com\/pt-pt\/#\/schema\/logo\/image\/","url":"https:\/\/decoplanta.com\/wp-content\/uploads\/2021\/02\/decoplanta-logo2020.svg","contentUrl":"https:\/\/decoplanta.com\/wp-content\/uploads\/2021\/02\/decoplanta-logo2020.svg","width":500,"height":500,"caption":"Plantas y \u00e1rboles artificiales de Alto Realismo"},"image":{"@id":"https:\/\/decoplanta.com\/pt-pt\/#\/schema\/logo\/image\/"}}]}},"_links":{"self":[{"href":"https:\/\/decoplanta.com\/pt-pt\/wp-json\/wp\/v2\/product\/5289","targetHints":{"allow":["GET"]}}],"collection":[{"href":"https:\/\/decoplanta.com\/pt-pt\/wp-json\/wp\/v2\/product"}],"about":[{"href":"https:\/\/decoplanta.com\/pt-pt\/wp-json\/wp\/v2\/types\/product"}],"version-history":[{"count":0,"href":"https:\/\/decoplanta.com\/pt-pt\/wp-json\/wp\/v2\/product\/5289\/revisions"}],"wp:featuredmedia":[{"embeddable":true,"href":"https:\/\/decoplanta.com\/pt-pt\/wp-json\/wp\/v2\/media\/5378"}],"wp:attachment":[{"href":"https:\/\/decoplanta.com\/pt-pt\/wp-json\/wp\/v2\/media?parent=5289"}],"wp:term":[{"taxonomy":"product_brand","embeddable":true,"href":"https:\/\/decoplanta.com\/pt-pt\/wp-json\/wp\/v2\/product_brand?post=5289"},{"taxonomy":"product_cat","embeddable":true,"href":"https:\/\/decoplanta.com\/pt-pt\/wp-json\/wp\/v2\/product_cat?post=5289"},{"taxonomy":"product_tag","embeddable":true,"href":"https:\/\/decoplanta.com\/pt-pt\/wp-json\/wp\/v2\/product_tag?post=5289"}],"curies":[{"name":"wp","href":"https:\/\/api.w.org\/{rel}","templated":true}]}}