{"id":5296,"date":"2021-03-21T09:49:39","date_gmt":"2022-10-23T10:02:26","guid":{"rendered":"https:\/\/decoplanta.com\/sem%20categoria\/conjunto-de-6-suculentas\/"},"modified":"2023-10-31T09:40:05","modified_gmt":"2023-10-31T08:40:05","slug":"conjunto-de-6-plantas-suculentas-em-vaso","status":"publish","type":"product","link":"https:\/\/decoplanta.com\/pt-pt\/mini-plantas-artificiais-de-interior\/conjunto-de-6-plantas-suculentas-em-vaso\/","title":{"rendered":"Conjunto de 6 SUCULENTAS 7cm"},"content":{"rendered":"<p>Conjunto de 6 PLANTAS SUCULENTAS em vasos de cimento. Di\u00e2metro: 6,5 cm. Conjunto de 6 unidades. Vendido numa caixa indivis\u00edvel de 2 conjuntos completos.<\/p>\n<p><b><i>Plantas SUCULENTES<\/i><\/b> s\u00e3o<span style=\"font-weight: 400;\"> s\u00e3o origin\u00e1rios do M\u00e9xico e habitam zonas com climas des\u00e9rticos (altas temperaturas e escassez de \u00e1gua). Actualmente, estas plantas t\u00eam sido distribu\u00eddas pelas regi\u00f5es tropicais do mundo para a sua utiliza\u00e7\u00e3o como plantas ornamentais e t\u00eam-se adaptado muito bem.<\/span><\/p>\n<p><span style=\"font-weight: 400;\">No seu habitat natural pode ser encontrada a crescer em solos arenosos e onde a luz solar a atinge durante todo ou a maior parte do dia. As folhas desta esp\u00e9cie s\u00e3o carnudas e a \u00e1gua \u00e9 armazenada no seu interior para fazer face a secas. As estruturas que permitem esta acumula\u00e7\u00e3o de \u00e1gua s\u00e3o o par\u00eanquima aquoso, que possui grandes organelas (vac\u00faolos) para o armazenamento deste precioso l\u00edquido.<\/span><\/p>\n<p><span style=\"font-weight: 400;\">As folhas de todas estas esp\u00e9cies crescem em forma de roseta com as folhas mais jovens em direc\u00e7\u00e3o ao centro.<\/span><\/p>\n<h2>Como \u00e9 o conjunto de 6 Plantas SUCULENTAS em vaso?<\/h2>\n<p><span style=\"font-weight: 400;\">As flores desta esp\u00e9cie surgem do centro da roseta de folhas, cada uma disposta nos lados de um caule central com uma flor terminal. Esta haste portadora de flores pode atingir at\u00e9 15 cm ou mais de comprimento e tem 10-25 flores pequenas. As flores desta esp\u00e9cie s\u00e3o muito semelhantes ao resto das plantas deste g\u00e9nero e t\u00eam a forma de pequenas lanternas. S\u00e3o de diferentes formas, de 6 subesp\u00e9cies diferentes, e todas est\u00e3o sobre uma cama de pequenas pedras.<\/span><\/p>\n","protected":false},"excerpt":{"rendered":"<p>Conjunto de 6 PLANTAS SUCULENTAS em vasos de cimento de 6,5 cm de di\u00e2metro. Conjunto de 6 modelos diferentes de incr\u00edvel realismo. Vendido em caixas indivis\u00edveis de 2 conjuntos completos.<\/p>\n<p>Pre\u00e7o por conjunto no cat\u00e1logo.<\/p>\n<table>\n<tbody>\n<tr>\n<td><strong>REF<\/strong><\/td>\n<td><strong>\u00d8<\/strong><\/td>\n<\/tr>\n<tr>\n<td><strong>420007<\/strong><\/td>\n<td>6,5 cm<\/td>\n<\/tr>\n<\/tbody>\n<\/table>\n","protected":false},"featured_media":5978,"template":"","meta":{"_monsterinsights_skip_tracking":false,"_monsterinsights_sitenote_active":false,"_monsterinsights_sitenote_note":"","_monsterinsights_sitenote_category":0},"product_brand":[],"product_cat":[390],"product_tag":[421,422],"class_list":{"0":"post-5296","1":"product","2":"type-product","3":"status-publish","4":"has-post-thumbnail","6":"product_cat-mini-plantas-artificiais-de-interior","7":"product_tag-planta-suculenta-artificial","8":"product_tag-planta-tropical","9":"","10":"woocommerce-text-align-center","11":"woocommerce-image-align-center","12":"do-quantity-buttons","14":"first","15":"instock","16":"taxable","17":"shipping-taxable","18":"purchasable","19":"product-type-simple"},"yoast_head":"<!-- This site is optimized with the Yoast SEO plugin v27.4 - https:\/\/yoast.com\/product\/yoast-seo-wordpress\/ -->\n<title>Plantas SUCULENTAS artificiais em vaso \u00d8 6,5 cm realistas<\/title>\n<meta name=\"description\" content=\"Plantas SUCULENTAS artificiais em vasos de cimento redondos. 6 modelos diferentes com um realismo incr\u00edvel. Decore as suas pe\u00e7as centrais sem manuten\u00e7\u00e3o.\" \/>\n<meta name=\"robots\" content=\"index, follow, max-snippet:-1, max-image-preview:large, max-video-preview:-1\" \/>\n<link rel=\"canonical\" href=\"https:\/\/decoplanta.com\/pt-pt\/mini-plantas-artificiais-de-interior\/conjunto-de-6-plantas-suculentas-em-vaso\/\" \/>\n<meta property=\"og:locale\" content=\"pt_PT\" \/>\n<meta property=\"og:type\" content=\"article\" \/>\n<meta property=\"og:title\" content=\"Plantas SUCULENTAS artificiais em vaso \u00d8 6,5 cm realistas\" \/>\n<meta property=\"og:description\" content=\"Plantas SUCULENTAS artificiais em vasos de cimento redondos. 6 modelos diferentes com um realismo incr\u00edvel. Decore as suas pe\u00e7as centrais sem manuten\u00e7\u00e3o.\" \/>\n<meta property=\"og:url\" content=\"https:\/\/decoplanta.com\/pt-pt\/mini-plantas-artificiais-de-interior\/conjunto-de-6-plantas-suculentas-em-vaso\/\" \/>\n<meta property=\"og:site_name\" content=\"Plantas y \u00e1rboles artificiales de Alto Realismo\" \/>\n<meta property=\"article:modified_time\" content=\"2023-10-31T08:40:05+00:00\" \/>\n<meta property=\"og:image\" content=\"https:\/\/decoplanta.com\/wp-content\/uploads\/2021\/03\/420007-Conjunto_SUCULENTA_X6.jpg\" \/>\n\t<meta property=\"og:image:width\" content=\"2500\" \/>\n\t<meta property=\"og:image:height\" content=\"2500\" \/>\n\t<meta property=\"og:image:type\" content=\"image\/jpeg\" \/>\n<meta name=\"twitter:card\" content=\"summary_large_image\" \/>\n<meta name=\"twitter:label1\" content=\"Tempo estimado de leitura\" \/>\n\t<meta name=\"twitter:data1\" content=\"2 minutos\" \/>\n<script type=\"application\/ld+json\" class=\"yoast-schema-graph\">{\"@context\":\"https:\\\/\\\/schema.org\",\"@graph\":[{\"@type\":\"WebPage\",\"@id\":\"https:\\\/\\\/decoplanta.com\\\/pt-pt\\\/mini-plantas-artificiais-de-interior\\\/conjunto-de-6-plantas-suculentas-em-vaso\\\/\",\"url\":\"https:\\\/\\\/decoplanta.com\\\/pt-pt\\\/mini-plantas-artificiais-de-interior\\\/conjunto-de-6-plantas-suculentas-em-vaso\\\/\",\"name\":\"Plantas SUCULENTAS artificiais em vaso \u00d8 6,5 cm realistas\",\"isPartOf\":{\"@id\":\"https:\\\/\\\/decoplanta.com\\\/pt-pt\\\/#website\"},\"primaryImageOfPage\":{\"@id\":\"https:\\\/\\\/decoplanta.com\\\/pt-pt\\\/mini-plantas-artificiais-de-interior\\\/conjunto-de-6-plantas-suculentas-em-vaso\\\/#primaryimage\"},\"image\":{\"@id\":\"https:\\\/\\\/decoplanta.com\\\/pt-pt\\\/mini-plantas-artificiais-de-interior\\\/conjunto-de-6-plantas-suculentas-em-vaso\\\/#primaryimage\"},\"thumbnailUrl\":\"https:\\\/\\\/decoplanta.com\\\/wp-content\\\/uploads\\\/2021\\\/03\\\/420007-Conjunto_SUCULENTA_X6.jpg\",\"datePublished\":\"2022-10-23T10:02:26+00:00\",\"dateModified\":\"2023-10-31T08:40:05+00:00\",\"description\":\"Plantas SUCULENTAS artificiais em vasos de cimento redondos. 6 modelos diferentes com um realismo incr\u00edvel. Decore as suas pe\u00e7as centrais sem manuten\u00e7\u00e3o.\",\"breadcrumb\":{\"@id\":\"https:\\\/\\\/decoplanta.com\\\/pt-pt\\\/mini-plantas-artificiais-de-interior\\\/conjunto-de-6-plantas-suculentas-em-vaso\\\/#breadcrumb\"},\"inLanguage\":\"pt-PT\",\"potentialAction\":[{\"@type\":\"ReadAction\",\"target\":[\"https:\\\/\\\/decoplanta.com\\\/pt-pt\\\/mini-plantas-artificiais-de-interior\\\/conjunto-de-6-plantas-suculentas-em-vaso\\\/\"]}]},{\"@type\":\"ImageObject\",\"inLanguage\":\"pt-PT\",\"@id\":\"https:\\\/\\\/decoplanta.com\\\/pt-pt\\\/mini-plantas-artificiais-de-interior\\\/conjunto-de-6-plantas-suculentas-em-vaso\\\/#primaryimage\",\"url\":\"https:\\\/\\\/decoplanta.com\\\/wp-content\\\/uploads\\\/2021\\\/03\\\/420007-Conjunto_SUCULENTA_X6.jpg\",\"contentUrl\":\"https:\\\/\\\/decoplanta.com\\\/wp-content\\\/uploads\\\/2021\\\/03\\\/420007-Conjunto_SUCULENTA_X6.jpg\",\"width\":2500,\"height\":2500,\"caption\":\"Plantas suculentas mini en maceta de cemento\"},{\"@type\":\"BreadcrumbList\",\"@id\":\"https:\\\/\\\/decoplanta.com\\\/pt-pt\\\/mini-plantas-artificiais-de-interior\\\/conjunto-de-6-plantas-suculentas-em-vaso\\\/#breadcrumb\",\"itemListElement\":[{\"@type\":\"ListItem\",\"position\":1,\"name\":\"Portada\",\"item\":\"https:\\\/\\\/decoplanta.com\\\/pt-pt\\\/\"},{\"@type\":\"ListItem\",\"position\":2,\"name\":\"Priv\u00e9\u00a0: Tienda\",\"item\":\"https:\\\/\\\/decoplanta.com\\\/?page_id=377\"},{\"@type\":\"ListItem\",\"position\":3,\"name\":\"Conjunto de 6 SUCULENTAS 7cm\"}]},{\"@type\":\"WebSite\",\"@id\":\"https:\\\/\\\/decoplanta.com\\\/pt-pt\\\/#website\",\"url\":\"https:\\\/\\\/decoplanta.com\\\/pt-pt\\\/\",\"name\":\"Plantas y \u00e1rboles artificiales de Alto Realismo\",\"description\":\"Proveedor de Plantas artificiales para estudios de Arquitectura, Interiorismo, Paisajismo, Escenograf\u00eda, Tiendas de Decoraci\u00f3n Florister\u00edas y Mobiliario\",\"publisher\":{\"@id\":\"https:\\\/\\\/decoplanta.com\\\/pt-pt\\\/#organization\"},\"potentialAction\":[{\"@type\":\"SearchAction\",\"target\":{\"@type\":\"EntryPoint\",\"urlTemplate\":\"https:\\\/\\\/decoplanta.com\\\/pt-pt\\\/?s={search_term_string}\"},\"query-input\":{\"@type\":\"PropertyValueSpecification\",\"valueRequired\":true,\"valueName\":\"search_term_string\"}}],\"inLanguage\":\"pt-PT\"},{\"@type\":\"Organization\",\"@id\":\"https:\\\/\\\/decoplanta.com\\\/pt-pt\\\/#organization\",\"name\":\"Plantas y \u00e1rboles artificiales de Alto Realismo\",\"url\":\"https:\\\/\\\/decoplanta.com\\\/pt-pt\\\/\",\"logo\":{\"@type\":\"ImageObject\",\"inLanguage\":\"pt-PT\",\"@id\":\"https:\\\/\\\/decoplanta.com\\\/pt-pt\\\/#\\\/schema\\\/logo\\\/image\\\/\",\"url\":\"https:\\\/\\\/decoplanta.com\\\/wp-content\\\/uploads\\\/2021\\\/02\\\/decoplanta-logo2020.svg\",\"contentUrl\":\"https:\\\/\\\/decoplanta.com\\\/wp-content\\\/uploads\\\/2021\\\/02\\\/decoplanta-logo2020.svg\",\"width\":500,\"height\":500,\"caption\":\"Plantas y \u00e1rboles artificiales de Alto Realismo\"},\"image\":{\"@id\":\"https:\\\/\\\/decoplanta.com\\\/pt-pt\\\/#\\\/schema\\\/logo\\\/image\\\/\"}}]}<\/script>\n<!-- \/ Yoast SEO plugin. -->","yoast_head_json":{"title":"Plantas SUCULENTAS artificiais em vaso \u00d8 6,5 cm realistas","description":"Plantas SUCULENTAS artificiais em vasos de cimento redondos. 6 modelos diferentes com um realismo incr\u00edvel. Decore as suas pe\u00e7as centrais sem manuten\u00e7\u00e3o.","robots":{"index":"index","follow":"follow","max-snippet":"max-snippet:-1","max-image-preview":"max-image-preview:large","max-video-preview":"max-video-preview:-1"},"canonical":"https:\/\/decoplanta.com\/pt-pt\/mini-plantas-artificiais-de-interior\/conjunto-de-6-plantas-suculentas-em-vaso\/","og_locale":"pt_PT","og_type":"article","og_title":"Plantas SUCULENTAS artificiais em vaso \u00d8 6,5 cm realistas","og_description":"Plantas SUCULENTAS artificiais em vasos de cimento redondos. 6 modelos diferentes com um realismo incr\u00edvel. Decore as suas pe\u00e7as centrais sem manuten\u00e7\u00e3o.","og_url":"https:\/\/decoplanta.com\/pt-pt\/mini-plantas-artificiais-de-interior\/conjunto-de-6-plantas-suculentas-em-vaso\/","og_site_name":"Plantas y \u00e1rboles artificiales de Alto Realismo","article_modified_time":"2023-10-31T08:40:05+00:00","og_image":[{"width":2500,"height":2500,"url":"https:\/\/decoplanta.com\/wp-content\/uploads\/2021\/03\/420007-Conjunto_SUCULENTA_X6.jpg","type":"image\/jpeg"}],"twitter_card":"summary_large_image","twitter_misc":{"Tempo estimado de leitura":"2 minutos"},"schema":{"@context":"https:\/\/schema.org","@graph":[{"@type":"WebPage","@id":"https:\/\/decoplanta.com\/pt-pt\/mini-plantas-artificiais-de-interior\/conjunto-de-6-plantas-suculentas-em-vaso\/","url":"https:\/\/decoplanta.com\/pt-pt\/mini-plantas-artificiais-de-interior\/conjunto-de-6-plantas-suculentas-em-vaso\/","name":"Plantas SUCULENTAS artificiais em vaso \u00d8 6,5 cm realistas","isPartOf":{"@id":"https:\/\/decoplanta.com\/pt-pt\/#website"},"primaryImageOfPage":{"@id":"https:\/\/decoplanta.com\/pt-pt\/mini-plantas-artificiais-de-interior\/conjunto-de-6-plantas-suculentas-em-vaso\/#primaryimage"},"image":{"@id":"https:\/\/decoplanta.com\/pt-pt\/mini-plantas-artificiais-de-interior\/conjunto-de-6-plantas-suculentas-em-vaso\/#primaryimage"},"thumbnailUrl":"https:\/\/decoplanta.com\/wp-content\/uploads\/2021\/03\/420007-Conjunto_SUCULENTA_X6.jpg","datePublished":"2022-10-23T10:02:26+00:00","dateModified":"2023-10-31T08:40:05+00:00","description":"Plantas SUCULENTAS artificiais em vasos de cimento redondos. 6 modelos diferentes com um realismo incr\u00edvel. Decore as suas pe\u00e7as centrais sem manuten\u00e7\u00e3o.","breadcrumb":{"@id":"https:\/\/decoplanta.com\/pt-pt\/mini-plantas-artificiais-de-interior\/conjunto-de-6-plantas-suculentas-em-vaso\/#breadcrumb"},"inLanguage":"pt-PT","potentialAction":[{"@type":"ReadAction","target":["https:\/\/decoplanta.com\/pt-pt\/mini-plantas-artificiais-de-interior\/conjunto-de-6-plantas-suculentas-em-vaso\/"]}]},{"@type":"ImageObject","inLanguage":"pt-PT","@id":"https:\/\/decoplanta.com\/pt-pt\/mini-plantas-artificiais-de-interior\/conjunto-de-6-plantas-suculentas-em-vaso\/#primaryimage","url":"https:\/\/decoplanta.com\/wp-content\/uploads\/2021\/03\/420007-Conjunto_SUCULENTA_X6.jpg","contentUrl":"https:\/\/decoplanta.com\/wp-content\/uploads\/2021\/03\/420007-Conjunto_SUCULENTA_X6.jpg","width":2500,"height":2500,"caption":"Plantas suculentas mini en maceta de cemento"},{"@type":"BreadcrumbList","@id":"https:\/\/decoplanta.com\/pt-pt\/mini-plantas-artificiais-de-interior\/conjunto-de-6-plantas-suculentas-em-vaso\/#breadcrumb","itemListElement":[{"@type":"ListItem","position":1,"name":"Portada","item":"https:\/\/decoplanta.com\/pt-pt\/"},{"@type":"ListItem","position":2,"name":"Priv\u00e9\u00a0: Tienda","item":"https:\/\/decoplanta.com\/?page_id=377"},{"@type":"ListItem","position":3,"name":"Conjunto de 6 SUCULENTAS 7cm"}]},{"@type":"WebSite","@id":"https:\/\/decoplanta.com\/pt-pt\/#website","url":"https:\/\/decoplanta.com\/pt-pt\/","name":"Plantas y \u00e1rboles artificiales de Alto Realismo","description":"Proveedor de Plantas artificiales para estudios de Arquitectura, Interiorismo, Paisajismo, Escenograf\u00eda, Tiendas de Decoraci\u00f3n Florister\u00edas y Mobiliario","publisher":{"@id":"https:\/\/decoplanta.com\/pt-pt\/#organization"},"potentialAction":[{"@type":"SearchAction","target":{"@type":"EntryPoint","urlTemplate":"https:\/\/decoplanta.com\/pt-pt\/?s={search_term_string}"},"query-input":{"@type":"PropertyValueSpecification","valueRequired":true,"valueName":"search_term_string"}}],"inLanguage":"pt-PT"},{"@type":"Organization","@id":"https:\/\/decoplanta.com\/pt-pt\/#organization","name":"Plantas y \u00e1rboles artificiales de Alto Realismo","url":"https:\/\/decoplanta.com\/pt-pt\/","logo":{"@type":"ImageObject","inLanguage":"pt-PT","@id":"https:\/\/decoplanta.com\/pt-pt\/#\/schema\/logo\/image\/","url":"https:\/\/decoplanta.com\/wp-content\/uploads\/2021\/02\/decoplanta-logo2020.svg","contentUrl":"https:\/\/decoplanta.com\/wp-content\/uploads\/2021\/02\/decoplanta-logo2020.svg","width":500,"height":500,"caption":"Plantas y \u00e1rboles artificiales de Alto Realismo"},"image":{"@id":"https:\/\/decoplanta.com\/pt-pt\/#\/schema\/logo\/image\/"}}]}},"_links":{"self":[{"href":"https:\/\/decoplanta.com\/pt-pt\/wp-json\/wp\/v2\/product\/5296","targetHints":{"allow":["GET"]}}],"collection":[{"href":"https:\/\/decoplanta.com\/pt-pt\/wp-json\/wp\/v2\/product"}],"about":[{"href":"https:\/\/decoplanta.com\/pt-pt\/wp-json\/wp\/v2\/types\/product"}],"version-history":[{"count":0,"href":"https:\/\/decoplanta.com\/pt-pt\/wp-json\/wp\/v2\/product\/5296\/revisions"}],"wp:featuredmedia":[{"embeddable":true,"href":"https:\/\/decoplanta.com\/pt-pt\/wp-json\/wp\/v2\/media\/5978"}],"wp:attachment":[{"href":"https:\/\/decoplanta.com\/pt-pt\/wp-json\/wp\/v2\/media?parent=5296"}],"wp:term":[{"taxonomy":"product_brand","embeddable":true,"href":"https:\/\/decoplanta.com\/pt-pt\/wp-json\/wp\/v2\/product_brand?post=5296"},{"taxonomy":"product_cat","embeddable":true,"href":"https:\/\/decoplanta.com\/pt-pt\/wp-json\/wp\/v2\/product_cat?post=5296"},{"taxonomy":"product_tag","embeddable":true,"href":"https:\/\/decoplanta.com\/pt-pt\/wp-json\/wp\/v2\/product_tag?post=5296"}],"curies":[{"name":"wp","href":"https:\/\/api.w.org\/{rel}","templated":true}]}}