{"id":5297,"date":"2021-03-20T19:24:36","date_gmt":"2022-10-23T10:02:26","guid":{"rendered":"https:\/\/decoplanta.com\/sem%20categoria\/echeveria-pelusida\/"},"modified":"2023-10-31T09:41:19","modified_gmt":"2023-10-31T08:41:19","slug":"echeveria-pelusida-artificial","status":"publish","type":"product","link":"https:\/\/decoplanta.com\/pt-pt\/mini-plantas-artificiais-de-interior\/echeveria-pelusida-artificial\/","title":{"rendered":"ECHEVERIA PELUSIDA 11cm"},"content":{"rendered":"<p>Echeveria pelusida artificial de 20 cm de di\u00e2metro. Cor bordalesa em lata antiquada redonda de 11 cm.<\/p>\n<p><b><i>A planta de Echeveria<\/i><\/b> <span style=\"font-weight: 400;\">\u00e9 nativo do M\u00e9xico e vive em \u00e1reas com climas des\u00e9rticos (altas temperaturas e escassez de \u00e1gua). Hoje em dia, esta planta foi distribu\u00edda pelas regi\u00f5es tropicais do mundo para a sua utiliza\u00e7\u00e3o como planta ornamental e adaptou-se muito bem.<\/span><\/p>\n<p><span style=\"font-weight: 400;\">Esta esp\u00e9cie \u00e9 uma planta suculenta e necessita de um clima quente com boa exposi\u00e7\u00e3o solar para o seu desenvolvimento. No seu habitat natural pode ser encontrada a crescer em solos arenosos e onde a luz solar a atinge durante todo ou a maior parte do dia. As folhas desta esp\u00e9cie s\u00e3o carnudas e a \u00e1gua \u00e9 armazenada no seu interior para fazer face a secas. As estruturas que permitem esta acumula\u00e7\u00e3o de \u00e1gua s\u00e3o o par\u00eanquima aquoso, que possui grandes organelas (vac\u00faolos) para o armazenamento deste precioso l\u00edquido.<\/span><\/p>\n<p><span style=\"font-weight: 400;\">As folhas desta esp\u00e9cie s\u00e3o um pouco alongadas com o \u00e1pice formando uma pequena espinha central (n\u00e3o uma verdadeira espinha, mas uma extens\u00e3o da pr\u00f3pria folha). Crescem sob a forma de roseta com as folhas mais novas em direc\u00e7\u00e3o ao centro.<\/span><\/p>\n<h2>Qual \u00e9 o aspecto artificial da Echeveria pelusida?<\/h2>\n<p><span style=\"font-weight: 400;\">As flores desta esp\u00e9cie surgem do centro da roseta de folhas, cada uma disposta nos lados de um caule central com uma flor terminal. Esta haste portadora de flores pode atingir at\u00e9 15 cm ou mais de comprimento e tem 10-25 flores pequenas. As flores desta esp\u00e9cie s\u00e3o muito semelhantes ao resto das plantas deste g\u00e9nero e t\u00eam a forma de pequenas lanternas.<\/span><\/p>\n","protected":false},"excerpt":{"rendered":"<p>Linda planta ECHEVERIA PELUSIDA de 20 cm de di\u00e2metro. Cor Borgonha em lata envelhecida redonda de 11 cm. N\u00e3o requer manuten\u00e7\u00e3o.<\/p>\n<p>Pre\u00e7o por unidade no cat\u00e1logo.<\/p>\n<table>\n<tbody>\n<tr>\n<td><strong>REF<\/strong><\/td>\n<td><strong>\u00d8<\/strong><\/td>\n<\/tr>\n<tr>\n<td><strong>4191353<\/strong><\/td>\n<td>20 cm<\/td>\n<\/tr>\n<\/tbody>\n<\/table>\n","protected":false},"featured_media":6082,"template":"","meta":{"_monsterinsights_skip_tracking":false,"_monsterinsights_sitenote_active":false,"_monsterinsights_sitenote_note":"","_monsterinsights_sitenote_category":0},"product_brand":[],"product_cat":[390],"product_tag":[421,422],"class_list":{"0":"post-5297","1":"product","2":"type-product","3":"status-publish","4":"has-post-thumbnail","6":"product_cat-mini-plantas-artificiais-de-interior","7":"product_tag-planta-suculenta-artificial","8":"product_tag-planta-tropical","9":"","10":"woocommerce-text-align-center","11":"woocommerce-image-align-center","12":"do-quantity-buttons","14":"first","15":"instock","16":"taxable","17":"shipping-taxable","18":"purchasable","19":"product-type-simple"},"yoast_head":"<!-- This site is optimized with the Yoast SEO plugin v27.4 - https:\/\/yoast.com\/product\/yoast-seo-wordpress\/ -->\n<title>ECHEVERIA PELUSIDA artificial 20 cm\/\u00d8 - Alto realismo<\/title>\n<meta name=\"description\" content=\"ECHEVERIA PELUSIDA artificial. Realismo incr\u00edvel nas suas folhas carnudas de Borgonha. Decorar qualquer ambiente sem manuten\u00e7\u00e3o.\" \/>\n<meta name=\"robots\" content=\"index, follow, max-snippet:-1, max-image-preview:large, max-video-preview:-1\" \/>\n<link rel=\"canonical\" href=\"https:\/\/decoplanta.com\/pt-pt\/mini-plantas-artificiais-de-interior\/echeveria-pelusida-artificial\/\" \/>\n<meta property=\"og:locale\" content=\"pt_PT\" \/>\n<meta property=\"og:type\" content=\"article\" \/>\n<meta property=\"og:title\" content=\"ECHEVERIA PELUSIDA artificial 20 cm\/\u00d8 - Alto realismo\" \/>\n<meta property=\"og:description\" content=\"ECHEVERIA PELUSIDA artificial. Realismo incr\u00edvel nas suas folhas carnudas de Borgonha. Decorar qualquer ambiente sem manuten\u00e7\u00e3o.\" \/>\n<meta property=\"og:url\" content=\"https:\/\/decoplanta.com\/pt-pt\/mini-plantas-artificiais-de-interior\/echeveria-pelusida-artificial\/\" \/>\n<meta property=\"og:site_name\" content=\"Plantas y \u00e1rboles artificiales de Alto Realismo\" \/>\n<meta property=\"article:modified_time\" content=\"2023-10-31T08:41:19+00:00\" \/>\n<meta property=\"og:image\" content=\"https:\/\/decoplanta.com\/wp-content\/uploads\/2021\/03\/4191353-ECHEVERIA_PELUSIDA.jpg\" \/>\n\t<meta property=\"og:image:width\" content=\"2500\" \/>\n\t<meta property=\"og:image:height\" content=\"2500\" \/>\n\t<meta property=\"og:image:type\" content=\"image\/jpeg\" \/>\n<meta name=\"twitter:card\" content=\"summary_large_image\" \/>\n<meta name=\"twitter:label1\" content=\"Tempo estimado de leitura\" \/>\n\t<meta name=\"twitter:data1\" content=\"2 minutos\" \/>\n<script type=\"application\/ld+json\" class=\"yoast-schema-graph\">{\"@context\":\"https:\\\/\\\/schema.org\",\"@graph\":[{\"@type\":\"WebPage\",\"@id\":\"https:\\\/\\\/decoplanta.com\\\/pt-pt\\\/mini-plantas-artificiais-de-interior\\\/echeveria-pelusida-artificial\\\/\",\"url\":\"https:\\\/\\\/decoplanta.com\\\/pt-pt\\\/mini-plantas-artificiais-de-interior\\\/echeveria-pelusida-artificial\\\/\",\"name\":\"ECHEVERIA PELUSIDA artificial 20 cm\\\/\u00d8 - Alto realismo\",\"isPartOf\":{\"@id\":\"https:\\\/\\\/decoplanta.com\\\/pt-pt\\\/#website\"},\"primaryImageOfPage\":{\"@id\":\"https:\\\/\\\/decoplanta.com\\\/pt-pt\\\/mini-plantas-artificiais-de-interior\\\/echeveria-pelusida-artificial\\\/#primaryimage\"},\"image\":{\"@id\":\"https:\\\/\\\/decoplanta.com\\\/pt-pt\\\/mini-plantas-artificiais-de-interior\\\/echeveria-pelusida-artificial\\\/#primaryimage\"},\"thumbnailUrl\":\"https:\\\/\\\/decoplanta.com\\\/wp-content\\\/uploads\\\/2021\\\/03\\\/4191353-ECHEVERIA_PELUSIDA.jpg\",\"datePublished\":\"2022-10-23T10:02:26+00:00\",\"dateModified\":\"2023-10-31T08:41:19+00:00\",\"description\":\"ECHEVERIA PELUSIDA artificial. Realismo incr\u00edvel nas suas folhas carnudas de Borgonha. Decorar qualquer ambiente sem manuten\u00e7\u00e3o.\",\"breadcrumb\":{\"@id\":\"https:\\\/\\\/decoplanta.com\\\/pt-pt\\\/mini-plantas-artificiais-de-interior\\\/echeveria-pelusida-artificial\\\/#breadcrumb\"},\"inLanguage\":\"pt-PT\",\"potentialAction\":[{\"@type\":\"ReadAction\",\"target\":[\"https:\\\/\\\/decoplanta.com\\\/pt-pt\\\/mini-plantas-artificiais-de-interior\\\/echeveria-pelusida-artificial\\\/\"]}]},{\"@type\":\"ImageObject\",\"inLanguage\":\"pt-PT\",\"@id\":\"https:\\\/\\\/decoplanta.com\\\/pt-pt\\\/mini-plantas-artificiais-de-interior\\\/echeveria-pelusida-artificial\\\/#primaryimage\",\"url\":\"https:\\\/\\\/decoplanta.com\\\/wp-content\\\/uploads\\\/2021\\\/03\\\/4191353-ECHEVERIA_PELUSIDA.jpg\",\"contentUrl\":\"https:\\\/\\\/decoplanta.com\\\/wp-content\\\/uploads\\\/2021\\\/03\\\/4191353-ECHEVERIA_PELUSIDA.jpg\",\"width\":2500,\"height\":2500,\"caption\":\"Echeveria pelusida mini\"},{\"@type\":\"BreadcrumbList\",\"@id\":\"https:\\\/\\\/decoplanta.com\\\/pt-pt\\\/mini-plantas-artificiais-de-interior\\\/echeveria-pelusida-artificial\\\/#breadcrumb\",\"itemListElement\":[{\"@type\":\"ListItem\",\"position\":1,\"name\":\"Portada\",\"item\":\"https:\\\/\\\/decoplanta.com\\\/pt-pt\\\/\"},{\"@type\":\"ListItem\",\"position\":2,\"name\":\"Priv\u00e9\u00a0: Tienda\",\"item\":\"https:\\\/\\\/decoplanta.com\\\/?page_id=377\"},{\"@type\":\"ListItem\",\"position\":3,\"name\":\"ECHEVERIA PELUSIDA 11cm\"}]},{\"@type\":\"WebSite\",\"@id\":\"https:\\\/\\\/decoplanta.com\\\/pt-pt\\\/#website\",\"url\":\"https:\\\/\\\/decoplanta.com\\\/pt-pt\\\/\",\"name\":\"Plantas y \u00e1rboles artificiales de Alto Realismo\",\"description\":\"Proveedor de Plantas artificiales para estudios de Arquitectura, Interiorismo, Paisajismo, Escenograf\u00eda, Tiendas de Decoraci\u00f3n Florister\u00edas y Mobiliario\",\"publisher\":{\"@id\":\"https:\\\/\\\/decoplanta.com\\\/pt-pt\\\/#organization\"},\"potentialAction\":[{\"@type\":\"SearchAction\",\"target\":{\"@type\":\"EntryPoint\",\"urlTemplate\":\"https:\\\/\\\/decoplanta.com\\\/pt-pt\\\/?s={search_term_string}\"},\"query-input\":{\"@type\":\"PropertyValueSpecification\",\"valueRequired\":true,\"valueName\":\"search_term_string\"}}],\"inLanguage\":\"pt-PT\"},{\"@type\":\"Organization\",\"@id\":\"https:\\\/\\\/decoplanta.com\\\/pt-pt\\\/#organization\",\"name\":\"Plantas y \u00e1rboles artificiales de Alto Realismo\",\"url\":\"https:\\\/\\\/decoplanta.com\\\/pt-pt\\\/\",\"logo\":{\"@type\":\"ImageObject\",\"inLanguage\":\"pt-PT\",\"@id\":\"https:\\\/\\\/decoplanta.com\\\/pt-pt\\\/#\\\/schema\\\/logo\\\/image\\\/\",\"url\":\"https:\\\/\\\/decoplanta.com\\\/wp-content\\\/uploads\\\/2021\\\/02\\\/decoplanta-logo2020.svg\",\"contentUrl\":\"https:\\\/\\\/decoplanta.com\\\/wp-content\\\/uploads\\\/2021\\\/02\\\/decoplanta-logo2020.svg\",\"width\":500,\"height\":500,\"caption\":\"Plantas y \u00e1rboles artificiales de Alto Realismo\"},\"image\":{\"@id\":\"https:\\\/\\\/decoplanta.com\\\/pt-pt\\\/#\\\/schema\\\/logo\\\/image\\\/\"}}]}<\/script>\n<!-- \/ Yoast SEO plugin. -->","yoast_head_json":{"title":"ECHEVERIA PELUSIDA artificial 20 cm\/\u00d8 - Alto realismo","description":"ECHEVERIA PELUSIDA artificial. Realismo incr\u00edvel nas suas folhas carnudas de Borgonha. Decorar qualquer ambiente sem manuten\u00e7\u00e3o.","robots":{"index":"index","follow":"follow","max-snippet":"max-snippet:-1","max-image-preview":"max-image-preview:large","max-video-preview":"max-video-preview:-1"},"canonical":"https:\/\/decoplanta.com\/pt-pt\/mini-plantas-artificiais-de-interior\/echeveria-pelusida-artificial\/","og_locale":"pt_PT","og_type":"article","og_title":"ECHEVERIA PELUSIDA artificial 20 cm\/\u00d8 - Alto realismo","og_description":"ECHEVERIA PELUSIDA artificial. Realismo incr\u00edvel nas suas folhas carnudas de Borgonha. Decorar qualquer ambiente sem manuten\u00e7\u00e3o.","og_url":"https:\/\/decoplanta.com\/pt-pt\/mini-plantas-artificiais-de-interior\/echeveria-pelusida-artificial\/","og_site_name":"Plantas y \u00e1rboles artificiales de Alto Realismo","article_modified_time":"2023-10-31T08:41:19+00:00","og_image":[{"width":2500,"height":2500,"url":"https:\/\/decoplanta.com\/wp-content\/uploads\/2021\/03\/4191353-ECHEVERIA_PELUSIDA.jpg","type":"image\/jpeg"}],"twitter_card":"summary_large_image","twitter_misc":{"Tempo estimado de leitura":"2 minutos"},"schema":{"@context":"https:\/\/schema.org","@graph":[{"@type":"WebPage","@id":"https:\/\/decoplanta.com\/pt-pt\/mini-plantas-artificiais-de-interior\/echeveria-pelusida-artificial\/","url":"https:\/\/decoplanta.com\/pt-pt\/mini-plantas-artificiais-de-interior\/echeveria-pelusida-artificial\/","name":"ECHEVERIA PELUSIDA artificial 20 cm\/\u00d8 - Alto realismo","isPartOf":{"@id":"https:\/\/decoplanta.com\/pt-pt\/#website"},"primaryImageOfPage":{"@id":"https:\/\/decoplanta.com\/pt-pt\/mini-plantas-artificiais-de-interior\/echeveria-pelusida-artificial\/#primaryimage"},"image":{"@id":"https:\/\/decoplanta.com\/pt-pt\/mini-plantas-artificiais-de-interior\/echeveria-pelusida-artificial\/#primaryimage"},"thumbnailUrl":"https:\/\/decoplanta.com\/wp-content\/uploads\/2021\/03\/4191353-ECHEVERIA_PELUSIDA.jpg","datePublished":"2022-10-23T10:02:26+00:00","dateModified":"2023-10-31T08:41:19+00:00","description":"ECHEVERIA PELUSIDA artificial. Realismo incr\u00edvel nas suas folhas carnudas de Borgonha. Decorar qualquer ambiente sem manuten\u00e7\u00e3o.","breadcrumb":{"@id":"https:\/\/decoplanta.com\/pt-pt\/mini-plantas-artificiais-de-interior\/echeveria-pelusida-artificial\/#breadcrumb"},"inLanguage":"pt-PT","potentialAction":[{"@type":"ReadAction","target":["https:\/\/decoplanta.com\/pt-pt\/mini-plantas-artificiais-de-interior\/echeveria-pelusida-artificial\/"]}]},{"@type":"ImageObject","inLanguage":"pt-PT","@id":"https:\/\/decoplanta.com\/pt-pt\/mini-plantas-artificiais-de-interior\/echeveria-pelusida-artificial\/#primaryimage","url":"https:\/\/decoplanta.com\/wp-content\/uploads\/2021\/03\/4191353-ECHEVERIA_PELUSIDA.jpg","contentUrl":"https:\/\/decoplanta.com\/wp-content\/uploads\/2021\/03\/4191353-ECHEVERIA_PELUSIDA.jpg","width":2500,"height":2500,"caption":"Echeveria pelusida mini"},{"@type":"BreadcrumbList","@id":"https:\/\/decoplanta.com\/pt-pt\/mini-plantas-artificiais-de-interior\/echeveria-pelusida-artificial\/#breadcrumb","itemListElement":[{"@type":"ListItem","position":1,"name":"Portada","item":"https:\/\/decoplanta.com\/pt-pt\/"},{"@type":"ListItem","position":2,"name":"Priv\u00e9\u00a0: Tienda","item":"https:\/\/decoplanta.com\/?page_id=377"},{"@type":"ListItem","position":3,"name":"ECHEVERIA PELUSIDA 11cm"}]},{"@type":"WebSite","@id":"https:\/\/decoplanta.com\/pt-pt\/#website","url":"https:\/\/decoplanta.com\/pt-pt\/","name":"Plantas y \u00e1rboles artificiales de Alto Realismo","description":"Proveedor de Plantas artificiales para estudios de Arquitectura, Interiorismo, Paisajismo, Escenograf\u00eda, Tiendas de Decoraci\u00f3n Florister\u00edas y Mobiliario","publisher":{"@id":"https:\/\/decoplanta.com\/pt-pt\/#organization"},"potentialAction":[{"@type":"SearchAction","target":{"@type":"EntryPoint","urlTemplate":"https:\/\/decoplanta.com\/pt-pt\/?s={search_term_string}"},"query-input":{"@type":"PropertyValueSpecification","valueRequired":true,"valueName":"search_term_string"}}],"inLanguage":"pt-PT"},{"@type":"Organization","@id":"https:\/\/decoplanta.com\/pt-pt\/#organization","name":"Plantas y \u00e1rboles artificiales de Alto Realismo","url":"https:\/\/decoplanta.com\/pt-pt\/","logo":{"@type":"ImageObject","inLanguage":"pt-PT","@id":"https:\/\/decoplanta.com\/pt-pt\/#\/schema\/logo\/image\/","url":"https:\/\/decoplanta.com\/wp-content\/uploads\/2021\/02\/decoplanta-logo2020.svg","contentUrl":"https:\/\/decoplanta.com\/wp-content\/uploads\/2021\/02\/decoplanta-logo2020.svg","width":500,"height":500,"caption":"Plantas y \u00e1rboles artificiales de Alto Realismo"},"image":{"@id":"https:\/\/decoplanta.com\/pt-pt\/#\/schema\/logo\/image\/"}}]}},"_links":{"self":[{"href":"https:\/\/decoplanta.com\/pt-pt\/wp-json\/wp\/v2\/product\/5297","targetHints":{"allow":["GET"]}}],"collection":[{"href":"https:\/\/decoplanta.com\/pt-pt\/wp-json\/wp\/v2\/product"}],"about":[{"href":"https:\/\/decoplanta.com\/pt-pt\/wp-json\/wp\/v2\/types\/product"}],"version-history":[{"count":0,"href":"https:\/\/decoplanta.com\/pt-pt\/wp-json\/wp\/v2\/product\/5297\/revisions"}],"wp:featuredmedia":[{"embeddable":true,"href":"https:\/\/decoplanta.com\/pt-pt\/wp-json\/wp\/v2\/media\/6082"}],"wp:attachment":[{"href":"https:\/\/decoplanta.com\/pt-pt\/wp-json\/wp\/v2\/media?parent=5297"}],"wp:term":[{"taxonomy":"product_brand","embeddable":true,"href":"https:\/\/decoplanta.com\/pt-pt\/wp-json\/wp\/v2\/product_brand?post=5297"},{"taxonomy":"product_cat","embeddable":true,"href":"https:\/\/decoplanta.com\/pt-pt\/wp-json\/wp\/v2\/product_cat?post=5297"},{"taxonomy":"product_tag","embeddable":true,"href":"https:\/\/decoplanta.com\/pt-pt\/wp-json\/wp\/v2\/product_tag?post=5297"}],"curies":[{"name":"wp","href":"https:\/\/api.w.org\/{rel}","templated":true}]}}