{"id":5298,"date":"2022-06-14T08:31:45","date_gmt":"2022-10-23T10:18:59","guid":{"rendered":"https:\/\/decoplanta.com\/sem%20categoria\/jardineira-decoalta-90-cm\/"},"modified":"2023-06-26T10:30:46","modified_gmt":"2023-06-26T09:30:46","slug":"jardineira-decoalta-90cm","status":"publish","type":"product","link":"https:\/\/decoplanta.com\/pt-pt\/plantadeiras-de-resina\/jardineira-decoalta-90cm\/","title":{"rendered":"Jardineira DECOALTA 90 cm"},"content":{"rendered":"<p>Jardineira redonda alta DECOALTA, em forma de cone. Fabricado em resina de alta resist\u00eancia, leve e lav\u00e1vel, ideal para plantas e \u00e1rvores artificiais. O seu desenho neutro e elegante n\u00e3o ofusca a beleza dos troncos e caules das plantas que a sua altura permitir\u00e1 exibir. Est\u00e1 sempre dispon\u00edvel em duas cores: Preto e Branco. Jardineira redonda Adequado para uso interior ou exterior. Jardineira DECOALTA redonda Est\u00e1 dispon\u00edvel em dois tamanhos a condizer, fazendo um conjunto muito elegante.<\/p>\n<h3 class=\"p1\"><span class=\"s1\"><b>Jardineira redonda alta DECOALTA Modelo 90 cm<\/b><\/span><\/h3>\n<p class=\"p2\"><span class=\"s1\">Esta jardineira de <a href=\"https:\/\/preguntas.habitissimo.es\/pregunta\/revestimiento-de-resina-epoxy\"><span class=\"s2\">resina<\/span><\/a>, \u00e9 feito precisamente para resistir \u00e0s intemp\u00e9ries. \u00c9 resistente a mudan\u00e7as extremas de temperatura. Al\u00e9m disso, resiste muito bem aos raios solares. Como consequ\u00eancia, nunca perdem a sua cor original, ficando sempre novas, como no primeiro dia.<\/span><\/p>\n<p class=\"p2\"><span class=\"s1\">Confira todas as <a href=\"https:\/\/decoplanta.com\/pt-pt\/plantadeiras-de-resina\/\"><span class=\"s2\">jardineiras<\/span><\/a> dispon\u00edveis em resina de alta resist\u00eancia. Outras <a href=\"https:\/\/decoplanta.com\/pt-pt\/plantadeiras-de-resina\/jardineira-retangular-minideco\/\"><span class=\"s2\">jardineras rectangulares<\/span><\/a>, ou <a href=\"https:\/\/decoplanta.com\/pt-pt\/plantadeiras-de-resina\/jardineira-quadrada-deco\/\"><span class=\"s2\">quadradas<\/span><\/a> tamb\u00e9m est\u00e3o dispon\u00edveis. Entre as floreiras retangulares, destaca-se a <a href=\"https:\/\/decoplanta.com\/pt-pt\/plantadeiras-de-resina\/jardineira-muro-retangular-grande\/\"><span class=\"s2\">Jardineira Muro<\/span><\/a>, que \u00e9 alta, muito utilizada como separa\u00e7\u00e3o de ambientes no setor hoteleiro.<\/span><\/p>\n<p class=\"p2\"><span class=\"s1\">Embora tamb\u00e9m tenhamos dispon\u00edveis floreiras redondas altas, como a <a href=\"https:\/\/decoplanta.com\/pt-pt\/plantadeiras-de-resina\/jardineira-decoalta-90cm\/\"><span class=\"s2\">Decoalta de 90 cm de altura<\/span><\/a>, e a Jardineira <a href=\"https:\/\/decoplanta.com\/pt-pt\/plantadeiras-de-resina\/jardineira-alta-redonda-decoalta-70cm\/\"><span class=\"s2\">Decoalta de 70 cm.<\/span><\/a><\/span><\/p>\n<p class=\"p2\"><span class=\"s1\">Finalmente, tamb\u00e9m existem vasos de resina baixos e redondos dispon\u00edveis em tr\u00eas tamanhos, como o <a href=\"https:\/\/decoplanta.com\/pt-pt\/plantadeiras-de-resina\/jardineira-redonda-baixa-decoluxe-xl\/\"><span class=\"s2\">Decoluxe XL<\/span><\/a>, <a href=\"https:\/\/decoplanta.com\/pt-pt\/plantadeiras-de-resina\/jardineira-redonda-baixa-decoluxe-l\/\"><span class=\"s2\">Decoluxe L<\/span><\/a> y <a href=\"https:\/\/decoplanta.com\/pt-pt\/plantadeiras-de-resina\/jardineira-decoluxe-m\/\"><span class=\"s2\">Decoluxe M<\/span><\/a>.<\/span><\/p>\n","protected":false},"excerpt":{"rendered":"<p>Jardineira DECOALTA redonda, em forma de cone. Fabricado em resina de alta resist\u00eancia, leve e lav\u00e1vel. O seu desenho neutro e elegante n\u00e3o ofusca a beleza dos troncos e caules das plantas que a sua altura permitir\u00e1 exibir. Est\u00e1 dispon\u00edvel em dois tamanhos a condizer, fazendo um conjunto muito elegante. Adequado para uso interior ou exterior. Cores dispon\u00edveis: Preto e Branco.<\/p>\n<p><img fetchpriority=\"high\" decoding=\"async\" class=\"alignnone wp-image-5754 size-thumbnail\" role=\"img\" src=\"https:\/\/decoplanta.com\/wp-content\/uploads\/2023\/06\/ESQUEMA_DECOALTA-90.svg\" alt=\"Jardineira redonda alta DECOALTA\" width=\"277\" height=\"277\" srcset=\"https:\/\/decoplanta.com\/wp-content\/uploads\/2023\/06\/ESQUEMA_DECOALTA-90.svg 500w, https:\/\/decoplanta.com\/wp-content\/uploads\/2023\/06\/ESQUEMA_DECOALTA-90.svg 768w, https:\/\/decoplanta.com\/wp-content\/uploads\/2023\/06\/ESQUEMA_DECOALTA-90.svg 1920w, https:\/\/decoplanta.com\/wp-content\/uploads\/2023\/06\/ESQUEMA_DECOALTA-90.svg 1536w, https:\/\/decoplanta.com\/wp-content\/uploads\/2023\/06\/ESQUEMA_DECOALTA-90.svg 2048w, https:\/\/decoplanta.com\/wp-content\/uploads\/2023\/06\/ESQUEMA_DECOALTA-90.svg 100w\" sizes=\"(max-width: 277px) 100vw, 277px\" \/><\/p>\n<table>\n<tbody>\n<tr>\n<td><strong>REF<\/strong><\/td>\n<td><strong>ALTURA <\/strong><\/td>\n<td><strong>\u00d8<\/strong><\/td>\n<\/tr>\n<tr>\n<td>JDNBM090BXNW<\/td>\n<td>90 cm<\/td>\n<td>40 cm<\/td>\n<\/tr>\n<\/tbody>\n<\/table>\n","protected":false},"featured_media":4693,"template":"","meta":{"_monsterinsights_skip_tracking":false,"_monsterinsights_sitenote_active":false,"_monsterinsights_sitenote_note":"","_monsterinsights_sitenote_category":0},"product_brand":[],"product_cat":[397],"product_tag":[418,419],"class_list":{"0":"post-5298","1":"product","2":"type-product","3":"status-publish","4":"has-post-thumbnail","6":"product_cat-plantadeiras-de-resina","7":"product_tag-plantadeira-alta","8":"product_tag-plantadeira-para-exterior","9":"","10":"woocommerce-text-align-center","11":"woocommerce-image-align-center","12":"do-quantity-buttons","13":"wc-has-gallery","15":"first","16":"instock","17":"taxable","18":"shipping-taxable","19":"purchasable","20":"product-type-simple"},"yoast_head":"<!-- This site is optimized with the Yoast SEO plugin v27.4 - https:\/\/yoast.com\/product\/yoast-seo-wordpress\/ -->\n<title>Jardineira redonda alta DECOALTA 90 de resina de alta resist\u00eancia<\/title>\n<meta name=\"description\" content=\"Jardineira redonda alta DECOALTA para uso exterior ou interior. Est\u00e1 dispon\u00edvel em dois tamanhos que podem ser combinados elegantemente. Preto e Branco\" \/>\n<meta name=\"robots\" content=\"index, follow, max-snippet:-1, max-image-preview:large, max-video-preview:-1\" \/>\n<link rel=\"canonical\" href=\"https:\/\/decoplanta.com\/pt-pt\/plantadeiras-de-resina\/jardineira-decoalta-90cm\/\" \/>\n<meta property=\"og:locale\" content=\"pt_PT\" \/>\n<meta property=\"og:type\" content=\"article\" \/>\n<meta property=\"og:title\" content=\"Jardineira redonda alta DECOALTA 90 de resina de alta resist\u00eancia\" \/>\n<meta property=\"og:description\" content=\"Jardineira redonda alta DECOALTA para uso exterior ou interior. Est\u00e1 dispon\u00edvel em dois tamanhos que podem ser combinados elegantemente. Preto e Branco\" \/>\n<meta property=\"og:url\" content=\"https:\/\/decoplanta.com\/pt-pt\/plantadeiras-de-resina\/jardineira-decoalta-90cm\/\" \/>\n<meta property=\"og:site_name\" content=\"Plantas y \u00e1rboles artificiales de Alto Realismo\" \/>\n<meta property=\"article:modified_time\" content=\"2023-06-26T09:30:46+00:00\" \/>\n<meta property=\"og:image\" content=\"https:\/\/decoplanta.com\/wp-content\/uploads\/2022\/02\/JDNBM090BXNW-jardineras-DECOALTA-90cm.jpg\" \/>\n\t<meta property=\"og:image:width\" content=\"1000\" \/>\n\t<meta property=\"og:image:height\" content=\"1000\" \/>\n\t<meta property=\"og:image:type\" content=\"image\/jpeg\" \/>\n<meta name=\"twitter:card\" content=\"summary_large_image\" \/>\n<meta name=\"twitter:label1\" content=\"Tempo estimado de leitura\" \/>\n\t<meta name=\"twitter:data1\" content=\"1 minuto\" \/>\n<script type=\"application\/ld+json\" class=\"yoast-schema-graph\">{\"@context\":\"https:\\\/\\\/schema.org\",\"@graph\":[{\"@type\":\"WebPage\",\"@id\":\"https:\\\/\\\/decoplanta.com\\\/pt-pt\\\/plantadeiras-de-resina\\\/jardineira-decoalta-90cm\\\/\",\"url\":\"https:\\\/\\\/decoplanta.com\\\/pt-pt\\\/plantadeiras-de-resina\\\/jardineira-decoalta-90cm\\\/\",\"name\":\"Jardineira redonda alta DECOALTA 90 de resina de alta resist\u00eancia\",\"isPartOf\":{\"@id\":\"https:\\\/\\\/decoplanta.com\\\/pt-pt\\\/#website\"},\"primaryImageOfPage\":{\"@id\":\"https:\\\/\\\/decoplanta.com\\\/pt-pt\\\/plantadeiras-de-resina\\\/jardineira-decoalta-90cm\\\/#primaryimage\"},\"image\":{\"@id\":\"https:\\\/\\\/decoplanta.com\\\/pt-pt\\\/plantadeiras-de-resina\\\/jardineira-decoalta-90cm\\\/#primaryimage\"},\"thumbnailUrl\":\"https:\\\/\\\/decoplanta.com\\\/wp-content\\\/uploads\\\/2022\\\/02\\\/JDNBM090BXNW-jardineras-DECOALTA-90cm.jpg\",\"datePublished\":\"2022-10-23T10:18:59+00:00\",\"dateModified\":\"2023-06-26T09:30:46+00:00\",\"description\":\"Jardineira redonda alta DECOALTA para uso exterior ou interior. Est\u00e1 dispon\u00edvel em dois tamanhos que podem ser combinados elegantemente. Preto e Branco\",\"breadcrumb\":{\"@id\":\"https:\\\/\\\/decoplanta.com\\\/pt-pt\\\/plantadeiras-de-resina\\\/jardineira-decoalta-90cm\\\/#breadcrumb\"},\"inLanguage\":\"pt-PT\",\"potentialAction\":[{\"@type\":\"ReadAction\",\"target\":[\"https:\\\/\\\/decoplanta.com\\\/pt-pt\\\/plantadeiras-de-resina\\\/jardineira-decoalta-90cm\\\/\"]}]},{\"@type\":\"ImageObject\",\"inLanguage\":\"pt-PT\",\"@id\":\"https:\\\/\\\/decoplanta.com\\\/pt-pt\\\/plantadeiras-de-resina\\\/jardineira-decoalta-90cm\\\/#primaryimage\",\"url\":\"https:\\\/\\\/decoplanta.com\\\/wp-content\\\/uploads\\\/2022\\\/02\\\/JDNBM090BXNW-jardineras-DECOALTA-90cm.jpg\",\"contentUrl\":\"https:\\\/\\\/decoplanta.com\\\/wp-content\\\/uploads\\\/2022\\\/02\\\/JDNBM090BXNW-jardineras-DECOALTA-90cm.jpg\",\"width\":1000,\"height\":1000,\"caption\":\"Jardineira redonda alta DECOALTA DE 90CM\"},{\"@type\":\"BreadcrumbList\",\"@id\":\"https:\\\/\\\/decoplanta.com\\\/pt-pt\\\/plantadeiras-de-resina\\\/jardineira-decoalta-90cm\\\/#breadcrumb\",\"itemListElement\":[{\"@type\":\"ListItem\",\"position\":1,\"name\":\"Portada\",\"item\":\"https:\\\/\\\/decoplanta.com\\\/pt-pt\\\/\"},{\"@type\":\"ListItem\",\"position\":2,\"name\":\"Priv\u00e9\u00a0: Tienda\",\"item\":\"https:\\\/\\\/decoplanta.com\\\/?page_id=377\"},{\"@type\":\"ListItem\",\"position\":3,\"name\":\"Jardineira DECOALTA 90 cm\"}]},{\"@type\":\"WebSite\",\"@id\":\"https:\\\/\\\/decoplanta.com\\\/pt-pt\\\/#website\",\"url\":\"https:\\\/\\\/decoplanta.com\\\/pt-pt\\\/\",\"name\":\"Plantas y \u00e1rboles artificiales de Alto Realismo\",\"description\":\"Proveedor de Plantas artificiales para estudios de Arquitectura, Interiorismo, Paisajismo, Escenograf\u00eda, Tiendas de Decoraci\u00f3n Florister\u00edas y Mobiliario\",\"publisher\":{\"@id\":\"https:\\\/\\\/decoplanta.com\\\/pt-pt\\\/#organization\"},\"potentialAction\":[{\"@type\":\"SearchAction\",\"target\":{\"@type\":\"EntryPoint\",\"urlTemplate\":\"https:\\\/\\\/decoplanta.com\\\/pt-pt\\\/?s={search_term_string}\"},\"query-input\":{\"@type\":\"PropertyValueSpecification\",\"valueRequired\":true,\"valueName\":\"search_term_string\"}}],\"inLanguage\":\"pt-PT\"},{\"@type\":\"Organization\",\"@id\":\"https:\\\/\\\/decoplanta.com\\\/pt-pt\\\/#organization\",\"name\":\"Plantas y \u00e1rboles artificiales de Alto Realismo\",\"url\":\"https:\\\/\\\/decoplanta.com\\\/pt-pt\\\/\",\"logo\":{\"@type\":\"ImageObject\",\"inLanguage\":\"pt-PT\",\"@id\":\"https:\\\/\\\/decoplanta.com\\\/pt-pt\\\/#\\\/schema\\\/logo\\\/image\\\/\",\"url\":\"https:\\\/\\\/decoplanta.com\\\/wp-content\\\/uploads\\\/2021\\\/02\\\/decoplanta-logo2020.svg\",\"contentUrl\":\"https:\\\/\\\/decoplanta.com\\\/wp-content\\\/uploads\\\/2021\\\/02\\\/decoplanta-logo2020.svg\",\"width\":500,\"height\":500,\"caption\":\"Plantas y \u00e1rboles artificiales de Alto Realismo\"},\"image\":{\"@id\":\"https:\\\/\\\/decoplanta.com\\\/pt-pt\\\/#\\\/schema\\\/logo\\\/image\\\/\"}}]}<\/script>\n<!-- \/ Yoast SEO plugin. -->","yoast_head_json":{"title":"Jardineira redonda alta DECOALTA 90 de resina de alta resist\u00eancia","description":"Jardineira redonda alta DECOALTA para uso exterior ou interior. Est\u00e1 dispon\u00edvel em dois tamanhos que podem ser combinados elegantemente. Preto e Branco","robots":{"index":"index","follow":"follow","max-snippet":"max-snippet:-1","max-image-preview":"max-image-preview:large","max-video-preview":"max-video-preview:-1"},"canonical":"https:\/\/decoplanta.com\/pt-pt\/plantadeiras-de-resina\/jardineira-decoalta-90cm\/","og_locale":"pt_PT","og_type":"article","og_title":"Jardineira redonda alta DECOALTA 90 de resina de alta resist\u00eancia","og_description":"Jardineira redonda alta DECOALTA para uso exterior ou interior. Est\u00e1 dispon\u00edvel em dois tamanhos que podem ser combinados elegantemente. Preto e Branco","og_url":"https:\/\/decoplanta.com\/pt-pt\/plantadeiras-de-resina\/jardineira-decoalta-90cm\/","og_site_name":"Plantas y \u00e1rboles artificiales de Alto Realismo","article_modified_time":"2023-06-26T09:30:46+00:00","og_image":[{"width":1000,"height":1000,"url":"https:\/\/decoplanta.com\/wp-content\/uploads\/2022\/02\/JDNBM090BXNW-jardineras-DECOALTA-90cm.jpg","type":"image\/jpeg"}],"twitter_card":"summary_large_image","twitter_misc":{"Tempo estimado de leitura":"1 minuto"},"schema":{"@context":"https:\/\/schema.org","@graph":[{"@type":"WebPage","@id":"https:\/\/decoplanta.com\/pt-pt\/plantadeiras-de-resina\/jardineira-decoalta-90cm\/","url":"https:\/\/decoplanta.com\/pt-pt\/plantadeiras-de-resina\/jardineira-decoalta-90cm\/","name":"Jardineira redonda alta DECOALTA 90 de resina de alta resist\u00eancia","isPartOf":{"@id":"https:\/\/decoplanta.com\/pt-pt\/#website"},"primaryImageOfPage":{"@id":"https:\/\/decoplanta.com\/pt-pt\/plantadeiras-de-resina\/jardineira-decoalta-90cm\/#primaryimage"},"image":{"@id":"https:\/\/decoplanta.com\/pt-pt\/plantadeiras-de-resina\/jardineira-decoalta-90cm\/#primaryimage"},"thumbnailUrl":"https:\/\/decoplanta.com\/wp-content\/uploads\/2022\/02\/JDNBM090BXNW-jardineras-DECOALTA-90cm.jpg","datePublished":"2022-10-23T10:18:59+00:00","dateModified":"2023-06-26T09:30:46+00:00","description":"Jardineira redonda alta DECOALTA para uso exterior ou interior. Est\u00e1 dispon\u00edvel em dois tamanhos que podem ser combinados elegantemente. Preto e Branco","breadcrumb":{"@id":"https:\/\/decoplanta.com\/pt-pt\/plantadeiras-de-resina\/jardineira-decoalta-90cm\/#breadcrumb"},"inLanguage":"pt-PT","potentialAction":[{"@type":"ReadAction","target":["https:\/\/decoplanta.com\/pt-pt\/plantadeiras-de-resina\/jardineira-decoalta-90cm\/"]}]},{"@type":"ImageObject","inLanguage":"pt-PT","@id":"https:\/\/decoplanta.com\/pt-pt\/plantadeiras-de-resina\/jardineira-decoalta-90cm\/#primaryimage","url":"https:\/\/decoplanta.com\/wp-content\/uploads\/2022\/02\/JDNBM090BXNW-jardineras-DECOALTA-90cm.jpg","contentUrl":"https:\/\/decoplanta.com\/wp-content\/uploads\/2022\/02\/JDNBM090BXNW-jardineras-DECOALTA-90cm.jpg","width":1000,"height":1000,"caption":"Jardineira redonda alta DECOALTA DE 90CM"},{"@type":"BreadcrumbList","@id":"https:\/\/decoplanta.com\/pt-pt\/plantadeiras-de-resina\/jardineira-decoalta-90cm\/#breadcrumb","itemListElement":[{"@type":"ListItem","position":1,"name":"Portada","item":"https:\/\/decoplanta.com\/pt-pt\/"},{"@type":"ListItem","position":2,"name":"Priv\u00e9\u00a0: Tienda","item":"https:\/\/decoplanta.com\/?page_id=377"},{"@type":"ListItem","position":3,"name":"Jardineira DECOALTA 90 cm"}]},{"@type":"WebSite","@id":"https:\/\/decoplanta.com\/pt-pt\/#website","url":"https:\/\/decoplanta.com\/pt-pt\/","name":"Plantas y \u00e1rboles artificiales de Alto Realismo","description":"Proveedor de Plantas artificiales para estudios de Arquitectura, Interiorismo, Paisajismo, Escenograf\u00eda, Tiendas de Decoraci\u00f3n Florister\u00edas y Mobiliario","publisher":{"@id":"https:\/\/decoplanta.com\/pt-pt\/#organization"},"potentialAction":[{"@type":"SearchAction","target":{"@type":"EntryPoint","urlTemplate":"https:\/\/decoplanta.com\/pt-pt\/?s={search_term_string}"},"query-input":{"@type":"PropertyValueSpecification","valueRequired":true,"valueName":"search_term_string"}}],"inLanguage":"pt-PT"},{"@type":"Organization","@id":"https:\/\/decoplanta.com\/pt-pt\/#organization","name":"Plantas y \u00e1rboles artificiales de Alto Realismo","url":"https:\/\/decoplanta.com\/pt-pt\/","logo":{"@type":"ImageObject","inLanguage":"pt-PT","@id":"https:\/\/decoplanta.com\/pt-pt\/#\/schema\/logo\/image\/","url":"https:\/\/decoplanta.com\/wp-content\/uploads\/2021\/02\/decoplanta-logo2020.svg","contentUrl":"https:\/\/decoplanta.com\/wp-content\/uploads\/2021\/02\/decoplanta-logo2020.svg","width":500,"height":500,"caption":"Plantas y \u00e1rboles artificiales de Alto Realismo"},"image":{"@id":"https:\/\/decoplanta.com\/pt-pt\/#\/schema\/logo\/image\/"}}]}},"_links":{"self":[{"href":"https:\/\/decoplanta.com\/pt-pt\/wp-json\/wp\/v2\/product\/5298","targetHints":{"allow":["GET"]}}],"collection":[{"href":"https:\/\/decoplanta.com\/pt-pt\/wp-json\/wp\/v2\/product"}],"about":[{"href":"https:\/\/decoplanta.com\/pt-pt\/wp-json\/wp\/v2\/types\/product"}],"version-history":[{"count":0,"href":"https:\/\/decoplanta.com\/pt-pt\/wp-json\/wp\/v2\/product\/5298\/revisions"}],"wp:featuredmedia":[{"embeddable":true,"href":"https:\/\/decoplanta.com\/pt-pt\/wp-json\/wp\/v2\/media\/4693"}],"wp:attachment":[{"href":"https:\/\/decoplanta.com\/pt-pt\/wp-json\/wp\/v2\/media?parent=5298"}],"wp:term":[{"taxonomy":"product_brand","embeddable":true,"href":"https:\/\/decoplanta.com\/pt-pt\/wp-json\/wp\/v2\/product_brand?post=5298"},{"taxonomy":"product_cat","embeddable":true,"href":"https:\/\/decoplanta.com\/pt-pt\/wp-json\/wp\/v2\/product_cat?post=5298"},{"taxonomy":"product_tag","embeddable":true,"href":"https:\/\/decoplanta.com\/pt-pt\/wp-json\/wp\/v2\/product_tag?post=5298"}],"curies":[{"name":"wp","href":"https:\/\/api.w.org\/{rel}","templated":true}]}}