{"id":5304,"date":"2021-03-21T18:38:07","date_gmt":"2022-10-23T10:39:17","guid":{"rendered":"https:\/\/decoplanta.com\/sem%20categoria\/jardineira-maxideco\/"},"modified":"2023-06-26T10:44:18","modified_gmt":"2023-06-26T09:44:18","slug":"jardineira-retangular-maxideco","status":"publish","type":"product","link":"https:\/\/decoplanta.com\/pt-pt\/plantadeiras-de-resina\/jardineira-retangular-maxideco\/","title":{"rendered":"Jardineira MAXIDECO"},"content":{"rendered":"<p>Jardineira de resina retangular MAXIDECO, feita de resina de alta resist\u00eancia, leve e lav\u00e1vel, ideal para plantas artificiais e \u00e1rvores. O seu desenho neutro e elegante n\u00e3o ofusca a beleza dos troncos e caules das plantas que a sua altura permitir\u00e1 exibir. Est\u00e1 sempre dispon\u00edvel em duas cores: Preto e Branco. Jardineira retangular. Adequado para uso interior ou exterior. Jardineira de resina retangular MAXIDECO. Cores dispon\u00edveis: Branco \/ Preto.<\/p>\n<p class=\"p1\"><span class=\"s1\"><b>Jardineira de resina retangular Modelo MAXIDECO<\/b><\/span><\/p>\n<p class=\"p2\"><span class=\"s1\">Esta jardineira de <a href=\"https:\/\/preguntas.habitissimo.es\/pregunta\/revestimiento-de-resina-epoxy\"><span class=\"s2\">resina<\/span><\/a>, \u00e9 feito precisamente para resistir \u00e0s intemp\u00e9ries. \u00c9 resistente a mudan\u00e7as extremas de temperatura. Al\u00e9m disso, resiste muito bem aos raios solares. Como consequ\u00eancia, nunca perdem a sua cor original, ficando sempre novas, como no primeiro dia.<\/span><\/p>\n<p class=\"p2\"><span class=\"s1\">Confira todas as <a href=\"https:\/\/decoplanta.com\/pt-pt\/plantadeiras-de-resina\/\"><span class=\"s2\">jardineiras<\/span><\/a> dispon\u00edveis em resina de alta resist\u00eancia. Outras <a href=\"https:\/\/decoplanta.com\/pt-pt\/plantadeiras-de-resina\/jardineira-retangular-minideco\/\"><span class=\"s2\">jardineras rectangulares<\/span><\/a>, ou <a href=\"https:\/\/decoplanta.com\/pt-pt\/plantadeiras-de-resina\/jardineira-quadrada-deco\/\"><span class=\"s2\">quadradas<\/span><\/a> tamb\u00e9m est\u00e3o dispon\u00edveis. Entre as floreiras retangulares, destaca-se a <a href=\"https:\/\/decoplanta.com\/pt-pt\/plantadeiras-de-resina\/jardineira-muro-retangular-grande\/\"><span class=\"s2\">Jardineira Muro<\/span><\/a>, que \u00e9 alta, muito utilizada como separa\u00e7\u00e3o de ambientes no setor hoteleiro.<\/span><\/p>\n<p class=\"p2\"><span class=\"s1\">Embora tamb\u00e9m tenhamos dispon\u00edveis floreiras redondas altas, como a <a href=\"https:\/\/decoplanta.com\/pt-pt\/plantadeiras-de-resina\/jardineira-decoalta-90cm\/\"><span class=\"s2\">Decoalta de 90 cm de altura<\/span><\/a>, e a Jardineira <a href=\"https:\/\/decoplanta.com\/pt-pt\/plantadeiras-de-resina\/jardineira-alta-redonda-decoalta-70cm\/\"><span class=\"s2\">Decoalta de 70 cm.<\/span><\/a><\/span><\/p>\n<p class=\"p2\"><span class=\"s1\">Finalmente, tamb\u00e9m existem vasos de resina baixos e redondos dispon\u00edveis em tr\u00eas tamanhos, como o <a href=\"https:\/\/decoplanta.com\/pt-pt\/plantadeiras-de-resina\/jardineira-redonda-baixa-decoluxe-xl\/\"><span class=\"s2\">Decoluxe XL<\/span><\/a>, <a href=\"https:\/\/decoplanta.com\/pt-pt\/plantadeiras-de-resina\/jardineira-redonda-baixa-decoluxe-l\/\"><span class=\"s2\">Decoluxe L<\/span><\/a> y <a href=\"https:\/\/decoplanta.com\/pt-pt\/plantadeiras-de-resina\/jardineira-decoluxe-m\/\"><span class=\"s2\">Decoluxe M<\/span><\/a>.<\/span><\/p>\n","protected":false},"excerpt":{"rendered":"<p>Jardineira de resina retangular MAXIDECO, ideal para plantas e \u00e1rvores artificiais. Fabricado em resina de alta resist\u00eancia, leve e lav\u00e1vel. O seu desenho neutro e elegante n\u00e3o ofusca a beleza dos troncos e caules das plantas que a sua altura permitir\u00e1 exibir.<\/p>\n<p>Cores dispon\u00edveis: Preto e Branco.<\/p>\n<p><img fetchpriority=\"high\" decoding=\"async\" class=\"alignnone wp-image-5766 size-thumbnail\" role=\"img\" src=\"https:\/\/decoplanta.com\/wp-content\/uploads\/2023\/06\/ESQUEMA_MAXIDECO.svg\" alt=\"esquema de jardinera de resina rectangular maxideco\" width=\"277\" height=\"277\" srcset=\"https:\/\/decoplanta.com\/wp-content\/uploads\/2023\/06\/ESQUEMA_MAXIDECO.svg 500w, https:\/\/decoplanta.com\/wp-content\/uploads\/2023\/06\/ESQUEMA_MAXIDECO.svg 768w, https:\/\/decoplanta.com\/wp-content\/uploads\/2023\/06\/ESQUEMA_MAXIDECO.svg 1920w, https:\/\/decoplanta.com\/wp-content\/uploads\/2023\/06\/ESQUEMA_MAXIDECO.svg 1536w, https:\/\/decoplanta.com\/wp-content\/uploads\/2023\/06\/ESQUEMA_MAXIDECO.svg 2048w, https:\/\/decoplanta.com\/wp-content\/uploads\/2023\/06\/ESQUEMA_MAXIDECO.svg 100w\" sizes=\"(max-width: 277px) 100vw, 277px\" \/><\/p>\n<table>\n<tbody>\n<tr>\n<td><strong>REF<\/strong><\/td>\n<td><strong>MEDIDAS (largura\/comprimento\/altura)<\/strong><\/td>\n<\/tr>\n<tr>\n<td><strong>JDNJR100BXNW<\/strong><\/td>\n<td>100 x 35 x 32 cm<\/td>\n<\/tr>\n<\/tbody>\n<\/table>\n","protected":false},"featured_media":4728,"template":"","meta":{"_monsterinsights_skip_tracking":false,"_monsterinsights_sitenote_active":false,"_monsterinsights_sitenote_note":"","_monsterinsights_sitenote_category":0},"product_brand":[],"product_cat":[397],"product_tag":[419,417],"class_list":{"0":"post-5304","1":"product","2":"type-product","3":"status-publish","4":"has-post-thumbnail","6":"product_cat-plantadeiras-de-resina","7":"product_tag-plantadeira-para-exterior","8":"product_tag-plantadeira-retangular","9":"","10":"woocommerce-text-align-center","11":"woocommerce-image-align-center","12":"do-quantity-buttons","14":"first","15":"instock","16":"taxable","17":"shipping-taxable","18":"purchasable","19":"product-type-simple"},"yoast_head":"<!-- This site is optimized with the Yoast SEO plugin v27.4 - https:\/\/yoast.com\/product\/yoast-seo-wordpress\/ -->\n<title>Jardineira de resina retangular MAXIDECO resistente para exterior<\/title>\n<meta name=\"description\" content=\"Jardineira de resina retangular MAXIDECO para uso exterior ou interior. Ideal para jardins ou terra\u00e7os. Medidas externas: 100 x 34 x 35 cm\" \/>\n<meta name=\"robots\" content=\"index, follow, max-snippet:-1, max-image-preview:large, max-video-preview:-1\" \/>\n<link rel=\"canonical\" href=\"https:\/\/decoplanta.com\/pt-pt\/plantadeiras-de-resina\/jardineira-retangular-maxideco\/\" \/>\n<meta property=\"og:locale\" content=\"pt_PT\" \/>\n<meta property=\"og:type\" content=\"article\" \/>\n<meta property=\"og:title\" content=\"Jardineira de resina retangular MAXIDECO resistente para exterior\" \/>\n<meta property=\"og:description\" content=\"Jardineira de resina retangular MAXIDECO para uso exterior ou interior. Ideal para jardins ou terra\u00e7os. Medidas externas: 100 x 34 x 35 cm\" \/>\n<meta property=\"og:url\" content=\"https:\/\/decoplanta.com\/pt-pt\/plantadeiras-de-resina\/jardineira-retangular-maxideco\/\" \/>\n<meta property=\"og:site_name\" content=\"Plantas y \u00e1rboles artificiales de Alto Realismo\" \/>\n<meta property=\"article:modified_time\" content=\"2023-06-26T09:44:18+00:00\" \/>\n<meta property=\"og:image\" content=\"https:\/\/decoplanta.com\/wp-content\/uploads\/2022\/06\/JDNJR100BXNW-Jardinera-MAXIDECO_BLANCA-NEGRA.jpg\" \/>\n\t<meta property=\"og:image:width\" content=\"2000\" \/>\n\t<meta property=\"og:image:height\" content=\"2000\" \/>\n\t<meta property=\"og:image:type\" content=\"image\/jpeg\" \/>\n<meta name=\"twitter:card\" content=\"summary_large_image\" \/>\n<meta name=\"twitter:label1\" content=\"Tempo estimado de leitura\" \/>\n\t<meta name=\"twitter:data1\" content=\"1 minuto\" \/>\n<script type=\"application\/ld+json\" class=\"yoast-schema-graph\">{\"@context\":\"https:\\\/\\\/schema.org\",\"@graph\":[{\"@type\":\"WebPage\",\"@id\":\"https:\\\/\\\/decoplanta.com\\\/pt-pt\\\/plantadeiras-de-resina\\\/jardineira-retangular-maxideco\\\/\",\"url\":\"https:\\\/\\\/decoplanta.com\\\/pt-pt\\\/plantadeiras-de-resina\\\/jardineira-retangular-maxideco\\\/\",\"name\":\"Jardineira de resina retangular MAXIDECO resistente para exterior\",\"isPartOf\":{\"@id\":\"https:\\\/\\\/decoplanta.com\\\/pt-pt\\\/#website\"},\"primaryImageOfPage\":{\"@id\":\"https:\\\/\\\/decoplanta.com\\\/pt-pt\\\/plantadeiras-de-resina\\\/jardineira-retangular-maxideco\\\/#primaryimage\"},\"image\":{\"@id\":\"https:\\\/\\\/decoplanta.com\\\/pt-pt\\\/plantadeiras-de-resina\\\/jardineira-retangular-maxideco\\\/#primaryimage\"},\"thumbnailUrl\":\"https:\\\/\\\/decoplanta.com\\\/wp-content\\\/uploads\\\/2022\\\/06\\\/JDNJR100BXNW-Jardinera-MAXIDECO_BLANCA-NEGRA.jpg\",\"datePublished\":\"2022-10-23T10:39:17+00:00\",\"dateModified\":\"2023-06-26T09:44:18+00:00\",\"description\":\"Jardineira de resina retangular MAXIDECO para uso exterior ou interior. Ideal para jardins ou terra\u00e7os. Medidas externas: 100 x 34 x 35 cm\",\"breadcrumb\":{\"@id\":\"https:\\\/\\\/decoplanta.com\\\/pt-pt\\\/plantadeiras-de-resina\\\/jardineira-retangular-maxideco\\\/#breadcrumb\"},\"inLanguage\":\"pt-PT\",\"potentialAction\":[{\"@type\":\"ReadAction\",\"target\":[\"https:\\\/\\\/decoplanta.com\\\/pt-pt\\\/plantadeiras-de-resina\\\/jardineira-retangular-maxideco\\\/\"]}]},{\"@type\":\"ImageObject\",\"inLanguage\":\"pt-PT\",\"@id\":\"https:\\\/\\\/decoplanta.com\\\/pt-pt\\\/plantadeiras-de-resina\\\/jardineira-retangular-maxideco\\\/#primaryimage\",\"url\":\"https:\\\/\\\/decoplanta.com\\\/wp-content\\\/uploads\\\/2022\\\/06\\\/JDNJR100BXNW-Jardinera-MAXIDECO_BLANCA-NEGRA.jpg\",\"contentUrl\":\"https:\\\/\\\/decoplanta.com\\\/wp-content\\\/uploads\\\/2022\\\/06\\\/JDNJR100BXNW-Jardinera-MAXIDECO_BLANCA-NEGRA.jpg\",\"width\":2000,\"height\":2000,\"caption\":\"jardinera maxideco en dos colores. Pot ext\u00e9rieure rectangulaire MINIDECO, haute r\u00e9sistance. Jardineira retangular MINIDECO em resina de alta resist\u00eancia\"},{\"@type\":\"BreadcrumbList\",\"@id\":\"https:\\\/\\\/decoplanta.com\\\/pt-pt\\\/plantadeiras-de-resina\\\/jardineira-retangular-maxideco\\\/#breadcrumb\",\"itemListElement\":[{\"@type\":\"ListItem\",\"position\":1,\"name\":\"Portada\",\"item\":\"https:\\\/\\\/decoplanta.com\\\/pt-pt\\\/\"},{\"@type\":\"ListItem\",\"position\":2,\"name\":\"Priv\u00e9\u00a0: Tienda\",\"item\":\"https:\\\/\\\/decoplanta.com\\\/?page_id=377\"},{\"@type\":\"ListItem\",\"position\":3,\"name\":\"Jardineira MAXIDECO\"}]},{\"@type\":\"WebSite\",\"@id\":\"https:\\\/\\\/decoplanta.com\\\/pt-pt\\\/#website\",\"url\":\"https:\\\/\\\/decoplanta.com\\\/pt-pt\\\/\",\"name\":\"Plantas y \u00e1rboles artificiales de Alto Realismo\",\"description\":\"Proveedor de Plantas artificiales para estudios de Arquitectura, Interiorismo, Paisajismo, Escenograf\u00eda, Tiendas de Decoraci\u00f3n Florister\u00edas y Mobiliario\",\"publisher\":{\"@id\":\"https:\\\/\\\/decoplanta.com\\\/pt-pt\\\/#organization\"},\"potentialAction\":[{\"@type\":\"SearchAction\",\"target\":{\"@type\":\"EntryPoint\",\"urlTemplate\":\"https:\\\/\\\/decoplanta.com\\\/pt-pt\\\/?s={search_term_string}\"},\"query-input\":{\"@type\":\"PropertyValueSpecification\",\"valueRequired\":true,\"valueName\":\"search_term_string\"}}],\"inLanguage\":\"pt-PT\"},{\"@type\":\"Organization\",\"@id\":\"https:\\\/\\\/decoplanta.com\\\/pt-pt\\\/#organization\",\"name\":\"Plantas y \u00e1rboles artificiales de Alto Realismo\",\"url\":\"https:\\\/\\\/decoplanta.com\\\/pt-pt\\\/\",\"logo\":{\"@type\":\"ImageObject\",\"inLanguage\":\"pt-PT\",\"@id\":\"https:\\\/\\\/decoplanta.com\\\/pt-pt\\\/#\\\/schema\\\/logo\\\/image\\\/\",\"url\":\"https:\\\/\\\/decoplanta.com\\\/wp-content\\\/uploads\\\/2021\\\/02\\\/decoplanta-logo2020.svg\",\"contentUrl\":\"https:\\\/\\\/decoplanta.com\\\/wp-content\\\/uploads\\\/2021\\\/02\\\/decoplanta-logo2020.svg\",\"width\":500,\"height\":500,\"caption\":\"Plantas y \u00e1rboles artificiales de Alto Realismo\"},\"image\":{\"@id\":\"https:\\\/\\\/decoplanta.com\\\/pt-pt\\\/#\\\/schema\\\/logo\\\/image\\\/\"}}]}<\/script>\n<!-- \/ Yoast SEO plugin. -->","yoast_head_json":{"title":"Jardineira de resina retangular MAXIDECO resistente para exterior","description":"Jardineira de resina retangular MAXIDECO para uso exterior ou interior. Ideal para jardins ou terra\u00e7os. Medidas externas: 100 x 34 x 35 cm","robots":{"index":"index","follow":"follow","max-snippet":"max-snippet:-1","max-image-preview":"max-image-preview:large","max-video-preview":"max-video-preview:-1"},"canonical":"https:\/\/decoplanta.com\/pt-pt\/plantadeiras-de-resina\/jardineira-retangular-maxideco\/","og_locale":"pt_PT","og_type":"article","og_title":"Jardineira de resina retangular MAXIDECO resistente para exterior","og_description":"Jardineira de resina retangular MAXIDECO para uso exterior ou interior. Ideal para jardins ou terra\u00e7os. Medidas externas: 100 x 34 x 35 cm","og_url":"https:\/\/decoplanta.com\/pt-pt\/plantadeiras-de-resina\/jardineira-retangular-maxideco\/","og_site_name":"Plantas y \u00e1rboles artificiales de Alto Realismo","article_modified_time":"2023-06-26T09:44:18+00:00","og_image":[{"width":2000,"height":2000,"url":"https:\/\/decoplanta.com\/wp-content\/uploads\/2022\/06\/JDNJR100BXNW-Jardinera-MAXIDECO_BLANCA-NEGRA.jpg","type":"image\/jpeg"}],"twitter_card":"summary_large_image","twitter_misc":{"Tempo estimado de leitura":"1 minuto"},"schema":{"@context":"https:\/\/schema.org","@graph":[{"@type":"WebPage","@id":"https:\/\/decoplanta.com\/pt-pt\/plantadeiras-de-resina\/jardineira-retangular-maxideco\/","url":"https:\/\/decoplanta.com\/pt-pt\/plantadeiras-de-resina\/jardineira-retangular-maxideco\/","name":"Jardineira de resina retangular MAXIDECO resistente para exterior","isPartOf":{"@id":"https:\/\/decoplanta.com\/pt-pt\/#website"},"primaryImageOfPage":{"@id":"https:\/\/decoplanta.com\/pt-pt\/plantadeiras-de-resina\/jardineira-retangular-maxideco\/#primaryimage"},"image":{"@id":"https:\/\/decoplanta.com\/pt-pt\/plantadeiras-de-resina\/jardineira-retangular-maxideco\/#primaryimage"},"thumbnailUrl":"https:\/\/decoplanta.com\/wp-content\/uploads\/2022\/06\/JDNJR100BXNW-Jardinera-MAXIDECO_BLANCA-NEGRA.jpg","datePublished":"2022-10-23T10:39:17+00:00","dateModified":"2023-06-26T09:44:18+00:00","description":"Jardineira de resina retangular MAXIDECO para uso exterior ou interior. Ideal para jardins ou terra\u00e7os. Medidas externas: 100 x 34 x 35 cm","breadcrumb":{"@id":"https:\/\/decoplanta.com\/pt-pt\/plantadeiras-de-resina\/jardineira-retangular-maxideco\/#breadcrumb"},"inLanguage":"pt-PT","potentialAction":[{"@type":"ReadAction","target":["https:\/\/decoplanta.com\/pt-pt\/plantadeiras-de-resina\/jardineira-retangular-maxideco\/"]}]},{"@type":"ImageObject","inLanguage":"pt-PT","@id":"https:\/\/decoplanta.com\/pt-pt\/plantadeiras-de-resina\/jardineira-retangular-maxideco\/#primaryimage","url":"https:\/\/decoplanta.com\/wp-content\/uploads\/2022\/06\/JDNJR100BXNW-Jardinera-MAXIDECO_BLANCA-NEGRA.jpg","contentUrl":"https:\/\/decoplanta.com\/wp-content\/uploads\/2022\/06\/JDNJR100BXNW-Jardinera-MAXIDECO_BLANCA-NEGRA.jpg","width":2000,"height":2000,"caption":"jardinera maxideco en dos colores. Pot ext\u00e9rieure rectangulaire MINIDECO, haute r\u00e9sistance. Jardineira retangular MINIDECO em resina de alta resist\u00eancia"},{"@type":"BreadcrumbList","@id":"https:\/\/decoplanta.com\/pt-pt\/plantadeiras-de-resina\/jardineira-retangular-maxideco\/#breadcrumb","itemListElement":[{"@type":"ListItem","position":1,"name":"Portada","item":"https:\/\/decoplanta.com\/pt-pt\/"},{"@type":"ListItem","position":2,"name":"Priv\u00e9\u00a0: Tienda","item":"https:\/\/decoplanta.com\/?page_id=377"},{"@type":"ListItem","position":3,"name":"Jardineira MAXIDECO"}]},{"@type":"WebSite","@id":"https:\/\/decoplanta.com\/pt-pt\/#website","url":"https:\/\/decoplanta.com\/pt-pt\/","name":"Plantas y \u00e1rboles artificiales de Alto Realismo","description":"Proveedor de Plantas artificiales para estudios de Arquitectura, Interiorismo, Paisajismo, Escenograf\u00eda, Tiendas de Decoraci\u00f3n Florister\u00edas y Mobiliario","publisher":{"@id":"https:\/\/decoplanta.com\/pt-pt\/#organization"},"potentialAction":[{"@type":"SearchAction","target":{"@type":"EntryPoint","urlTemplate":"https:\/\/decoplanta.com\/pt-pt\/?s={search_term_string}"},"query-input":{"@type":"PropertyValueSpecification","valueRequired":true,"valueName":"search_term_string"}}],"inLanguage":"pt-PT"},{"@type":"Organization","@id":"https:\/\/decoplanta.com\/pt-pt\/#organization","name":"Plantas y \u00e1rboles artificiales de Alto Realismo","url":"https:\/\/decoplanta.com\/pt-pt\/","logo":{"@type":"ImageObject","inLanguage":"pt-PT","@id":"https:\/\/decoplanta.com\/pt-pt\/#\/schema\/logo\/image\/","url":"https:\/\/decoplanta.com\/wp-content\/uploads\/2021\/02\/decoplanta-logo2020.svg","contentUrl":"https:\/\/decoplanta.com\/wp-content\/uploads\/2021\/02\/decoplanta-logo2020.svg","width":500,"height":500,"caption":"Plantas y \u00e1rboles artificiales de Alto Realismo"},"image":{"@id":"https:\/\/decoplanta.com\/pt-pt\/#\/schema\/logo\/image\/"}}]}},"_links":{"self":[{"href":"https:\/\/decoplanta.com\/pt-pt\/wp-json\/wp\/v2\/product\/5304","targetHints":{"allow":["GET"]}}],"collection":[{"href":"https:\/\/decoplanta.com\/pt-pt\/wp-json\/wp\/v2\/product"}],"about":[{"href":"https:\/\/decoplanta.com\/pt-pt\/wp-json\/wp\/v2\/types\/product"}],"version-history":[{"count":0,"href":"https:\/\/decoplanta.com\/pt-pt\/wp-json\/wp\/v2\/product\/5304\/revisions"}],"wp:featuredmedia":[{"embeddable":true,"href":"https:\/\/decoplanta.com\/pt-pt\/wp-json\/wp\/v2\/media\/4728"}],"wp:attachment":[{"href":"https:\/\/decoplanta.com\/pt-pt\/wp-json\/wp\/v2\/media?parent=5304"}],"wp:term":[{"taxonomy":"product_brand","embeddable":true,"href":"https:\/\/decoplanta.com\/pt-pt\/wp-json\/wp\/v2\/product_brand?post=5304"},{"taxonomy":"product_cat","embeddable":true,"href":"https:\/\/decoplanta.com\/pt-pt\/wp-json\/wp\/v2\/product_cat?post=5304"},{"taxonomy":"product_tag","embeddable":true,"href":"https:\/\/decoplanta.com\/pt-pt\/wp-json\/wp\/v2\/product_tag?post=5304"}],"curies":[{"name":"wp","href":"https:\/\/api.w.org\/{rel}","templated":true}]}}