{"id":5331,"date":"2021-05-17T18:56:39","date_gmt":"2022-10-24T05:38:12","guid":{"rendered":"https:\/\/decoplanta.com\/sem categoria\/planta-sansevieria-3d\/"},"modified":"2022-10-24T06:38:12","modified_gmt":"2022-10-24T05:38:12","slug":"planta-sansevieria-3d-2","status":"publish","type":"product","link":"https:\/\/decoplanta.com\/pt-pt\/plantas-em-3d\/planta-sansevieria-3d-2\/","title":{"rendered":"Planta SANSEVIERIA (3D)"},"content":{"rendered":"<p>Bela planta SANSEVIERIA artificial, origin\u00e1ria de \u00c1frica e da \u00c1sia, com folhas verdes espessas e intensas e com personalidade pr\u00f3pria e alto realismo. Dispon\u00edvel em dois tamanhos. Inclui um vaso de flores b\u00e1sico.<\/p>\n","protected":false},"excerpt":{"rendered":"<p>Bela planta artificial SANSEVIERIA, origin\u00e1ria de \u00c1frica e da \u00c1sia, com folhas verdes espessas e intensas e com personalidade pr\u00f3pria e alto realismo.<\/p>\n<p>Dispon\u00edvel em dois tamanhos.<\/p>\n<table>\n<tbody>\n<tr>\n<td><strong>REF<\/strong><\/td>\n<td><strong>ALTURA<\/strong><\/td>\n<\/tr>\n<tr>\n<td><strong>422474<\/strong><\/td>\n<td>65 cm<\/td>\n<\/tr>\n<tr>\n<td><strong>425391<\/strong><\/td>\n<td>100 cm<\/td>\n<\/tr>\n<\/tbody>\n<\/table>\n<table class=\"descarga\">\n<tbody>\n<tr>\n<td><strong><a href=\"https:\/\/decoplanta.com\/wp-content\/uploads\/2021\/05\/422474-425391-PLANTA_SANSEVIERIA-3D_MODEL.zip\">DOWNLOAD 3DS \/ MAX<\/a><\/strong><\/td>\n<\/tr>\n<\/tbody>\n<\/table>\n","protected":false},"featured_media":4607,"template":"","meta":{"_monsterinsights_skip_tracking":false,"_monsterinsights_sitenote_active":false,"_monsterinsights_sitenote_note":"","_monsterinsights_sitenote_category":0},"product_brand":[],"product_cat":[425],"product_tag":[],"class_list":{"0":"post-5331","1":"product","2":"type-product","3":"status-publish","4":"has-post-thumbnail","6":"product_cat-plantas-em-3d","7":"","8":"woocommerce-text-align-center","9":"woocommerce-image-align-center","10":"do-quantity-buttons","12":"first","13":"instock","14":"downloadable","15":"taxable","16":"shipping-taxable","17":"purchasable","18":"product-type-simple"},"yoast_head":"<!-- This site is optimized with the Yoast SEO plugin v27.4 - https:\/\/yoast.com\/product\/yoast-seo-wordpress\/ -->\n<title>Planta SANSEVIERIA 3D. Alto realismo para os seus desenhos de interiores<\/title>\n<meta name=\"description\" content=\"SANSEVIERIA 3D planta com 65 e 100 cm de altura. Espectacular para qualquer ambiente com um elevado n\u00edvel de realismo sem manuten\u00e7\u00e3o\" \/>\n<meta name=\"robots\" content=\"index, follow, max-snippet:-1, max-image-preview:large, max-video-preview:-1\" \/>\n<link rel=\"canonical\" href=\"https:\/\/decoplanta.com\/pt-pt\/plantas-em-3d\/planta-sansevieria-3d-2\/\" \/>\n<meta property=\"og:locale\" content=\"pt_PT\" \/>\n<meta property=\"og:type\" content=\"article\" \/>\n<meta property=\"og:title\" content=\"Planta SANSEVIERIA 3D. Alto realismo para os seus desenhos de interiores\" \/>\n<meta property=\"og:description\" content=\"SANSEVIERIA 3D planta com 65 e 100 cm de altura. Espectacular para qualquer ambiente com um elevado n\u00edvel de realismo sem manuten\u00e7\u00e3o\" \/>\n<meta property=\"og:url\" content=\"https:\/\/decoplanta.com\/pt-pt\/plantas-em-3d\/planta-sansevieria-3d-2\/\" \/>\n<meta property=\"og:site_name\" content=\"Plantas y \u00e1rboles artificiales de Alto Realismo\" \/>\n<meta property=\"og:image\" content=\"https:\/\/decoplanta.com\/wp-content\/uploads\/2021\/05\/3D_422474-425391-PLANTA_SANSEVIERIA-3D_RENDER.jpg\" \/>\n\t<meta property=\"og:image:width\" content=\"1900\" \/>\n\t<meta property=\"og:image:height\" content=\"1069\" \/>\n\t<meta property=\"og:image:type\" content=\"image\/jpeg\" \/>\n<meta name=\"twitter:card\" content=\"summary_large_image\" \/>\n<script type=\"application\/ld+json\" class=\"yoast-schema-graph\">{\"@context\":\"https:\\\/\\\/schema.org\",\"@graph\":[{\"@type\":\"WebPage\",\"@id\":\"https:\\\/\\\/decoplanta.com\\\/pt-pt\\\/plantas-em-3d\\\/planta-sansevieria-3d-2\\\/\",\"url\":\"https:\\\/\\\/decoplanta.com\\\/pt-pt\\\/plantas-em-3d\\\/planta-sansevieria-3d-2\\\/\",\"name\":\"Planta SANSEVIERIA 3D. Alto realismo para os seus desenhos de interiores\",\"isPartOf\":{\"@id\":\"https:\\\/\\\/decoplanta.com\\\/pt-pt\\\/#website\"},\"primaryImageOfPage\":{\"@id\":\"https:\\\/\\\/decoplanta.com\\\/pt-pt\\\/plantas-em-3d\\\/planta-sansevieria-3d-2\\\/#primaryimage\"},\"image\":{\"@id\":\"https:\\\/\\\/decoplanta.com\\\/pt-pt\\\/plantas-em-3d\\\/planta-sansevieria-3d-2\\\/#primaryimage\"},\"thumbnailUrl\":\"https:\\\/\\\/decoplanta.com\\\/wp-content\\\/uploads\\\/2021\\\/05\\\/3D_422474-425391-PLANTA_SANSEVIERIA-3D_RENDER.jpg\",\"datePublished\":\"2022-10-24T05:38:12+00:00\",\"description\":\"SANSEVIERIA 3D planta com 65 e 100 cm de altura. Espectacular para qualquer ambiente com um elevado n\u00edvel de realismo sem manuten\u00e7\u00e3o\",\"breadcrumb\":{\"@id\":\"https:\\\/\\\/decoplanta.com\\\/pt-pt\\\/plantas-em-3d\\\/planta-sansevieria-3d-2\\\/#breadcrumb\"},\"inLanguage\":\"pt-PT\",\"potentialAction\":[{\"@type\":\"ReadAction\",\"target\":[\"https:\\\/\\\/decoplanta.com\\\/pt-pt\\\/plantas-em-3d\\\/planta-sansevieria-3d-2\\\/\"]}]},{\"@type\":\"ImageObject\",\"inLanguage\":\"pt-PT\",\"@id\":\"https:\\\/\\\/decoplanta.com\\\/pt-pt\\\/plantas-em-3d\\\/planta-sansevieria-3d-2\\\/#primaryimage\",\"url\":\"https:\\\/\\\/decoplanta.com\\\/wp-content\\\/uploads\\\/2021\\\/05\\\/3D_422474-425391-PLANTA_SANSEVIERIA-3D_RENDER.jpg\",\"contentUrl\":\"https:\\\/\\\/decoplanta.com\\\/wp-content\\\/uploads\\\/2021\\\/05\\\/3D_422474-425391-PLANTA_SANSEVIERIA-3D_RENDER.jpg\",\"width\":1900,\"height\":1069},{\"@type\":\"BreadcrumbList\",\"@id\":\"https:\\\/\\\/decoplanta.com\\\/pt-pt\\\/plantas-em-3d\\\/planta-sansevieria-3d-2\\\/#breadcrumb\",\"itemListElement\":[{\"@type\":\"ListItem\",\"position\":1,\"name\":\"Portada\",\"item\":\"https:\\\/\\\/decoplanta.com\\\/pt-pt\\\/\"},{\"@type\":\"ListItem\",\"position\":2,\"name\":\"Priv\u00e9\u00a0: Tienda\",\"item\":\"https:\\\/\\\/decoplanta.com\\\/?page_id=377\"},{\"@type\":\"ListItem\",\"position\":3,\"name\":\"Planta SANSEVIERIA (3D)\"}]},{\"@type\":\"WebSite\",\"@id\":\"https:\\\/\\\/decoplanta.com\\\/pt-pt\\\/#website\",\"url\":\"https:\\\/\\\/decoplanta.com\\\/pt-pt\\\/\",\"name\":\"Plantas y \u00e1rboles artificiales de Alto Realismo\",\"description\":\"Proveedor de Plantas artificiales para estudios de Arquitectura, Interiorismo, Paisajismo, Escenograf\u00eda, Tiendas de Decoraci\u00f3n Florister\u00edas y Mobiliario\",\"publisher\":{\"@id\":\"https:\\\/\\\/decoplanta.com\\\/pt-pt\\\/#organization\"},\"potentialAction\":[{\"@type\":\"SearchAction\",\"target\":{\"@type\":\"EntryPoint\",\"urlTemplate\":\"https:\\\/\\\/decoplanta.com\\\/pt-pt\\\/?s={search_term_string}\"},\"query-input\":{\"@type\":\"PropertyValueSpecification\",\"valueRequired\":true,\"valueName\":\"search_term_string\"}}],\"inLanguage\":\"pt-PT\"},{\"@type\":\"Organization\",\"@id\":\"https:\\\/\\\/decoplanta.com\\\/pt-pt\\\/#organization\",\"name\":\"Plantas y \u00e1rboles artificiales de Alto Realismo\",\"url\":\"https:\\\/\\\/decoplanta.com\\\/pt-pt\\\/\",\"logo\":{\"@type\":\"ImageObject\",\"inLanguage\":\"pt-PT\",\"@id\":\"https:\\\/\\\/decoplanta.com\\\/pt-pt\\\/#\\\/schema\\\/logo\\\/image\\\/\",\"url\":\"https:\\\/\\\/decoplanta.com\\\/wp-content\\\/uploads\\\/2021\\\/02\\\/decoplanta-logo2020.svg\",\"contentUrl\":\"https:\\\/\\\/decoplanta.com\\\/wp-content\\\/uploads\\\/2021\\\/02\\\/decoplanta-logo2020.svg\",\"width\":500,\"height\":500,\"caption\":\"Plantas y \u00e1rboles artificiales de Alto Realismo\"},\"image\":{\"@id\":\"https:\\\/\\\/decoplanta.com\\\/pt-pt\\\/#\\\/schema\\\/logo\\\/image\\\/\"}}]}<\/script>\n<!-- \/ Yoast SEO plugin. -->","yoast_head_json":{"title":"Planta SANSEVIERIA 3D. Alto realismo para os seus desenhos de interiores","description":"SANSEVIERIA 3D planta com 65 e 100 cm de altura. Espectacular para qualquer ambiente com um elevado n\u00edvel de realismo sem manuten\u00e7\u00e3o","robots":{"index":"index","follow":"follow","max-snippet":"max-snippet:-1","max-image-preview":"max-image-preview:large","max-video-preview":"max-video-preview:-1"},"canonical":"https:\/\/decoplanta.com\/pt-pt\/plantas-em-3d\/planta-sansevieria-3d-2\/","og_locale":"pt_PT","og_type":"article","og_title":"Planta SANSEVIERIA 3D. Alto realismo para os seus desenhos de interiores","og_description":"SANSEVIERIA 3D planta com 65 e 100 cm de altura. Espectacular para qualquer ambiente com um elevado n\u00edvel de realismo sem manuten\u00e7\u00e3o","og_url":"https:\/\/decoplanta.com\/pt-pt\/plantas-em-3d\/planta-sansevieria-3d-2\/","og_site_name":"Plantas y \u00e1rboles artificiales de Alto Realismo","og_image":[{"width":1900,"height":1069,"url":"https:\/\/decoplanta.com\/wp-content\/uploads\/2021\/05\/3D_422474-425391-PLANTA_SANSEVIERIA-3D_RENDER.jpg","type":"image\/jpeg"}],"twitter_card":"summary_large_image","schema":{"@context":"https:\/\/schema.org","@graph":[{"@type":"WebPage","@id":"https:\/\/decoplanta.com\/pt-pt\/plantas-em-3d\/planta-sansevieria-3d-2\/","url":"https:\/\/decoplanta.com\/pt-pt\/plantas-em-3d\/planta-sansevieria-3d-2\/","name":"Planta SANSEVIERIA 3D. Alto realismo para os seus desenhos de interiores","isPartOf":{"@id":"https:\/\/decoplanta.com\/pt-pt\/#website"},"primaryImageOfPage":{"@id":"https:\/\/decoplanta.com\/pt-pt\/plantas-em-3d\/planta-sansevieria-3d-2\/#primaryimage"},"image":{"@id":"https:\/\/decoplanta.com\/pt-pt\/plantas-em-3d\/planta-sansevieria-3d-2\/#primaryimage"},"thumbnailUrl":"https:\/\/decoplanta.com\/wp-content\/uploads\/2021\/05\/3D_422474-425391-PLANTA_SANSEVIERIA-3D_RENDER.jpg","datePublished":"2022-10-24T05:38:12+00:00","description":"SANSEVIERIA 3D planta com 65 e 100 cm de altura. Espectacular para qualquer ambiente com um elevado n\u00edvel de realismo sem manuten\u00e7\u00e3o","breadcrumb":{"@id":"https:\/\/decoplanta.com\/pt-pt\/plantas-em-3d\/planta-sansevieria-3d-2\/#breadcrumb"},"inLanguage":"pt-PT","potentialAction":[{"@type":"ReadAction","target":["https:\/\/decoplanta.com\/pt-pt\/plantas-em-3d\/planta-sansevieria-3d-2\/"]}]},{"@type":"ImageObject","inLanguage":"pt-PT","@id":"https:\/\/decoplanta.com\/pt-pt\/plantas-em-3d\/planta-sansevieria-3d-2\/#primaryimage","url":"https:\/\/decoplanta.com\/wp-content\/uploads\/2021\/05\/3D_422474-425391-PLANTA_SANSEVIERIA-3D_RENDER.jpg","contentUrl":"https:\/\/decoplanta.com\/wp-content\/uploads\/2021\/05\/3D_422474-425391-PLANTA_SANSEVIERIA-3D_RENDER.jpg","width":1900,"height":1069},{"@type":"BreadcrumbList","@id":"https:\/\/decoplanta.com\/pt-pt\/plantas-em-3d\/planta-sansevieria-3d-2\/#breadcrumb","itemListElement":[{"@type":"ListItem","position":1,"name":"Portada","item":"https:\/\/decoplanta.com\/pt-pt\/"},{"@type":"ListItem","position":2,"name":"Priv\u00e9\u00a0: Tienda","item":"https:\/\/decoplanta.com\/?page_id=377"},{"@type":"ListItem","position":3,"name":"Planta SANSEVIERIA (3D)"}]},{"@type":"WebSite","@id":"https:\/\/decoplanta.com\/pt-pt\/#website","url":"https:\/\/decoplanta.com\/pt-pt\/","name":"Plantas y \u00e1rboles artificiales de Alto Realismo","description":"Proveedor de Plantas artificiales para estudios de Arquitectura, Interiorismo, Paisajismo, Escenograf\u00eda, Tiendas de Decoraci\u00f3n Florister\u00edas y Mobiliario","publisher":{"@id":"https:\/\/decoplanta.com\/pt-pt\/#organization"},"potentialAction":[{"@type":"SearchAction","target":{"@type":"EntryPoint","urlTemplate":"https:\/\/decoplanta.com\/pt-pt\/?s={search_term_string}"},"query-input":{"@type":"PropertyValueSpecification","valueRequired":true,"valueName":"search_term_string"}}],"inLanguage":"pt-PT"},{"@type":"Organization","@id":"https:\/\/decoplanta.com\/pt-pt\/#organization","name":"Plantas y \u00e1rboles artificiales de Alto Realismo","url":"https:\/\/decoplanta.com\/pt-pt\/","logo":{"@type":"ImageObject","inLanguage":"pt-PT","@id":"https:\/\/decoplanta.com\/pt-pt\/#\/schema\/logo\/image\/","url":"https:\/\/decoplanta.com\/wp-content\/uploads\/2021\/02\/decoplanta-logo2020.svg","contentUrl":"https:\/\/decoplanta.com\/wp-content\/uploads\/2021\/02\/decoplanta-logo2020.svg","width":500,"height":500,"caption":"Plantas y \u00e1rboles artificiales de Alto Realismo"},"image":{"@id":"https:\/\/decoplanta.com\/pt-pt\/#\/schema\/logo\/image\/"}}]}},"_links":{"self":[{"href":"https:\/\/decoplanta.com\/pt-pt\/wp-json\/wp\/v2\/product\/5331","targetHints":{"allow":["GET"]}}],"collection":[{"href":"https:\/\/decoplanta.com\/pt-pt\/wp-json\/wp\/v2\/product"}],"about":[{"href":"https:\/\/decoplanta.com\/pt-pt\/wp-json\/wp\/v2\/types\/product"}],"version-history":[{"count":0,"href":"https:\/\/decoplanta.com\/pt-pt\/wp-json\/wp\/v2\/product\/5331\/revisions"}],"wp:featuredmedia":[{"embeddable":true,"href":"https:\/\/decoplanta.com\/pt-pt\/wp-json\/wp\/v2\/media\/4607"}],"wp:attachment":[{"href":"https:\/\/decoplanta.com\/pt-pt\/wp-json\/wp\/v2\/media?parent=5331"}],"wp:term":[{"taxonomy":"product_brand","embeddable":true,"href":"https:\/\/decoplanta.com\/pt-pt\/wp-json\/wp\/v2\/product_brand?post=5331"},{"taxonomy":"product_cat","embeddable":true,"href":"https:\/\/decoplanta.com\/pt-pt\/wp-json\/wp\/v2\/product_cat?post=5331"},{"taxonomy":"product_tag","embeddable":true,"href":"https:\/\/decoplanta.com\/pt-pt\/wp-json\/wp\/v2\/product_tag?post=5331"}],"curies":[{"name":"wp","href":"https:\/\/api.w.org\/{rel}","templated":true}]}}