{"id":5345,"date":"2021-05-01T12:52:50","date_gmt":"2022-10-24T06:16:13","guid":{"rendered":"https:\/\/decoplanta.com\/sem categoria\/palmeira-deluxe-3d\/"},"modified":"2022-10-24T07:16:13","modified_gmt":"2022-10-24T06:16:13","slug":"palmeira-deluxe-3d","status":"publish","type":"product","link":"https:\/\/decoplanta.com\/pt-pt\/plantas-em-3d\/palmeira-deluxe-3d\/","title":{"rendered":"PALMEIRA DELUXE (3D)"},"content":{"rendered":"<p>Palmeira DELUXE artificial, de incr\u00edvel realismo e terminado com a m\u00e1xima aten\u00e7\u00e3o aos detalhes. Toda a eleg\u00e2ncia que uma palmeira artificial pode ter. Dispon\u00edvel em tr\u00eas tamanhos. \u00c9 entregue com um vaso de base inclu\u00eddo e n\u00e3o requer manuten\u00e7\u00e3o.<\/p>\n","protected":false},"excerpt":{"rendered":"<p>Palmeira DELUXE artificial, de incr\u00edvel realismo e terminado com a m\u00e1xima aten\u00e7\u00e3o aos detalhes. Toda a eleg\u00e2ncia que uma palmeira artificial pode ter. Dispon\u00edvel em 3 tamanhos.<\/p>\n<table>\n<tbody>\n<tr>\n<td><strong>REF<\/strong><\/td>\n<td><strong>ALTURA<\/strong><\/td>\n<\/tr>\n<tr>\n<td><strong>1805001<\/strong><\/td>\n<td>95 cm<\/td>\n<\/tr>\n<tr>\n<td><strong>1805002<\/strong><\/td>\n<td>155 cm<\/td>\n<\/tr>\n<tr>\n<td><strong>1805003<\/strong><\/td>\n<td>180 cm<\/td>\n<\/tr>\n<\/tbody>\n<\/table>\n<table class=\"descarga\">\n<tbody>\n<tr>\n<td><strong><a href=\"https:\/\/decoplanta.com\/wp-content\/uploads\/2021\/05\/1805001-1805002-1805003-PALMERA_DELUXE-3D_MODEL.zip\">DOWNLOAD 3DS \/ MAX<\/a><\/strong><\/td>\n<\/tr>\n<\/tbody>\n<\/table>\n","protected":false},"featured_media":4585,"template":"","meta":{"_monsterinsights_skip_tracking":false,"_monsterinsights_sitenote_active":false,"_monsterinsights_sitenote_note":"","_monsterinsights_sitenote_category":0},"product_brand":[],"product_cat":[425],"product_tag":[],"class_list":{"0":"post-5345","1":"product","2":"type-product","3":"status-publish","4":"has-post-thumbnail","6":"product_cat-plantas-em-3d","7":"","8":"woocommerce-text-align-center","9":"woocommerce-image-align-center","10":"do-quantity-buttons","12":"first","13":"instock","14":"downloadable","15":"taxable","16":"shipping-taxable","17":"purchasable","18":"product-type-simple"},"yoast_head":"<!-- This site is optimized with the Yoast SEO plugin v27.3 - https:\/\/yoast.com\/product\/yoast-seo-wordpress\/ -->\n<title>PALMEIRA DELUXE 3D de incr\u00edvel realismo e eleg\u00e2ncia para uso interior.<\/title>\n<meta name=\"description\" content=\"PALMEIRA DELUXE 3D, de incr\u00edvel realismo e eleg\u00e2ncia. Dispon\u00edvel em 3 tamanhos. N\u00e3o requer manuten\u00e7\u00e3o. Decora\u00e7\u00e3o de interiores\" \/>\n<meta name=\"robots\" content=\"index, follow, max-snippet:-1, max-image-preview:large, max-video-preview:-1\" \/>\n<link rel=\"canonical\" href=\"https:\/\/decoplanta.com\/pt-pt\/plantas-em-3d\/palmeira-deluxe-3d\/\" \/>\n<meta property=\"og:locale\" content=\"pt_PT\" \/>\n<meta property=\"og:type\" content=\"article\" \/>\n<meta property=\"og:title\" content=\"PALMEIRA DELUXE 3D de incr\u00edvel realismo e eleg\u00e2ncia para uso interior.\" \/>\n<meta property=\"og:description\" content=\"PALMEIRA DELUXE 3D, de incr\u00edvel realismo e eleg\u00e2ncia. Dispon\u00edvel em 3 tamanhos. N\u00e3o requer manuten\u00e7\u00e3o. Decora\u00e7\u00e3o de interiores\" \/>\n<meta property=\"og:url\" content=\"https:\/\/decoplanta.com\/pt-pt\/plantas-em-3d\/palmeira-deluxe-3d\/\" \/>\n<meta property=\"og:site_name\" content=\"Plantas y \u00e1rboles artificiales de Alto Realismo\" \/>\n<meta property=\"og:image\" content=\"https:\/\/decoplanta.com\/wp-content\/uploads\/2021\/05\/3D_1805001-1805002-1805003-PALMERA_DELUXE-3D_RENDER.jpg\" \/>\n\t<meta property=\"og:image:width\" content=\"1900\" \/>\n\t<meta property=\"og:image:height\" content=\"1069\" \/>\n\t<meta property=\"og:image:type\" content=\"image\/jpeg\" \/>\n<meta name=\"twitter:card\" content=\"summary_large_image\" \/>\n<script type=\"application\/ld+json\" class=\"yoast-schema-graph\">{\"@context\":\"https:\\\/\\\/schema.org\",\"@graph\":[{\"@type\":\"WebPage\",\"@id\":\"https:\\\/\\\/decoplanta.com\\\/pt-pt\\\/plantas-em-3d\\\/palmeira-deluxe-3d\\\/\",\"url\":\"https:\\\/\\\/decoplanta.com\\\/pt-pt\\\/plantas-em-3d\\\/palmeira-deluxe-3d\\\/\",\"name\":\"PALMEIRA DELUXE 3D de incr\u00edvel realismo e eleg\u00e2ncia para uso interior.\",\"isPartOf\":{\"@id\":\"https:\\\/\\\/decoplanta.com\\\/pt-pt\\\/#website\"},\"primaryImageOfPage\":{\"@id\":\"https:\\\/\\\/decoplanta.com\\\/pt-pt\\\/plantas-em-3d\\\/palmeira-deluxe-3d\\\/#primaryimage\"},\"image\":{\"@id\":\"https:\\\/\\\/decoplanta.com\\\/pt-pt\\\/plantas-em-3d\\\/palmeira-deluxe-3d\\\/#primaryimage\"},\"thumbnailUrl\":\"https:\\\/\\\/decoplanta.com\\\/wp-content\\\/uploads\\\/2021\\\/05\\\/3D_1805001-1805002-1805003-PALMERA_DELUXE-3D_RENDER.jpg\",\"datePublished\":\"2022-10-24T06:16:13+00:00\",\"description\":\"PALMEIRA DELUXE 3D, de incr\u00edvel realismo e eleg\u00e2ncia. Dispon\u00edvel em 3 tamanhos. N\u00e3o requer manuten\u00e7\u00e3o. Decora\u00e7\u00e3o de interiores\",\"breadcrumb\":{\"@id\":\"https:\\\/\\\/decoplanta.com\\\/pt-pt\\\/plantas-em-3d\\\/palmeira-deluxe-3d\\\/#breadcrumb\"},\"inLanguage\":\"pt-PT\",\"potentialAction\":[{\"@type\":\"ReadAction\",\"target\":[\"https:\\\/\\\/decoplanta.com\\\/pt-pt\\\/plantas-em-3d\\\/palmeira-deluxe-3d\\\/\"]}]},{\"@type\":\"ImageObject\",\"inLanguage\":\"pt-PT\",\"@id\":\"https:\\\/\\\/decoplanta.com\\\/pt-pt\\\/plantas-em-3d\\\/palmeira-deluxe-3d\\\/#primaryimage\",\"url\":\"https:\\\/\\\/decoplanta.com\\\/wp-content\\\/uploads\\\/2021\\\/05\\\/3D_1805001-1805002-1805003-PALMERA_DELUXE-3D_RENDER.jpg\",\"contentUrl\":\"https:\\\/\\\/decoplanta.com\\\/wp-content\\\/uploads\\\/2021\\\/05\\\/3D_1805001-1805002-1805003-PALMERA_DELUXE-3D_RENDER.jpg\",\"width\":1900,\"height\":1069},{\"@type\":\"BreadcrumbList\",\"@id\":\"https:\\\/\\\/decoplanta.com\\\/pt-pt\\\/plantas-em-3d\\\/palmeira-deluxe-3d\\\/#breadcrumb\",\"itemListElement\":[{\"@type\":\"ListItem\",\"position\":1,\"name\":\"Portada\",\"item\":\"https:\\\/\\\/decoplanta.com\\\/pt-pt\\\/\"},{\"@type\":\"ListItem\",\"position\":2,\"name\":\"Priv\u00e9\u00a0: Tienda\",\"item\":\"https:\\\/\\\/decoplanta.com\\\/?page_id=377\"},{\"@type\":\"ListItem\",\"position\":3,\"name\":\"PALMEIRA DELUXE (3D)\"}]},{\"@type\":\"WebSite\",\"@id\":\"https:\\\/\\\/decoplanta.com\\\/pt-pt\\\/#website\",\"url\":\"https:\\\/\\\/decoplanta.com\\\/pt-pt\\\/\",\"name\":\"Plantas y \u00e1rboles artificiales de Alto Realismo\",\"description\":\"Proveedor de Plantas artificiales para estudios de Arquitectura, Interiorismo, Paisajismo, Escenograf\u00eda, Tiendas de Decoraci\u00f3n Florister\u00edas y Mobiliario\",\"publisher\":{\"@id\":\"https:\\\/\\\/decoplanta.com\\\/pt-pt\\\/#organization\"},\"potentialAction\":[{\"@type\":\"SearchAction\",\"target\":{\"@type\":\"EntryPoint\",\"urlTemplate\":\"https:\\\/\\\/decoplanta.com\\\/pt-pt\\\/?s={search_term_string}\"},\"query-input\":{\"@type\":\"PropertyValueSpecification\",\"valueRequired\":true,\"valueName\":\"search_term_string\"}}],\"inLanguage\":\"pt-PT\"},{\"@type\":\"Organization\",\"@id\":\"https:\\\/\\\/decoplanta.com\\\/pt-pt\\\/#organization\",\"name\":\"Plantas y \u00e1rboles artificiales de Alto Realismo\",\"url\":\"https:\\\/\\\/decoplanta.com\\\/pt-pt\\\/\",\"logo\":{\"@type\":\"ImageObject\",\"inLanguage\":\"pt-PT\",\"@id\":\"https:\\\/\\\/decoplanta.com\\\/pt-pt\\\/#\\\/schema\\\/logo\\\/image\\\/\",\"url\":\"https:\\\/\\\/decoplanta.com\\\/wp-content\\\/uploads\\\/2021\\\/02\\\/decoplanta-logo2020.svg\",\"contentUrl\":\"https:\\\/\\\/decoplanta.com\\\/wp-content\\\/uploads\\\/2021\\\/02\\\/decoplanta-logo2020.svg\",\"width\":500,\"height\":500,\"caption\":\"Plantas y \u00e1rboles artificiales de Alto Realismo\"},\"image\":{\"@id\":\"https:\\\/\\\/decoplanta.com\\\/pt-pt\\\/#\\\/schema\\\/logo\\\/image\\\/\"}}]}<\/script>\n<!-- \/ Yoast SEO plugin. -->","yoast_head_json":{"title":"PALMEIRA DELUXE 3D de incr\u00edvel realismo e eleg\u00e2ncia para uso interior.","description":"PALMEIRA DELUXE 3D, de incr\u00edvel realismo e eleg\u00e2ncia. Dispon\u00edvel em 3 tamanhos. N\u00e3o requer manuten\u00e7\u00e3o. Decora\u00e7\u00e3o de interiores","robots":{"index":"index","follow":"follow","max-snippet":"max-snippet:-1","max-image-preview":"max-image-preview:large","max-video-preview":"max-video-preview:-1"},"canonical":"https:\/\/decoplanta.com\/pt-pt\/plantas-em-3d\/palmeira-deluxe-3d\/","og_locale":"pt_PT","og_type":"article","og_title":"PALMEIRA DELUXE 3D de incr\u00edvel realismo e eleg\u00e2ncia para uso interior.","og_description":"PALMEIRA DELUXE 3D, de incr\u00edvel realismo e eleg\u00e2ncia. Dispon\u00edvel em 3 tamanhos. N\u00e3o requer manuten\u00e7\u00e3o. Decora\u00e7\u00e3o de interiores","og_url":"https:\/\/decoplanta.com\/pt-pt\/plantas-em-3d\/palmeira-deluxe-3d\/","og_site_name":"Plantas y \u00e1rboles artificiales de Alto Realismo","og_image":[{"width":1900,"height":1069,"url":"https:\/\/decoplanta.com\/wp-content\/uploads\/2021\/05\/3D_1805001-1805002-1805003-PALMERA_DELUXE-3D_RENDER.jpg","type":"image\/jpeg"}],"twitter_card":"summary_large_image","schema":{"@context":"https:\/\/schema.org","@graph":[{"@type":"WebPage","@id":"https:\/\/decoplanta.com\/pt-pt\/plantas-em-3d\/palmeira-deluxe-3d\/","url":"https:\/\/decoplanta.com\/pt-pt\/plantas-em-3d\/palmeira-deluxe-3d\/","name":"PALMEIRA DELUXE 3D de incr\u00edvel realismo e eleg\u00e2ncia para uso interior.","isPartOf":{"@id":"https:\/\/decoplanta.com\/pt-pt\/#website"},"primaryImageOfPage":{"@id":"https:\/\/decoplanta.com\/pt-pt\/plantas-em-3d\/palmeira-deluxe-3d\/#primaryimage"},"image":{"@id":"https:\/\/decoplanta.com\/pt-pt\/plantas-em-3d\/palmeira-deluxe-3d\/#primaryimage"},"thumbnailUrl":"https:\/\/decoplanta.com\/wp-content\/uploads\/2021\/05\/3D_1805001-1805002-1805003-PALMERA_DELUXE-3D_RENDER.jpg","datePublished":"2022-10-24T06:16:13+00:00","description":"PALMEIRA DELUXE 3D, de incr\u00edvel realismo e eleg\u00e2ncia. Dispon\u00edvel em 3 tamanhos. N\u00e3o requer manuten\u00e7\u00e3o. Decora\u00e7\u00e3o de interiores","breadcrumb":{"@id":"https:\/\/decoplanta.com\/pt-pt\/plantas-em-3d\/palmeira-deluxe-3d\/#breadcrumb"},"inLanguage":"pt-PT","potentialAction":[{"@type":"ReadAction","target":["https:\/\/decoplanta.com\/pt-pt\/plantas-em-3d\/palmeira-deluxe-3d\/"]}]},{"@type":"ImageObject","inLanguage":"pt-PT","@id":"https:\/\/decoplanta.com\/pt-pt\/plantas-em-3d\/palmeira-deluxe-3d\/#primaryimage","url":"https:\/\/decoplanta.com\/wp-content\/uploads\/2021\/05\/3D_1805001-1805002-1805003-PALMERA_DELUXE-3D_RENDER.jpg","contentUrl":"https:\/\/decoplanta.com\/wp-content\/uploads\/2021\/05\/3D_1805001-1805002-1805003-PALMERA_DELUXE-3D_RENDER.jpg","width":1900,"height":1069},{"@type":"BreadcrumbList","@id":"https:\/\/decoplanta.com\/pt-pt\/plantas-em-3d\/palmeira-deluxe-3d\/#breadcrumb","itemListElement":[{"@type":"ListItem","position":1,"name":"Portada","item":"https:\/\/decoplanta.com\/pt-pt\/"},{"@type":"ListItem","position":2,"name":"Priv\u00e9\u00a0: Tienda","item":"https:\/\/decoplanta.com\/?page_id=377"},{"@type":"ListItem","position":3,"name":"PALMEIRA DELUXE (3D)"}]},{"@type":"WebSite","@id":"https:\/\/decoplanta.com\/pt-pt\/#website","url":"https:\/\/decoplanta.com\/pt-pt\/","name":"Plantas y \u00e1rboles artificiales de Alto Realismo","description":"Proveedor de Plantas artificiales para estudios de Arquitectura, Interiorismo, Paisajismo, Escenograf\u00eda, Tiendas de Decoraci\u00f3n Florister\u00edas y Mobiliario","publisher":{"@id":"https:\/\/decoplanta.com\/pt-pt\/#organization"},"potentialAction":[{"@type":"SearchAction","target":{"@type":"EntryPoint","urlTemplate":"https:\/\/decoplanta.com\/pt-pt\/?s={search_term_string}"},"query-input":{"@type":"PropertyValueSpecification","valueRequired":true,"valueName":"search_term_string"}}],"inLanguage":"pt-PT"},{"@type":"Organization","@id":"https:\/\/decoplanta.com\/pt-pt\/#organization","name":"Plantas y \u00e1rboles artificiales de Alto Realismo","url":"https:\/\/decoplanta.com\/pt-pt\/","logo":{"@type":"ImageObject","inLanguage":"pt-PT","@id":"https:\/\/decoplanta.com\/pt-pt\/#\/schema\/logo\/image\/","url":"https:\/\/decoplanta.com\/wp-content\/uploads\/2021\/02\/decoplanta-logo2020.svg","contentUrl":"https:\/\/decoplanta.com\/wp-content\/uploads\/2021\/02\/decoplanta-logo2020.svg","width":500,"height":500,"caption":"Plantas y \u00e1rboles artificiales de Alto Realismo"},"image":{"@id":"https:\/\/decoplanta.com\/pt-pt\/#\/schema\/logo\/image\/"}}]}},"_links":{"self":[{"href":"https:\/\/decoplanta.com\/pt-pt\/wp-json\/wp\/v2\/product\/5345","targetHints":{"allow":["GET"]}}],"collection":[{"href":"https:\/\/decoplanta.com\/pt-pt\/wp-json\/wp\/v2\/product"}],"about":[{"href":"https:\/\/decoplanta.com\/pt-pt\/wp-json\/wp\/v2\/types\/product"}],"version-history":[{"count":0,"href":"https:\/\/decoplanta.com\/pt-pt\/wp-json\/wp\/v2\/product\/5345\/revisions"}],"wp:featuredmedia":[{"embeddable":true,"href":"https:\/\/decoplanta.com\/pt-pt\/wp-json\/wp\/v2\/media\/4585"}],"wp:attachment":[{"href":"https:\/\/decoplanta.com\/pt-pt\/wp-json\/wp\/v2\/media?parent=5345"}],"wp:term":[{"taxonomy":"product_brand","embeddable":true,"href":"https:\/\/decoplanta.com\/pt-pt\/wp-json\/wp\/v2\/product_brand?post=5345"},{"taxonomy":"product_cat","embeddable":true,"href":"https:\/\/decoplanta.com\/pt-pt\/wp-json\/wp\/v2\/product_cat?post=5345"},{"taxonomy":"product_tag","embeddable":true,"href":"https:\/\/decoplanta.com\/pt-pt\/wp-json\/wp\/v2\/product_tag?post=5345"}],"curies":[{"name":"wp","href":"https:\/\/api.w.org\/{rel}","templated":true}]}}