{"id":5502,"date":"2023-01-25T15:13:39","date_gmt":"2023-01-25T09:40:41","guid":{"rendered":"https:\/\/decoplanta.com\/?post_type=product&#038;p=5502"},"modified":"2023-01-29T10:57:39","modified_gmt":"2023-01-29T09:57:39","slug":"grande-palmeira-fenix-260cm","status":"publish","type":"product","link":"https:\/\/decoplanta.com\/pt-pt\/plantas-de-interior-artificiais\/grande-palmeira-fenix-260cm\/","title":{"rendered":"PALMEIRA GRANDE"},"content":{"rendered":"<p><strong>GRANDE PALMEIRA F\u00caNIX artificial<\/strong>, muito alta e incrivelmente realista e acabada com aten\u00e7\u00e3o aos detalhes, esp\u00e9cime multitronco com revestimento natural e galhos ajust\u00e1veis. Toda a eleg\u00e2ncia que uma palmeira artificial pode ter. Dispon\u00edvel 260 cm de altura. \u00c9 entregue com um pote b\u00e1sico inclu\u00eddo e n\u00e3o requer manuten\u00e7\u00e3o.<\/p>\n<p>GRAN PALMERA \u00e1rvore de alto realismo, suas folhas s\u00e3o verde lim\u00e3o e possui um tronco de alta defini\u00e7\u00e3o com pelos. Altura: 2,60 m. Inclui plantador b\u00e1sico.<\/p>\n<p>Em primeiro lugar, as palmeiras <strong>F\u00caNIX<\/strong> s\u00e3o um g\u00eanero de palmeiras que crescem em muitas partes do mundo. A grande maioria das esp\u00e9cies s\u00e3o muito altas e solit\u00e1rias, mas existem outras mais baixas, ideais para ter em pequenos jardins ou em vasos.As nossas protagonistas s\u00e3o as palmeiras nativas das Ilhas Can\u00e1rias, Norte de \u00c1frica, Sul e Leste da \u00c1sia.<\/p>\n<h2>Decore o seu p\u00e1tio com esta Palmeira F\u00eanix artificial<\/h2>\n<p>Seu nome original \u00e9 Phoenix, Phoenix canariensis, a palmeira Phoenix ou palmeira das Ilhas Can\u00e1rias, \u00e9 uma esp\u00e9cie de palmeira <a href=\"https:\/\/es.wikipedia.org\/wiki\/Endemismo\">end\u00eamica<\/a> das <a href=\"https:\/\/es.wikipedia.org\/wiki\/Islas_Canarias\">Ilhas Can\u00e1rias<\/a>.<\/p>\n<p>Por sua beleza, facilidade de adapta\u00e7\u00e3o e resist\u00eancia ao frio, \u00e9 uma das palmeiras mais utilizadas na jardinagem. \u00c9 uma esp\u00e9cie protegida nas ilhas de origem.<\/p>\n<p>Al\u00e9m disso, s\u00e3o plantas que podem atingir de 2 a 35 metros de altura, com tronco solit\u00e1rio ou multicaule (formado por v\u00e1rios caules). Al\u00e9m disso, sua copa \u00e9 composta por folhas dispostas em espiral, pinadas, pecioladas e cujos fol\u00edolos basais se transformam em espinhos. As flores agrupam-se em infloresc\u00eancias pendentes, existindo masculinas e femininas. As sementes t\u00eam forma elipsoidal, subcil\u00edndrica ou plano-convexa, rugosas e com sulco lateral.<\/p>\n<h3>Uma palmeira com uso ornamental para o seu jardim interior<\/h3>\n<p>Esta grande palmeira <strong>F\u00caNIX<\/strong> artificial ficar\u00e1 bem em qualquer canto, seja como um esp\u00e9cime solit\u00e1rio das maiores esp\u00e9cies, ou em grupos. Algumas delas, como a palmeira das Can\u00e1rias, d\u00e3o uma sombra muito boa, pelo que s\u00e3o uma op\u00e7\u00e3o muito boa quando se quer ter uma planta que lhe permita proteger-se do sol.<\/p>\n<p>A sua manuten\u00e7\u00e3o \u00e9 muito simples, tanto que \u00e9 muito poss\u00edvel que o surpreenda. D\u00ea uma olhada nesta palmeira e voc\u00ea ficar\u00e1 surpreso com seu alto realismo.<\/p>\n<p>D\u00ea uma olhada nas nossas novas grandes \u00e1rvores de interior, como a <a href=\"https:\/\/decoplanta.com\/pt-pt\/plantas-de-interior-artificiais\/arvore-oliveira-grande-artificial-280cm\/\">OLIVEIRA GRANDE<\/a>, a <a href=\"https:\/\/decoplanta.com\/pt-pt\/plantas-de-interior-artificiais\/arvore-grande-cerejeira-em-flor-artificial-320cm\/\">CEREJEIRA GRANDE<\/a> ou a nossa maravilhosa \u00e1rvore <a href=\"https:\/\/decoplanta.com\/pt-pt\/plantas-de-interior-artificiais\/magnolia-grande-artificial-240cm\/\">MAGN\u00d3LIA GRANDE<\/a>, bem como a <a href=\"https:\/\/decoplanta.com\/pt-pt\/plantas-de-interior-artificiais\/arvore-kentia-maxi\/\">KENTIA MAXI<\/a> ou a\u00a0 <a href=\"https:\/\/decoplanta.com\/pt-pt\/plantas-de-interior-artificiais\/arvore-ficus-lyrata-alto-3m\/\">FICUS LYRATA ALTO<\/a> 3 metros de altura.<\/p>\n<p>&nbsp;<\/p>\n<p>&nbsp;<\/p>\n","protected":false},"excerpt":{"rendered":"<p>PALMEIRA GRANDE artificial e altamente realista, com folhas verde lim\u00e3o e tronco de alta defini\u00e7\u00e3o com p\u00ealo. Altura: 2,60 m. \u00c9 entregue com um vaso de base inclu\u00eddo e n\u00e3o requer manuten\u00e7\u00e3o.<\/p>\n<table>\n<tbody>\n<tr>\n<td><strong>REF<\/strong><\/td>\n<td><strong>ALTURA<\/strong><\/td>\n<\/tr>\n<tr>\n<td>430329<\/td>\n<td>260 cm<\/td>\n<\/tr>\n<\/tbody>\n<\/table>\n","protected":false},"featured_media":5514,"template":"","meta":{"_monsterinsights_skip_tracking":false,"_monsterinsights_sitenote_active":false,"_monsterinsights_sitenote_note":"","_monsterinsights_sitenote_category":0},"product_brand":[],"product_cat":[395],"product_tag":[420],"class_list":{"0":"post-5502","1":"product","2":"type-product","3":"status-publish","4":"has-post-thumbnail","6":"product_cat-plantas-de-interior-artificiais","7":"product_tag-palmeira-artificial","8":"","9":"woocommerce-text-align-center","10":"woocommerce-image-align-center","11":"do-quantity-buttons","13":"first","14":"instock","15":"taxable","16":"shipping-taxable","17":"purchasable","18":"product-type-simple"},"yoast_head":"<!-- This site is optimized with the Yoast SEO plugin v27.4 - https:\/\/yoast.com\/product\/yoast-seo-wordpress\/ -->\n<title>GRANDE PALMEIRA F\u00caNIX artificial de 2,60 m y alto realismo.<\/title>\n<meta name=\"description\" content=\"GRANDE PALMEIRA F\u00caNIX artificial e altamente realista, com folhas verde lim\u00e3o e tronco de alta defini\u00e7\u00e3o com p\u00ealo. Para Decora\u00e7\u00e3o de Interiores\" \/>\n<meta name=\"robots\" content=\"index, follow, max-snippet:-1, max-image-preview:large, max-video-preview:-1\" \/>\n<link rel=\"canonical\" href=\"https:\/\/decoplanta.com\/pt-pt\/plantas-de-interior-artificiais\/grande-palmeira-fenix-260cm\/\" \/>\n<meta property=\"og:locale\" content=\"pt_PT\" \/>\n<meta property=\"og:type\" content=\"article\" \/>\n<meta property=\"og:title\" content=\"GRANDE PALMEIRA F\u00caNIX artificial de 2,60 m y alto realismo.\" \/>\n<meta property=\"og:description\" content=\"GRANDE PALMEIRA F\u00caNIX artificial e altamente realista, com folhas verde lim\u00e3o e tronco de alta defini\u00e7\u00e3o com p\u00ealo. Para Decora\u00e7\u00e3o de Interiores\" \/>\n<meta property=\"og:url\" content=\"https:\/\/decoplanta.com\/pt-pt\/plantas-de-interior-artificiais\/grande-palmeira-fenix-260cm\/\" \/>\n<meta property=\"og:site_name\" content=\"Plantas y \u00e1rboles artificiales de Alto Realismo\" \/>\n<meta property=\"article:modified_time\" content=\"2023-01-29T09:57:39+00:00\" \/>\n<meta property=\"og:image\" content=\"https:\/\/decoplanta.com\/wp-content\/uploads\/2023\/01\/430329-GRAN_PALMERA-260cm-scaled.jpg\" \/>\n\t<meta property=\"og:image:width\" content=\"2560\" \/>\n\t<meta property=\"og:image:height\" content=\"2560\" \/>\n\t<meta property=\"og:image:type\" content=\"image\/jpeg\" \/>\n<meta name=\"twitter:card\" content=\"summary_large_image\" \/>\n<meta name=\"twitter:label1\" content=\"Tempo estimado de leitura\" \/>\n\t<meta name=\"twitter:data1\" content=\"2 minutos\" \/>\n<script type=\"application\/ld+json\" class=\"yoast-schema-graph\">{\"@context\":\"https:\\\/\\\/schema.org\",\"@graph\":[{\"@type\":\"WebPage\",\"@id\":\"https:\\\/\\\/decoplanta.com\\\/pt-pt\\\/plantas-de-interior-artificiais\\\/grande-palmeira-fenix-260cm\\\/\",\"url\":\"https:\\\/\\\/decoplanta.com\\\/pt-pt\\\/plantas-de-interior-artificiais\\\/grande-palmeira-fenix-260cm\\\/\",\"name\":\"GRANDE PALMEIRA F\u00caNIX artificial de 2,60 m y alto realismo.\",\"isPartOf\":{\"@id\":\"https:\\\/\\\/decoplanta.com\\\/pt-pt\\\/#website\"},\"primaryImageOfPage\":{\"@id\":\"https:\\\/\\\/decoplanta.com\\\/pt-pt\\\/plantas-de-interior-artificiais\\\/grande-palmeira-fenix-260cm\\\/#primaryimage\"},\"image\":{\"@id\":\"https:\\\/\\\/decoplanta.com\\\/pt-pt\\\/plantas-de-interior-artificiais\\\/grande-palmeira-fenix-260cm\\\/#primaryimage\"},\"thumbnailUrl\":\"https:\\\/\\\/decoplanta.com\\\/wp-content\\\/uploads\\\/2023\\\/01\\\/430329-GRAN_PALMERA-260cm-scaled.jpg\",\"datePublished\":\"2023-01-25T09:40:41+00:00\",\"dateModified\":\"2023-01-29T09:57:39+00:00\",\"description\":\"GRANDE PALMEIRA F\u00caNIX artificial e altamente realista, com folhas verde lim\u00e3o e tronco de alta defini\u00e7\u00e3o com p\u00ealo. Para Decora\u00e7\u00e3o de Interiores\",\"breadcrumb\":{\"@id\":\"https:\\\/\\\/decoplanta.com\\\/pt-pt\\\/plantas-de-interior-artificiais\\\/grande-palmeira-fenix-260cm\\\/#breadcrumb\"},\"inLanguage\":\"pt-PT\",\"potentialAction\":[{\"@type\":\"ReadAction\",\"target\":[\"https:\\\/\\\/decoplanta.com\\\/pt-pt\\\/plantas-de-interior-artificiais\\\/grande-palmeira-fenix-260cm\\\/\"]}]},{\"@type\":\"ImageObject\",\"inLanguage\":\"pt-PT\",\"@id\":\"https:\\\/\\\/decoplanta.com\\\/pt-pt\\\/plantas-de-interior-artificiais\\\/grande-palmeira-fenix-260cm\\\/#primaryimage\",\"url\":\"https:\\\/\\\/decoplanta.com\\\/wp-content\\\/uploads\\\/2023\\\/01\\\/430329-GRAN_PALMERA-260cm-scaled.jpg\",\"contentUrl\":\"https:\\\/\\\/decoplanta.com\\\/wp-content\\\/uploads\\\/2023\\\/01\\\/430329-GRAN_PALMERA-260cm-scaled.jpg\",\"width\":2560,\"height\":2560,\"caption\":\"GRAN PALMERA artificial de 260cm\"},{\"@type\":\"BreadcrumbList\",\"@id\":\"https:\\\/\\\/decoplanta.com\\\/pt-pt\\\/plantas-de-interior-artificiais\\\/grande-palmeira-fenix-260cm\\\/#breadcrumb\",\"itemListElement\":[{\"@type\":\"ListItem\",\"position\":1,\"name\":\"Portada\",\"item\":\"https:\\\/\\\/decoplanta.com\\\/pt-pt\\\/\"},{\"@type\":\"ListItem\",\"position\":2,\"name\":\"Priv\u00e9\u00a0: Tienda\",\"item\":\"https:\\\/\\\/decoplanta.com\\\/?page_id=377\"},{\"@type\":\"ListItem\",\"position\":3,\"name\":\"PALMEIRA GRANDE\"}]},{\"@type\":\"WebSite\",\"@id\":\"https:\\\/\\\/decoplanta.com\\\/pt-pt\\\/#website\",\"url\":\"https:\\\/\\\/decoplanta.com\\\/pt-pt\\\/\",\"name\":\"Plantas y \u00e1rboles artificiales de Alto Realismo\",\"description\":\"Proveedor de Plantas artificiales para estudios de Arquitectura, Interiorismo, Paisajismo, Escenograf\u00eda, Tiendas de Decoraci\u00f3n Florister\u00edas y Mobiliario\",\"publisher\":{\"@id\":\"https:\\\/\\\/decoplanta.com\\\/pt-pt\\\/#organization\"},\"potentialAction\":[{\"@type\":\"SearchAction\",\"target\":{\"@type\":\"EntryPoint\",\"urlTemplate\":\"https:\\\/\\\/decoplanta.com\\\/pt-pt\\\/?s={search_term_string}\"},\"query-input\":{\"@type\":\"PropertyValueSpecification\",\"valueRequired\":true,\"valueName\":\"search_term_string\"}}],\"inLanguage\":\"pt-PT\"},{\"@type\":\"Organization\",\"@id\":\"https:\\\/\\\/decoplanta.com\\\/pt-pt\\\/#organization\",\"name\":\"Plantas y \u00e1rboles artificiales de Alto Realismo\",\"url\":\"https:\\\/\\\/decoplanta.com\\\/pt-pt\\\/\",\"logo\":{\"@type\":\"ImageObject\",\"inLanguage\":\"pt-PT\",\"@id\":\"https:\\\/\\\/decoplanta.com\\\/pt-pt\\\/#\\\/schema\\\/logo\\\/image\\\/\",\"url\":\"https:\\\/\\\/decoplanta.com\\\/wp-content\\\/uploads\\\/2021\\\/02\\\/decoplanta-logo2020.svg\",\"contentUrl\":\"https:\\\/\\\/decoplanta.com\\\/wp-content\\\/uploads\\\/2021\\\/02\\\/decoplanta-logo2020.svg\",\"width\":500,\"height\":500,\"caption\":\"Plantas y \u00e1rboles artificiales de Alto Realismo\"},\"image\":{\"@id\":\"https:\\\/\\\/decoplanta.com\\\/pt-pt\\\/#\\\/schema\\\/logo\\\/image\\\/\"}}]}<\/script>\n<!-- \/ Yoast SEO plugin. -->","yoast_head_json":{"title":"GRANDE PALMEIRA F\u00caNIX artificial de 2,60 m y alto realismo.","description":"GRANDE PALMEIRA F\u00caNIX artificial e altamente realista, com folhas verde lim\u00e3o e tronco de alta defini\u00e7\u00e3o com p\u00ealo. Para Decora\u00e7\u00e3o de Interiores","robots":{"index":"index","follow":"follow","max-snippet":"max-snippet:-1","max-image-preview":"max-image-preview:large","max-video-preview":"max-video-preview:-1"},"canonical":"https:\/\/decoplanta.com\/pt-pt\/plantas-de-interior-artificiais\/grande-palmeira-fenix-260cm\/","og_locale":"pt_PT","og_type":"article","og_title":"GRANDE PALMEIRA F\u00caNIX artificial de 2,60 m y alto realismo.","og_description":"GRANDE PALMEIRA F\u00caNIX artificial e altamente realista, com folhas verde lim\u00e3o e tronco de alta defini\u00e7\u00e3o com p\u00ealo. Para Decora\u00e7\u00e3o de Interiores","og_url":"https:\/\/decoplanta.com\/pt-pt\/plantas-de-interior-artificiais\/grande-palmeira-fenix-260cm\/","og_site_name":"Plantas y \u00e1rboles artificiales de Alto Realismo","article_modified_time":"2023-01-29T09:57:39+00:00","og_image":[{"width":2560,"height":2560,"url":"https:\/\/decoplanta.com\/wp-content\/uploads\/2023\/01\/430329-GRAN_PALMERA-260cm-scaled.jpg","type":"image\/jpeg"}],"twitter_card":"summary_large_image","twitter_misc":{"Tempo estimado de leitura":"2 minutos"},"schema":{"@context":"https:\/\/schema.org","@graph":[{"@type":"WebPage","@id":"https:\/\/decoplanta.com\/pt-pt\/plantas-de-interior-artificiais\/grande-palmeira-fenix-260cm\/","url":"https:\/\/decoplanta.com\/pt-pt\/plantas-de-interior-artificiais\/grande-palmeira-fenix-260cm\/","name":"GRANDE PALMEIRA F\u00caNIX artificial de 2,60 m y alto realismo.","isPartOf":{"@id":"https:\/\/decoplanta.com\/pt-pt\/#website"},"primaryImageOfPage":{"@id":"https:\/\/decoplanta.com\/pt-pt\/plantas-de-interior-artificiais\/grande-palmeira-fenix-260cm\/#primaryimage"},"image":{"@id":"https:\/\/decoplanta.com\/pt-pt\/plantas-de-interior-artificiais\/grande-palmeira-fenix-260cm\/#primaryimage"},"thumbnailUrl":"https:\/\/decoplanta.com\/wp-content\/uploads\/2023\/01\/430329-GRAN_PALMERA-260cm-scaled.jpg","datePublished":"2023-01-25T09:40:41+00:00","dateModified":"2023-01-29T09:57:39+00:00","description":"GRANDE PALMEIRA F\u00caNIX artificial e altamente realista, com folhas verde lim\u00e3o e tronco de alta defini\u00e7\u00e3o com p\u00ealo. Para Decora\u00e7\u00e3o de Interiores","breadcrumb":{"@id":"https:\/\/decoplanta.com\/pt-pt\/plantas-de-interior-artificiais\/grande-palmeira-fenix-260cm\/#breadcrumb"},"inLanguage":"pt-PT","potentialAction":[{"@type":"ReadAction","target":["https:\/\/decoplanta.com\/pt-pt\/plantas-de-interior-artificiais\/grande-palmeira-fenix-260cm\/"]}]},{"@type":"ImageObject","inLanguage":"pt-PT","@id":"https:\/\/decoplanta.com\/pt-pt\/plantas-de-interior-artificiais\/grande-palmeira-fenix-260cm\/#primaryimage","url":"https:\/\/decoplanta.com\/wp-content\/uploads\/2023\/01\/430329-GRAN_PALMERA-260cm-scaled.jpg","contentUrl":"https:\/\/decoplanta.com\/wp-content\/uploads\/2023\/01\/430329-GRAN_PALMERA-260cm-scaled.jpg","width":2560,"height":2560,"caption":"GRAN PALMERA artificial de 260cm"},{"@type":"BreadcrumbList","@id":"https:\/\/decoplanta.com\/pt-pt\/plantas-de-interior-artificiais\/grande-palmeira-fenix-260cm\/#breadcrumb","itemListElement":[{"@type":"ListItem","position":1,"name":"Portada","item":"https:\/\/decoplanta.com\/pt-pt\/"},{"@type":"ListItem","position":2,"name":"Priv\u00e9\u00a0: Tienda","item":"https:\/\/decoplanta.com\/?page_id=377"},{"@type":"ListItem","position":3,"name":"PALMEIRA GRANDE"}]},{"@type":"WebSite","@id":"https:\/\/decoplanta.com\/pt-pt\/#website","url":"https:\/\/decoplanta.com\/pt-pt\/","name":"Plantas y \u00e1rboles artificiales de Alto Realismo","description":"Proveedor de Plantas artificiales para estudios de Arquitectura, Interiorismo, Paisajismo, Escenograf\u00eda, Tiendas de Decoraci\u00f3n Florister\u00edas y Mobiliario","publisher":{"@id":"https:\/\/decoplanta.com\/pt-pt\/#organization"},"potentialAction":[{"@type":"SearchAction","target":{"@type":"EntryPoint","urlTemplate":"https:\/\/decoplanta.com\/pt-pt\/?s={search_term_string}"},"query-input":{"@type":"PropertyValueSpecification","valueRequired":true,"valueName":"search_term_string"}}],"inLanguage":"pt-PT"},{"@type":"Organization","@id":"https:\/\/decoplanta.com\/pt-pt\/#organization","name":"Plantas y \u00e1rboles artificiales de Alto Realismo","url":"https:\/\/decoplanta.com\/pt-pt\/","logo":{"@type":"ImageObject","inLanguage":"pt-PT","@id":"https:\/\/decoplanta.com\/pt-pt\/#\/schema\/logo\/image\/","url":"https:\/\/decoplanta.com\/wp-content\/uploads\/2021\/02\/decoplanta-logo2020.svg","contentUrl":"https:\/\/decoplanta.com\/wp-content\/uploads\/2021\/02\/decoplanta-logo2020.svg","width":500,"height":500,"caption":"Plantas y \u00e1rboles artificiales de Alto Realismo"},"image":{"@id":"https:\/\/decoplanta.com\/pt-pt\/#\/schema\/logo\/image\/"}}]}},"_links":{"self":[{"href":"https:\/\/decoplanta.com\/pt-pt\/wp-json\/wp\/v2\/product\/5502","targetHints":{"allow":["GET"]}}],"collection":[{"href":"https:\/\/decoplanta.com\/pt-pt\/wp-json\/wp\/v2\/product"}],"about":[{"href":"https:\/\/decoplanta.com\/pt-pt\/wp-json\/wp\/v2\/types\/product"}],"version-history":[{"count":0,"href":"https:\/\/decoplanta.com\/pt-pt\/wp-json\/wp\/v2\/product\/5502\/revisions"}],"wp:featuredmedia":[{"embeddable":true,"href":"https:\/\/decoplanta.com\/pt-pt\/wp-json\/wp\/v2\/media\/5514"}],"wp:attachment":[{"href":"https:\/\/decoplanta.com\/pt-pt\/wp-json\/wp\/v2\/media?parent=5502"}],"wp:term":[{"taxonomy":"product_brand","embeddable":true,"href":"https:\/\/decoplanta.com\/pt-pt\/wp-json\/wp\/v2\/product_brand?post=5502"},{"taxonomy":"product_cat","embeddable":true,"href":"https:\/\/decoplanta.com\/pt-pt\/wp-json\/wp\/v2\/product_cat?post=5502"},{"taxonomy":"product_tag","embeddable":true,"href":"https:\/\/decoplanta.com\/pt-pt\/wp-json\/wp\/v2\/product_tag?post=5502"}],"curies":[{"name":"wp","href":"https:\/\/api.w.org\/{rel}","templated":true}]}}