{"id":5521,"date":"2023-01-25T15:12:18","date_gmt":"2023-01-25T11:56:18","guid":{"rendered":"https:\/\/decoplanta.com\/?post_type=product&#038;p=5521"},"modified":"2023-01-29T11:47:14","modified_gmt":"2023-01-29T10:47:14","slug":"magnolia-grande-artificial-240cm","status":"publish","type":"product","link":"https:\/\/decoplanta.com\/pt-pt\/plantas-de-interior-artificiais\/magnolia-grande-artificial-240cm\/","title":{"rendered":"MAGN\u00d3LIA GRANDE"},"content":{"rendered":"<p><strong>GRANDE MAGN\u00d3LIA artificial<\/strong> altamente realista, com uma grande folha de cor verde intenso e um tronco de alta defini\u00e7\u00e3o. Altura: 2,40 m. \u00c9 entregue com um pote b\u00e1sico inclu\u00eddo e n\u00e3o requer manuten\u00e7\u00e3o.<\/p>\n<p>Por sua beleza, facilidade de adapta\u00e7\u00e3o e resist\u00eancia ao frio, \u00e9 uma das \u00e1rvores mais utilizadas em jardinagem. \u00c9 uma esp\u00e9cie protegida nas ilhas de origem.<\/p>\n<p>A <a href=\"https:\/\/es.wikipedia.org\/wiki\/Magnolia\">magn\u00f3lia<\/a> \u00e9 uma esp\u00e9cie que evoluiu antes do surgimento das abelhas, ent\u00e3o as flores se desenvolveram de forma que pudessem ser polinizadas por besouros. Como conseq\u00fc\u00eancia, eles t\u00eam carpelos duros para evitar a deteriora\u00e7\u00e3o. Esp\u00e9cimes fossilizados de M. acuminata foram encontrados com 20 milh\u00f5es de anos, e plantas semelhantes \u00e0 fam\u00edlia Magnoliaceae datadas de 125 milh\u00f5es de anos foram identificadas (2016). Outra caracter\u00edstica distintiva das magn\u00f3lias \u00e9 a aus\u00eancia de s\u00e9palas ou p\u00e9talas; em vez disso, eles t\u00eam t\u00e9palas, um termo que foi cunhado para se referir a esse elemento intermedi\u00e1rio.<\/p>\n<p>Al\u00e9m disso, s\u00e3o plantas que podem atingir de 2 a 35 metros de altura, com tronco solit\u00e1rio ou multicaule (formado por v\u00e1rios caules). Al\u00e9m disso, sua copa \u00e9 composta por folhas dispostas em espiral, pinadas, pecioladas e cujos fol\u00edolos basais se transformam em espinhos. As flores agrupam-se em infloresc\u00eancias pendentes, existindo masculinas e femininas. As sementes t\u00eam forma elipsoidal, subcil\u00edndrica ou plano-convexa, rugosas e com sulco lateral.<\/p>\n<h3>Uma Magn\u00f3lia artificial como uso ornamental para o seu jardim interior<\/h3>\n<p>Esta GRANDE MAGN\u00d3LIA artificial ficar\u00e1 bem em qualquer canto, seja como um esp\u00e9cime solit\u00e1rio da maior esp\u00e9cie, ou em grupos. O g\u00eanero recebeu o nome de Pierre Magnol, um bot\u00e2nico de Montpellier.<br \/>\nA sua manuten\u00e7\u00e3o \u00e9 muito simples, tanto que \u00e9 muito poss\u00edvel que o surpreenda. D\u00ea uma olhada nesta Magn\u00f3lia e voc\u00ea ficar\u00e1 surpreso com seu alto realismo.<\/p>\n<p class=\"p1\"><span class=\"s1\">D\u00ea uma olhada nas nossas novas grandes \u00e1rvores de interior, como a <a href=\"https:\/\/decoplanta.com\/pt-pt\/plantas-de-interior-artificiais\/arvore-oliveira-grande-artificial-280cm\/\"><span class=\"s2\">OLIVEIRA GRANDE<\/span><\/a>, a <a href=\"https:\/\/decoplanta.com\/pt-pt\/plantas-de-interior-artificiais\/arvore-grande-cerejeira-em-flor-artificial-320cm\/\"><span class=\"s2\">CEREJEIRA GRANDE<\/span><\/a> ou a nossa maravilhosa \u00e1rvore <a href=\"https:\/\/decoplanta.com\/pt-pt\/plantas-de-interior-artificiais\/grande-palmeira-fenix-260cm\/\"><span class=\"s2\">PALMEIRA GRANDE<\/span><\/a>, bem como a <a href=\"https:\/\/decoplanta.com\/pt-pt\/plantas-de-interior-artificiais\/arvore-kentia-maxi\/\"><span class=\"s2\">KENTIA MAXI<\/span><\/a> ou a\u00a0 <a href=\"https:\/\/decoplanta.com\/pt-pt\/plantas-de-interior-artificiais\/arvore-ficus-lyrata-alto-3m\/\"><span class=\"s2\">FICUS LYRATA ALTO<\/span><\/a> 3 metros de altura.<\/span><\/p>\n<p>&nbsp;<\/p>\n<p>&nbsp;<\/p>\n","protected":false},"excerpt":{"rendered":"<p>\u00c1rbol MAGN\u00d3LIA GRANDE artificial de alto realismo, folha larga de cor verde intensa e tronco de alta defini\u00e7\u00e3o. Altura: 2,40 m. \u00c9 entregue com um vaso de base inclu\u00eddo e n\u00e3o requer manuten\u00e7\u00e3o.<\/p>\n<table>\n<tbody>\n<tr>\n<td><strong>REF<\/strong><\/td>\n<td><strong>ALTURA<\/strong><\/td>\n<\/tr>\n<tr>\n<td>429932<\/td>\n<td>240 cm<\/td>\n<\/tr>\n<\/tbody>\n<\/table>\n","protected":false},"featured_media":5547,"template":"","meta":{"_monsterinsights_skip_tracking":false,"_monsterinsights_sitenote_active":false,"_monsterinsights_sitenote_note":"","_monsterinsights_sitenote_category":0},"product_brand":[],"product_cat":[395],"product_tag":[400],"class_list":{"0":"post-5521","1":"product","2":"type-product","3":"status-publish","4":"has-post-thumbnail","6":"product_cat-plantas-de-interior-artificiais","7":"product_tag-arvore-de-interior","8":"","9":"woocommerce-text-align-center","10":"woocommerce-image-align-center","11":"do-quantity-buttons","12":"wc-has-gallery","14":"first","15":"instock","16":"taxable","17":"shipping-taxable","18":"purchasable","19":"product-type-simple"},"yoast_head":"<!-- This site is optimized with the Yoast SEO plugin v27.6 - https:\/\/yoast.com\/product\/yoast-seo-wordpress\/ -->\n<title>MAGN\u00d3LIA GRANDE artificial de alto realismo. Altura: 2,40 m<\/title>\n<meta name=\"description\" content=\"MAGN\u00d3LIA GRANDE artificial de alto realismo, folha grande de cor verde intensa. Altura: 2,40 m. Para Decora\u00e7\u00e3o de Interiores\" \/>\n<meta name=\"robots\" content=\"index, follow, max-snippet:-1, max-image-preview:large, max-video-preview:-1\" \/>\n<link rel=\"canonical\" href=\"https:\/\/decoplanta.com\/pt-pt\/plantas-de-interior-artificiais\/magnolia-grande-artificial-240cm\/\" \/>\n<meta property=\"og:locale\" content=\"pt_PT\" \/>\n<meta property=\"og:type\" content=\"article\" \/>\n<meta property=\"og:title\" content=\"MAGN\u00d3LIA GRANDE artificial de alto realismo. Altura: 2,40 m\" \/>\n<meta property=\"og:description\" content=\"MAGN\u00d3LIA GRANDE artificial de alto realismo, folha grande de cor verde intensa. Altura: 2,40 m. Para Decora\u00e7\u00e3o de Interiores\" \/>\n<meta property=\"og:url\" content=\"https:\/\/decoplanta.com\/pt-pt\/plantas-de-interior-artificiais\/magnolia-grande-artificial-240cm\/\" \/>\n<meta property=\"og:site_name\" content=\"Plantas y \u00e1rboles artificiales de Alto Realismo\" \/>\n<meta property=\"article:modified_time\" content=\"2023-01-29T10:47:14+00:00\" \/>\n<meta property=\"og:image\" content=\"https:\/\/decoplanta.com\/wp-content\/uploads\/2023\/01\/429932-GRAN_MAGNOLIA-240cm-scaled.jpg\" \/>\n\t<meta property=\"og:image:width\" content=\"2560\" \/>\n\t<meta property=\"og:image:height\" content=\"2560\" \/>\n\t<meta property=\"og:image:type\" content=\"image\/jpeg\" \/>\n<meta name=\"twitter:card\" content=\"summary_large_image\" \/>\n<meta name=\"twitter:label1\" content=\"Tempo estimado de leitura\" \/>\n\t<meta name=\"twitter:data1\" content=\"2 minutos\" \/>\n<script type=\"application\/ld+json\" class=\"yoast-schema-graph\">{\"@context\":\"https:\\\/\\\/schema.org\",\"@graph\":[{\"@type\":\"WebPage\",\"@id\":\"https:\\\/\\\/decoplanta.com\\\/pt-pt\\\/plantas-de-interior-artificiais\\\/magnolia-grande-artificial-240cm\\\/\",\"url\":\"https:\\\/\\\/decoplanta.com\\\/pt-pt\\\/plantas-de-interior-artificiais\\\/magnolia-grande-artificial-240cm\\\/\",\"name\":\"MAGN\u00d3LIA GRANDE artificial de alto realismo. Altura: 2,40 m\",\"isPartOf\":{\"@id\":\"https:\\\/\\\/decoplanta.com\\\/pt-pt\\\/#website\"},\"primaryImageOfPage\":{\"@id\":\"https:\\\/\\\/decoplanta.com\\\/pt-pt\\\/plantas-de-interior-artificiais\\\/magnolia-grande-artificial-240cm\\\/#primaryimage\"},\"image\":{\"@id\":\"https:\\\/\\\/decoplanta.com\\\/pt-pt\\\/plantas-de-interior-artificiais\\\/magnolia-grande-artificial-240cm\\\/#primaryimage\"},\"thumbnailUrl\":\"https:\\\/\\\/decoplanta.com\\\/wp-content\\\/uploads\\\/2023\\\/01\\\/429932-GRAN_MAGNOLIA-240cm-scaled.jpg\",\"datePublished\":\"2023-01-25T11:56:18+00:00\",\"dateModified\":\"2023-01-29T10:47:14+00:00\",\"description\":\"MAGN\u00d3LIA GRANDE artificial de alto realismo, folha grande de cor verde intensa. Altura: 2,40 m. Para Decora\u00e7\u00e3o de Interiores\",\"breadcrumb\":{\"@id\":\"https:\\\/\\\/decoplanta.com\\\/pt-pt\\\/plantas-de-interior-artificiais\\\/magnolia-grande-artificial-240cm\\\/#breadcrumb\"},\"inLanguage\":\"pt-PT\",\"potentialAction\":[{\"@type\":\"ReadAction\",\"target\":[\"https:\\\/\\\/decoplanta.com\\\/pt-pt\\\/plantas-de-interior-artificiais\\\/magnolia-grande-artificial-240cm\\\/\"]}]},{\"@type\":\"ImageObject\",\"inLanguage\":\"pt-PT\",\"@id\":\"https:\\\/\\\/decoplanta.com\\\/pt-pt\\\/plantas-de-interior-artificiais\\\/magnolia-grande-artificial-240cm\\\/#primaryimage\",\"url\":\"https:\\\/\\\/decoplanta.com\\\/wp-content\\\/uploads\\\/2023\\\/01\\\/429932-GRAN_MAGNOLIA-240cm-scaled.jpg\",\"contentUrl\":\"https:\\\/\\\/decoplanta.com\\\/wp-content\\\/uploads\\\/2023\\\/01\\\/429932-GRAN_MAGNOLIA-240cm-scaled.jpg\",\"width\":2560,\"height\":2560,\"caption\":\"GRAN MAGNOLIA artificial de alto realismo y 2,40m de altura.\"},{\"@type\":\"BreadcrumbList\",\"@id\":\"https:\\\/\\\/decoplanta.com\\\/pt-pt\\\/plantas-de-interior-artificiais\\\/magnolia-grande-artificial-240cm\\\/#breadcrumb\",\"itemListElement\":[{\"@type\":\"ListItem\",\"position\":1,\"name\":\"Portada\",\"item\":\"https:\\\/\\\/decoplanta.com\\\/pt-pt\\\/\"},{\"@type\":\"ListItem\",\"position\":2,\"name\":\"Priv\u00e9\u00a0: Tienda\",\"item\":\"https:\\\/\\\/decoplanta.com\\\/?page_id=377\"},{\"@type\":\"ListItem\",\"position\":3,\"name\":\"MAGN\u00d3LIA GRANDE\"}]},{\"@type\":\"WebSite\",\"@id\":\"https:\\\/\\\/decoplanta.com\\\/pt-pt\\\/#website\",\"url\":\"https:\\\/\\\/decoplanta.com\\\/pt-pt\\\/\",\"name\":\"Plantas y \u00e1rboles artificiales de Alto Realismo\",\"description\":\"Proveedor de Plantas artificiales para estudios de Arquitectura, Interiorismo, Paisajismo, Escenograf\u00eda, Tiendas de Decoraci\u00f3n Florister\u00edas y Mobiliario\",\"publisher\":{\"@id\":\"https:\\\/\\\/decoplanta.com\\\/pt-pt\\\/#organization\"},\"potentialAction\":[{\"@type\":\"SearchAction\",\"target\":{\"@type\":\"EntryPoint\",\"urlTemplate\":\"https:\\\/\\\/decoplanta.com\\\/pt-pt\\\/?s={search_term_string}\"},\"query-input\":{\"@type\":\"PropertyValueSpecification\",\"valueRequired\":true,\"valueName\":\"search_term_string\"}}],\"inLanguage\":\"pt-PT\"},{\"@type\":\"Organization\",\"@id\":\"https:\\\/\\\/decoplanta.com\\\/pt-pt\\\/#organization\",\"name\":\"Plantas y \u00e1rboles artificiales de Alto Realismo\",\"url\":\"https:\\\/\\\/decoplanta.com\\\/pt-pt\\\/\",\"logo\":{\"@type\":\"ImageObject\",\"inLanguage\":\"pt-PT\",\"@id\":\"https:\\\/\\\/decoplanta.com\\\/pt-pt\\\/#\\\/schema\\\/logo\\\/image\\\/\",\"url\":\"https:\\\/\\\/decoplanta.com\\\/wp-content\\\/uploads\\\/2021\\\/02\\\/decoplanta-logo2020.svg\",\"contentUrl\":\"https:\\\/\\\/decoplanta.com\\\/wp-content\\\/uploads\\\/2021\\\/02\\\/decoplanta-logo2020.svg\",\"width\":500,\"height\":500,\"caption\":\"Plantas y \u00e1rboles artificiales de Alto Realismo\"},\"image\":{\"@id\":\"https:\\\/\\\/decoplanta.com\\\/pt-pt\\\/#\\\/schema\\\/logo\\\/image\\\/\"}}]}<\/script>\n<!-- \/ Yoast SEO plugin. -->","yoast_head_json":{"title":"MAGN\u00d3LIA GRANDE artificial de alto realismo. Altura: 2,40 m","description":"MAGN\u00d3LIA GRANDE artificial de alto realismo, folha grande de cor verde intensa. Altura: 2,40 m. Para Decora\u00e7\u00e3o de Interiores","robots":{"index":"index","follow":"follow","max-snippet":"max-snippet:-1","max-image-preview":"max-image-preview:large","max-video-preview":"max-video-preview:-1"},"canonical":"https:\/\/decoplanta.com\/pt-pt\/plantas-de-interior-artificiais\/magnolia-grande-artificial-240cm\/","og_locale":"pt_PT","og_type":"article","og_title":"MAGN\u00d3LIA GRANDE artificial de alto realismo. Altura: 2,40 m","og_description":"MAGN\u00d3LIA GRANDE artificial de alto realismo, folha grande de cor verde intensa. Altura: 2,40 m. Para Decora\u00e7\u00e3o de Interiores","og_url":"https:\/\/decoplanta.com\/pt-pt\/plantas-de-interior-artificiais\/magnolia-grande-artificial-240cm\/","og_site_name":"Plantas y \u00e1rboles artificiales de Alto Realismo","article_modified_time":"2023-01-29T10:47:14+00:00","og_image":[{"width":2560,"height":2560,"url":"https:\/\/decoplanta.com\/wp-content\/uploads\/2023\/01\/429932-GRAN_MAGNOLIA-240cm-scaled.jpg","type":"image\/jpeg"}],"twitter_card":"summary_large_image","twitter_misc":{"Tempo estimado de leitura":"2 minutos"},"schema":{"@context":"https:\/\/schema.org","@graph":[{"@type":"WebPage","@id":"https:\/\/decoplanta.com\/pt-pt\/plantas-de-interior-artificiais\/magnolia-grande-artificial-240cm\/","url":"https:\/\/decoplanta.com\/pt-pt\/plantas-de-interior-artificiais\/magnolia-grande-artificial-240cm\/","name":"MAGN\u00d3LIA GRANDE artificial de alto realismo. Altura: 2,40 m","isPartOf":{"@id":"https:\/\/decoplanta.com\/pt-pt\/#website"},"primaryImageOfPage":{"@id":"https:\/\/decoplanta.com\/pt-pt\/plantas-de-interior-artificiais\/magnolia-grande-artificial-240cm\/#primaryimage"},"image":{"@id":"https:\/\/decoplanta.com\/pt-pt\/plantas-de-interior-artificiais\/magnolia-grande-artificial-240cm\/#primaryimage"},"thumbnailUrl":"https:\/\/decoplanta.com\/wp-content\/uploads\/2023\/01\/429932-GRAN_MAGNOLIA-240cm-scaled.jpg","datePublished":"2023-01-25T11:56:18+00:00","dateModified":"2023-01-29T10:47:14+00:00","description":"MAGN\u00d3LIA GRANDE artificial de alto realismo, folha grande de cor verde intensa. Altura: 2,40 m. Para Decora\u00e7\u00e3o de Interiores","breadcrumb":{"@id":"https:\/\/decoplanta.com\/pt-pt\/plantas-de-interior-artificiais\/magnolia-grande-artificial-240cm\/#breadcrumb"},"inLanguage":"pt-PT","potentialAction":[{"@type":"ReadAction","target":["https:\/\/decoplanta.com\/pt-pt\/plantas-de-interior-artificiais\/magnolia-grande-artificial-240cm\/"]}]},{"@type":"ImageObject","inLanguage":"pt-PT","@id":"https:\/\/decoplanta.com\/pt-pt\/plantas-de-interior-artificiais\/magnolia-grande-artificial-240cm\/#primaryimage","url":"https:\/\/decoplanta.com\/wp-content\/uploads\/2023\/01\/429932-GRAN_MAGNOLIA-240cm-scaled.jpg","contentUrl":"https:\/\/decoplanta.com\/wp-content\/uploads\/2023\/01\/429932-GRAN_MAGNOLIA-240cm-scaled.jpg","width":2560,"height":2560,"caption":"GRAN MAGNOLIA artificial de alto realismo y 2,40m de altura."},{"@type":"BreadcrumbList","@id":"https:\/\/decoplanta.com\/pt-pt\/plantas-de-interior-artificiais\/magnolia-grande-artificial-240cm\/#breadcrumb","itemListElement":[{"@type":"ListItem","position":1,"name":"Portada","item":"https:\/\/decoplanta.com\/pt-pt\/"},{"@type":"ListItem","position":2,"name":"Priv\u00e9\u00a0: Tienda","item":"https:\/\/decoplanta.com\/?page_id=377"},{"@type":"ListItem","position":3,"name":"MAGN\u00d3LIA GRANDE"}]},{"@type":"WebSite","@id":"https:\/\/decoplanta.com\/pt-pt\/#website","url":"https:\/\/decoplanta.com\/pt-pt\/","name":"Plantas y \u00e1rboles artificiales de Alto Realismo","description":"Proveedor de Plantas artificiales para estudios de Arquitectura, Interiorismo, Paisajismo, Escenograf\u00eda, Tiendas de Decoraci\u00f3n Florister\u00edas y Mobiliario","publisher":{"@id":"https:\/\/decoplanta.com\/pt-pt\/#organization"},"potentialAction":[{"@type":"SearchAction","target":{"@type":"EntryPoint","urlTemplate":"https:\/\/decoplanta.com\/pt-pt\/?s={search_term_string}"},"query-input":{"@type":"PropertyValueSpecification","valueRequired":true,"valueName":"search_term_string"}}],"inLanguage":"pt-PT"},{"@type":"Organization","@id":"https:\/\/decoplanta.com\/pt-pt\/#organization","name":"Plantas y \u00e1rboles artificiales de Alto Realismo","url":"https:\/\/decoplanta.com\/pt-pt\/","logo":{"@type":"ImageObject","inLanguage":"pt-PT","@id":"https:\/\/decoplanta.com\/pt-pt\/#\/schema\/logo\/image\/","url":"https:\/\/decoplanta.com\/wp-content\/uploads\/2021\/02\/decoplanta-logo2020.svg","contentUrl":"https:\/\/decoplanta.com\/wp-content\/uploads\/2021\/02\/decoplanta-logo2020.svg","width":500,"height":500,"caption":"Plantas y \u00e1rboles artificiales de Alto Realismo"},"image":{"@id":"https:\/\/decoplanta.com\/pt-pt\/#\/schema\/logo\/image\/"}}]}},"_links":{"self":[{"href":"https:\/\/decoplanta.com\/pt-pt\/wp-json\/wp\/v2\/product\/5521","targetHints":{"allow":["GET"]}}],"collection":[{"href":"https:\/\/decoplanta.com\/pt-pt\/wp-json\/wp\/v2\/product"}],"about":[{"href":"https:\/\/decoplanta.com\/pt-pt\/wp-json\/wp\/v2\/types\/product"}],"version-history":[{"count":0,"href":"https:\/\/decoplanta.com\/pt-pt\/wp-json\/wp\/v2\/product\/5521\/revisions"}],"wp:featuredmedia":[{"embeddable":true,"href":"https:\/\/decoplanta.com\/pt-pt\/wp-json\/wp\/v2\/media\/5547"}],"wp:attachment":[{"href":"https:\/\/decoplanta.com\/pt-pt\/wp-json\/wp\/v2\/media?parent=5521"}],"wp:term":[{"taxonomy":"product_brand","embeddable":true,"href":"https:\/\/decoplanta.com\/pt-pt\/wp-json\/wp\/v2\/product_brand?post=5521"},{"taxonomy":"product_cat","embeddable":true,"href":"https:\/\/decoplanta.com\/pt-pt\/wp-json\/wp\/v2\/product_cat?post=5521"},{"taxonomy":"product_tag","embeddable":true,"href":"https:\/\/decoplanta.com\/pt-pt\/wp-json\/wp\/v2\/product_tag?post=5521"}],"curies":[{"name":"wp","href":"https:\/\/api.w.org\/{rel}","templated":true}]}}