{"id":5525,"date":"2023-01-25T15:14:04","date_gmt":"2023-01-25T12:03:04","guid":{"rendered":"https:\/\/decoplanta.com\/?post_type=product&#038;p=5525"},"modified":"2023-04-11T11:06:59","modified_gmt":"2023-04-11T10:06:59","slug":"arvore-oliveira-grande-artificial-240cm","status":"publish","type":"product","link":"https:\/\/decoplanta.com\/pt-pt\/plantas-de-interior-artificiais\/arvore-oliveira-grande-artificial-240cm\/","title":{"rendered":"OLIVEIRA GRANDE"},"content":{"rendered":"<p class=\"p1\"><span class=\"s1\"><b>OLIVEIRA GRANDE artificial<\/b>, altamente realista e com m\u00e1xima folhagem, inclui azeitonas em diferentes tonalidades e um tronco de alta defini\u00e7\u00e3o. Altura: 2,80 m. Toda a eleg\u00e2ncia que um \u00e1rvore de fruto artificial pode ter. Dispon\u00edvel com 280 cm de altura. \u00c9 entregue com um vaso de base inclu\u00eddo e n\u00e3o requer manuten\u00e7\u00e3o.<\/span><\/p>\n<p class=\"p1\"><span class=\"s1\">Em primeiro lugar, a oliveira \u00e9 a \u00e1rvore frut\u00edfera da fam\u00edlia das ole\u00e1ceas de onde prov\u00e9m o azeite, o sumo da azeitona que utilizamos para preparar as nossas refei\u00e7\u00f5es, temperar saladas e preparar uma infinidade de produtos. Gra\u00e7as a todas estas utiliza\u00e7\u00f5es, a procura da oliveira continua a crescer a taxas exponenciais, sendo <a href=\"https:\/\/arbolesfrutales.org\/arboles-frutales-autoctonos-de-espana-conoces-los-mas-caracteristicos\/\"><span class=\"s2\">Espanha<\/span><\/a> e It\u00e1lia os principais produtores.<\/span><\/p>\n<p class=\"p1\">Outra grande fruteira artificial dispon\u00edvel na Decoplanta \u00e9 a <a href=\"https:\/\/decoplanta.com\/pt-pt\/plantas-de-interior-artificiais\/arvore-grande-cerejeira-em-flor-artificial-320cm\/\"><b>GRANDE CEREJEIRA em flor<\/b><\/a>, com flores hiper-realistas. Saiba mais na se\u00e7\u00e3o <a href=\"https:\/\/decoplanta.com\/pt-pt\/plantas-de-interior-artificiais\/\">Plantas de interior.<\/a><\/p>\n<p class=\"p1\">Mas a oliveira \u00e9 nativa da \u00c1sia Menor e \u00e9 cultivada desde os tempos antigos em toda a bacia do Mediterr\u00e2neo. A variedade selvagem \u00e9 chamada de oliva ou azeitona selvagem.<\/p>\n<h3 class=\"p1\">Estrutura da grande oliveira<\/h3>\n<p class=\"p1\">Al\u00e9m disso, deve-se notar que \u00e9 uma \u00e1rvore perene com capacidade de viver e produzir por centenas de anos. Tem porte m\u00e9dio: entre 2 e 10 metros de altura.<br \/>\nA oliveira \u00e9 uma esp\u00e9cie tipicamente mediterr\u00e2nica adaptada ao clima da zona. \u00c9 uma esp\u00e9cie presente nas paisagens da Pen\u00ednsula Ib\u00e9rica como mais um elemento dos ecossistemas e da cultura mediterr\u00e2nica. Apesar de ser uma esp\u00e9cie r\u00fastica, apresenta tamb\u00e9m uma s\u00e9rie de requisitos que limitam a sua \u00e1rea de distribui\u00e7\u00e3o preferencialmente a zonas de clima mediterr\u00e2nico.<br \/>\nApesar de ser uma <a href=\"https:\/\/arbolesfrutales.org\/arboles-frutales-de-secano-la-solucion-a-la-escasez-de-agua\/\">\u00e1rvore muito resistente<\/a>, a redu\u00e7\u00e3o de \u00e1gua ou nutrientes minerais apenas algumas semanas antes da flora\u00e7\u00e3o pode levar a menos flora\u00e7\u00e3o e, consequentemente, menos azeitonas.<\/p>\n<h3 class=\"p1\">Como \u00e9 a OLIVEIRA-GRANDE artificial?<\/h3>\n<p class=\"p1\">A oliveira \u00e9 uma \u00e1rvore de f\u00e1cil cultivo, que n\u00e3o tolera temperaturas abaixo de -10\u00b0C, mas \u00e9 bastante apta a combater as geadas de inverno t\u00edpicas do clima <span class=\"s1\"><a href=\"https:\/\/arbolesfrutales.org\/arboles-frutales-de-clima-mediterraneo\/\"><span class=\"s2\">mediterr\u00e1neo<\/span><\/a><\/span> e as secas de ver\u00e3o que se prolongam com o tempo. A componente clim\u00e1tica que mais danifica esta fruteira \u00e9 o vento.<\/p>\n<p>&nbsp;<\/p>\n<p>&nbsp;<\/p>\n","protected":false},"excerpt":{"rendered":"<p>\u00c1rvore OLIVEIRA GRANDE de est\u00e9tica espetacular, copa expressiva em m\u00e1xima flora\u00e7\u00e3o, elegante com m\u00e1ximo realismo com tronco de alta defini\u00e7\u00e3o Altura: 2,40 m. \u00c9 entregue com um vaso de base inclu\u00eddo e n\u00e3o requer manuten\u00e7\u00e3o.<\/p>\n<table>\n<tbody>\n<tr>\n<td><strong>REF<\/strong><\/td>\n<td><strong>ALTURA<\/strong><\/td>\n<\/tr>\n<tr>\n<td>429585<\/td>\n<td>240 cm<\/td>\n<\/tr>\n<\/tbody>\n<\/table>\n","protected":false},"featured_media":5709,"template":"","meta":{"_monsterinsights_skip_tracking":false,"_monsterinsights_sitenote_active":false,"_monsterinsights_sitenote_note":"","_monsterinsights_sitenote_category":0},"product_brand":[],"product_cat":[395],"product_tag":[401,400],"class_list":{"0":"post-5525","1":"product","2":"type-product","3":"status-publish","4":"has-post-thumbnail","6":"product_cat-plantas-de-interior-artificiais","7":"product_tag-arvore-de-fruto-artificial","8":"product_tag-arvore-de-interior","9":"","10":"woocommerce-text-align-center","11":"woocommerce-image-align-center","12":"do-quantity-buttons","14":"first","15":"instock","16":"taxable","17":"shipping-taxable","18":"purchasable","19":"product-type-simple"},"yoast_head":"<!-- This site is optimized with the Yoast SEO plugin v27.6 - https:\/\/yoast.com\/product\/yoast-seo-wordpress\/ -->\n<title>OLIVEIRA GRANDE artificial de alto realismo. Altura: 2,40 m<\/title>\n<meta name=\"description\" content=\"OLIVEIRA GRANDE artificial - Alto realismo e m\u00e1ximo folhoso das folhas, com azeitonas em diferentes tonalidades. Para Decora\u00e7\u00e3o de Interiores\" \/>\n<meta name=\"robots\" content=\"index, follow, max-snippet:-1, max-image-preview:large, max-video-preview:-1\" \/>\n<link rel=\"canonical\" href=\"https:\/\/decoplanta.com\/pt-pt\/plantas-de-interior-artificiais\/arvore-oliveira-grande-artificial-240cm\/\" \/>\n<meta property=\"og:locale\" content=\"pt_PT\" \/>\n<meta property=\"og:type\" content=\"article\" \/>\n<meta property=\"og:title\" content=\"OLIVEIRA GRANDE artificial de alto realismo. Altura: 2,40 m\" \/>\n<meta property=\"og:description\" content=\"OLIVEIRA GRANDE artificial - Alto realismo e m\u00e1ximo folhoso das folhas, com azeitonas em diferentes tonalidades. Para Decora\u00e7\u00e3o de Interiores\" \/>\n<meta property=\"og:url\" content=\"https:\/\/decoplanta.com\/pt-pt\/plantas-de-interior-artificiais\/arvore-oliveira-grande-artificial-240cm\/\" \/>\n<meta property=\"og:site_name\" content=\"Plantas y \u00e1rboles artificiales de Alto Realismo\" \/>\n<meta property=\"article:modified_time\" content=\"2023-04-11T10:06:59+00:00\" \/>\n<meta property=\"og:image\" content=\"https:\/\/decoplanta.com\/wp-content\/uploads\/2023\/01\/429585-GRAN_OLIVO-240cm-scaled.jpg\" \/>\n\t<meta property=\"og:image:width\" content=\"2560\" \/>\n\t<meta property=\"og:image:height\" content=\"2560\" \/>\n\t<meta property=\"og:image:type\" content=\"image\/jpeg\" \/>\n<meta name=\"twitter:card\" content=\"summary_large_image\" \/>\n<meta name=\"twitter:label1\" content=\"Tempo estimado de leitura\" \/>\n\t<meta name=\"twitter:data1\" content=\"2 minutos\" \/>\n<script type=\"application\/ld+json\" class=\"yoast-schema-graph\">{\"@context\":\"https:\\\/\\\/schema.org\",\"@graph\":[{\"@type\":\"WebPage\",\"@id\":\"https:\\\/\\\/decoplanta.com\\\/pt-pt\\\/plantas-de-interior-artificiais\\\/arvore-oliveira-grande-artificial-240cm\\\/\",\"url\":\"https:\\\/\\\/decoplanta.com\\\/pt-pt\\\/plantas-de-interior-artificiais\\\/arvore-oliveira-grande-artificial-240cm\\\/\",\"name\":\"OLIVEIRA GRANDE artificial de alto realismo. Altura: 2,40 m\",\"isPartOf\":{\"@id\":\"https:\\\/\\\/decoplanta.com\\\/pt-pt\\\/#website\"},\"primaryImageOfPage\":{\"@id\":\"https:\\\/\\\/decoplanta.com\\\/pt-pt\\\/plantas-de-interior-artificiais\\\/arvore-oliveira-grande-artificial-240cm\\\/#primaryimage\"},\"image\":{\"@id\":\"https:\\\/\\\/decoplanta.com\\\/pt-pt\\\/plantas-de-interior-artificiais\\\/arvore-oliveira-grande-artificial-240cm\\\/#primaryimage\"},\"thumbnailUrl\":\"https:\\\/\\\/decoplanta.com\\\/wp-content\\\/uploads\\\/2023\\\/01\\\/429585-GRAN_OLIVO-240cm-scaled.jpg\",\"datePublished\":\"2023-01-25T12:03:04+00:00\",\"dateModified\":\"2023-04-11T10:06:59+00:00\",\"description\":\"OLIVEIRA GRANDE artificial - Alto realismo e m\u00e1ximo folhoso das folhas, com azeitonas em diferentes tonalidades. Para Decora\u00e7\u00e3o de Interiores\",\"breadcrumb\":{\"@id\":\"https:\\\/\\\/decoplanta.com\\\/pt-pt\\\/plantas-de-interior-artificiais\\\/arvore-oliveira-grande-artificial-240cm\\\/#breadcrumb\"},\"inLanguage\":\"pt-PT\",\"potentialAction\":[{\"@type\":\"ReadAction\",\"target\":[\"https:\\\/\\\/decoplanta.com\\\/pt-pt\\\/plantas-de-interior-artificiais\\\/arvore-oliveira-grande-artificial-240cm\\\/\"]}]},{\"@type\":\"ImageObject\",\"inLanguage\":\"pt-PT\",\"@id\":\"https:\\\/\\\/decoplanta.com\\\/pt-pt\\\/plantas-de-interior-artificiais\\\/arvore-oliveira-grande-artificial-240cm\\\/#primaryimage\",\"url\":\"https:\\\/\\\/decoplanta.com\\\/wp-content\\\/uploads\\\/2023\\\/01\\\/429585-GRAN_OLIVO-240cm-scaled.jpg\",\"contentUrl\":\"https:\\\/\\\/decoplanta.com\\\/wp-content\\\/uploads\\\/2023\\\/01\\\/429585-GRAN_OLIVO-240cm-scaled.jpg\",\"width\":2560,\"height\":2560,\"caption\":\"Gran Olivo de 240 cm de alto\"},{\"@type\":\"BreadcrumbList\",\"@id\":\"https:\\\/\\\/decoplanta.com\\\/pt-pt\\\/plantas-de-interior-artificiais\\\/arvore-oliveira-grande-artificial-240cm\\\/#breadcrumb\",\"itemListElement\":[{\"@type\":\"ListItem\",\"position\":1,\"name\":\"Portada\",\"item\":\"https:\\\/\\\/decoplanta.com\\\/pt-pt\\\/\"},{\"@type\":\"ListItem\",\"position\":2,\"name\":\"Priv\u00e9\u00a0: Tienda\",\"item\":\"https:\\\/\\\/decoplanta.com\\\/?page_id=377\"},{\"@type\":\"ListItem\",\"position\":3,\"name\":\"OLIVEIRA GRANDE\"}]},{\"@type\":\"WebSite\",\"@id\":\"https:\\\/\\\/decoplanta.com\\\/pt-pt\\\/#website\",\"url\":\"https:\\\/\\\/decoplanta.com\\\/pt-pt\\\/\",\"name\":\"Plantas y \u00e1rboles artificiales de Alto Realismo\",\"description\":\"Proveedor de Plantas artificiales para estudios de Arquitectura, Interiorismo, Paisajismo, Escenograf\u00eda, Tiendas de Decoraci\u00f3n Florister\u00edas y Mobiliario\",\"publisher\":{\"@id\":\"https:\\\/\\\/decoplanta.com\\\/pt-pt\\\/#organization\"},\"potentialAction\":[{\"@type\":\"SearchAction\",\"target\":{\"@type\":\"EntryPoint\",\"urlTemplate\":\"https:\\\/\\\/decoplanta.com\\\/pt-pt\\\/?s={search_term_string}\"},\"query-input\":{\"@type\":\"PropertyValueSpecification\",\"valueRequired\":true,\"valueName\":\"search_term_string\"}}],\"inLanguage\":\"pt-PT\"},{\"@type\":\"Organization\",\"@id\":\"https:\\\/\\\/decoplanta.com\\\/pt-pt\\\/#organization\",\"name\":\"Plantas y \u00e1rboles artificiales de Alto Realismo\",\"url\":\"https:\\\/\\\/decoplanta.com\\\/pt-pt\\\/\",\"logo\":{\"@type\":\"ImageObject\",\"inLanguage\":\"pt-PT\",\"@id\":\"https:\\\/\\\/decoplanta.com\\\/pt-pt\\\/#\\\/schema\\\/logo\\\/image\\\/\",\"url\":\"https:\\\/\\\/decoplanta.com\\\/wp-content\\\/uploads\\\/2021\\\/02\\\/decoplanta-logo2020.svg\",\"contentUrl\":\"https:\\\/\\\/decoplanta.com\\\/wp-content\\\/uploads\\\/2021\\\/02\\\/decoplanta-logo2020.svg\",\"width\":500,\"height\":500,\"caption\":\"Plantas y \u00e1rboles artificiales de Alto Realismo\"},\"image\":{\"@id\":\"https:\\\/\\\/decoplanta.com\\\/pt-pt\\\/#\\\/schema\\\/logo\\\/image\\\/\"}}]}<\/script>\n<!-- \/ Yoast SEO plugin. -->","yoast_head_json":{"title":"OLIVEIRA GRANDE artificial de alto realismo. Altura: 2,40 m","description":"OLIVEIRA GRANDE artificial - Alto realismo e m\u00e1ximo folhoso das folhas, com azeitonas em diferentes tonalidades. Para Decora\u00e7\u00e3o de Interiores","robots":{"index":"index","follow":"follow","max-snippet":"max-snippet:-1","max-image-preview":"max-image-preview:large","max-video-preview":"max-video-preview:-1"},"canonical":"https:\/\/decoplanta.com\/pt-pt\/plantas-de-interior-artificiais\/arvore-oliveira-grande-artificial-240cm\/","og_locale":"pt_PT","og_type":"article","og_title":"OLIVEIRA GRANDE artificial de alto realismo. Altura: 2,40 m","og_description":"OLIVEIRA GRANDE artificial - Alto realismo e m\u00e1ximo folhoso das folhas, com azeitonas em diferentes tonalidades. Para Decora\u00e7\u00e3o de Interiores","og_url":"https:\/\/decoplanta.com\/pt-pt\/plantas-de-interior-artificiais\/arvore-oliveira-grande-artificial-240cm\/","og_site_name":"Plantas y \u00e1rboles artificiales de Alto Realismo","article_modified_time":"2023-04-11T10:06:59+00:00","og_image":[{"width":2560,"height":2560,"url":"https:\/\/decoplanta.com\/wp-content\/uploads\/2023\/01\/429585-GRAN_OLIVO-240cm-scaled.jpg","type":"image\/jpeg"}],"twitter_card":"summary_large_image","twitter_misc":{"Tempo estimado de leitura":"2 minutos"},"schema":{"@context":"https:\/\/schema.org","@graph":[{"@type":"WebPage","@id":"https:\/\/decoplanta.com\/pt-pt\/plantas-de-interior-artificiais\/arvore-oliveira-grande-artificial-240cm\/","url":"https:\/\/decoplanta.com\/pt-pt\/plantas-de-interior-artificiais\/arvore-oliveira-grande-artificial-240cm\/","name":"OLIVEIRA GRANDE artificial de alto realismo. Altura: 2,40 m","isPartOf":{"@id":"https:\/\/decoplanta.com\/pt-pt\/#website"},"primaryImageOfPage":{"@id":"https:\/\/decoplanta.com\/pt-pt\/plantas-de-interior-artificiais\/arvore-oliveira-grande-artificial-240cm\/#primaryimage"},"image":{"@id":"https:\/\/decoplanta.com\/pt-pt\/plantas-de-interior-artificiais\/arvore-oliveira-grande-artificial-240cm\/#primaryimage"},"thumbnailUrl":"https:\/\/decoplanta.com\/wp-content\/uploads\/2023\/01\/429585-GRAN_OLIVO-240cm-scaled.jpg","datePublished":"2023-01-25T12:03:04+00:00","dateModified":"2023-04-11T10:06:59+00:00","description":"OLIVEIRA GRANDE artificial - Alto realismo e m\u00e1ximo folhoso das folhas, com azeitonas em diferentes tonalidades. Para Decora\u00e7\u00e3o de Interiores","breadcrumb":{"@id":"https:\/\/decoplanta.com\/pt-pt\/plantas-de-interior-artificiais\/arvore-oliveira-grande-artificial-240cm\/#breadcrumb"},"inLanguage":"pt-PT","potentialAction":[{"@type":"ReadAction","target":["https:\/\/decoplanta.com\/pt-pt\/plantas-de-interior-artificiais\/arvore-oliveira-grande-artificial-240cm\/"]}]},{"@type":"ImageObject","inLanguage":"pt-PT","@id":"https:\/\/decoplanta.com\/pt-pt\/plantas-de-interior-artificiais\/arvore-oliveira-grande-artificial-240cm\/#primaryimage","url":"https:\/\/decoplanta.com\/wp-content\/uploads\/2023\/01\/429585-GRAN_OLIVO-240cm-scaled.jpg","contentUrl":"https:\/\/decoplanta.com\/wp-content\/uploads\/2023\/01\/429585-GRAN_OLIVO-240cm-scaled.jpg","width":2560,"height":2560,"caption":"Gran Olivo de 240 cm de alto"},{"@type":"BreadcrumbList","@id":"https:\/\/decoplanta.com\/pt-pt\/plantas-de-interior-artificiais\/arvore-oliveira-grande-artificial-240cm\/#breadcrumb","itemListElement":[{"@type":"ListItem","position":1,"name":"Portada","item":"https:\/\/decoplanta.com\/pt-pt\/"},{"@type":"ListItem","position":2,"name":"Priv\u00e9\u00a0: Tienda","item":"https:\/\/decoplanta.com\/?page_id=377"},{"@type":"ListItem","position":3,"name":"OLIVEIRA GRANDE"}]},{"@type":"WebSite","@id":"https:\/\/decoplanta.com\/pt-pt\/#website","url":"https:\/\/decoplanta.com\/pt-pt\/","name":"Plantas y \u00e1rboles artificiales de Alto Realismo","description":"Proveedor de Plantas artificiales para estudios de Arquitectura, Interiorismo, Paisajismo, Escenograf\u00eda, Tiendas de Decoraci\u00f3n Florister\u00edas y Mobiliario","publisher":{"@id":"https:\/\/decoplanta.com\/pt-pt\/#organization"},"potentialAction":[{"@type":"SearchAction","target":{"@type":"EntryPoint","urlTemplate":"https:\/\/decoplanta.com\/pt-pt\/?s={search_term_string}"},"query-input":{"@type":"PropertyValueSpecification","valueRequired":true,"valueName":"search_term_string"}}],"inLanguage":"pt-PT"},{"@type":"Organization","@id":"https:\/\/decoplanta.com\/pt-pt\/#organization","name":"Plantas y \u00e1rboles artificiales de Alto Realismo","url":"https:\/\/decoplanta.com\/pt-pt\/","logo":{"@type":"ImageObject","inLanguage":"pt-PT","@id":"https:\/\/decoplanta.com\/pt-pt\/#\/schema\/logo\/image\/","url":"https:\/\/decoplanta.com\/wp-content\/uploads\/2021\/02\/decoplanta-logo2020.svg","contentUrl":"https:\/\/decoplanta.com\/wp-content\/uploads\/2021\/02\/decoplanta-logo2020.svg","width":500,"height":500,"caption":"Plantas y \u00e1rboles artificiales de Alto Realismo"},"image":{"@id":"https:\/\/decoplanta.com\/pt-pt\/#\/schema\/logo\/image\/"}}]}},"_links":{"self":[{"href":"https:\/\/decoplanta.com\/pt-pt\/wp-json\/wp\/v2\/product\/5525","targetHints":{"allow":["GET"]}}],"collection":[{"href":"https:\/\/decoplanta.com\/pt-pt\/wp-json\/wp\/v2\/product"}],"about":[{"href":"https:\/\/decoplanta.com\/pt-pt\/wp-json\/wp\/v2\/types\/product"}],"version-history":[{"count":0,"href":"https:\/\/decoplanta.com\/pt-pt\/wp-json\/wp\/v2\/product\/5525\/revisions"}],"wp:featuredmedia":[{"embeddable":true,"href":"https:\/\/decoplanta.com\/pt-pt\/wp-json\/wp\/v2\/media\/5709"}],"wp:attachment":[{"href":"https:\/\/decoplanta.com\/pt-pt\/wp-json\/wp\/v2\/media?parent=5525"}],"wp:term":[{"taxonomy":"product_brand","embeddable":true,"href":"https:\/\/decoplanta.com\/pt-pt\/wp-json\/wp\/v2\/product_brand?post=5525"},{"taxonomy":"product_cat","embeddable":true,"href":"https:\/\/decoplanta.com\/pt-pt\/wp-json\/wp\/v2\/product_cat?post=5525"},{"taxonomy":"product_tag","embeddable":true,"href":"https:\/\/decoplanta.com\/pt-pt\/wp-json\/wp\/v2\/product_tag?post=5525"}],"curies":[{"name":"wp","href":"https:\/\/api.w.org\/{rel}","templated":true}]}}