{"id":5534,"date":"2023-01-25T13:00:13","date_gmt":"2023-01-25T13:04:13","guid":{"rendered":"https:\/\/decoplanta.com\/?post_type=product&#038;p=5534"},"modified":"2023-01-29T12:01:20","modified_gmt":"2023-01-29T11:01:20","slug":"planta-figueira-artificial-100cm","status":"publish","type":"product","link":"https:\/\/decoplanta.com\/pt-pt\/plantas-de-interior-artificiais\/planta-figueira-artificial-100cm\/","title":{"rendered":"\u00c1rvore FIGUEIRA"},"content":{"rendered":"<p><strong>Planta Figueira artificial<\/strong> com 100 cm de altura, folhagem de verde intenso, figos e tronco de alta defini\u00e7\u00e3o. \u00c9 entregue com um pote b\u00e1sico inclu\u00eddo e n\u00e3o requer manuten\u00e7\u00e3o.<\/p>\n<p>O nome comum da figueira \u00e9 Ficus carica, e \u00e9 uma das muitas esp\u00e9cies do g\u00eanero Ficus, da fam\u00edlia Moraceae, cujo fruto \u00e9 o figo. Originalmente do sudoeste da \u00c1sia, agora cresce selvagem ao redor do Mediterr\u00e2neo e em outras regi\u00f5es do mundo.<\/p>\n<p>A figueira artificial \u00e9 uma pequena \u00e1rvore ou arbusto de folha caduca, sua altura m\u00e1xima \u00e9 de 7-8 m. De copa muito aberta devido \u00e0 sua profusa ramifica\u00e7\u00e3o, que muitas vezes surge quase ao n\u00edvel do solo.<br \/>\nA casca \u00e9 lisa e de cor acinzentada. As folhas, com 12-25 cm de comprimento e 10-18 cm de largura, s\u00e3o profundamente lobadas, formadas por 3-7 fol\u00edolos, de cor verde brilhante e textura \u00e1spera.<\/p>\n<p>Curiosamente, a flora\u00e7\u00e3o desta <strong>Planta Figueira artificial<\/strong> \u00e9 bastante complexa. As flores de ambos os sexos s\u00e3o encerradas em um recept\u00e1culo em forma de p\u00eara com uma pequena abertura apical (ost\u00edolo). As \u00fanicas flores masculinas est\u00e3o nas proximidades da abertura, as demais s\u00e3o femininas, algumas delas est\u00e9reis. Essas flores dar\u00e3o origem a pequenos aqu\u00eanios comumente chamados de sementes, circundados por um mesocarpo carnudo e que s\u00e3o os verdadeiros frutos (ou seja, drup\u00e9olas) da figueira. O conjunto recebe o nome de sicono (do latim syconus).<\/p>\n<h3>Uma figueira artificial como uso ornamental para o seu jardim interior<\/h3>\n<p>A poliniza\u00e7\u00e3o \u00e9 realizada por uma esp\u00e9cie de insetos himen\u00f3pteros (pequenas vespas) em um caso t\u00edpico de simbiose\/mutualismo. Existe uma esp\u00e9cie de vespa adaptada a cada esp\u00e9cie de figueira. Blastophaga psenes poliniza o figo comum. A f\u00eamea entra no sic\u00f4nio pelo ost\u00edolo, deposita seus ovos e ali morre ap\u00f3s poliniz\u00e1-lo. Quando os filhotes nascem, os machos fertilizam as f\u00eameas que ainda est\u00e3o no ov\u00e1rio e morrem l\u00e1 dentro, nunca saindo. As vespas f\u00eameas fertilizadas saem pelo ost\u00edolo, levando consigo o p\u00f3len das flores masculinas.<\/p>\n<p>Algumas <a href=\"https:\/\/es.wikipedia.org\/wiki\/Ficus_carica\">figueiras<\/a>, chamadas biferosas ou reflorescentes, produzem duas safras por ano; em junho os figos, maiores que os figos, e os figos entre o final de agosto e o in\u00edcio de setembro.<\/p>\n<p class=\"p1\"><span class=\"s1\">D\u00ea uma olhada nas nossas novas plantas de interior, como a <a href=\"https:\/\/decoplanta.com\/pt-pt\/plantas-de-interior-artificiais\/arvore-oliveira-grande-artificial-280cm\/\"><span class=\"s2\">OLIVEIRA GRANDE<\/span><\/a>, a <a href=\"https:\/\/decoplanta.com\/pt-pt\/plantas-de-interior-artificiais\/arvore-grande-cerejeira-em-flor-artificial-320cm\/\"><span class=\"s2\">CEREJEIRA GRANDE<\/span><\/a> ou a nossa maravilhosa \u00e1rvore <a href=\"https:\/\/decoplanta.com\/pt-pt\/plantas-de-interior-artificiais\/magnolia-grande-artificial-240cm\/\"><span class=\"s2\">MAGN\u00d3LIA GRANDE<\/span><\/a>, bem como a <a href=\"https:\/\/decoplanta.com\/pt-pt\/plantas-de-interior-artificiais\/arvore-kentia-maxi\/\"><span class=\"s2\">KENTIA MAXI<\/span><\/a> ou a\u00a0 <a href=\"https:\/\/decoplanta.com\/pt-pt\/plantas-de-interior-artificiais\/arvore-ficus-lyrata-alto-3m\/\"><span class=\"s2\">FICUS LYRATA ALTO<\/span><\/a> 3 metros de altura.<\/span><\/p>\n<p>&nbsp;<\/p>\n<p>&nbsp;<\/p>\n","protected":false},"excerpt":{"rendered":"<p>\u00c1rvore FIGUEIRA de 100 cm de altura, com folhas verdes profundas, figos e tronco de alta defini\u00e7\u00e3o. Inclui um vaso de flores b\u00e1sico e n\u00e3o requer manuten\u00e7\u00e3o. \u00c9 entregue com um vaso de base inclu\u00eddo e n\u00e3o requer manuten\u00e7\u00e3o.<\/p>\n<table>\n<tbody>\n<tr>\n<td><strong>REF<\/strong><\/td>\n<td><strong>ALTURA<\/strong><\/td>\n<\/tr>\n<tr>\n<td>428453<\/td>\n<td>100 cm<\/td>\n<\/tr>\n<\/tbody>\n<\/table>\n","protected":false},"featured_media":5517,"template":"","meta":{"_monsterinsights_skip_tracking":false,"_monsterinsights_sitenote_active":false,"_monsterinsights_sitenote_note":"","_monsterinsights_sitenote_category":0},"product_brand":[],"product_cat":[395],"product_tag":[401,400],"class_list":{"0":"post-5534","1":"product","2":"type-product","3":"status-publish","4":"has-post-thumbnail","6":"product_cat-plantas-de-interior-artificiais","7":"product_tag-arvore-de-fruto-artificial","8":"product_tag-arvore-de-interior","9":"","10":"woocommerce-text-align-center","11":"woocommerce-image-align-center","12":"do-quantity-buttons","14":"first","15":"instock","16":"taxable","17":"shipping-taxable","18":"purchasable","19":"product-type-simple"},"yoast_head":"<!-- This site is optimized with the Yoast SEO plugin v27.5 - https:\/\/yoast.com\/product\/yoast-seo-wordpress\/ -->\n<title>Planta FIGUEIRA artificial de 100 cm de altura e alto realismo<\/title>\n<meta name=\"description\" content=\"Planta FIGUEIRA artificial de 100 cm de altura e alto realismo com folhas verdes profundas, figos e tronco de alta defini\u00e7\u00e3o. Para Decora\u00e7\u00e3o de Interiores\" \/>\n<meta name=\"robots\" content=\"index, follow, max-snippet:-1, max-image-preview:large, max-video-preview:-1\" \/>\n<link rel=\"canonical\" href=\"https:\/\/decoplanta.com\/pt-pt\/plantas-de-interior-artificiais\/planta-figueira-artificial-100cm\/\" \/>\n<meta property=\"og:locale\" content=\"pt_PT\" \/>\n<meta property=\"og:type\" content=\"article\" \/>\n<meta property=\"og:title\" content=\"Planta FIGUEIRA artificial de 100 cm de altura e alto realismo\" \/>\n<meta property=\"og:description\" content=\"Planta FIGUEIRA artificial de 100 cm de altura e alto realismo com folhas verdes profundas, figos e tronco de alta defini\u00e7\u00e3o. Para Decora\u00e7\u00e3o de Interiores\" \/>\n<meta property=\"og:url\" content=\"https:\/\/decoplanta.com\/pt-pt\/plantas-de-interior-artificiais\/planta-figueira-artificial-100cm\/\" \/>\n<meta property=\"og:site_name\" content=\"Plantas y \u00e1rboles artificiales de Alto Realismo\" \/>\n<meta property=\"article:modified_time\" content=\"2023-01-29T11:01:20+00:00\" \/>\n<meta property=\"og:image\" content=\"https:\/\/decoplanta.com\/wp-content\/uploads\/2023\/01\/428453-HIGUERA-100cm.jpg\" \/>\n\t<meta property=\"og:image:width\" content=\"1088\" \/>\n\t<meta property=\"og:image:height\" content=\"1088\" \/>\n\t<meta property=\"og:image:type\" content=\"image\/jpeg\" \/>\n<meta name=\"twitter:card\" content=\"summary_large_image\" \/>\n<meta name=\"twitter:label1\" content=\"Tempo estimado de leitura\" \/>\n\t<meta name=\"twitter:data1\" content=\"2 minutos\" \/>\n<script type=\"application\/ld+json\" class=\"yoast-schema-graph\">{\"@context\":\"https:\\\/\\\/schema.org\",\"@graph\":[{\"@type\":\"WebPage\",\"@id\":\"https:\\\/\\\/decoplanta.com\\\/pt-pt\\\/plantas-de-interior-artificiais\\\/planta-figueira-artificial-100cm\\\/\",\"url\":\"https:\\\/\\\/decoplanta.com\\\/pt-pt\\\/plantas-de-interior-artificiais\\\/planta-figueira-artificial-100cm\\\/\",\"name\":\"Planta FIGUEIRA artificial de 100 cm de altura e alto realismo\",\"isPartOf\":{\"@id\":\"https:\\\/\\\/decoplanta.com\\\/pt-pt\\\/#website\"},\"primaryImageOfPage\":{\"@id\":\"https:\\\/\\\/decoplanta.com\\\/pt-pt\\\/plantas-de-interior-artificiais\\\/planta-figueira-artificial-100cm\\\/#primaryimage\"},\"image\":{\"@id\":\"https:\\\/\\\/decoplanta.com\\\/pt-pt\\\/plantas-de-interior-artificiais\\\/planta-figueira-artificial-100cm\\\/#primaryimage\"},\"thumbnailUrl\":\"https:\\\/\\\/decoplanta.com\\\/wp-content\\\/uploads\\\/2023\\\/01\\\/428453-HIGUERA-100cm.jpg\",\"datePublished\":\"2023-01-25T13:04:13+00:00\",\"dateModified\":\"2023-01-29T11:01:20+00:00\",\"description\":\"Planta FIGUEIRA artificial de 100 cm de altura e alto realismo com folhas verdes profundas, figos e tronco de alta defini\u00e7\u00e3o. Para Decora\u00e7\u00e3o de Interiores\",\"breadcrumb\":{\"@id\":\"https:\\\/\\\/decoplanta.com\\\/pt-pt\\\/plantas-de-interior-artificiais\\\/planta-figueira-artificial-100cm\\\/#breadcrumb\"},\"inLanguage\":\"pt-PT\",\"potentialAction\":[{\"@type\":\"ReadAction\",\"target\":[\"https:\\\/\\\/decoplanta.com\\\/pt-pt\\\/plantas-de-interior-artificiais\\\/planta-figueira-artificial-100cm\\\/\"]}]},{\"@type\":\"ImageObject\",\"inLanguage\":\"pt-PT\",\"@id\":\"https:\\\/\\\/decoplanta.com\\\/pt-pt\\\/plantas-de-interior-artificiais\\\/planta-figueira-artificial-100cm\\\/#primaryimage\",\"url\":\"https:\\\/\\\/decoplanta.com\\\/wp-content\\\/uploads\\\/2023\\\/01\\\/428453-HIGUERA-100cm.jpg\",\"contentUrl\":\"https:\\\/\\\/decoplanta.com\\\/wp-content\\\/uploads\\\/2023\\\/01\\\/428453-HIGUERA-100cm.jpg\",\"width\":1088,\"height\":1088,\"caption\":\"\u00c1rbol HIGUERA artificial de 100cm de altura. Planta FIGUEIRA artificial de 100 cm de altura e alto realismo\"},{\"@type\":\"BreadcrumbList\",\"@id\":\"https:\\\/\\\/decoplanta.com\\\/pt-pt\\\/plantas-de-interior-artificiais\\\/planta-figueira-artificial-100cm\\\/#breadcrumb\",\"itemListElement\":[{\"@type\":\"ListItem\",\"position\":1,\"name\":\"Portada\",\"item\":\"https:\\\/\\\/decoplanta.com\\\/pt-pt\\\/\"},{\"@type\":\"ListItem\",\"position\":2,\"name\":\"Priv\u00e9\u00a0: Tienda\",\"item\":\"https:\\\/\\\/decoplanta.com\\\/?page_id=377\"},{\"@type\":\"ListItem\",\"position\":3,\"name\":\"\u00c1rvore FIGUEIRA\"}]},{\"@type\":\"WebSite\",\"@id\":\"https:\\\/\\\/decoplanta.com\\\/pt-pt\\\/#website\",\"url\":\"https:\\\/\\\/decoplanta.com\\\/pt-pt\\\/\",\"name\":\"Plantas y \u00e1rboles artificiales de Alto Realismo\",\"description\":\"Proveedor de Plantas artificiales para estudios de Arquitectura, Interiorismo, Paisajismo, Escenograf\u00eda, Tiendas de Decoraci\u00f3n Florister\u00edas y Mobiliario\",\"publisher\":{\"@id\":\"https:\\\/\\\/decoplanta.com\\\/pt-pt\\\/#organization\"},\"potentialAction\":[{\"@type\":\"SearchAction\",\"target\":{\"@type\":\"EntryPoint\",\"urlTemplate\":\"https:\\\/\\\/decoplanta.com\\\/pt-pt\\\/?s={search_term_string}\"},\"query-input\":{\"@type\":\"PropertyValueSpecification\",\"valueRequired\":true,\"valueName\":\"search_term_string\"}}],\"inLanguage\":\"pt-PT\"},{\"@type\":\"Organization\",\"@id\":\"https:\\\/\\\/decoplanta.com\\\/pt-pt\\\/#organization\",\"name\":\"Plantas y \u00e1rboles artificiales de Alto Realismo\",\"url\":\"https:\\\/\\\/decoplanta.com\\\/pt-pt\\\/\",\"logo\":{\"@type\":\"ImageObject\",\"inLanguage\":\"pt-PT\",\"@id\":\"https:\\\/\\\/decoplanta.com\\\/pt-pt\\\/#\\\/schema\\\/logo\\\/image\\\/\",\"url\":\"https:\\\/\\\/decoplanta.com\\\/wp-content\\\/uploads\\\/2021\\\/02\\\/decoplanta-logo2020.svg\",\"contentUrl\":\"https:\\\/\\\/decoplanta.com\\\/wp-content\\\/uploads\\\/2021\\\/02\\\/decoplanta-logo2020.svg\",\"width\":500,\"height\":500,\"caption\":\"Plantas y \u00e1rboles artificiales de Alto Realismo\"},\"image\":{\"@id\":\"https:\\\/\\\/decoplanta.com\\\/pt-pt\\\/#\\\/schema\\\/logo\\\/image\\\/\"}}]}<\/script>\n<!-- \/ Yoast SEO plugin. -->","yoast_head_json":{"title":"Planta FIGUEIRA artificial de 100 cm de altura e alto realismo","description":"Planta FIGUEIRA artificial de 100 cm de altura e alto realismo com folhas verdes profundas, figos e tronco de alta defini\u00e7\u00e3o. Para Decora\u00e7\u00e3o de Interiores","robots":{"index":"index","follow":"follow","max-snippet":"max-snippet:-1","max-image-preview":"max-image-preview:large","max-video-preview":"max-video-preview:-1"},"canonical":"https:\/\/decoplanta.com\/pt-pt\/plantas-de-interior-artificiais\/planta-figueira-artificial-100cm\/","og_locale":"pt_PT","og_type":"article","og_title":"Planta FIGUEIRA artificial de 100 cm de altura e alto realismo","og_description":"Planta FIGUEIRA artificial de 100 cm de altura e alto realismo com folhas verdes profundas, figos e tronco de alta defini\u00e7\u00e3o. Para Decora\u00e7\u00e3o de Interiores","og_url":"https:\/\/decoplanta.com\/pt-pt\/plantas-de-interior-artificiais\/planta-figueira-artificial-100cm\/","og_site_name":"Plantas y \u00e1rboles artificiales de Alto Realismo","article_modified_time":"2023-01-29T11:01:20+00:00","og_image":[{"width":1088,"height":1088,"url":"https:\/\/decoplanta.com\/wp-content\/uploads\/2023\/01\/428453-HIGUERA-100cm.jpg","type":"image\/jpeg"}],"twitter_card":"summary_large_image","twitter_misc":{"Tempo estimado de leitura":"2 minutos"},"schema":{"@context":"https:\/\/schema.org","@graph":[{"@type":"WebPage","@id":"https:\/\/decoplanta.com\/pt-pt\/plantas-de-interior-artificiais\/planta-figueira-artificial-100cm\/","url":"https:\/\/decoplanta.com\/pt-pt\/plantas-de-interior-artificiais\/planta-figueira-artificial-100cm\/","name":"Planta FIGUEIRA artificial de 100 cm de altura e alto realismo","isPartOf":{"@id":"https:\/\/decoplanta.com\/pt-pt\/#website"},"primaryImageOfPage":{"@id":"https:\/\/decoplanta.com\/pt-pt\/plantas-de-interior-artificiais\/planta-figueira-artificial-100cm\/#primaryimage"},"image":{"@id":"https:\/\/decoplanta.com\/pt-pt\/plantas-de-interior-artificiais\/planta-figueira-artificial-100cm\/#primaryimage"},"thumbnailUrl":"https:\/\/decoplanta.com\/wp-content\/uploads\/2023\/01\/428453-HIGUERA-100cm.jpg","datePublished":"2023-01-25T13:04:13+00:00","dateModified":"2023-01-29T11:01:20+00:00","description":"Planta FIGUEIRA artificial de 100 cm de altura e alto realismo com folhas verdes profundas, figos e tronco de alta defini\u00e7\u00e3o. Para Decora\u00e7\u00e3o de Interiores","breadcrumb":{"@id":"https:\/\/decoplanta.com\/pt-pt\/plantas-de-interior-artificiais\/planta-figueira-artificial-100cm\/#breadcrumb"},"inLanguage":"pt-PT","potentialAction":[{"@type":"ReadAction","target":["https:\/\/decoplanta.com\/pt-pt\/plantas-de-interior-artificiais\/planta-figueira-artificial-100cm\/"]}]},{"@type":"ImageObject","inLanguage":"pt-PT","@id":"https:\/\/decoplanta.com\/pt-pt\/plantas-de-interior-artificiais\/planta-figueira-artificial-100cm\/#primaryimage","url":"https:\/\/decoplanta.com\/wp-content\/uploads\/2023\/01\/428453-HIGUERA-100cm.jpg","contentUrl":"https:\/\/decoplanta.com\/wp-content\/uploads\/2023\/01\/428453-HIGUERA-100cm.jpg","width":1088,"height":1088,"caption":"\u00c1rbol HIGUERA artificial de 100cm de altura. Planta FIGUEIRA artificial de 100 cm de altura e alto realismo"},{"@type":"BreadcrumbList","@id":"https:\/\/decoplanta.com\/pt-pt\/plantas-de-interior-artificiais\/planta-figueira-artificial-100cm\/#breadcrumb","itemListElement":[{"@type":"ListItem","position":1,"name":"Portada","item":"https:\/\/decoplanta.com\/pt-pt\/"},{"@type":"ListItem","position":2,"name":"Priv\u00e9\u00a0: Tienda","item":"https:\/\/decoplanta.com\/?page_id=377"},{"@type":"ListItem","position":3,"name":"\u00c1rvore FIGUEIRA"}]},{"@type":"WebSite","@id":"https:\/\/decoplanta.com\/pt-pt\/#website","url":"https:\/\/decoplanta.com\/pt-pt\/","name":"Plantas y \u00e1rboles artificiales de Alto Realismo","description":"Proveedor de Plantas artificiales para estudios de Arquitectura, Interiorismo, Paisajismo, Escenograf\u00eda, Tiendas de Decoraci\u00f3n Florister\u00edas y Mobiliario","publisher":{"@id":"https:\/\/decoplanta.com\/pt-pt\/#organization"},"potentialAction":[{"@type":"SearchAction","target":{"@type":"EntryPoint","urlTemplate":"https:\/\/decoplanta.com\/pt-pt\/?s={search_term_string}"},"query-input":{"@type":"PropertyValueSpecification","valueRequired":true,"valueName":"search_term_string"}}],"inLanguage":"pt-PT"},{"@type":"Organization","@id":"https:\/\/decoplanta.com\/pt-pt\/#organization","name":"Plantas y \u00e1rboles artificiales de Alto Realismo","url":"https:\/\/decoplanta.com\/pt-pt\/","logo":{"@type":"ImageObject","inLanguage":"pt-PT","@id":"https:\/\/decoplanta.com\/pt-pt\/#\/schema\/logo\/image\/","url":"https:\/\/decoplanta.com\/wp-content\/uploads\/2021\/02\/decoplanta-logo2020.svg","contentUrl":"https:\/\/decoplanta.com\/wp-content\/uploads\/2021\/02\/decoplanta-logo2020.svg","width":500,"height":500,"caption":"Plantas y \u00e1rboles artificiales de Alto Realismo"},"image":{"@id":"https:\/\/decoplanta.com\/pt-pt\/#\/schema\/logo\/image\/"}}]}},"_links":{"self":[{"href":"https:\/\/decoplanta.com\/pt-pt\/wp-json\/wp\/v2\/product\/5534","targetHints":{"allow":["GET"]}}],"collection":[{"href":"https:\/\/decoplanta.com\/pt-pt\/wp-json\/wp\/v2\/product"}],"about":[{"href":"https:\/\/decoplanta.com\/pt-pt\/wp-json\/wp\/v2\/types\/product"}],"version-history":[{"count":0,"href":"https:\/\/decoplanta.com\/pt-pt\/wp-json\/wp\/v2\/product\/5534\/revisions"}],"wp:featuredmedia":[{"embeddable":true,"href":"https:\/\/decoplanta.com\/pt-pt\/wp-json\/wp\/v2\/media\/5517"}],"wp:attachment":[{"href":"https:\/\/decoplanta.com\/pt-pt\/wp-json\/wp\/v2\/media?parent=5534"}],"wp:term":[{"taxonomy":"product_brand","embeddable":true,"href":"https:\/\/decoplanta.com\/pt-pt\/wp-json\/wp\/v2\/product_brand?post=5534"},{"taxonomy":"product_cat","embeddable":true,"href":"https:\/\/decoplanta.com\/pt-pt\/wp-json\/wp\/v2\/product_cat?post=5534"},{"taxonomy":"product_tag","embeddable":true,"href":"https:\/\/decoplanta.com\/pt-pt\/wp-json\/wp\/v2\/product_tag?post=5534"}],"curies":[{"name":"wp","href":"https:\/\/api.w.org\/{rel}","templated":true}]}}