{"id":6113,"date":"2023-11-30T08:00:11","date_gmt":"2023-10-25T06:43:12","guid":{"rendered":"https:\/\/decoplanta.com\/?post_type=product&#038;p=6113"},"modified":"2023-12-30T12:32:19","modified_gmt":"2023-12-30T11:32:19","slug":"arvore-pachira-180cm","status":"publish","type":"product","link":"https:\/\/decoplanta.com\/pt-pt\/plantas-de-interior-artificiais\/arvore-pachira-180cm\/","title":{"rendered":"\u00c1rvore PACHIRA"},"content":{"rendered":"<p>\u00c1rvore artificial PACHIRA para decora\u00e7\u00e3o de <a class=\"waffle-rich-text-link\" href=\"https:\/\/decoplanta.com\/plantas-de-interior-artificiales\/\">interiores<\/a>, n\u00e3o ter\u00e1 de se preocupar com os seus cuidados. Esta bela \u00e1rvore de origem australiana \u00e9 muito elegante com as suas folhas redondas densas e o seu tronco natural.<\/p>\n<p>Esta \u00e1rvore artificial ir\u00e1 complementar perfeitamente uma decora\u00e7\u00e3o em tons brancos e dar\u00e1 um grande brilho. \u00c9 livre de manuten\u00e7\u00e3o, pelo que n\u00e3o tem de se preocupar em reg\u00e1-lo. Est\u00e1 dispon\u00edvel em duas alturas, 120 cm e 180 cm. Plantador b\u00e1sico inclu\u00eddo. Esta \u00e1rvore artificial de eucalipto \u00e9 elegante e muito realista, bem como um detalhe moderno para a sua casa. Pode coloc\u00e1-lo em qualquer lugar dentro de casa ou num vaso de acordo com o seu estilo e poder\u00e1 desfrutar desta planta durante muito tempo. \u00c9 tamb\u00e9m bastante f\u00e1cil de manter, pois esta planta n\u00e3o necessita de \u00e1gua nem de cuidados. A planta do eucalipto \u00e9 geralmente uma \u00e1rvore de grande porte, atingindo alturas superiores a 30 metros na natureza.<\/p>\n<p>O eucalipto (Eucalyptus) geralmente n\u00e3o cresce mais de 1 m em quartos e pode ser cultivado como um arbusto ou como uma \u00e1rvore. \u00c9 elegante com rebentos rectos e folhas verdes e prateadas arredondadas.<\/p>\n<h3>A beleza da \u00e1rvore PACHIRA<\/h3>\n<p>Por outro lado, n\u00e3o se encontra entre os representantes das con\u00edferas e plantas de bons\u00e1i de interior, mais raro e mais valioso do que o eucalipto. \u00c9 uma verdadeira j\u00f3ia com uma coroa e folhas \u00fanicas. Al\u00e9m disso, o eucalipto \u00e9 uma planta luxuosa, elegante e nobre. Tem um tronco grosso, com casca lisa verde e acinzentada, e folhas que s\u00e3o prateadas quando jovens mas assumem uma tonalidade azul quando o esp\u00e9cime \u00e9 adulto. <a class=\"waffle-rich-text-link\" href=\"https:\/\/es.wikipedia.org\/wiki\/Eucalyptus\">O PACHIRA<\/a> tem uma folhagem jovem, tanto em termos de cor como de forma. As folhas arredondadas s\u00e3o muito decorativas e s\u00e3o utilizadas em bouquets e outras composi\u00e7\u00f5es ornamentais. \u00c9 livre de manuten\u00e7\u00e3o, pelo que n\u00e3o tem de se preocupar em reg\u00e1-lo.<\/p>\n","protected":false},"excerpt":{"rendered":"<p>\u00c1rvore PACHIRA. R\u00e9plica perfeita da Pachira Aquatica ou Goiaba Castanha. \u00c9 uma das plantas ornamentais mais interessantes para decora\u00e7\u00e3o de casa. Altura: 180cm. Inclui plantador b\u00e1sico.<\/p>\n<table>\n<tbody>\n<tr>\n<td><strong>REF<\/strong><\/td>\n<td>Altura<\/td>\n<\/tr>\n<tr>\n<td><strong>427678<\/strong><\/td>\n<td>180 cm<\/td>\n<\/tr>\n<\/tbody>\n<\/table>\n","protected":false},"featured_media":6116,"template":"","meta":{"_monsterinsights_skip_tracking":false,"_monsterinsights_sitenote_active":false,"_monsterinsights_sitenote_note":"","_monsterinsights_sitenote_category":0},"product_brand":[],"product_cat":[395],"product_tag":[400],"class_list":{"0":"post-6113","1":"product","2":"type-product","3":"status-publish","4":"has-post-thumbnail","6":"product_cat-plantas-de-interior-artificiais","7":"product_tag-arvore-de-interior","8":"","9":"woocommerce-text-align-center","10":"woocommerce-image-align-center","11":"do-quantity-buttons","13":"first","14":"instock","15":"taxable","16":"shipping-taxable","17":"purchasable","18":"product-type-simple"},"yoast_head":"<!-- This site is optimized with the Yoast SEO plugin v27.4 - https:\/\/yoast.com\/product\/yoast-seo-wordpress\/ -->\n<title>\u00c1rvore artificial PACHIRA para decora\u00e7\u00e3o - Grande realismo<\/title>\n<meta name=\"description\" content=\"\u00c1rvore artificial PACHIRA altamente realista com tronco natural. Bonito para decorar interiores com eleg\u00e2ncia. N\u00e3o requere manuten\u00e7\u00e3o\" \/>\n<meta name=\"robots\" content=\"index, follow, max-snippet:-1, max-image-preview:large, max-video-preview:-1\" \/>\n<link rel=\"canonical\" href=\"https:\/\/decoplanta.com\/pt-pt\/plantas-de-interior-artificiais\/arvore-pachira-180cm\/\" \/>\n<meta property=\"og:locale\" content=\"pt_PT\" \/>\n<meta property=\"og:type\" content=\"article\" \/>\n<meta property=\"og:title\" content=\"\u00c1rvore artificial PACHIRA para decora\u00e7\u00e3o - Grande realismo\" \/>\n<meta property=\"og:description\" content=\"\u00c1rvore artificial PACHIRA altamente realista com tronco natural. Bonito para decorar interiores com eleg\u00e2ncia. N\u00e3o requere manuten\u00e7\u00e3o\" \/>\n<meta property=\"og:url\" content=\"https:\/\/decoplanta.com\/pt-pt\/plantas-de-interior-artificiais\/arvore-pachira-180cm\/\" \/>\n<meta property=\"og:site_name\" content=\"Plantas y \u00e1rboles artificiales de Alto Realismo\" \/>\n<meta property=\"article:modified_time\" content=\"2023-12-30T11:32:19+00:00\" \/>\n<meta property=\"og:image\" content=\"https:\/\/decoplanta.com\/wp-content\/uploads\/2023\/10\/427678-Arbol_PACHIRA-180cm-scaled.jpg\" \/>\n\t<meta property=\"og:image:width\" content=\"2560\" \/>\n\t<meta property=\"og:image:height\" content=\"2560\" \/>\n\t<meta property=\"og:image:type\" content=\"image\/jpeg\" \/>\n<meta name=\"twitter:card\" content=\"summary_large_image\" \/>\n<meta name=\"twitter:label1\" content=\"Tempo estimado de leitura\" \/>\n\t<meta name=\"twitter:data1\" content=\"2 minutos\" \/>\n<script type=\"application\/ld+json\" class=\"yoast-schema-graph\">{\"@context\":\"https:\\\/\\\/schema.org\",\"@graph\":[{\"@type\":\"WebPage\",\"@id\":\"https:\\\/\\\/decoplanta.com\\\/pt-pt\\\/plantas-de-interior-artificiais\\\/arvore-pachira-180cm\\\/\",\"url\":\"https:\\\/\\\/decoplanta.com\\\/pt-pt\\\/plantas-de-interior-artificiais\\\/arvore-pachira-180cm\\\/\",\"name\":\"\u00c1rvore artificial PACHIRA para decora\u00e7\u00e3o - Grande realismo\",\"isPartOf\":{\"@id\":\"https:\\\/\\\/decoplanta.com\\\/pt-pt\\\/#website\"},\"primaryImageOfPage\":{\"@id\":\"https:\\\/\\\/decoplanta.com\\\/pt-pt\\\/plantas-de-interior-artificiais\\\/arvore-pachira-180cm\\\/#primaryimage\"},\"image\":{\"@id\":\"https:\\\/\\\/decoplanta.com\\\/pt-pt\\\/plantas-de-interior-artificiais\\\/arvore-pachira-180cm\\\/#primaryimage\"},\"thumbnailUrl\":\"https:\\\/\\\/decoplanta.com\\\/wp-content\\\/uploads\\\/2023\\\/10\\\/427678-Arbol_PACHIRA-180cm-scaled.jpg\",\"datePublished\":\"2023-10-25T06:43:12+00:00\",\"dateModified\":\"2023-12-30T11:32:19+00:00\",\"description\":\"\u00c1rvore artificial PACHIRA altamente realista com tronco natural. Bonito para decorar interiores com eleg\u00e2ncia. N\u00e3o requere manuten\u00e7\u00e3o\",\"breadcrumb\":{\"@id\":\"https:\\\/\\\/decoplanta.com\\\/pt-pt\\\/plantas-de-interior-artificiais\\\/arvore-pachira-180cm\\\/#breadcrumb\"},\"inLanguage\":\"pt-PT\",\"potentialAction\":[{\"@type\":\"ReadAction\",\"target\":[\"https:\\\/\\\/decoplanta.com\\\/pt-pt\\\/plantas-de-interior-artificiais\\\/arvore-pachira-180cm\\\/\"]}]},{\"@type\":\"ImageObject\",\"inLanguage\":\"pt-PT\",\"@id\":\"https:\\\/\\\/decoplanta.com\\\/pt-pt\\\/plantas-de-interior-artificiais\\\/arvore-pachira-180cm\\\/#primaryimage\",\"url\":\"https:\\\/\\\/decoplanta.com\\\/wp-content\\\/uploads\\\/2023\\\/10\\\/427678-Arbol_PACHIRA-180cm-scaled.jpg\",\"contentUrl\":\"https:\\\/\\\/decoplanta.com\\\/wp-content\\\/uploads\\\/2023\\\/10\\\/427678-Arbol_PACHIRA-180cm-scaled.jpg\",\"width\":2560,\"height\":2560,\"caption\":\"\u00c1rbol Pachira de 180 cm de altura\"},{\"@type\":\"BreadcrumbList\",\"@id\":\"https:\\\/\\\/decoplanta.com\\\/pt-pt\\\/plantas-de-interior-artificiais\\\/arvore-pachira-180cm\\\/#breadcrumb\",\"itemListElement\":[{\"@type\":\"ListItem\",\"position\":1,\"name\":\"Portada\",\"item\":\"https:\\\/\\\/decoplanta.com\\\/pt-pt\\\/\"},{\"@type\":\"ListItem\",\"position\":2,\"name\":\"Priv\u00e9\u00a0: Tienda\",\"item\":\"https:\\\/\\\/decoplanta.com\\\/?page_id=377\"},{\"@type\":\"ListItem\",\"position\":3,\"name\":\"\u00c1rvore PACHIRA\"}]},{\"@type\":\"WebSite\",\"@id\":\"https:\\\/\\\/decoplanta.com\\\/pt-pt\\\/#website\",\"url\":\"https:\\\/\\\/decoplanta.com\\\/pt-pt\\\/\",\"name\":\"Plantas y \u00e1rboles artificiales de Alto Realismo\",\"description\":\"Proveedor de Plantas artificiales para estudios de Arquitectura, Interiorismo, Paisajismo, Escenograf\u00eda, Tiendas de Decoraci\u00f3n Florister\u00edas y Mobiliario\",\"publisher\":{\"@id\":\"https:\\\/\\\/decoplanta.com\\\/pt-pt\\\/#organization\"},\"potentialAction\":[{\"@type\":\"SearchAction\",\"target\":{\"@type\":\"EntryPoint\",\"urlTemplate\":\"https:\\\/\\\/decoplanta.com\\\/pt-pt\\\/?s={search_term_string}\"},\"query-input\":{\"@type\":\"PropertyValueSpecification\",\"valueRequired\":true,\"valueName\":\"search_term_string\"}}],\"inLanguage\":\"pt-PT\"},{\"@type\":\"Organization\",\"@id\":\"https:\\\/\\\/decoplanta.com\\\/pt-pt\\\/#organization\",\"name\":\"Plantas y \u00e1rboles artificiales de Alto Realismo\",\"url\":\"https:\\\/\\\/decoplanta.com\\\/pt-pt\\\/\",\"logo\":{\"@type\":\"ImageObject\",\"inLanguage\":\"pt-PT\",\"@id\":\"https:\\\/\\\/decoplanta.com\\\/pt-pt\\\/#\\\/schema\\\/logo\\\/image\\\/\",\"url\":\"https:\\\/\\\/decoplanta.com\\\/wp-content\\\/uploads\\\/2021\\\/02\\\/decoplanta-logo2020.svg\",\"contentUrl\":\"https:\\\/\\\/decoplanta.com\\\/wp-content\\\/uploads\\\/2021\\\/02\\\/decoplanta-logo2020.svg\",\"width\":500,\"height\":500,\"caption\":\"Plantas y \u00e1rboles artificiales de Alto Realismo\"},\"image\":{\"@id\":\"https:\\\/\\\/decoplanta.com\\\/pt-pt\\\/#\\\/schema\\\/logo\\\/image\\\/\"}}]}<\/script>\n<!-- \/ Yoast SEO plugin. -->","yoast_head_json":{"title":"\u00c1rvore artificial PACHIRA para decora\u00e7\u00e3o - Grande realismo","description":"\u00c1rvore artificial PACHIRA altamente realista com tronco natural. Bonito para decorar interiores com eleg\u00e2ncia. N\u00e3o requere manuten\u00e7\u00e3o","robots":{"index":"index","follow":"follow","max-snippet":"max-snippet:-1","max-image-preview":"max-image-preview:large","max-video-preview":"max-video-preview:-1"},"canonical":"https:\/\/decoplanta.com\/pt-pt\/plantas-de-interior-artificiais\/arvore-pachira-180cm\/","og_locale":"pt_PT","og_type":"article","og_title":"\u00c1rvore artificial PACHIRA para decora\u00e7\u00e3o - Grande realismo","og_description":"\u00c1rvore artificial PACHIRA altamente realista com tronco natural. Bonito para decorar interiores com eleg\u00e2ncia. N\u00e3o requere manuten\u00e7\u00e3o","og_url":"https:\/\/decoplanta.com\/pt-pt\/plantas-de-interior-artificiais\/arvore-pachira-180cm\/","og_site_name":"Plantas y \u00e1rboles artificiales de Alto Realismo","article_modified_time":"2023-12-30T11:32:19+00:00","og_image":[{"width":2560,"height":2560,"url":"https:\/\/decoplanta.com\/wp-content\/uploads\/2023\/10\/427678-Arbol_PACHIRA-180cm-scaled.jpg","type":"image\/jpeg"}],"twitter_card":"summary_large_image","twitter_misc":{"Tempo estimado de leitura":"2 minutos"},"schema":{"@context":"https:\/\/schema.org","@graph":[{"@type":"WebPage","@id":"https:\/\/decoplanta.com\/pt-pt\/plantas-de-interior-artificiais\/arvore-pachira-180cm\/","url":"https:\/\/decoplanta.com\/pt-pt\/plantas-de-interior-artificiais\/arvore-pachira-180cm\/","name":"\u00c1rvore artificial PACHIRA para decora\u00e7\u00e3o - Grande realismo","isPartOf":{"@id":"https:\/\/decoplanta.com\/pt-pt\/#website"},"primaryImageOfPage":{"@id":"https:\/\/decoplanta.com\/pt-pt\/plantas-de-interior-artificiais\/arvore-pachira-180cm\/#primaryimage"},"image":{"@id":"https:\/\/decoplanta.com\/pt-pt\/plantas-de-interior-artificiais\/arvore-pachira-180cm\/#primaryimage"},"thumbnailUrl":"https:\/\/decoplanta.com\/wp-content\/uploads\/2023\/10\/427678-Arbol_PACHIRA-180cm-scaled.jpg","datePublished":"2023-10-25T06:43:12+00:00","dateModified":"2023-12-30T11:32:19+00:00","description":"\u00c1rvore artificial PACHIRA altamente realista com tronco natural. Bonito para decorar interiores com eleg\u00e2ncia. N\u00e3o requere manuten\u00e7\u00e3o","breadcrumb":{"@id":"https:\/\/decoplanta.com\/pt-pt\/plantas-de-interior-artificiais\/arvore-pachira-180cm\/#breadcrumb"},"inLanguage":"pt-PT","potentialAction":[{"@type":"ReadAction","target":["https:\/\/decoplanta.com\/pt-pt\/plantas-de-interior-artificiais\/arvore-pachira-180cm\/"]}]},{"@type":"ImageObject","inLanguage":"pt-PT","@id":"https:\/\/decoplanta.com\/pt-pt\/plantas-de-interior-artificiais\/arvore-pachira-180cm\/#primaryimage","url":"https:\/\/decoplanta.com\/wp-content\/uploads\/2023\/10\/427678-Arbol_PACHIRA-180cm-scaled.jpg","contentUrl":"https:\/\/decoplanta.com\/wp-content\/uploads\/2023\/10\/427678-Arbol_PACHIRA-180cm-scaled.jpg","width":2560,"height":2560,"caption":"\u00c1rbol Pachira de 180 cm de altura"},{"@type":"BreadcrumbList","@id":"https:\/\/decoplanta.com\/pt-pt\/plantas-de-interior-artificiais\/arvore-pachira-180cm\/#breadcrumb","itemListElement":[{"@type":"ListItem","position":1,"name":"Portada","item":"https:\/\/decoplanta.com\/pt-pt\/"},{"@type":"ListItem","position":2,"name":"Priv\u00e9\u00a0: Tienda","item":"https:\/\/decoplanta.com\/?page_id=377"},{"@type":"ListItem","position":3,"name":"\u00c1rvore PACHIRA"}]},{"@type":"WebSite","@id":"https:\/\/decoplanta.com\/pt-pt\/#website","url":"https:\/\/decoplanta.com\/pt-pt\/","name":"Plantas y \u00e1rboles artificiales de Alto Realismo","description":"Proveedor de Plantas artificiales para estudios de Arquitectura, Interiorismo, Paisajismo, Escenograf\u00eda, Tiendas de Decoraci\u00f3n Florister\u00edas y Mobiliario","publisher":{"@id":"https:\/\/decoplanta.com\/pt-pt\/#organization"},"potentialAction":[{"@type":"SearchAction","target":{"@type":"EntryPoint","urlTemplate":"https:\/\/decoplanta.com\/pt-pt\/?s={search_term_string}"},"query-input":{"@type":"PropertyValueSpecification","valueRequired":true,"valueName":"search_term_string"}}],"inLanguage":"pt-PT"},{"@type":"Organization","@id":"https:\/\/decoplanta.com\/pt-pt\/#organization","name":"Plantas y \u00e1rboles artificiales de Alto Realismo","url":"https:\/\/decoplanta.com\/pt-pt\/","logo":{"@type":"ImageObject","inLanguage":"pt-PT","@id":"https:\/\/decoplanta.com\/pt-pt\/#\/schema\/logo\/image\/","url":"https:\/\/decoplanta.com\/wp-content\/uploads\/2021\/02\/decoplanta-logo2020.svg","contentUrl":"https:\/\/decoplanta.com\/wp-content\/uploads\/2021\/02\/decoplanta-logo2020.svg","width":500,"height":500,"caption":"Plantas y \u00e1rboles artificiales de Alto Realismo"},"image":{"@id":"https:\/\/decoplanta.com\/pt-pt\/#\/schema\/logo\/image\/"}}]}},"_links":{"self":[{"href":"https:\/\/decoplanta.com\/pt-pt\/wp-json\/wp\/v2\/product\/6113","targetHints":{"allow":["GET"]}}],"collection":[{"href":"https:\/\/decoplanta.com\/pt-pt\/wp-json\/wp\/v2\/product"}],"about":[{"href":"https:\/\/decoplanta.com\/pt-pt\/wp-json\/wp\/v2\/types\/product"}],"version-history":[{"count":0,"href":"https:\/\/decoplanta.com\/pt-pt\/wp-json\/wp\/v2\/product\/6113\/revisions"}],"wp:featuredmedia":[{"embeddable":true,"href":"https:\/\/decoplanta.com\/pt-pt\/wp-json\/wp\/v2\/media\/6116"}],"wp:attachment":[{"href":"https:\/\/decoplanta.com\/pt-pt\/wp-json\/wp\/v2\/media?parent=6113"}],"wp:term":[{"taxonomy":"product_brand","embeddable":true,"href":"https:\/\/decoplanta.com\/pt-pt\/wp-json\/wp\/v2\/product_brand?post=6113"},{"taxonomy":"product_cat","embeddable":true,"href":"https:\/\/decoplanta.com\/pt-pt\/wp-json\/wp\/v2\/product_cat?post=6113"},{"taxonomy":"product_tag","embeddable":true,"href":"https:\/\/decoplanta.com\/pt-pt\/wp-json\/wp\/v2\/product_tag?post=6113"}],"curies":[{"name":"wp","href":"https:\/\/api.w.org\/{rel}","templated":true}]}}