{"id":6158,"date":"2025-03-10T11:00:32","date_gmt":"2025-03-10T10:20:32","guid":{"rendered":"https:\/\/decoplanta.com\/?post_type=product&#038;p=6158"},"modified":"2025-03-10T11:33:04","modified_gmt":"2025-03-10T10:33:04","slug":"arbusto-erva-maxi-50cm","status":"publish","type":"product","link":"https:\/\/decoplanta.com\/pt-pt\/flores-e-vegetacao\/arbusto-erva-maxi-50cm\/","title":{"rendered":"Arbusto de ERVA Maxi"},"content":{"rendered":"<p><span data-sheets-root=\"1\">ERVA Maxi de 50 cm de altura, para pinchar en espuma floral o en tierra. <\/span><\/p>\n<p>Arbusto de ERVA artificial, 60 cm de altura para plantar na terra ou espuma floral. N\u00e3o requer manuten\u00e7\u00e3o. Vendido em caixas indivis\u00edveis de 12 unidades. Pre\u00e7o por unidade no nosso cat\u00e1logo.<\/p>\n<h3>Como \u00e9 o Arbusto VERDE de ERVA artificial?<\/h3>\n<p>As plantas podem ser classificadas de muitas maneiras. Uma das classifica\u00e7\u00f5es mais frequentemente utilizadas \u00e9 pelo tamanho que atingem.<\/p>\n<p>Contudo, n\u00e3o \u00e9 invulgar ter d\u00favidas sobre o que \u00e9 uma erva, um arbusto e uma \u00e1rvore, uma vez que por vezes podem surgir defini\u00e7\u00f5es um pouco diferentes umas das outras.<\/p>\n<p>As ervas s\u00e3o as esp\u00e9cies vegetais com maior sucesso evolutivo. Podem ser encontrados em quase todo o planeta, e podem ser os grandes sobreviventes no caso de uma cat\u00e1strofe global. Mas como s\u00e3o as ervas?<\/p>\n<p>As plantas herb\u00e1ceas s\u00e3o plantas que n\u00e3o t\u00eam caules decididamente lenhosos. O verde \u00e9 a sua cor predominante, e quando d\u00e3o frutos produzem muitas sementes. Estes s\u00e3o chamados bulbos ou rebentos que brotam de um rizoma, conforme o caso. Existem dois tipos, dependendo do tipo de folha: graminoides, com folhas estreitas, e forbias, com folhas largas. Dentro deste \u00faltimo grupo, existe tamb\u00e9m outro grupo: as megaforbias.<\/p>\n<p>O que s\u00e3o megaforbias? Relvas gigantes, tais como Musas<a href=\"https:\/\/www.jardineriaon.com\/bananero.html\">(bananeiras<\/a>, bananeiras) ou <a href=\"https:\/\/www.jardineriaon.com\/palmeras.html\">palmeiras<\/a>. Podem facilmente crescer at\u00e9 mais de 10 metros, raz\u00e3o pela qual s\u00e3o frequentemente confundidas com \u00e1rvores, embora n\u00e3o tenham nada a ver umas com as outras; al\u00e9m disso, enquanto as \u00e1rvores s\u00e3o plantas dicotiled\u00f3neas, as gram\u00edneas s\u00e3o monocotiled\u00f3neas, o que significa, entre outras coisas, que se pode <a href=\"https:\/\/www.jardineriaon.com\/cuales-son-las-diferencias-entre-las-plantas-monocotiledoneas-y-las-dicotiledoneas.html\">leia aqui<\/a>que s\u00f3 brota um \u00fanico cotil\u00e9done quando germina.<\/p>\n","protected":false},"excerpt":{"rendered":"<p>Arbusto de ERVA Maxi artificial de 50 cm de altura para plantar na terra ou espuma floral. N\u00e3o requer manuten\u00e7\u00e3o.<\/p>\n<table>\n<tbody>\n<tr>\n<td><strong>REF<\/strong><\/td>\n<td><strong>ALTURA<\/strong><\/td>\n<\/tr>\n<tr>\n<td>424650<\/td>\n<td>50 cm<\/td>\n<\/tr>\n<\/tbody>\n<\/table>\n","protected":false},"featured_media":8443,"template":"","meta":{"_monsterinsights_skip_tracking":false,"_monsterinsights_sitenote_active":false,"_monsterinsights_sitenote_note":"","_monsterinsights_sitenote_category":0},"product_brand":[],"product_cat":[398],"product_tag":[406,415],"class_list":{"0":"post-6158","1":"product","2":"type-product","3":"status-publish","4":"has-post-thumbnail","6":"product_cat-flores-e-vegetacao","7":"product_tag-centro-de-mesa","8":"product_tag-erva-artificial","9":"","10":"woocommerce-text-align-center","11":"woocommerce-image-align-center","12":"do-quantity-buttons","14":"first","15":"instock","16":"taxable","17":"shipping-taxable","18":"purchasable","19":"product-type-simple"},"yoast_head":"<!-- This site is optimized with the Yoast SEO plugin v27.4 - https:\/\/yoast.com\/product\/yoast-seo-wordpress\/ -->\n<title>Arbusto de ERVA Maxi artificial com 50 cm altura para decorar<\/title>\n<meta name=\"description\" content=\"Arbusto de ERVA Maxi artificial, 50 cm de altura. Modelo incrivelmente realista. Plante e Decore as suas jardineiras. Complemento com plantas artificiais\" \/>\n<meta name=\"robots\" content=\"index, follow, max-snippet:-1, max-image-preview:large, max-video-preview:-1\" \/>\n<link rel=\"canonical\" href=\"https:\/\/decoplanta.com\/pt-pt\/flores-e-vegetacao\/arbusto-erva-maxi-50cm\/\" \/>\n<meta property=\"og:locale\" content=\"pt_PT\" \/>\n<meta property=\"og:type\" content=\"article\" \/>\n<meta property=\"og:title\" content=\"Arbusto de ERVA Maxi artificial com 50 cm altura para decorar\" \/>\n<meta property=\"og:description\" content=\"Arbusto de ERVA Maxi artificial, 50 cm de altura. Modelo incrivelmente realista. Plante e Decore as suas jardineiras. Complemento com plantas artificiais\" \/>\n<meta property=\"og:url\" content=\"https:\/\/decoplanta.com\/pt-pt\/flores-e-vegetacao\/arbusto-erva-maxi-50cm\/\" \/>\n<meta property=\"og:site_name\" content=\"Plantas y \u00e1rboles artificiales de Alto Realismo\" \/>\n<meta property=\"article:modified_time\" content=\"2025-03-10T10:33:04+00:00\" \/>\n<meta property=\"og:image\" content=\"https:\/\/decoplanta.com\/wp-content\/uploads\/2025\/03\/424650-Hierba_Maxi-50cm.jpg\" \/>\n\t<meta property=\"og:image:width\" content=\"2200\" \/>\n\t<meta property=\"og:image:height\" content=\"2200\" \/>\n\t<meta property=\"og:image:type\" content=\"image\/jpeg\" \/>\n<meta name=\"twitter:card\" content=\"summary_large_image\" \/>\n<meta name=\"twitter:label1\" content=\"Tempo estimado de leitura\" \/>\n\t<meta name=\"twitter:data1\" content=\"2 minutos\" \/>\n<script type=\"application\/ld+json\" class=\"yoast-schema-graph\">{\"@context\":\"https:\\\/\\\/schema.org\",\"@graph\":[{\"@type\":\"WebPage\",\"@id\":\"https:\\\/\\\/decoplanta.com\\\/pt-pt\\\/flores-e-vegetacao\\\/arbusto-erva-maxi-50cm\\\/\",\"url\":\"https:\\\/\\\/decoplanta.com\\\/pt-pt\\\/flores-e-vegetacao\\\/arbusto-erva-maxi-50cm\\\/\",\"name\":\"Arbusto de ERVA Maxi artificial com 50 cm altura para decorar\",\"isPartOf\":{\"@id\":\"https:\\\/\\\/decoplanta.com\\\/pt-pt\\\/#website\"},\"primaryImageOfPage\":{\"@id\":\"https:\\\/\\\/decoplanta.com\\\/pt-pt\\\/flores-e-vegetacao\\\/arbusto-erva-maxi-50cm\\\/#primaryimage\"},\"image\":{\"@id\":\"https:\\\/\\\/decoplanta.com\\\/pt-pt\\\/flores-e-vegetacao\\\/arbusto-erva-maxi-50cm\\\/#primaryimage\"},\"thumbnailUrl\":\"https:\\\/\\\/decoplanta.com\\\/wp-content\\\/uploads\\\/2025\\\/03\\\/424650-Hierba_Maxi-50cm.jpg\",\"datePublished\":\"2025-03-10T10:20:32+00:00\",\"dateModified\":\"2025-03-10T10:33:04+00:00\",\"description\":\"Arbusto de ERVA Maxi artificial, 50 cm de altura. Modelo incrivelmente realista. Plante e Decore as suas jardineiras. Complemento com plantas artificiais\",\"breadcrumb\":{\"@id\":\"https:\\\/\\\/decoplanta.com\\\/pt-pt\\\/flores-e-vegetacao\\\/arbusto-erva-maxi-50cm\\\/#breadcrumb\"},\"inLanguage\":\"pt-PT\",\"potentialAction\":[{\"@type\":\"ReadAction\",\"target\":[\"https:\\\/\\\/decoplanta.com\\\/pt-pt\\\/flores-e-vegetacao\\\/arbusto-erva-maxi-50cm\\\/\"]}]},{\"@type\":\"ImageObject\",\"inLanguage\":\"pt-PT\",\"@id\":\"https:\\\/\\\/decoplanta.com\\\/pt-pt\\\/flores-e-vegetacao\\\/arbusto-erva-maxi-50cm\\\/#primaryimage\",\"url\":\"https:\\\/\\\/decoplanta.com\\\/wp-content\\\/uploads\\\/2025\\\/03\\\/424650-Hierba_Maxi-50cm.jpg\",\"contentUrl\":\"https:\\\/\\\/decoplanta.com\\\/wp-content\\\/uploads\\\/2025\\\/03\\\/424650-Hierba_Maxi-50cm.jpg\",\"width\":2200,\"height\":2200,\"caption\":\"Arbusto de hierba Maxi artificial de 50 cm de altura. Modelo de Incre\u00edble realismo. Pincha y Decora tus macetas. Complemento con flores artificiales\"},{\"@type\":\"BreadcrumbList\",\"@id\":\"https:\\\/\\\/decoplanta.com\\\/pt-pt\\\/flores-e-vegetacao\\\/arbusto-erva-maxi-50cm\\\/#breadcrumb\",\"itemListElement\":[{\"@type\":\"ListItem\",\"position\":1,\"name\":\"Portada\",\"item\":\"https:\\\/\\\/decoplanta.com\\\/pt-pt\\\/\"},{\"@type\":\"ListItem\",\"position\":2,\"name\":\"Priv\u00e9\u00a0: Tienda\",\"item\":\"https:\\\/\\\/decoplanta.com\\\/?page_id=377\"},{\"@type\":\"ListItem\",\"position\":3,\"name\":\"Arbusto de ERVA Maxi\"}]},{\"@type\":\"WebSite\",\"@id\":\"https:\\\/\\\/decoplanta.com\\\/pt-pt\\\/#website\",\"url\":\"https:\\\/\\\/decoplanta.com\\\/pt-pt\\\/\",\"name\":\"Plantas y \u00e1rboles artificiales de Alto Realismo\",\"description\":\"Proveedor de Plantas artificiales para estudios de Arquitectura, Interiorismo, Paisajismo, Escenograf\u00eda, Tiendas de Decoraci\u00f3n Florister\u00edas y Mobiliario\",\"publisher\":{\"@id\":\"https:\\\/\\\/decoplanta.com\\\/pt-pt\\\/#organization\"},\"potentialAction\":[{\"@type\":\"SearchAction\",\"target\":{\"@type\":\"EntryPoint\",\"urlTemplate\":\"https:\\\/\\\/decoplanta.com\\\/pt-pt\\\/?s={search_term_string}\"},\"query-input\":{\"@type\":\"PropertyValueSpecification\",\"valueRequired\":true,\"valueName\":\"search_term_string\"}}],\"inLanguage\":\"pt-PT\"},{\"@type\":\"Organization\",\"@id\":\"https:\\\/\\\/decoplanta.com\\\/pt-pt\\\/#organization\",\"name\":\"Plantas y \u00e1rboles artificiales de Alto Realismo\",\"url\":\"https:\\\/\\\/decoplanta.com\\\/pt-pt\\\/\",\"logo\":{\"@type\":\"ImageObject\",\"inLanguage\":\"pt-PT\",\"@id\":\"https:\\\/\\\/decoplanta.com\\\/pt-pt\\\/#\\\/schema\\\/logo\\\/image\\\/\",\"url\":\"https:\\\/\\\/decoplanta.com\\\/wp-content\\\/uploads\\\/2021\\\/02\\\/decoplanta-logo2020.svg\",\"contentUrl\":\"https:\\\/\\\/decoplanta.com\\\/wp-content\\\/uploads\\\/2021\\\/02\\\/decoplanta-logo2020.svg\",\"width\":500,\"height\":500,\"caption\":\"Plantas y \u00e1rboles artificiales de Alto Realismo\"},\"image\":{\"@id\":\"https:\\\/\\\/decoplanta.com\\\/pt-pt\\\/#\\\/schema\\\/logo\\\/image\\\/\"}}]}<\/script>\n<!-- \/ Yoast SEO plugin. -->","yoast_head_json":{"title":"Arbusto de ERVA Maxi artificial com 50 cm altura para decorar","description":"Arbusto de ERVA Maxi artificial, 50 cm de altura. Modelo incrivelmente realista. Plante e Decore as suas jardineiras. Complemento com plantas artificiais","robots":{"index":"index","follow":"follow","max-snippet":"max-snippet:-1","max-image-preview":"max-image-preview:large","max-video-preview":"max-video-preview:-1"},"canonical":"https:\/\/decoplanta.com\/pt-pt\/flores-e-vegetacao\/arbusto-erva-maxi-50cm\/","og_locale":"pt_PT","og_type":"article","og_title":"Arbusto de ERVA Maxi artificial com 50 cm altura para decorar","og_description":"Arbusto de ERVA Maxi artificial, 50 cm de altura. Modelo incrivelmente realista. Plante e Decore as suas jardineiras. Complemento com plantas artificiais","og_url":"https:\/\/decoplanta.com\/pt-pt\/flores-e-vegetacao\/arbusto-erva-maxi-50cm\/","og_site_name":"Plantas y \u00e1rboles artificiales de Alto Realismo","article_modified_time":"2025-03-10T10:33:04+00:00","og_image":[{"width":2200,"height":2200,"url":"https:\/\/decoplanta.com\/wp-content\/uploads\/2025\/03\/424650-Hierba_Maxi-50cm.jpg","type":"image\/jpeg"}],"twitter_card":"summary_large_image","twitter_misc":{"Tempo estimado de leitura":"2 minutos"},"schema":{"@context":"https:\/\/schema.org","@graph":[{"@type":"WebPage","@id":"https:\/\/decoplanta.com\/pt-pt\/flores-e-vegetacao\/arbusto-erva-maxi-50cm\/","url":"https:\/\/decoplanta.com\/pt-pt\/flores-e-vegetacao\/arbusto-erva-maxi-50cm\/","name":"Arbusto de ERVA Maxi artificial com 50 cm altura para decorar","isPartOf":{"@id":"https:\/\/decoplanta.com\/pt-pt\/#website"},"primaryImageOfPage":{"@id":"https:\/\/decoplanta.com\/pt-pt\/flores-e-vegetacao\/arbusto-erva-maxi-50cm\/#primaryimage"},"image":{"@id":"https:\/\/decoplanta.com\/pt-pt\/flores-e-vegetacao\/arbusto-erva-maxi-50cm\/#primaryimage"},"thumbnailUrl":"https:\/\/decoplanta.com\/wp-content\/uploads\/2025\/03\/424650-Hierba_Maxi-50cm.jpg","datePublished":"2025-03-10T10:20:32+00:00","dateModified":"2025-03-10T10:33:04+00:00","description":"Arbusto de ERVA Maxi artificial, 50 cm de altura. Modelo incrivelmente realista. Plante e Decore as suas jardineiras. Complemento com plantas artificiais","breadcrumb":{"@id":"https:\/\/decoplanta.com\/pt-pt\/flores-e-vegetacao\/arbusto-erva-maxi-50cm\/#breadcrumb"},"inLanguage":"pt-PT","potentialAction":[{"@type":"ReadAction","target":["https:\/\/decoplanta.com\/pt-pt\/flores-e-vegetacao\/arbusto-erva-maxi-50cm\/"]}]},{"@type":"ImageObject","inLanguage":"pt-PT","@id":"https:\/\/decoplanta.com\/pt-pt\/flores-e-vegetacao\/arbusto-erva-maxi-50cm\/#primaryimage","url":"https:\/\/decoplanta.com\/wp-content\/uploads\/2025\/03\/424650-Hierba_Maxi-50cm.jpg","contentUrl":"https:\/\/decoplanta.com\/wp-content\/uploads\/2025\/03\/424650-Hierba_Maxi-50cm.jpg","width":2200,"height":2200,"caption":"Arbusto de hierba Maxi artificial de 50 cm de altura. Modelo de Incre\u00edble realismo. Pincha y Decora tus macetas. Complemento con flores artificiales"},{"@type":"BreadcrumbList","@id":"https:\/\/decoplanta.com\/pt-pt\/flores-e-vegetacao\/arbusto-erva-maxi-50cm\/#breadcrumb","itemListElement":[{"@type":"ListItem","position":1,"name":"Portada","item":"https:\/\/decoplanta.com\/pt-pt\/"},{"@type":"ListItem","position":2,"name":"Priv\u00e9\u00a0: Tienda","item":"https:\/\/decoplanta.com\/?page_id=377"},{"@type":"ListItem","position":3,"name":"Arbusto de ERVA Maxi"}]},{"@type":"WebSite","@id":"https:\/\/decoplanta.com\/pt-pt\/#website","url":"https:\/\/decoplanta.com\/pt-pt\/","name":"Plantas y \u00e1rboles artificiales de Alto Realismo","description":"Proveedor de Plantas artificiales para estudios de Arquitectura, Interiorismo, Paisajismo, Escenograf\u00eda, Tiendas de Decoraci\u00f3n Florister\u00edas y Mobiliario","publisher":{"@id":"https:\/\/decoplanta.com\/pt-pt\/#organization"},"potentialAction":[{"@type":"SearchAction","target":{"@type":"EntryPoint","urlTemplate":"https:\/\/decoplanta.com\/pt-pt\/?s={search_term_string}"},"query-input":{"@type":"PropertyValueSpecification","valueRequired":true,"valueName":"search_term_string"}}],"inLanguage":"pt-PT"},{"@type":"Organization","@id":"https:\/\/decoplanta.com\/pt-pt\/#organization","name":"Plantas y \u00e1rboles artificiales de Alto Realismo","url":"https:\/\/decoplanta.com\/pt-pt\/","logo":{"@type":"ImageObject","inLanguage":"pt-PT","@id":"https:\/\/decoplanta.com\/pt-pt\/#\/schema\/logo\/image\/","url":"https:\/\/decoplanta.com\/wp-content\/uploads\/2021\/02\/decoplanta-logo2020.svg","contentUrl":"https:\/\/decoplanta.com\/wp-content\/uploads\/2021\/02\/decoplanta-logo2020.svg","width":500,"height":500,"caption":"Plantas y \u00e1rboles artificiales de Alto Realismo"},"image":{"@id":"https:\/\/decoplanta.com\/pt-pt\/#\/schema\/logo\/image\/"}}]}},"_links":{"self":[{"href":"https:\/\/decoplanta.com\/pt-pt\/wp-json\/wp\/v2\/product\/6158","targetHints":{"allow":["GET"]}}],"collection":[{"href":"https:\/\/decoplanta.com\/pt-pt\/wp-json\/wp\/v2\/product"}],"about":[{"href":"https:\/\/decoplanta.com\/pt-pt\/wp-json\/wp\/v2\/types\/product"}],"version-history":[{"count":3,"href":"https:\/\/decoplanta.com\/pt-pt\/wp-json\/wp\/v2\/product\/6158\/revisions"}],"predecessor-version":[{"id":8448,"href":"https:\/\/decoplanta.com\/pt-pt\/wp-json\/wp\/v2\/product\/6158\/revisions\/8448"}],"wp:featuredmedia":[{"embeddable":true,"href":"https:\/\/decoplanta.com\/pt-pt\/wp-json\/wp\/v2\/media\/8443"}],"wp:attachment":[{"href":"https:\/\/decoplanta.com\/pt-pt\/wp-json\/wp\/v2\/media?parent=6158"}],"wp:term":[{"taxonomy":"product_brand","embeddable":true,"href":"https:\/\/decoplanta.com\/pt-pt\/wp-json\/wp\/v2\/product_brand?post=6158"},{"taxonomy":"product_cat","embeddable":true,"href":"https:\/\/decoplanta.com\/pt-pt\/wp-json\/wp\/v2\/product_cat?post=6158"},{"taxonomy":"product_tag","embeddable":true,"href":"https:\/\/decoplanta.com\/pt-pt\/wp-json\/wp\/v2\/product_tag?post=6158"}],"curies":[{"name":"wp","href":"https:\/\/api.w.org\/{rel}","templated":true}]}}