{"id":6333,"date":"2023-11-30T08:15:31","date_gmt":"2023-10-31T05:52:33","guid":{"rendered":"https:\/\/decoplanta.com\/?post_type=product&#038;p=6333"},"modified":"2025-01-11T11:34:07","modified_gmt":"2025-01-11T10:34:07","slug":"caule-de-heracleum-80cm","status":"publish","type":"product","link":"https:\/\/decoplanta.com\/pt-pt\/flores-e-vegetacao\/caule-de-heracleum-80cm\/","title":{"rendered":"HERACLEUM"},"content":{"rendered":"<div class=\"page\" title=\"Page 15\">\n<div class=\"section\">\n<div class=\"layoutArea\">\n<div class=\"column\">\n<p>Caule de HERACLEUM artificial de 100 cm de altura, para plantar em espuma floral ou em terra. PAMPA SPRAY OCRE artificial.<\/p>\n<\/div>\n<\/div>\n<\/div>\n<\/div>\n<p>\u00c9 tamb\u00e9m conhecida como rabo de raposa, espanador ou pelo seu nome cient\u00edfico: Cortaderia selloana. Aqui temos o PAMPA SPRAY OCRE artificial. Esta erva pampa de tonalidade ocre neutra \u00e9 perfeita para uma decora\u00e7\u00e3o de interiores minimalista. Para este tipo de decora\u00e7\u00e3o, o spray bege tamb\u00e9m pode ser utilizado ao lado da d\u00e1lia. Por outro lado, tamb\u00e9m pode ser utilizado para baixar a intensidade da cor com outras plantas de cores vivas.<\/p>\n<p>Podem ser colocados separadamente, mas tamb\u00e9m podem ser agrupados num vaso decorativo. Pode n\u00e3o ser muito pr\u00e1tico, mas o resultado decorativo \u00e9 espectacular. Basta colocar um vaso simples, e inserir alguns ramos, e coloc\u00e1-lo sobre uma mesa. Um arranjo mais apropriado, para a sensa\u00e7\u00e3o de leveza, convidando-nos a relaxar e a deixar-nos ir.<\/p>\n<h2>Como \u00e9 o Caule de HERACLEUM artificial?<\/h2>\n<p>O Caule de HERACLEUM \u00e9 uma planta que tem vindo a crescer em popularidade ultimamente. Embora o seu maior esplendor tenha surgido no in\u00edcio do s\u00e9culo XIX. Hoje \u00e9 utilizado como ornamento para decorar interiores e exteriores devido \u00e0 sua grande versatilidade. Pode ser utilizado de v\u00e1rias maneiras e \u00e9 f\u00e1cil de adquirir. Tem uma beleza que est\u00e1 de acordo com alguns dos estilos mais actuais, tais como o boho, o conceito wabi sabi, ou mesmo o popular estilo n\u00f3rdico. Nem todas as folhas t\u00eam de ser igualmente longas.<\/p>\n<p>A versatilidade desta planta reside precisamente no facto de poder ser utilizada de v\u00e1rias maneiras. Ou com uma cola espessa e abundante, ou cortada num tamanho adequado para decorar uma pe\u00e7a de mobili\u00e1rio de sal\u00e3o dentro de um belo vaso. Dito isto, vejamos a versatilidade decorativa que esta planta oferece.<\/p>\n<p>Pode decorar e decorar juntamente com uma l\u00e2mpada, ou criar um arranjo espec\u00edfico para o tecto. Mesmo como a fot\u00f3grafa <a class=\"waffle-rich-text-link\" href=\"http:\/\/marylennox.de\/#\/our-food-stories-iii\/\">Mary Lennox<\/a> e as estilistas Laura Muthesius e Nora Eisermann de <a class=\"waffle-rich-text-link\" href=\"https:\/\/ourfoodstories.com\/2017\/12\/11416.html\/\">Our Food Stories<\/a> fizeram. Criaram uma cena espectacular, a relva dos pampas \u00e9 tamb\u00e9m um arranjo perfeito para decorar os tectos.<\/p>\n<p>Plante e decore os seus plantadores com as nossas espectaculares plantas artificiais de incr\u00edvel realismo.<\/p>\n","protected":false},"excerpt":{"rendered":"<p>com 80 cm de altura, para picar em espuma floral ou em solo. \u00c9 uma r\u00e9plica perfeita do Heracleum seco, muito utilizado como planta ornamental em centros florais. Esta planta de tom ocre e neutro \u00e9 perfeita para uma decora\u00e7\u00e3o de interiores minimalista. Tem um realismo espetacular e n\u00e3o requer manuten\u00e7\u00e3o.<\/p>\n<table>\n<tbody>\n<tr>\n<td><strong>REF<\/strong><\/td>\n<td>Altura<\/td>\n<\/tr>\n<tr>\n<td><strong>416643<\/strong><\/td>\n<td>80 cm<\/td>\n<\/tr>\n<\/tbody>\n<\/table>\n","protected":false},"featured_media":6336,"template":"","meta":{"_monsterinsights_skip_tracking":false,"_monsterinsights_sitenote_active":false,"_monsterinsights_sitenote_note":"","_monsterinsights_sitenote_category":0},"product_brand":[],"product_cat":[398],"product_tag":[406,415],"class_list":{"0":"post-6333","1":"product","2":"type-product","3":"status-publish","4":"has-post-thumbnail","6":"product_cat-flores-e-vegetacao","7":"product_tag-centro-de-mesa","8":"product_tag-erva-artificial","9":"","10":"woocommerce-text-align-center","11":"woocommerce-image-align-center","12":"do-quantity-buttons","14":"first","15":"instock","16":"taxable","17":"shipping-taxable","18":"purchasable","19":"product-type-simple"},"yoast_head":"<!-- This site is optimized with the Yoast SEO plugin v27.5 - https:\/\/yoast.com\/product\/yoast-seo-wordpress\/ -->\n<title>Caule de HERACLEUM artificial para uma decora\u00e7\u00e3o minimalista<\/title>\n<meta name=\"description\" content=\"Caule de HERACLEUM artificial de 80 cm de altura. \u00c9 perfeito para decora\u00e7\u00e3o de interiores num estilo n\u00f3rdico e minimalista. Grande realismo\" \/>\n<meta name=\"robots\" content=\"index, follow, max-snippet:-1, max-image-preview:large, max-video-preview:-1\" \/>\n<link rel=\"canonical\" href=\"https:\/\/decoplanta.com\/pt-pt\/flores-e-vegetacao\/caule-de-heracleum-80cm\/\" \/>\n<meta property=\"og:locale\" content=\"pt_PT\" \/>\n<meta property=\"og:type\" content=\"article\" \/>\n<meta property=\"og:title\" content=\"Caule de HERACLEUM artificial para uma decora\u00e7\u00e3o minimalista\" \/>\n<meta property=\"og:description\" content=\"Caule de HERACLEUM artificial de 80 cm de altura. \u00c9 perfeito para decora\u00e7\u00e3o de interiores num estilo n\u00f3rdico e minimalista. Grande realismo\" \/>\n<meta property=\"og:url\" content=\"https:\/\/decoplanta.com\/pt-pt\/flores-e-vegetacao\/caule-de-heracleum-80cm\/\" \/>\n<meta property=\"og:site_name\" content=\"Plantas y \u00e1rboles artificiales de Alto Realismo\" \/>\n<meta property=\"article:modified_time\" content=\"2025-01-11T10:34:07+00:00\" \/>\n<meta property=\"og:image\" content=\"https:\/\/decoplanta.com\/wp-content\/uploads\/2023\/10\/416643-HERACLEUM.jpg\" \/>\n\t<meta property=\"og:image:width\" content=\"2000\" \/>\n\t<meta property=\"og:image:height\" content=\"2000\" \/>\n\t<meta property=\"og:image:type\" content=\"image\/jpeg\" \/>\n<meta name=\"twitter:card\" content=\"summary_large_image\" \/>\n<meta name=\"twitter:label1\" content=\"Tempo estimado de leitura\" \/>\n\t<meta name=\"twitter:data1\" content=\"2 minutos\" \/>\n<script type=\"application\/ld+json\" class=\"yoast-schema-graph\">{\"@context\":\"https:\\\/\\\/schema.org\",\"@graph\":[{\"@type\":\"WebPage\",\"@id\":\"https:\\\/\\\/decoplanta.com\\\/pt-pt\\\/flores-e-vegetacao\\\/caule-de-heracleum-80cm\\\/\",\"url\":\"https:\\\/\\\/decoplanta.com\\\/pt-pt\\\/flores-e-vegetacao\\\/caule-de-heracleum-80cm\\\/\",\"name\":\"Caule de HERACLEUM artificial para uma decora\u00e7\u00e3o minimalista\",\"isPartOf\":{\"@id\":\"https:\\\/\\\/decoplanta.com\\\/pt-pt\\\/#website\"},\"primaryImageOfPage\":{\"@id\":\"https:\\\/\\\/decoplanta.com\\\/pt-pt\\\/flores-e-vegetacao\\\/caule-de-heracleum-80cm\\\/#primaryimage\"},\"image\":{\"@id\":\"https:\\\/\\\/decoplanta.com\\\/pt-pt\\\/flores-e-vegetacao\\\/caule-de-heracleum-80cm\\\/#primaryimage\"},\"thumbnailUrl\":\"https:\\\/\\\/decoplanta.com\\\/wp-content\\\/uploads\\\/2023\\\/10\\\/416643-HERACLEUM.jpg\",\"datePublished\":\"2023-10-31T05:52:33+00:00\",\"dateModified\":\"2025-01-11T10:34:07+00:00\",\"description\":\"Caule de HERACLEUM artificial de 80 cm de altura. \u00c9 perfeito para decora\u00e7\u00e3o de interiores num estilo n\u00f3rdico e minimalista. Grande realismo\",\"breadcrumb\":{\"@id\":\"https:\\\/\\\/decoplanta.com\\\/pt-pt\\\/flores-e-vegetacao\\\/caule-de-heracleum-80cm\\\/#breadcrumb\"},\"inLanguage\":\"pt-PT\",\"potentialAction\":[{\"@type\":\"ReadAction\",\"target\":[\"https:\\\/\\\/decoplanta.com\\\/pt-pt\\\/flores-e-vegetacao\\\/caule-de-heracleum-80cm\\\/\"]}]},{\"@type\":\"ImageObject\",\"inLanguage\":\"pt-PT\",\"@id\":\"https:\\\/\\\/decoplanta.com\\\/pt-pt\\\/flores-e-vegetacao\\\/caule-de-heracleum-80cm\\\/#primaryimage\",\"url\":\"https:\\\/\\\/decoplanta.com\\\/wp-content\\\/uploads\\\/2023\\\/10\\\/416643-HERACLEUM.jpg\",\"contentUrl\":\"https:\\\/\\\/decoplanta.com\\\/wp-content\\\/uploads\\\/2023\\\/10\\\/416643-HERACLEUM.jpg\",\"width\":2000,\"height\":2000,\"caption\":\"HERACLEUM de 80 cm de altura\"},{\"@type\":\"BreadcrumbList\",\"@id\":\"https:\\\/\\\/decoplanta.com\\\/pt-pt\\\/flores-e-vegetacao\\\/caule-de-heracleum-80cm\\\/#breadcrumb\",\"itemListElement\":[{\"@type\":\"ListItem\",\"position\":1,\"name\":\"Portada\",\"item\":\"https:\\\/\\\/decoplanta.com\\\/pt-pt\\\/\"},{\"@type\":\"ListItem\",\"position\":2,\"name\":\"Priv\u00e9\u00a0: Tienda\",\"item\":\"https:\\\/\\\/decoplanta.com\\\/?page_id=377\"},{\"@type\":\"ListItem\",\"position\":3,\"name\":\"HERACLEUM\"}]},{\"@type\":\"WebSite\",\"@id\":\"https:\\\/\\\/decoplanta.com\\\/pt-pt\\\/#website\",\"url\":\"https:\\\/\\\/decoplanta.com\\\/pt-pt\\\/\",\"name\":\"Plantas y \u00e1rboles artificiales de Alto Realismo\",\"description\":\"Proveedor de Plantas artificiales para estudios de Arquitectura, Interiorismo, Paisajismo, Escenograf\u00eda, Tiendas de Decoraci\u00f3n Florister\u00edas y Mobiliario\",\"publisher\":{\"@id\":\"https:\\\/\\\/decoplanta.com\\\/pt-pt\\\/#organization\"},\"potentialAction\":[{\"@type\":\"SearchAction\",\"target\":{\"@type\":\"EntryPoint\",\"urlTemplate\":\"https:\\\/\\\/decoplanta.com\\\/pt-pt\\\/?s={search_term_string}\"},\"query-input\":{\"@type\":\"PropertyValueSpecification\",\"valueRequired\":true,\"valueName\":\"search_term_string\"}}],\"inLanguage\":\"pt-PT\"},{\"@type\":\"Organization\",\"@id\":\"https:\\\/\\\/decoplanta.com\\\/pt-pt\\\/#organization\",\"name\":\"Plantas y \u00e1rboles artificiales de Alto Realismo\",\"url\":\"https:\\\/\\\/decoplanta.com\\\/pt-pt\\\/\",\"logo\":{\"@type\":\"ImageObject\",\"inLanguage\":\"pt-PT\",\"@id\":\"https:\\\/\\\/decoplanta.com\\\/pt-pt\\\/#\\\/schema\\\/logo\\\/image\\\/\",\"url\":\"https:\\\/\\\/decoplanta.com\\\/wp-content\\\/uploads\\\/2021\\\/02\\\/decoplanta-logo2020.svg\",\"contentUrl\":\"https:\\\/\\\/decoplanta.com\\\/wp-content\\\/uploads\\\/2021\\\/02\\\/decoplanta-logo2020.svg\",\"width\":500,\"height\":500,\"caption\":\"Plantas y \u00e1rboles artificiales de Alto Realismo\"},\"image\":{\"@id\":\"https:\\\/\\\/decoplanta.com\\\/pt-pt\\\/#\\\/schema\\\/logo\\\/image\\\/\"}}]}<\/script>\n<!-- \/ Yoast SEO plugin. -->","yoast_head_json":{"title":"Caule de HERACLEUM artificial para uma decora\u00e7\u00e3o minimalista","description":"Caule de HERACLEUM artificial de 80 cm de altura. \u00c9 perfeito para decora\u00e7\u00e3o de interiores num estilo n\u00f3rdico e minimalista. Grande realismo","robots":{"index":"index","follow":"follow","max-snippet":"max-snippet:-1","max-image-preview":"max-image-preview:large","max-video-preview":"max-video-preview:-1"},"canonical":"https:\/\/decoplanta.com\/pt-pt\/flores-e-vegetacao\/caule-de-heracleum-80cm\/","og_locale":"pt_PT","og_type":"article","og_title":"Caule de HERACLEUM artificial para uma decora\u00e7\u00e3o minimalista","og_description":"Caule de HERACLEUM artificial de 80 cm de altura. \u00c9 perfeito para decora\u00e7\u00e3o de interiores num estilo n\u00f3rdico e minimalista. Grande realismo","og_url":"https:\/\/decoplanta.com\/pt-pt\/flores-e-vegetacao\/caule-de-heracleum-80cm\/","og_site_name":"Plantas y \u00e1rboles artificiales de Alto Realismo","article_modified_time":"2025-01-11T10:34:07+00:00","og_image":[{"width":2000,"height":2000,"url":"https:\/\/decoplanta.com\/wp-content\/uploads\/2023\/10\/416643-HERACLEUM.jpg","type":"image\/jpeg"}],"twitter_card":"summary_large_image","twitter_misc":{"Tempo estimado de leitura":"2 minutos"},"schema":{"@context":"https:\/\/schema.org","@graph":[{"@type":"WebPage","@id":"https:\/\/decoplanta.com\/pt-pt\/flores-e-vegetacao\/caule-de-heracleum-80cm\/","url":"https:\/\/decoplanta.com\/pt-pt\/flores-e-vegetacao\/caule-de-heracleum-80cm\/","name":"Caule de HERACLEUM artificial para uma decora\u00e7\u00e3o minimalista","isPartOf":{"@id":"https:\/\/decoplanta.com\/pt-pt\/#website"},"primaryImageOfPage":{"@id":"https:\/\/decoplanta.com\/pt-pt\/flores-e-vegetacao\/caule-de-heracleum-80cm\/#primaryimage"},"image":{"@id":"https:\/\/decoplanta.com\/pt-pt\/flores-e-vegetacao\/caule-de-heracleum-80cm\/#primaryimage"},"thumbnailUrl":"https:\/\/decoplanta.com\/wp-content\/uploads\/2023\/10\/416643-HERACLEUM.jpg","datePublished":"2023-10-31T05:52:33+00:00","dateModified":"2025-01-11T10:34:07+00:00","description":"Caule de HERACLEUM artificial de 80 cm de altura. \u00c9 perfeito para decora\u00e7\u00e3o de interiores num estilo n\u00f3rdico e minimalista. Grande realismo","breadcrumb":{"@id":"https:\/\/decoplanta.com\/pt-pt\/flores-e-vegetacao\/caule-de-heracleum-80cm\/#breadcrumb"},"inLanguage":"pt-PT","potentialAction":[{"@type":"ReadAction","target":["https:\/\/decoplanta.com\/pt-pt\/flores-e-vegetacao\/caule-de-heracleum-80cm\/"]}]},{"@type":"ImageObject","inLanguage":"pt-PT","@id":"https:\/\/decoplanta.com\/pt-pt\/flores-e-vegetacao\/caule-de-heracleum-80cm\/#primaryimage","url":"https:\/\/decoplanta.com\/wp-content\/uploads\/2023\/10\/416643-HERACLEUM.jpg","contentUrl":"https:\/\/decoplanta.com\/wp-content\/uploads\/2023\/10\/416643-HERACLEUM.jpg","width":2000,"height":2000,"caption":"HERACLEUM de 80 cm de altura"},{"@type":"BreadcrumbList","@id":"https:\/\/decoplanta.com\/pt-pt\/flores-e-vegetacao\/caule-de-heracleum-80cm\/#breadcrumb","itemListElement":[{"@type":"ListItem","position":1,"name":"Portada","item":"https:\/\/decoplanta.com\/pt-pt\/"},{"@type":"ListItem","position":2,"name":"Priv\u00e9\u00a0: Tienda","item":"https:\/\/decoplanta.com\/?page_id=377"},{"@type":"ListItem","position":3,"name":"HERACLEUM"}]},{"@type":"WebSite","@id":"https:\/\/decoplanta.com\/pt-pt\/#website","url":"https:\/\/decoplanta.com\/pt-pt\/","name":"Plantas y \u00e1rboles artificiales de Alto Realismo","description":"Proveedor de Plantas artificiales para estudios de Arquitectura, Interiorismo, Paisajismo, Escenograf\u00eda, Tiendas de Decoraci\u00f3n Florister\u00edas y Mobiliario","publisher":{"@id":"https:\/\/decoplanta.com\/pt-pt\/#organization"},"potentialAction":[{"@type":"SearchAction","target":{"@type":"EntryPoint","urlTemplate":"https:\/\/decoplanta.com\/pt-pt\/?s={search_term_string}"},"query-input":{"@type":"PropertyValueSpecification","valueRequired":true,"valueName":"search_term_string"}}],"inLanguage":"pt-PT"},{"@type":"Organization","@id":"https:\/\/decoplanta.com\/pt-pt\/#organization","name":"Plantas y \u00e1rboles artificiales de Alto Realismo","url":"https:\/\/decoplanta.com\/pt-pt\/","logo":{"@type":"ImageObject","inLanguage":"pt-PT","@id":"https:\/\/decoplanta.com\/pt-pt\/#\/schema\/logo\/image\/","url":"https:\/\/decoplanta.com\/wp-content\/uploads\/2021\/02\/decoplanta-logo2020.svg","contentUrl":"https:\/\/decoplanta.com\/wp-content\/uploads\/2021\/02\/decoplanta-logo2020.svg","width":500,"height":500,"caption":"Plantas y \u00e1rboles artificiales de Alto Realismo"},"image":{"@id":"https:\/\/decoplanta.com\/pt-pt\/#\/schema\/logo\/image\/"}}]}},"_links":{"self":[{"href":"https:\/\/decoplanta.com\/pt-pt\/wp-json\/wp\/v2\/product\/6333","targetHints":{"allow":["GET"]}}],"collection":[{"href":"https:\/\/decoplanta.com\/pt-pt\/wp-json\/wp\/v2\/product"}],"about":[{"href":"https:\/\/decoplanta.com\/pt-pt\/wp-json\/wp\/v2\/types\/product"}],"version-history":[{"count":0,"href":"https:\/\/decoplanta.com\/pt-pt\/wp-json\/wp\/v2\/product\/6333\/revisions"}],"wp:featuredmedia":[{"embeddable":true,"href":"https:\/\/decoplanta.com\/pt-pt\/wp-json\/wp\/v2\/media\/6336"}],"wp:attachment":[{"href":"https:\/\/decoplanta.com\/pt-pt\/wp-json\/wp\/v2\/media?parent=6333"}],"wp:term":[{"taxonomy":"product_brand","embeddable":true,"href":"https:\/\/decoplanta.com\/pt-pt\/wp-json\/wp\/v2\/product_brand?post=6333"},{"taxonomy":"product_cat","embeddable":true,"href":"https:\/\/decoplanta.com\/pt-pt\/wp-json\/wp\/v2\/product_cat?post=6333"},{"taxonomy":"product_tag","embeddable":true,"href":"https:\/\/decoplanta.com\/pt-pt\/wp-json\/wp\/v2\/product_tag?post=6333"}],"curies":[{"name":"wp","href":"https:\/\/api.w.org\/{rel}","templated":true}]}}