{"id":7550,"date":"2024-07-15T14:30:25","date_gmt":"2024-07-15T10:50:44","guid":{"rendered":"https:\/\/decoplanta.com\/sem%20categoria\/arvore-monstera\/"},"modified":"2024-07-15T11:59:40","modified_gmt":"2024-07-15T10:59:40","slug":"arvore-monstera","status":"publish","type":"product","link":"https:\/\/decoplanta.com\/pt-pt\/plantas-de-interior-artificiais\/arvore-monstera\/","title":{"rendered":"\u00c1rvore MONSTERA"},"content":{"rendered":"<p>\u00c1rvore artificial MONSTERA\u00a0de 180 cm de altura, ou \u00c1rvore MONSTERA\u00a0artificial de um realismo incr\u00edvel. \u00c9 uma <a href=\"https:\/\/decoplanta.com\/etiqueta-producto\/planta-tropical\/\">planta tropical<\/a> muito ex\u00f3tica, vulgarmente conhecida como &#8220;Costela de Ad\u00e3o&#8221;. Caracteriza-se pelas suas grandes folhas que inspiram o seu nome. Inclui un vaso de flores b\u00e1sico.<\/p>\n<p>S\u00e3o <a title=\"Relva\" href=\"https:\/\/es.wikipedia.org\/wiki\/Hierba\">ervas<\/a> perenes ou <a class=\"mw-redirect\" title=\"Creeper\" href=\"https:\/\/es.wikipedia.org\/wiki\/Enredadera\">trepadeiras<\/a>, que crescem at\u00e9 20 m de altura nas \u00e1rvores, subindo por meio de ra\u00edzes a\u00e9reas que funcionam como ganchos nos ramos, estas ra\u00edzes tamb\u00e9m crescem para o solo para ajudar a sustentar a planta. As folhas da \u00e1rvore monstera artificial s\u00e3o alternas, cori\u00e1ceas, verde-escuras, muito grandes, com 25-90 cm de comprimento (at\u00e9 130 cm de comprimento em <i>M. dubia<\/i>) e 15-75 cm de largura, muitas vezes com orif\u00edcios na l\u00e2mina foliar. <a title=\"Flor\" href=\"https:\/\/es.wikipedia.org\/wiki\/Flor\">As flores<\/a> nascem numa <a title=\"Infloresc\u00eancia\" href=\"https:\/\/es.wikipedia.org\/wiki\/Inflorescencia\">infloresc\u00eancia<\/a> especializada chamada <a title=\"Spadix\" href=\"https:\/\/es.wikipedia.org\/wiki\/Esp%C3%A1dice\">esp\u00e1dice<\/a>, com 5-45 cm de comprimento, e <a title=\"Fruta\" href=\"https:\/\/es.wikipedia.org\/wiki\/Fruta\">o fruto<\/a> \u00e9 um <a title=\"Cluster\" href=\"https:\/\/es.wikipedia.org\/wiki\/Racimo\">cacho<\/a> de <a title=\"Baga\" href=\"https:\/\/es.wikipedia.org\/wiki\/Baya\">bagas<\/a> brancas, <a class=\"mw-disambig\" title=\"Comest\u00edvel\" href=\"https:\/\/es.wikipedia.org\/wiki\/Comestible\">comest\u00edveis<\/a> em algumas esp\u00e9cies.<\/p>\n<p>A \u00e1rvore monstera artificial \u00e9 muitas vezes utilizada como <a href=\"https:\/\/decoplanta.com\/etiqueta-producto\/arbol-de-interior\/\">planta de casa<\/a>. O representante mais conhecido do g\u00e9nero, <i>Monstera deliciosa<\/i>, tamb\u00e9m \u00e9 cultivado pelo seu fruto comest\u00edvel que sabe a uma combina\u00e7\u00e3o de banana e anan\u00e1s.<\/p>\n<p>D\u00e1 uma vista de olhos \u00e0s <a href=\"https:\/\/decoplanta.com\/plantas-de-interior-artificiales\/palmera-monstera-artificial\/\">plantas monstera<\/a> artificiais no nosso cat\u00e1logo.<\/p>\n<p>&nbsp;<\/p>\n","protected":false},"excerpt":{"rendered":"<p>\u00c1rvore artificial MONSTERA com 180 cm de altura. \u00c9 uma planta tropical muito ex\u00f3tica, vulgarmente conhecida como &#8220;Costela de Ad\u00e3o&#8221;. Caracteriza-se pelas suas grandes folhas que inspiram o seu nome. \u00c9 entregue com um vaso de base inclu\u00eddo e n\u00e3o requer manuten\u00e7\u00e3o.<\/p>\n<table>\n<tbody>\n<tr>\n<td><strong>REF<\/strong><\/td>\n<td><strong>ALTURA<\/strong><\/td>\n<td><strong>N\u00ba FOLHAS<\/strong><\/td>\n<\/tr>\n<tr>\n<td><strong>432564<\/strong><\/td>\n<td>180 cm<\/td>\n<td>16<\/td>\n<\/tr>\n<\/tbody>\n<\/table>\n","protected":false},"featured_media":7514,"template":"","meta":{"_monsterinsights_skip_tracking":false,"_monsterinsights_sitenote_active":false,"_monsterinsights_sitenote_note":"","_monsterinsights_sitenote_category":0},"product_brand":[],"product_cat":[395],"product_tag":[400,422],"class_list":{"0":"post-7550","1":"product","2":"type-product","3":"status-publish","4":"has-post-thumbnail","6":"product_cat-plantas-de-interior-artificiais","7":"product_tag-arvore-de-interior","8":"product_tag-planta-tropical","9":"","10":"woocommerce-text-align-center","11":"woocommerce-image-align-center","12":"do-quantity-buttons","13":"wc-has-gallery","15":"first","16":"instock","17":"taxable","18":"shipping-taxable","19":"purchasable","20":"product-type-simple"},"yoast_head":"<!-- This site is optimized with the Yoast SEO plugin v27.5 - https:\/\/yoast.com\/product\/yoast-seo-wordpress\/ -->\n<title>\u00c1rvore artificial MONSTERA com 180 cm de altura<\/title>\n<meta name=\"description\" content=\"\u00c1rvore artificial MONSTERA com 180 cm de altura e incrivelmente realista. \u00c9 uma planta tropical muito ex\u00f3tica, vulgarmente conhecida como &quot;Costela de Ad\u00e3o&quot;.\" \/>\n<meta name=\"robots\" content=\"index, follow, max-snippet:-1, max-image-preview:large, max-video-preview:-1\" \/>\n<link rel=\"canonical\" href=\"https:\/\/decoplanta.com\/pt-pt\/plantas-de-interior-artificiais\/arvore-monstera\/\" \/>\n<meta property=\"og:locale\" content=\"pt_PT\" \/>\n<meta property=\"og:type\" content=\"article\" \/>\n<meta property=\"og:title\" content=\"\u00c1rvore artificial MONSTERA com 180 cm de altura\" \/>\n<meta property=\"og:description\" content=\"\u00c1rvore artificial MONSTERA com 180 cm de altura e incrivelmente realista. \u00c9 uma planta tropical muito ex\u00f3tica, vulgarmente conhecida como &quot;Costela de Ad\u00e3o&quot;.\" \/>\n<meta property=\"og:url\" content=\"https:\/\/decoplanta.com\/pt-pt\/plantas-de-interior-artificiais\/arvore-monstera\/\" \/>\n<meta property=\"og:site_name\" content=\"Plantas y \u00e1rboles artificiales de Alto Realismo\" \/>\n<meta property=\"article:modified_time\" content=\"2024-07-15T10:59:40+00:00\" \/>\n<meta property=\"og:image\" content=\"https:\/\/decoplanta.com\/wp-content\/uploads\/2024\/07\/432564-Palmera_MONSTERA-180cm-1.jpg\" \/>\n\t<meta property=\"og:image:width\" content=\"2000\" \/>\n\t<meta property=\"og:image:height\" content=\"2000\" \/>\n\t<meta property=\"og:image:type\" content=\"image\/jpeg\" \/>\n<meta name=\"twitter:card\" content=\"summary_large_image\" \/>\n<meta name=\"twitter:label1\" content=\"Tempo estimado de leitura\" \/>\n\t<meta name=\"twitter:data1\" content=\"2 minutos\" \/>\n<script type=\"application\/ld+json\" class=\"yoast-schema-graph\">{\"@context\":\"https:\\\/\\\/schema.org\",\"@graph\":[{\"@type\":\"WebPage\",\"@id\":\"https:\\\/\\\/decoplanta.com\\\/pt-pt\\\/plantas-de-interior-artificiais\\\/arvore-monstera\\\/\",\"url\":\"https:\\\/\\\/decoplanta.com\\\/pt-pt\\\/plantas-de-interior-artificiais\\\/arvore-monstera\\\/\",\"name\":\"\u00c1rvore artificial MONSTERA com 180 cm de altura\",\"isPartOf\":{\"@id\":\"https:\\\/\\\/decoplanta.com\\\/pt-pt\\\/#website\"},\"primaryImageOfPage\":{\"@id\":\"https:\\\/\\\/decoplanta.com\\\/pt-pt\\\/plantas-de-interior-artificiais\\\/arvore-monstera\\\/#primaryimage\"},\"image\":{\"@id\":\"https:\\\/\\\/decoplanta.com\\\/pt-pt\\\/plantas-de-interior-artificiais\\\/arvore-monstera\\\/#primaryimage\"},\"thumbnailUrl\":\"https:\\\/\\\/decoplanta.com\\\/wp-content\\\/uploads\\\/2024\\\/07\\\/432564-Palmera_MONSTERA-180cm-1.jpg\",\"datePublished\":\"2024-07-15T10:50:44+00:00\",\"dateModified\":\"2024-07-15T10:59:40+00:00\",\"description\":\"\u00c1rvore artificial MONSTERA com 180 cm de altura e incrivelmente realista. \u00c9 uma planta tropical muito ex\u00f3tica, vulgarmente conhecida como \\\"Costela de Ad\u00e3o\\\".\",\"breadcrumb\":{\"@id\":\"https:\\\/\\\/decoplanta.com\\\/pt-pt\\\/plantas-de-interior-artificiais\\\/arvore-monstera\\\/#breadcrumb\"},\"inLanguage\":\"pt-PT\",\"potentialAction\":[{\"@type\":\"ReadAction\",\"target\":[\"https:\\\/\\\/decoplanta.com\\\/pt-pt\\\/plantas-de-interior-artificiais\\\/arvore-monstera\\\/\"]}]},{\"@type\":\"ImageObject\",\"inLanguage\":\"pt-PT\",\"@id\":\"https:\\\/\\\/decoplanta.com\\\/pt-pt\\\/plantas-de-interior-artificiais\\\/arvore-monstera\\\/#primaryimage\",\"url\":\"https:\\\/\\\/decoplanta.com\\\/wp-content\\\/uploads\\\/2024\\\/07\\\/432564-Palmera_MONSTERA-180cm-1.jpg\",\"contentUrl\":\"https:\\\/\\\/decoplanta.com\\\/wp-content\\\/uploads\\\/2024\\\/07\\\/432564-Palmera_MONSTERA-180cm-1.jpg\",\"width\":2000,\"height\":2000,\"caption\":\"\u00e1rbol monstera artificial de alto realismo, de 180 cm de altura\"},{\"@type\":\"BreadcrumbList\",\"@id\":\"https:\\\/\\\/decoplanta.com\\\/pt-pt\\\/plantas-de-interior-artificiais\\\/arvore-monstera\\\/#breadcrumb\",\"itemListElement\":[{\"@type\":\"ListItem\",\"position\":1,\"name\":\"Portada\",\"item\":\"https:\\\/\\\/decoplanta.com\\\/pt-pt\\\/\"},{\"@type\":\"ListItem\",\"position\":2,\"name\":\"Priv\u00e9\u00a0: Tienda\",\"item\":\"https:\\\/\\\/decoplanta.com\\\/?page_id=377\"},{\"@type\":\"ListItem\",\"position\":3,\"name\":\"\u00c1rvore MONSTERA\"}]},{\"@type\":\"WebSite\",\"@id\":\"https:\\\/\\\/decoplanta.com\\\/pt-pt\\\/#website\",\"url\":\"https:\\\/\\\/decoplanta.com\\\/pt-pt\\\/\",\"name\":\"Plantas y \u00e1rboles artificiales de Alto Realismo\",\"description\":\"Proveedor de Plantas artificiales para estudios de Arquitectura, Interiorismo, Paisajismo, Escenograf\u00eda, Tiendas de Decoraci\u00f3n Florister\u00edas y Mobiliario\",\"publisher\":{\"@id\":\"https:\\\/\\\/decoplanta.com\\\/pt-pt\\\/#organization\"},\"potentialAction\":[{\"@type\":\"SearchAction\",\"target\":{\"@type\":\"EntryPoint\",\"urlTemplate\":\"https:\\\/\\\/decoplanta.com\\\/pt-pt\\\/?s={search_term_string}\"},\"query-input\":{\"@type\":\"PropertyValueSpecification\",\"valueRequired\":true,\"valueName\":\"search_term_string\"}}],\"inLanguage\":\"pt-PT\"},{\"@type\":\"Organization\",\"@id\":\"https:\\\/\\\/decoplanta.com\\\/pt-pt\\\/#organization\",\"name\":\"Plantas y \u00e1rboles artificiales de Alto Realismo\",\"url\":\"https:\\\/\\\/decoplanta.com\\\/pt-pt\\\/\",\"logo\":{\"@type\":\"ImageObject\",\"inLanguage\":\"pt-PT\",\"@id\":\"https:\\\/\\\/decoplanta.com\\\/pt-pt\\\/#\\\/schema\\\/logo\\\/image\\\/\",\"url\":\"https:\\\/\\\/decoplanta.com\\\/wp-content\\\/uploads\\\/2021\\\/02\\\/decoplanta-logo2020.svg\",\"contentUrl\":\"https:\\\/\\\/decoplanta.com\\\/wp-content\\\/uploads\\\/2021\\\/02\\\/decoplanta-logo2020.svg\",\"width\":500,\"height\":500,\"caption\":\"Plantas y \u00e1rboles artificiales de Alto Realismo\"},\"image\":{\"@id\":\"https:\\\/\\\/decoplanta.com\\\/pt-pt\\\/#\\\/schema\\\/logo\\\/image\\\/\"}}]}<\/script>\n<!-- \/ Yoast SEO plugin. -->","yoast_head_json":{"title":"\u00c1rvore artificial MONSTERA com 180 cm de altura","description":"\u00c1rvore artificial MONSTERA com 180 cm de altura e incrivelmente realista. \u00c9 uma planta tropical muito ex\u00f3tica, vulgarmente conhecida como \"Costela de Ad\u00e3o\".","robots":{"index":"index","follow":"follow","max-snippet":"max-snippet:-1","max-image-preview":"max-image-preview:large","max-video-preview":"max-video-preview:-1"},"canonical":"https:\/\/decoplanta.com\/pt-pt\/plantas-de-interior-artificiais\/arvore-monstera\/","og_locale":"pt_PT","og_type":"article","og_title":"\u00c1rvore artificial MONSTERA com 180 cm de altura","og_description":"\u00c1rvore artificial MONSTERA com 180 cm de altura e incrivelmente realista. \u00c9 uma planta tropical muito ex\u00f3tica, vulgarmente conhecida como \"Costela de Ad\u00e3o\".","og_url":"https:\/\/decoplanta.com\/pt-pt\/plantas-de-interior-artificiais\/arvore-monstera\/","og_site_name":"Plantas y \u00e1rboles artificiales de Alto Realismo","article_modified_time":"2024-07-15T10:59:40+00:00","og_image":[{"width":2000,"height":2000,"url":"https:\/\/decoplanta.com\/wp-content\/uploads\/2024\/07\/432564-Palmera_MONSTERA-180cm-1.jpg","type":"image\/jpeg"}],"twitter_card":"summary_large_image","twitter_misc":{"Tempo estimado de leitura":"2 minutos"},"schema":{"@context":"https:\/\/schema.org","@graph":[{"@type":"WebPage","@id":"https:\/\/decoplanta.com\/pt-pt\/plantas-de-interior-artificiais\/arvore-monstera\/","url":"https:\/\/decoplanta.com\/pt-pt\/plantas-de-interior-artificiais\/arvore-monstera\/","name":"\u00c1rvore artificial MONSTERA com 180 cm de altura","isPartOf":{"@id":"https:\/\/decoplanta.com\/pt-pt\/#website"},"primaryImageOfPage":{"@id":"https:\/\/decoplanta.com\/pt-pt\/plantas-de-interior-artificiais\/arvore-monstera\/#primaryimage"},"image":{"@id":"https:\/\/decoplanta.com\/pt-pt\/plantas-de-interior-artificiais\/arvore-monstera\/#primaryimage"},"thumbnailUrl":"https:\/\/decoplanta.com\/wp-content\/uploads\/2024\/07\/432564-Palmera_MONSTERA-180cm-1.jpg","datePublished":"2024-07-15T10:50:44+00:00","dateModified":"2024-07-15T10:59:40+00:00","description":"\u00c1rvore artificial MONSTERA com 180 cm de altura e incrivelmente realista. \u00c9 uma planta tropical muito ex\u00f3tica, vulgarmente conhecida como \"Costela de Ad\u00e3o\".","breadcrumb":{"@id":"https:\/\/decoplanta.com\/pt-pt\/plantas-de-interior-artificiais\/arvore-monstera\/#breadcrumb"},"inLanguage":"pt-PT","potentialAction":[{"@type":"ReadAction","target":["https:\/\/decoplanta.com\/pt-pt\/plantas-de-interior-artificiais\/arvore-monstera\/"]}]},{"@type":"ImageObject","inLanguage":"pt-PT","@id":"https:\/\/decoplanta.com\/pt-pt\/plantas-de-interior-artificiais\/arvore-monstera\/#primaryimage","url":"https:\/\/decoplanta.com\/wp-content\/uploads\/2024\/07\/432564-Palmera_MONSTERA-180cm-1.jpg","contentUrl":"https:\/\/decoplanta.com\/wp-content\/uploads\/2024\/07\/432564-Palmera_MONSTERA-180cm-1.jpg","width":2000,"height":2000,"caption":"\u00e1rbol monstera artificial de alto realismo, de 180 cm de altura"},{"@type":"BreadcrumbList","@id":"https:\/\/decoplanta.com\/pt-pt\/plantas-de-interior-artificiais\/arvore-monstera\/#breadcrumb","itemListElement":[{"@type":"ListItem","position":1,"name":"Portada","item":"https:\/\/decoplanta.com\/pt-pt\/"},{"@type":"ListItem","position":2,"name":"Priv\u00e9\u00a0: Tienda","item":"https:\/\/decoplanta.com\/?page_id=377"},{"@type":"ListItem","position":3,"name":"\u00c1rvore MONSTERA"}]},{"@type":"WebSite","@id":"https:\/\/decoplanta.com\/pt-pt\/#website","url":"https:\/\/decoplanta.com\/pt-pt\/","name":"Plantas y \u00e1rboles artificiales de Alto Realismo","description":"Proveedor de Plantas artificiales para estudios de Arquitectura, Interiorismo, Paisajismo, Escenograf\u00eda, Tiendas de Decoraci\u00f3n Florister\u00edas y Mobiliario","publisher":{"@id":"https:\/\/decoplanta.com\/pt-pt\/#organization"},"potentialAction":[{"@type":"SearchAction","target":{"@type":"EntryPoint","urlTemplate":"https:\/\/decoplanta.com\/pt-pt\/?s={search_term_string}"},"query-input":{"@type":"PropertyValueSpecification","valueRequired":true,"valueName":"search_term_string"}}],"inLanguage":"pt-PT"},{"@type":"Organization","@id":"https:\/\/decoplanta.com\/pt-pt\/#organization","name":"Plantas y \u00e1rboles artificiales de Alto Realismo","url":"https:\/\/decoplanta.com\/pt-pt\/","logo":{"@type":"ImageObject","inLanguage":"pt-PT","@id":"https:\/\/decoplanta.com\/pt-pt\/#\/schema\/logo\/image\/","url":"https:\/\/decoplanta.com\/wp-content\/uploads\/2021\/02\/decoplanta-logo2020.svg","contentUrl":"https:\/\/decoplanta.com\/wp-content\/uploads\/2021\/02\/decoplanta-logo2020.svg","width":500,"height":500,"caption":"Plantas y \u00e1rboles artificiales de Alto Realismo"},"image":{"@id":"https:\/\/decoplanta.com\/pt-pt\/#\/schema\/logo\/image\/"}}]}},"_links":{"self":[{"href":"https:\/\/decoplanta.com\/pt-pt\/wp-json\/wp\/v2\/product\/7550","targetHints":{"allow":["GET"]}}],"collection":[{"href":"https:\/\/decoplanta.com\/pt-pt\/wp-json\/wp\/v2\/product"}],"about":[{"href":"https:\/\/decoplanta.com\/pt-pt\/wp-json\/wp\/v2\/types\/product"}],"version-history":[{"count":0,"href":"https:\/\/decoplanta.com\/pt-pt\/wp-json\/wp\/v2\/product\/7550\/revisions"}],"wp:featuredmedia":[{"embeddable":true,"href":"https:\/\/decoplanta.com\/pt-pt\/wp-json\/wp\/v2\/media\/7514"}],"wp:attachment":[{"href":"https:\/\/decoplanta.com\/pt-pt\/wp-json\/wp\/v2\/media?parent=7550"}],"wp:term":[{"taxonomy":"product_brand","embeddable":true,"href":"https:\/\/decoplanta.com\/pt-pt\/wp-json\/wp\/v2\/product_brand?post=7550"},{"taxonomy":"product_cat","embeddable":true,"href":"https:\/\/decoplanta.com\/pt-pt\/wp-json\/wp\/v2\/product_cat?post=7550"},{"taxonomy":"product_tag","embeddable":true,"href":"https:\/\/decoplanta.com\/pt-pt\/wp-json\/wp\/v2\/product_tag?post=7550"}],"curies":[{"name":"wp","href":"https:\/\/api.w.org\/{rel}","templated":true}]}}