{"id":8011,"date":"2025-02-13T08:22:57","date_gmt":"2025-02-13T07:22:57","guid":{"rendered":"https:\/\/decoplanta.com\/?post_type=product&#038;p=8011"},"modified":"2025-02-13T12:55:37","modified_gmt":"2025-02-13T11:55:37","slug":"planta-suspensa-cacto-125-cm-fireproof","status":"publish","type":"product","link":"https:\/\/decoplanta.com\/pt-pt\/plantas-retardadoras-de-fogo\/planta-suspensa-cacto-125-cm-fireproof\/","title":{"rendered":"Planta Suspensa Cacto 125cm FIREPROOF"},"content":{"rendered":"<p>Planta Suspensa Cacto 125 cm FIREPROOF artificial de 125 cm de altura. Alto nivel de frondosidad con hojas de tama\u00f1o grande muy definidas, brillantes con un bonito color verde intenso con manchas de color verde claro. Decoran muy bien sobre macetas colgantes, d\u00e1ndole un aspecto muy realista.<\/p>\n<p>Planta Suspensa Cacto 125 cm FIREPROOF artificial com 90 cm de altura. <strong>Inclui tratamento ign\u00edfugo e \u00e9 v\u00e1lido para interiores<\/strong>. Reprodu\u00e7\u00e3o exata de alto realismo. S\u00e3o vendidos em caixas indivis\u00edveis de 6 unidades. Pre\u00e7o por unidade em nosso cat\u00e1logo.<\/p>\n<p>O prazo aproximado de entrega \u00e9 de 10 dias.<\/p>\n<table dir=\"ltr\" border=\"1\" cellspacing=\"0\" cellpadding=\"0\" data-sheets-root=\"1\" data-sheets-baot=\"1\">\n<colgroup>\n<col width=\"89\" \/>\n<col width=\"79\" \/>\n<col width=\"222\" \/>\n<col width=\"413\" \/>\n<col width=\"100\" \/>\n<col width=\"100\" \/>\n<col width=\"74\" \/>\n<col width=\"100\" \/>\n<col width=\"100\" \/><\/colgroup>\n<tbody>\n<tr>\n<td>433202<\/td>\n<td>433202.jpg<\/td>\n<td>Planta Suspensa Cacto 125 cm FIREPROOF<\/td>\n<td>Planta Suspensa Cacto 125 ign\u00edfuga de 125 cm de altura. Incluye tratamiento retardante contra el fuego, y es v\u00e1lido para interiores. Se sirven en estuches indivisibles de 6 unidades. Precio por unidad. El plazo de entrega aproximado es de 10 d\u00edas.<\/td>\n<td>17.70 \u20ac<\/td>\n<td><\/td>\n<td>125 cm<\/td>\n<td>PLANTAS COLGANTES<\/td>\n<td>6<\/td>\n<\/tr>\n<\/tbody>\n<\/table>\n<p>Este Planta Suspensa Cacto 125 cm FIREPROOF artificial apenas se diferencia visualmente de su modelo natural. Excelentemente reproducida y de muy buena calidad. La rama decorativa conserva su forma y color durante muchos a\u00f1os. Este impresionante Planta Suspensa Cacto 125 cm FIREPROOF es adecuado como decoraci\u00f3n para tu negocio, as\u00ed como en un hogar.<\/p>\n<p>Los colores intensos de las hojas grandes de aproximadamente 6 cm est\u00e1n inspirados en el \u00e1rbol de arce japon\u00e9s. Fabricados con tela de alta calidad, tienen su color, forma, tama\u00f1o de hoja y estampados id\u00e9nticos a sus prototipos reales. El Planta Suspensa Cacto 125 cm FIREPROOF es un g\u00e9nero de la <a class=\"waffle-rich-text-link\" href=\"https:\/\/es.wikipedia.org\/wiki\/Familia_(biolog%C3%ADa)\">familia<\/a>\u00a0de las\u00a0<a class=\"waffle-rich-text-link\" href=\"https:\/\/es.wikipedia.org\/wiki\/Sapind%C3%A1ceas\">sapind\u00e1ceas<\/a>. Son conocidos generalmente como arces, con unas 160 <a class=\"waffle-rich-text-link\" href=\"https:\/\/es.wikipedia.org\/wiki\/Especies\">especies<\/a>\u00a0aceptadas de las casi 700 descritas.<\/p>\n<h2>\u00bfC\u00f3mo se diferencia el Planta Suspensa Cacto 125 cm FIREPROOF artificial?<\/h2>\n<p>Los arces son f\u00e1cilmente distinguibles por sus hojas, aunque tambi\u00e9n se dan las pinnadas compuestas, pinnadas avetadas y sin l\u00f3bulos. Las flores son regulares, pent\u00e1meras, y surgen en racimos, corimbos o umbelas. Sus distintivos frutos nacen en parejas unidas, llamados s\u00e1maras. Al desprenderse los frutos, van girando movidos por el viento esparciendo las semillas. Como consecuencia de ello, suelen conocerse como \u00ab\u00e1rboles de helic\u00f3pteros\u00bb. Las hojas de la mayor parte de las especies son palmeadas, venadas y lobuladas. Con 3 a 9 venas cada una orientada hacia un l\u00f3bulo, uno de los cuales es el central.<\/p>\n<h3>Varias especies son trifoliadas<\/h3>\n<p>Acer griseum, Acer mandshuricum, Acer maximowiczianum y Acer triflorum. El Acer negundo tiene hojas pinnadas compuestas, que pueden ser simplemente trifoliadas o con 5 a 7 hojillas. Por \u00faltimo, el Acer carpinifolium tiene hojas simples pinnadas y venosas que recuerdan las de los carpes. Los arces son muy cultivados como ornamentales, para elaborar jarabes y como madera de construcci\u00f3n. Algunas especies presentan un colorido follaje oto\u00f1al. Pincha y Decora tus jardineras con nuestras espectaculares plantas artificiales de incre\u00edble realismo.<\/p>\n","protected":false},"excerpt":{"rendered":"<p>Planta Suspensa Cacto FIREPROOF artificial com 90 cm de altura. <strong>Inclui tratamento ign\u00edfugo e \u00e9 v\u00e1lido para interiores<\/strong>. Reprodu\u00e7\u00e3o exata de alto realismo. S\u00e3o vendidos em caixas indivis\u00edveis de 6 unidades. Pre\u00e7o por unidade em nosso cat\u00e1logo.<\/p>\n<p>O prazo aproximado de entrega \u00e9 de 10 dias.<\/p>\n<table>\n<tbody>\n<tr>\n<td><strong>REF<\/strong><\/td>\n<td>Altura<\/td>\n<\/tr>\n<tr>\n<td>433202<\/td>\n<td>125 cm<\/td>\n<\/tr>\n<\/tbody>\n<\/table>\n","protected":false},"featured_media":8014,"template":"","meta":{"_monsterinsights_skip_tracking":false,"_monsterinsights_sitenote_active":false,"_monsterinsights_sitenote_note":"","_monsterinsights_sitenote_category":0},"product_brand":[],"product_cat":[396,392],"product_tag":[400,406,517],"class_list":{"0":"post-8011","1":"product","2":"type-product","3":"status-publish","4":"has-post-thumbnail","6":"product_cat-plantas-retardadoras-de-fogo","7":"product_cat-plantas-suspensas","8":"product_tag-arvore-de-interior","9":"product_tag-centro-de-mesa","10":"product_tag-planta-con-tratamiento-ignifugo-pt-pt","11":"","12":"woocommerce-text-align-center","13":"woocommerce-image-align-center","14":"do-quantity-buttons","16":"first","17":"instock","18":"taxable","19":"shipping-taxable","20":"purchasable","21":"product-type-simple"},"yoast_head":"<!-- This site is optimized with the Yoast SEO plugin v27.3 - https:\/\/yoast.com\/product\/yoast-seo-wordpress\/ -->\n<title>Planta Suspensa Cacto FIREPROOF artificial -Alto realismo<\/title>\n<meta name=\"description\" content=\"Planta Suspensa Cacto FIREPROOF artificial com 125 cm de altura. Inclui tratamento ign\u00edfugo e \u00e9 v\u00e1lido para interiores. Reprodu\u00e7\u00e3o exata de alto realismo\" \/>\n<meta name=\"robots\" content=\"index, follow, max-snippet:-1, max-image-preview:large, max-video-preview:-1\" \/>\n<link rel=\"canonical\" href=\"https:\/\/decoplanta.com\/pt-pt\/plantas-retardadoras-de-fogo\/planta-suspensa-cacto-125-cm-fireproof\/\" \/>\n<meta property=\"og:locale\" content=\"pt_PT\" \/>\n<meta property=\"og:type\" content=\"article\" \/>\n<meta property=\"og:title\" content=\"Planta Suspensa Cacto FIREPROOF artificial -Alto realismo\" \/>\n<meta property=\"og:description\" content=\"Planta Suspensa Cacto FIREPROOF artificial com 125 cm de altura. Inclui tratamento ign\u00edfugo e \u00e9 v\u00e1lido para interiores. Reprodu\u00e7\u00e3o exata de alto realismo\" \/>\n<meta property=\"og:url\" content=\"https:\/\/decoplanta.com\/pt-pt\/plantas-retardadoras-de-fogo\/planta-suspensa-cacto-125-cm-fireproof\/\" \/>\n<meta property=\"og:site_name\" content=\"Plantas y \u00e1rboles artificiales de Alto Realismo\" \/>\n<meta property=\"article:modified_time\" content=\"2025-02-13T11:55:37+00:00\" \/>\n<meta property=\"og:image\" content=\"https:\/\/decoplanta.com\/wp-content\/uploads\/2025\/02\/433202-Colgante_Cactus_FP_125cm.jpg\" \/>\n\t<meta property=\"og:image:width\" content=\"2200\" \/>\n\t<meta property=\"og:image:height\" content=\"2200\" \/>\n\t<meta property=\"og:image:type\" content=\"image\/jpeg\" \/>\n<meta name=\"twitter:card\" content=\"summary_large_image\" \/>\n<meta name=\"twitter:label1\" content=\"Tempo estimado de leitura\" \/>\n\t<meta name=\"twitter:data1\" content=\"3 minutos\" \/>\n<script type=\"application\/ld+json\" class=\"yoast-schema-graph\">{\"@context\":\"https:\\\/\\\/schema.org\",\"@graph\":[{\"@type\":\"WebPage\",\"@id\":\"https:\\\/\\\/decoplanta.com\\\/pt-pt\\\/plantas-retardadoras-de-fogo\\\/planta-suspensa-cacto-125-cm-fireproof\\\/\",\"url\":\"https:\\\/\\\/decoplanta.com\\\/pt-pt\\\/plantas-retardadoras-de-fogo\\\/planta-suspensa-cacto-125-cm-fireproof\\\/\",\"name\":\"Planta Suspensa Cacto FIREPROOF artificial -Alto realismo\",\"isPartOf\":{\"@id\":\"https:\\\/\\\/decoplanta.com\\\/pt-pt\\\/#website\"},\"primaryImageOfPage\":{\"@id\":\"https:\\\/\\\/decoplanta.com\\\/pt-pt\\\/plantas-retardadoras-de-fogo\\\/planta-suspensa-cacto-125-cm-fireproof\\\/#primaryimage\"},\"image\":{\"@id\":\"https:\\\/\\\/decoplanta.com\\\/pt-pt\\\/plantas-retardadoras-de-fogo\\\/planta-suspensa-cacto-125-cm-fireproof\\\/#primaryimage\"},\"thumbnailUrl\":\"https:\\\/\\\/decoplanta.com\\\/wp-content\\\/uploads\\\/2025\\\/02\\\/433202-Colgante_Cactus_FP_125cm.jpg\",\"datePublished\":\"2025-02-13T07:22:57+00:00\",\"dateModified\":\"2025-02-13T11:55:37+00:00\",\"description\":\"Planta Suspensa Cacto FIREPROOF artificial com 125 cm de altura. Inclui tratamento ign\u00edfugo e \u00e9 v\u00e1lido para interiores. Reprodu\u00e7\u00e3o exata de alto realismo\",\"breadcrumb\":{\"@id\":\"https:\\\/\\\/decoplanta.com\\\/pt-pt\\\/plantas-retardadoras-de-fogo\\\/planta-suspensa-cacto-125-cm-fireproof\\\/#breadcrumb\"},\"inLanguage\":\"pt-PT\",\"potentialAction\":[{\"@type\":\"ReadAction\",\"target\":[\"https:\\\/\\\/decoplanta.com\\\/pt-pt\\\/plantas-retardadoras-de-fogo\\\/planta-suspensa-cacto-125-cm-fireproof\\\/\"]}]},{\"@type\":\"ImageObject\",\"inLanguage\":\"pt-PT\",\"@id\":\"https:\\\/\\\/decoplanta.com\\\/pt-pt\\\/plantas-retardadoras-de-fogo\\\/planta-suspensa-cacto-125-cm-fireproof\\\/#primaryimage\",\"url\":\"https:\\\/\\\/decoplanta.com\\\/wp-content\\\/uploads\\\/2025\\\/02\\\/433202-Colgante_Cactus_FP_125cm.jpg\",\"contentUrl\":\"https:\\\/\\\/decoplanta.com\\\/wp-content\\\/uploads\\\/2025\\\/02\\\/433202-Colgante_Cactus_FP_125cm.jpg\",\"width\":2200,\"height\":2200,\"caption\":\"Planta Colgante Cactus FIREPROOF artificial de 125 cm de altura\"},{\"@type\":\"BreadcrumbList\",\"@id\":\"https:\\\/\\\/decoplanta.com\\\/pt-pt\\\/plantas-retardadoras-de-fogo\\\/planta-suspensa-cacto-125-cm-fireproof\\\/#breadcrumb\",\"itemListElement\":[{\"@type\":\"ListItem\",\"position\":1,\"name\":\"Portada\",\"item\":\"https:\\\/\\\/decoplanta.com\\\/pt-pt\\\/\"},{\"@type\":\"ListItem\",\"position\":2,\"name\":\"Priv\u00e9\u00a0: Tienda\",\"item\":\"https:\\\/\\\/decoplanta.com\\\/?page_id=377\"},{\"@type\":\"ListItem\",\"position\":3,\"name\":\"Planta Suspensa Cacto 125cm FIREPROOF\"}]},{\"@type\":\"WebSite\",\"@id\":\"https:\\\/\\\/decoplanta.com\\\/pt-pt\\\/#website\",\"url\":\"https:\\\/\\\/decoplanta.com\\\/pt-pt\\\/\",\"name\":\"Plantas y \u00e1rboles artificiales de Alto Realismo\",\"description\":\"Proveedor de Plantas artificiales para estudios de Arquitectura, Interiorismo, Paisajismo, Escenograf\u00eda, Tiendas de Decoraci\u00f3n Florister\u00edas y Mobiliario\",\"publisher\":{\"@id\":\"https:\\\/\\\/decoplanta.com\\\/pt-pt\\\/#organization\"},\"potentialAction\":[{\"@type\":\"SearchAction\",\"target\":{\"@type\":\"EntryPoint\",\"urlTemplate\":\"https:\\\/\\\/decoplanta.com\\\/pt-pt\\\/?s={search_term_string}\"},\"query-input\":{\"@type\":\"PropertyValueSpecification\",\"valueRequired\":true,\"valueName\":\"search_term_string\"}}],\"inLanguage\":\"pt-PT\"},{\"@type\":\"Organization\",\"@id\":\"https:\\\/\\\/decoplanta.com\\\/pt-pt\\\/#organization\",\"name\":\"Plantas y \u00e1rboles artificiales de Alto Realismo\",\"url\":\"https:\\\/\\\/decoplanta.com\\\/pt-pt\\\/\",\"logo\":{\"@type\":\"ImageObject\",\"inLanguage\":\"pt-PT\",\"@id\":\"https:\\\/\\\/decoplanta.com\\\/pt-pt\\\/#\\\/schema\\\/logo\\\/image\\\/\",\"url\":\"https:\\\/\\\/decoplanta.com\\\/wp-content\\\/uploads\\\/2021\\\/02\\\/decoplanta-logo2020.svg\",\"contentUrl\":\"https:\\\/\\\/decoplanta.com\\\/wp-content\\\/uploads\\\/2021\\\/02\\\/decoplanta-logo2020.svg\",\"width\":500,\"height\":500,\"caption\":\"Plantas y \u00e1rboles artificiales de Alto Realismo\"},\"image\":{\"@id\":\"https:\\\/\\\/decoplanta.com\\\/pt-pt\\\/#\\\/schema\\\/logo\\\/image\\\/\"}}]}<\/script>\n<!-- \/ Yoast SEO plugin. -->","yoast_head_json":{"title":"Planta Suspensa Cacto FIREPROOF artificial -Alto realismo","description":"Planta Suspensa Cacto FIREPROOF artificial com 125 cm de altura. Inclui tratamento ign\u00edfugo e \u00e9 v\u00e1lido para interiores. Reprodu\u00e7\u00e3o exata de alto realismo","robots":{"index":"index","follow":"follow","max-snippet":"max-snippet:-1","max-image-preview":"max-image-preview:large","max-video-preview":"max-video-preview:-1"},"canonical":"https:\/\/decoplanta.com\/pt-pt\/plantas-retardadoras-de-fogo\/planta-suspensa-cacto-125-cm-fireproof\/","og_locale":"pt_PT","og_type":"article","og_title":"Planta Suspensa Cacto FIREPROOF artificial -Alto realismo","og_description":"Planta Suspensa Cacto FIREPROOF artificial com 125 cm de altura. Inclui tratamento ign\u00edfugo e \u00e9 v\u00e1lido para interiores. Reprodu\u00e7\u00e3o exata de alto realismo","og_url":"https:\/\/decoplanta.com\/pt-pt\/plantas-retardadoras-de-fogo\/planta-suspensa-cacto-125-cm-fireproof\/","og_site_name":"Plantas y \u00e1rboles artificiales de Alto Realismo","article_modified_time":"2025-02-13T11:55:37+00:00","og_image":[{"width":2200,"height":2200,"url":"https:\/\/decoplanta.com\/wp-content\/uploads\/2025\/02\/433202-Colgante_Cactus_FP_125cm.jpg","type":"image\/jpeg"}],"twitter_card":"summary_large_image","twitter_misc":{"Tempo estimado de leitura":"3 minutos"},"schema":{"@context":"https:\/\/schema.org","@graph":[{"@type":"WebPage","@id":"https:\/\/decoplanta.com\/pt-pt\/plantas-retardadoras-de-fogo\/planta-suspensa-cacto-125-cm-fireproof\/","url":"https:\/\/decoplanta.com\/pt-pt\/plantas-retardadoras-de-fogo\/planta-suspensa-cacto-125-cm-fireproof\/","name":"Planta Suspensa Cacto FIREPROOF artificial -Alto realismo","isPartOf":{"@id":"https:\/\/decoplanta.com\/pt-pt\/#website"},"primaryImageOfPage":{"@id":"https:\/\/decoplanta.com\/pt-pt\/plantas-retardadoras-de-fogo\/planta-suspensa-cacto-125-cm-fireproof\/#primaryimage"},"image":{"@id":"https:\/\/decoplanta.com\/pt-pt\/plantas-retardadoras-de-fogo\/planta-suspensa-cacto-125-cm-fireproof\/#primaryimage"},"thumbnailUrl":"https:\/\/decoplanta.com\/wp-content\/uploads\/2025\/02\/433202-Colgante_Cactus_FP_125cm.jpg","datePublished":"2025-02-13T07:22:57+00:00","dateModified":"2025-02-13T11:55:37+00:00","description":"Planta Suspensa Cacto FIREPROOF artificial com 125 cm de altura. Inclui tratamento ign\u00edfugo e \u00e9 v\u00e1lido para interiores. Reprodu\u00e7\u00e3o exata de alto realismo","breadcrumb":{"@id":"https:\/\/decoplanta.com\/pt-pt\/plantas-retardadoras-de-fogo\/planta-suspensa-cacto-125-cm-fireproof\/#breadcrumb"},"inLanguage":"pt-PT","potentialAction":[{"@type":"ReadAction","target":["https:\/\/decoplanta.com\/pt-pt\/plantas-retardadoras-de-fogo\/planta-suspensa-cacto-125-cm-fireproof\/"]}]},{"@type":"ImageObject","inLanguage":"pt-PT","@id":"https:\/\/decoplanta.com\/pt-pt\/plantas-retardadoras-de-fogo\/planta-suspensa-cacto-125-cm-fireproof\/#primaryimage","url":"https:\/\/decoplanta.com\/wp-content\/uploads\/2025\/02\/433202-Colgante_Cactus_FP_125cm.jpg","contentUrl":"https:\/\/decoplanta.com\/wp-content\/uploads\/2025\/02\/433202-Colgante_Cactus_FP_125cm.jpg","width":2200,"height":2200,"caption":"Planta Colgante Cactus FIREPROOF artificial de 125 cm de altura"},{"@type":"BreadcrumbList","@id":"https:\/\/decoplanta.com\/pt-pt\/plantas-retardadoras-de-fogo\/planta-suspensa-cacto-125-cm-fireproof\/#breadcrumb","itemListElement":[{"@type":"ListItem","position":1,"name":"Portada","item":"https:\/\/decoplanta.com\/pt-pt\/"},{"@type":"ListItem","position":2,"name":"Priv\u00e9\u00a0: Tienda","item":"https:\/\/decoplanta.com\/?page_id=377"},{"@type":"ListItem","position":3,"name":"Planta Suspensa Cacto 125cm FIREPROOF"}]},{"@type":"WebSite","@id":"https:\/\/decoplanta.com\/pt-pt\/#website","url":"https:\/\/decoplanta.com\/pt-pt\/","name":"Plantas y \u00e1rboles artificiales de Alto Realismo","description":"Proveedor de Plantas artificiales para estudios de Arquitectura, Interiorismo, Paisajismo, Escenograf\u00eda, Tiendas de Decoraci\u00f3n Florister\u00edas y Mobiliario","publisher":{"@id":"https:\/\/decoplanta.com\/pt-pt\/#organization"},"potentialAction":[{"@type":"SearchAction","target":{"@type":"EntryPoint","urlTemplate":"https:\/\/decoplanta.com\/pt-pt\/?s={search_term_string}"},"query-input":{"@type":"PropertyValueSpecification","valueRequired":true,"valueName":"search_term_string"}}],"inLanguage":"pt-PT"},{"@type":"Organization","@id":"https:\/\/decoplanta.com\/pt-pt\/#organization","name":"Plantas y \u00e1rboles artificiales de Alto Realismo","url":"https:\/\/decoplanta.com\/pt-pt\/","logo":{"@type":"ImageObject","inLanguage":"pt-PT","@id":"https:\/\/decoplanta.com\/pt-pt\/#\/schema\/logo\/image\/","url":"https:\/\/decoplanta.com\/wp-content\/uploads\/2021\/02\/decoplanta-logo2020.svg","contentUrl":"https:\/\/decoplanta.com\/wp-content\/uploads\/2021\/02\/decoplanta-logo2020.svg","width":500,"height":500,"caption":"Plantas y \u00e1rboles artificiales de Alto Realismo"},"image":{"@id":"https:\/\/decoplanta.com\/pt-pt\/#\/schema\/logo\/image\/"}}]}},"_links":{"self":[{"href":"https:\/\/decoplanta.com\/pt-pt\/wp-json\/wp\/v2\/product\/8011","targetHints":{"allow":["GET"]}}],"collection":[{"href":"https:\/\/decoplanta.com\/pt-pt\/wp-json\/wp\/v2\/product"}],"about":[{"href":"https:\/\/decoplanta.com\/pt-pt\/wp-json\/wp\/v2\/types\/product"}],"version-history":[{"count":0,"href":"https:\/\/decoplanta.com\/pt-pt\/wp-json\/wp\/v2\/product\/8011\/revisions"}],"wp:featuredmedia":[{"embeddable":true,"href":"https:\/\/decoplanta.com\/pt-pt\/wp-json\/wp\/v2\/media\/8014"}],"wp:attachment":[{"href":"https:\/\/decoplanta.com\/pt-pt\/wp-json\/wp\/v2\/media?parent=8011"}],"wp:term":[{"taxonomy":"product_brand","embeddable":true,"href":"https:\/\/decoplanta.com\/pt-pt\/wp-json\/wp\/v2\/product_brand?post=8011"},{"taxonomy":"product_cat","embeddable":true,"href":"https:\/\/decoplanta.com\/pt-pt\/wp-json\/wp\/v2\/product_cat?post=8011"},{"taxonomy":"product_tag","embeddable":true,"href":"https:\/\/decoplanta.com\/pt-pt\/wp-json\/wp\/v2\/product_tag?post=8011"}],"curies":[{"name":"wp","href":"https:\/\/api.w.org\/{rel}","templated":true}]}}