{"id":8193,"date":"2025-03-10T10:10:01","date_gmt":"2025-03-10T10:20:01","guid":{"rendered":"https:\/\/decoplanta.com\/?post_type=product&#038;p=8193"},"modified":"2025-03-10T11:22:06","modified_gmt":"2025-03-10T10:22:06","slug":"arbusto-feto-boston-45cm","status":"publish","type":"product","link":"https:\/\/decoplanta.com\/pt-pt\/flores-e-vegetacao\/arbusto-feto-boston-45cm\/","title":{"rendered":"Arbusto de FETO BOSTON"},"content":{"rendered":"<p>Arbusto de FETO BOSTON artificial de 55 cm de di\u00e2metro em plantador b\u00e1sico de pl\u00e1stico preto 12,5 cm. Realismo incr\u00edvel para a decora\u00e7\u00e3o de interiores. R\u00e9plica do feto chamada Nephrolepis exaltata. Vendido numa caixa de 4 unidades. Duas alturas dispon\u00edveis: 55 cm e 70 cm de altura.<\/p>\n","protected":false},"excerpt":{"rendered":"<p>Arbusto de FETO BOSTON de 45 cm de altura, para plantar em espuma floral ou na terra. R\u00e9plica altamente realista R\u00e9plica do feto chamado Nephrolepis exaltata.<\/p>\n<table>\n<tbody>\n<tr>\n<td><strong>REF<\/strong><\/td>\n<td><strong>ALTURA<\/strong><\/td>\n<\/tr>\n<tr>\n<td>433148<\/td>\n<td>45 cm<\/td>\n<\/tr>\n<\/tbody>\n<\/table>\n","protected":false},"featured_media":8199,"template":"","meta":{"_monsterinsights_skip_tracking":false,"_monsterinsights_sitenote_active":false,"_monsterinsights_sitenote_note":"","_monsterinsights_sitenote_category":0},"product_brand":[],"product_cat":[398],"product_tag":[413],"class_list":{"0":"post-8193","1":"product","2":"type-product","3":"status-publish","4":"has-post-thumbnail","6":"product_cat-flores-e-vegetacao","7":"product_tag-feto-para-interior","8":"","9":"woocommerce-text-align-center","10":"woocommerce-image-align-center","11":"do-quantity-buttons","13":"first","14":"instock","15":"taxable","16":"shipping-taxable","17":"purchasable","18":"product-type-simple"},"yoast_head":"<!-- This site is optimized with the Yoast SEO plugin v27.3 - https:\/\/yoast.com\/product\/yoast-seo-wordpress\/ -->\n<title>Arbusto de FETO BOSTON artificial muito decorativo e realismo<\/title>\n<meta name=\"description\" content=\"Arbusto de FETO BOSTON artificial de incr\u00edvel n\u00edvel de realismo para decora\u00e7\u00e3o de interiores. R\u00e9plica do feto chamado Nephrolepis exaltata\" \/>\n<meta name=\"robots\" content=\"index, follow, max-snippet:-1, max-image-preview:large, max-video-preview:-1\" \/>\n<link rel=\"canonical\" href=\"https:\/\/decoplanta.com\/pt-pt\/flores-e-vegetacao\/arbusto-feto-boston-45cm\/\" \/>\n<meta property=\"og:locale\" content=\"pt_PT\" \/>\n<meta property=\"og:type\" content=\"article\" \/>\n<meta property=\"og:title\" content=\"Arbusto de FETO BOSTON artificial muito decorativo e realismo\" \/>\n<meta property=\"og:description\" content=\"Arbusto de FETO BOSTON artificial de incr\u00edvel n\u00edvel de realismo para decora\u00e7\u00e3o de interiores. R\u00e9plica do feto chamado Nephrolepis exaltata\" \/>\n<meta property=\"og:url\" content=\"https:\/\/decoplanta.com\/pt-pt\/flores-e-vegetacao\/arbusto-feto-boston-45cm\/\" \/>\n<meta property=\"og:site_name\" content=\"Plantas y \u00e1rboles artificiales de Alto Realismo\" \/>\n<meta property=\"article:modified_time\" content=\"2025-03-10T10:22:06+00:00\" \/>\n<meta property=\"og:image\" content=\"https:\/\/decoplanta.com\/wp-content\/uploads\/2025\/03\/433148-Arbusto_HELECHO_BOSTON-45cm.jpg\" \/>\n\t<meta property=\"og:image:width\" content=\"2200\" \/>\n\t<meta property=\"og:image:height\" content=\"2200\" \/>\n\t<meta property=\"og:image:type\" content=\"image\/jpeg\" \/>\n<meta name=\"twitter:card\" content=\"summary_large_image\" \/>\n<meta name=\"twitter:label1\" content=\"Tempo estimado de leitura\" \/>\n\t<meta name=\"twitter:data1\" content=\"1 minuto\" \/>\n<script type=\"application\/ld+json\" class=\"yoast-schema-graph\">{\"@context\":\"https:\\\/\\\/schema.org\",\"@graph\":[{\"@type\":\"WebPage\",\"@id\":\"https:\\\/\\\/decoplanta.com\\\/pt-pt\\\/flores-e-vegetacao\\\/arbusto-feto-boston-45cm\\\/\",\"url\":\"https:\\\/\\\/decoplanta.com\\\/pt-pt\\\/flores-e-vegetacao\\\/arbusto-feto-boston-45cm\\\/\",\"name\":\"Arbusto de FETO BOSTON artificial muito decorativo e realismo\",\"isPartOf\":{\"@id\":\"https:\\\/\\\/decoplanta.com\\\/pt-pt\\\/#website\"},\"primaryImageOfPage\":{\"@id\":\"https:\\\/\\\/decoplanta.com\\\/pt-pt\\\/flores-e-vegetacao\\\/arbusto-feto-boston-45cm\\\/#primaryimage\"},\"image\":{\"@id\":\"https:\\\/\\\/decoplanta.com\\\/pt-pt\\\/flores-e-vegetacao\\\/arbusto-feto-boston-45cm\\\/#primaryimage\"},\"thumbnailUrl\":\"https:\\\/\\\/decoplanta.com\\\/wp-content\\\/uploads\\\/2025\\\/03\\\/433148-Arbusto_HELECHO_BOSTON-45cm.jpg\",\"datePublished\":\"2025-03-10T10:20:01+00:00\",\"dateModified\":\"2025-03-10T10:22:06+00:00\",\"description\":\"Arbusto de FETO BOSTON artificial de incr\u00edvel n\u00edvel de realismo para decora\u00e7\u00e3o de interiores. R\u00e9plica do feto chamado Nephrolepis exaltata\",\"breadcrumb\":{\"@id\":\"https:\\\/\\\/decoplanta.com\\\/pt-pt\\\/flores-e-vegetacao\\\/arbusto-feto-boston-45cm\\\/#breadcrumb\"},\"inLanguage\":\"pt-PT\",\"potentialAction\":[{\"@type\":\"ReadAction\",\"target\":[\"https:\\\/\\\/decoplanta.com\\\/pt-pt\\\/flores-e-vegetacao\\\/arbusto-feto-boston-45cm\\\/\"]}]},{\"@type\":\"ImageObject\",\"inLanguage\":\"pt-PT\",\"@id\":\"https:\\\/\\\/decoplanta.com\\\/pt-pt\\\/flores-e-vegetacao\\\/arbusto-feto-boston-45cm\\\/#primaryimage\",\"url\":\"https:\\\/\\\/decoplanta.com\\\/wp-content\\\/uploads\\\/2025\\\/03\\\/433148-Arbusto_HELECHO_BOSTON-45cm.jpg\",\"contentUrl\":\"https:\\\/\\\/decoplanta.com\\\/wp-content\\\/uploads\\\/2025\\\/03\\\/433148-Arbusto_HELECHO_BOSTON-45cm.jpg\",\"width\":2200,\"height\":2200,\"caption\":\"Arbusto de HELECHO BOSTON artificial de 45 cm de altura para decorar jardineras en interior.\"},{\"@type\":\"BreadcrumbList\",\"@id\":\"https:\\\/\\\/decoplanta.com\\\/pt-pt\\\/flores-e-vegetacao\\\/arbusto-feto-boston-45cm\\\/#breadcrumb\",\"itemListElement\":[{\"@type\":\"ListItem\",\"position\":1,\"name\":\"Portada\",\"item\":\"https:\\\/\\\/decoplanta.com\\\/pt-pt\\\/\"},{\"@type\":\"ListItem\",\"position\":2,\"name\":\"Priv\u00e9\u00a0: Tienda\",\"item\":\"https:\\\/\\\/decoplanta.com\\\/?page_id=377\"},{\"@type\":\"ListItem\",\"position\":3,\"name\":\"Arbusto de FETO BOSTON\"}]},{\"@type\":\"WebSite\",\"@id\":\"https:\\\/\\\/decoplanta.com\\\/pt-pt\\\/#website\",\"url\":\"https:\\\/\\\/decoplanta.com\\\/pt-pt\\\/\",\"name\":\"Plantas y \u00e1rboles artificiales de Alto Realismo\",\"description\":\"Proveedor de Plantas artificiales para estudios de Arquitectura, Interiorismo, Paisajismo, Escenograf\u00eda, Tiendas de Decoraci\u00f3n Florister\u00edas y Mobiliario\",\"publisher\":{\"@id\":\"https:\\\/\\\/decoplanta.com\\\/pt-pt\\\/#organization\"},\"potentialAction\":[{\"@type\":\"SearchAction\",\"target\":{\"@type\":\"EntryPoint\",\"urlTemplate\":\"https:\\\/\\\/decoplanta.com\\\/pt-pt\\\/?s={search_term_string}\"},\"query-input\":{\"@type\":\"PropertyValueSpecification\",\"valueRequired\":true,\"valueName\":\"search_term_string\"}}],\"inLanguage\":\"pt-PT\"},{\"@type\":\"Organization\",\"@id\":\"https:\\\/\\\/decoplanta.com\\\/pt-pt\\\/#organization\",\"name\":\"Plantas y \u00e1rboles artificiales de Alto Realismo\",\"url\":\"https:\\\/\\\/decoplanta.com\\\/pt-pt\\\/\",\"logo\":{\"@type\":\"ImageObject\",\"inLanguage\":\"pt-PT\",\"@id\":\"https:\\\/\\\/decoplanta.com\\\/pt-pt\\\/#\\\/schema\\\/logo\\\/image\\\/\",\"url\":\"https:\\\/\\\/decoplanta.com\\\/wp-content\\\/uploads\\\/2021\\\/02\\\/decoplanta-logo2020.svg\",\"contentUrl\":\"https:\\\/\\\/decoplanta.com\\\/wp-content\\\/uploads\\\/2021\\\/02\\\/decoplanta-logo2020.svg\",\"width\":500,\"height\":500,\"caption\":\"Plantas y \u00e1rboles artificiales de Alto Realismo\"},\"image\":{\"@id\":\"https:\\\/\\\/decoplanta.com\\\/pt-pt\\\/#\\\/schema\\\/logo\\\/image\\\/\"}}]}<\/script>\n<!-- \/ Yoast SEO plugin. -->","yoast_head_json":{"title":"Arbusto de FETO BOSTON artificial muito decorativo e realismo","description":"Arbusto de FETO BOSTON artificial de incr\u00edvel n\u00edvel de realismo para decora\u00e7\u00e3o de interiores. R\u00e9plica do feto chamado Nephrolepis exaltata","robots":{"index":"index","follow":"follow","max-snippet":"max-snippet:-1","max-image-preview":"max-image-preview:large","max-video-preview":"max-video-preview:-1"},"canonical":"https:\/\/decoplanta.com\/pt-pt\/flores-e-vegetacao\/arbusto-feto-boston-45cm\/","og_locale":"pt_PT","og_type":"article","og_title":"Arbusto de FETO BOSTON artificial muito decorativo e realismo","og_description":"Arbusto de FETO BOSTON artificial de incr\u00edvel n\u00edvel de realismo para decora\u00e7\u00e3o de interiores. R\u00e9plica do feto chamado Nephrolepis exaltata","og_url":"https:\/\/decoplanta.com\/pt-pt\/flores-e-vegetacao\/arbusto-feto-boston-45cm\/","og_site_name":"Plantas y \u00e1rboles artificiales de Alto Realismo","article_modified_time":"2025-03-10T10:22:06+00:00","og_image":[{"width":2200,"height":2200,"url":"https:\/\/decoplanta.com\/wp-content\/uploads\/2025\/03\/433148-Arbusto_HELECHO_BOSTON-45cm.jpg","type":"image\/jpeg"}],"twitter_card":"summary_large_image","twitter_misc":{"Tempo estimado de leitura":"1 minuto"},"schema":{"@context":"https:\/\/schema.org","@graph":[{"@type":"WebPage","@id":"https:\/\/decoplanta.com\/pt-pt\/flores-e-vegetacao\/arbusto-feto-boston-45cm\/","url":"https:\/\/decoplanta.com\/pt-pt\/flores-e-vegetacao\/arbusto-feto-boston-45cm\/","name":"Arbusto de FETO BOSTON artificial muito decorativo e realismo","isPartOf":{"@id":"https:\/\/decoplanta.com\/pt-pt\/#website"},"primaryImageOfPage":{"@id":"https:\/\/decoplanta.com\/pt-pt\/flores-e-vegetacao\/arbusto-feto-boston-45cm\/#primaryimage"},"image":{"@id":"https:\/\/decoplanta.com\/pt-pt\/flores-e-vegetacao\/arbusto-feto-boston-45cm\/#primaryimage"},"thumbnailUrl":"https:\/\/decoplanta.com\/wp-content\/uploads\/2025\/03\/433148-Arbusto_HELECHO_BOSTON-45cm.jpg","datePublished":"2025-03-10T10:20:01+00:00","dateModified":"2025-03-10T10:22:06+00:00","description":"Arbusto de FETO BOSTON artificial de incr\u00edvel n\u00edvel de realismo para decora\u00e7\u00e3o de interiores. R\u00e9plica do feto chamado Nephrolepis exaltata","breadcrumb":{"@id":"https:\/\/decoplanta.com\/pt-pt\/flores-e-vegetacao\/arbusto-feto-boston-45cm\/#breadcrumb"},"inLanguage":"pt-PT","potentialAction":[{"@type":"ReadAction","target":["https:\/\/decoplanta.com\/pt-pt\/flores-e-vegetacao\/arbusto-feto-boston-45cm\/"]}]},{"@type":"ImageObject","inLanguage":"pt-PT","@id":"https:\/\/decoplanta.com\/pt-pt\/flores-e-vegetacao\/arbusto-feto-boston-45cm\/#primaryimage","url":"https:\/\/decoplanta.com\/wp-content\/uploads\/2025\/03\/433148-Arbusto_HELECHO_BOSTON-45cm.jpg","contentUrl":"https:\/\/decoplanta.com\/wp-content\/uploads\/2025\/03\/433148-Arbusto_HELECHO_BOSTON-45cm.jpg","width":2200,"height":2200,"caption":"Arbusto de HELECHO BOSTON artificial de 45 cm de altura para decorar jardineras en interior."},{"@type":"BreadcrumbList","@id":"https:\/\/decoplanta.com\/pt-pt\/flores-e-vegetacao\/arbusto-feto-boston-45cm\/#breadcrumb","itemListElement":[{"@type":"ListItem","position":1,"name":"Portada","item":"https:\/\/decoplanta.com\/pt-pt\/"},{"@type":"ListItem","position":2,"name":"Priv\u00e9\u00a0: Tienda","item":"https:\/\/decoplanta.com\/?page_id=377"},{"@type":"ListItem","position":3,"name":"Arbusto de FETO BOSTON"}]},{"@type":"WebSite","@id":"https:\/\/decoplanta.com\/pt-pt\/#website","url":"https:\/\/decoplanta.com\/pt-pt\/","name":"Plantas y \u00e1rboles artificiales de Alto Realismo","description":"Proveedor de Plantas artificiales para estudios de Arquitectura, Interiorismo, Paisajismo, Escenograf\u00eda, Tiendas de Decoraci\u00f3n Florister\u00edas y Mobiliario","publisher":{"@id":"https:\/\/decoplanta.com\/pt-pt\/#organization"},"potentialAction":[{"@type":"SearchAction","target":{"@type":"EntryPoint","urlTemplate":"https:\/\/decoplanta.com\/pt-pt\/?s={search_term_string}"},"query-input":{"@type":"PropertyValueSpecification","valueRequired":true,"valueName":"search_term_string"}}],"inLanguage":"pt-PT"},{"@type":"Organization","@id":"https:\/\/decoplanta.com\/pt-pt\/#organization","name":"Plantas y \u00e1rboles artificiales de Alto Realismo","url":"https:\/\/decoplanta.com\/pt-pt\/","logo":{"@type":"ImageObject","inLanguage":"pt-PT","@id":"https:\/\/decoplanta.com\/pt-pt\/#\/schema\/logo\/image\/","url":"https:\/\/decoplanta.com\/wp-content\/uploads\/2021\/02\/decoplanta-logo2020.svg","contentUrl":"https:\/\/decoplanta.com\/wp-content\/uploads\/2021\/02\/decoplanta-logo2020.svg","width":500,"height":500,"caption":"Plantas y \u00e1rboles artificiales de Alto Realismo"},"image":{"@id":"https:\/\/decoplanta.com\/pt-pt\/#\/schema\/logo\/image\/"}}]}},"_links":{"self":[{"href":"https:\/\/decoplanta.com\/pt-pt\/wp-json\/wp\/v2\/product\/8193","targetHints":{"allow":["GET"]}}],"collection":[{"href":"https:\/\/decoplanta.com\/pt-pt\/wp-json\/wp\/v2\/product"}],"about":[{"href":"https:\/\/decoplanta.com\/pt-pt\/wp-json\/wp\/v2\/types\/product"}],"version-history":[{"count":1,"href":"https:\/\/decoplanta.com\/pt-pt\/wp-json\/wp\/v2\/product\/8193\/revisions"}],"predecessor-version":[{"id":8202,"href":"https:\/\/decoplanta.com\/pt-pt\/wp-json\/wp\/v2\/product\/8193\/revisions\/8202"}],"wp:featuredmedia":[{"embeddable":true,"href":"https:\/\/decoplanta.com\/pt-pt\/wp-json\/wp\/v2\/media\/8199"}],"wp:attachment":[{"href":"https:\/\/decoplanta.com\/pt-pt\/wp-json\/wp\/v2\/media?parent=8193"}],"wp:term":[{"taxonomy":"product_brand","embeddable":true,"href":"https:\/\/decoplanta.com\/pt-pt\/wp-json\/wp\/v2\/product_brand?post=8193"},{"taxonomy":"product_cat","embeddable":true,"href":"https:\/\/decoplanta.com\/pt-pt\/wp-json\/wp\/v2\/product_cat?post=8193"},{"taxonomy":"product_tag","embeddable":true,"href":"https:\/\/decoplanta.com\/pt-pt\/wp-json\/wp\/v2\/product_tag?post=8193"}],"curies":[{"name":"wp","href":"https:\/\/api.w.org\/{rel}","templated":true}]}}