{"id":8233,"date":"2025-03-10T08:10:20","date_gmt":"2025-03-10T09:10:20","guid":{"rendered":"https:\/\/decoplanta.com\/?post_type=product&#038;p=8233"},"modified":"2025-03-10T11:27:57","modified_gmt":"2025-03-10T10:27:57","slug":"tufo-de-feto-natur-copia","status":"publish","type":"product","link":"https:\/\/decoplanta.com\/pt-pt\/flores-e-vegetacao\/tufo-de-feto-natur-copia\/","title":{"rendered":"Arbusto Feto espinhoso UV"},"content":{"rendered":"<p><span data-sheets-root=\"1\"> Arbusto Feto espinhoso UV de 70 cm de altura, para plantar em espuma floral ou na terra. R\u00e9plica altamente realista<\/span><\/p>\n<p>Tufo de <span data-sheets-root=\"1\"> Arbusto Feto espinhoso UV<\/span>\u00a0artificial de 60 cm de altura. Realismo incr\u00edvel para a decora\u00e7\u00e3o de <a href=\"https:\/\/decoplanta.com\/etiqueta-producto\/helecho-de-interior\/\" target=\"_blank\" rel=\"noopener\">interiores<\/a>. Este <strong><a href=\"https:\/\/www.jardineriaon.com\/helecho.html\" target=\"_blank\" rel=\"noopener\">arbusto de<\/a><\/strong> feto \u00e9 o mais t\u00edpico, e al\u00e9m da sua atractividade tem uma folhagem elegante. Vendido numa caixa de 12 unidades.<\/p>\n<p>O <span data-sheets-root=\"1\"> Arbusto Feto espinhoso UV<\/span>\u00a0\u00e9 um dos fetos mais primitivos que existem hoje em dia. Tanto assim que partilharam territ\u00f3rio com alguns dos animais mais poderosos que a Terra alguma vez viu: os dinossauros. Felizmente para n\u00f3s, e gra\u00e7as \u00e0 adaptabilidade desta esp\u00e9cie, hoje podemos desfrutar da sua beleza. \u00c9 muito comum decorar o jardim, o terra\u00e7o e mesmo em alguns casos dentro da casa.<\/p>\n<p>Al\u00e9m disso, existe uma grande variedade de plantas de feto: algumas s\u00e3o pequenas, mas outras assumem a forma de \u00e1rvores. Al\u00e9m disso, a sua beleza \u00e9 tal que basta coloc\u00e1-los num canto ou espalhados pela \u00e1rea para lhe dar um certo toque tropical.<\/p>\n<h2><span id=\"Que_es_un_helecho_y_cuales_son_sus_caracteristicas\">Quais s\u00e3o as caracter\u00edsticas do <span data-sheets-root=\"1\"> Arbusto Feto espinhoso UV<\/span>\u00a0artificial?<\/span><\/h2>\n<p>O feto tem uma raiz, caule e folhas, a que chamamos frondes ou frondes, e no seu interior uma s\u00e9rie de vasos ou condutas atrav\u00e9s dos quais circula a seiva. O seu sistema radicular absorve nutrientes e humidade do solo, que s\u00e3o transportados pelo caule atrav\u00e9s do <a href=\"https:\/\/www.jardineriaon.com\/que-es-el-xilema-de-una-planta.html\">xilema<\/a> dentro da planta at\u00e9 \u00e0s folhas. Al\u00e9m disso, os nutrientes obtidos nas folhas durante a <a href=\"https:\/\/www.jardineriaon.com\/como-hacen-la-fotosintesis-los-arboles.html\">fotoss\u00edntese<\/a> s\u00e3o transportados atrav\u00e9s do floema at\u00e9 \u00e0s ra\u00edzes.<\/p>\n<p>Vive normalmente em regi\u00f5es tropicais e subtropicais, \u00e0 sombra de \u00e1rvores e outras plantas maiores, e em \u00e1reas onde a humidade \u00e9 elevada.<\/p>\n<p>As folhas deste <span data-sheets-root=\"1\"> Arbusto Feto espinhoso UV<\/span>\u00a0artificial s\u00e3o cortadas de forma acentuada, e t\u00eam uma cor verde-azulada muito peculiar. No verso das folhas est\u00e3o pontua\u00e7\u00f5es proeminentes onde a planta cria os esporos que utiliza para a reprodu\u00e7\u00e3o.<\/p>\n<p>As folhas do <span data-sheets-root=\"1\"> Arbusto Feto espinhoso UV<\/span>\u00a0artificial crescem a partir de uma base espessada por rizomas. Os rizomas s\u00e3o ra\u00edzes espessas que actuam como reservat\u00f3rio de \u00e1gua e nutrientes, o que torna esta samambaia muito resistente. Os rizomas espalham-se pela superf\u00edcie da panela e cobrem-na completamente. Estes rizomas est\u00e3o cobertos de p\u00ealos.<\/p>\n","protected":false},"excerpt":{"rendered":"<p>Arbusto Feto espinhoso UV com 70 cm de altura, para ser perfurado em espuma floral ou no solo. Inclui tratamento UV espec\u00edfico para exteriores. O sol e a \u00e1gua n\u00e3o ser\u00e3o um impedimento para ficar como no primeiro dia.<\/p>\n<table>\n<tbody>\n<tr>\n<td><strong>REF<\/strong><\/td>\n<td><strong>ALTURA<\/strong><\/td>\n<\/tr>\n<tr>\n<td>433989<\/td>\n<td>70 cm<\/td>\n<\/tr>\n<\/tbody>\n<\/table>\n","protected":false},"featured_media":8236,"template":"","meta":{"_monsterinsights_skip_tracking":false,"_monsterinsights_sitenote_active":false,"_monsterinsights_sitenote_note":"","_monsterinsights_sitenote_category":0},"product_brand":[],"product_cat":[394,398],"product_tag":[412,422],"class_list":{"0":"post-8233","1":"product","2":"type-product","3":"status-publish","4":"has-post-thumbnail","6":"product_cat-plantas-ao-ar-livre-artificiais","7":"product_cat-flores-e-vegetacao","8":"product_tag-feto-artificial-ao-ar-livre","9":"product_tag-planta-tropical","10":"","11":"woocommerce-text-align-center","12":"woocommerce-image-align-center","13":"do-quantity-buttons","15":"first","16":"instock","17":"taxable","18":"shipping-taxable","19":"purchasable","20":"product-type-simple"},"yoast_head":"<!-- This site is optimized with the Yoast SEO plugin v27.3 - https:\/\/yoast.com\/product\/yoast-seo-wordpress\/ -->\n<title>Arbusto Feto espinhoso UV artificial para decorar em exteriores<\/title>\n<meta name=\"description\" content=\"Arbusto Feto espinhoso UV artificial de 70 cm de altura. Modelo incrivelmente realista. Plante e decore os seus vasos com plantas artificiais.\" \/>\n<meta name=\"robots\" content=\"index, follow, max-snippet:-1, max-image-preview:large, max-video-preview:-1\" \/>\n<link rel=\"canonical\" href=\"https:\/\/decoplanta.com\/pt-pt\/flores-e-vegetacao\/tufo-de-feto-natur-copia\/\" \/>\n<meta property=\"og:locale\" content=\"pt_PT\" \/>\n<meta property=\"og:type\" content=\"article\" \/>\n<meta property=\"og:title\" content=\"Arbusto Feto espinhoso UV artificial para decorar em exteriores\" \/>\n<meta property=\"og:description\" content=\"Arbusto Feto espinhoso UV artificial de 70 cm de altura. Modelo incrivelmente realista. Plante e decore os seus vasos com plantas artificiais.\" \/>\n<meta property=\"og:url\" content=\"https:\/\/decoplanta.com\/pt-pt\/flores-e-vegetacao\/tufo-de-feto-natur-copia\/\" \/>\n<meta property=\"og:site_name\" content=\"Plantas y \u00e1rboles artificiales de Alto Realismo\" \/>\n<meta property=\"article:modified_time\" content=\"2025-03-10T10:27:57+00:00\" \/>\n<meta property=\"og:image\" content=\"https:\/\/decoplanta.com\/wp-content\/uploads\/2025\/03\/433989-Arbusto_Helecho_ESPINA_UV-70cm.jpg\" \/>\n\t<meta property=\"og:image:width\" content=\"2200\" \/>\n\t<meta property=\"og:image:height\" content=\"2201\" \/>\n\t<meta property=\"og:image:type\" content=\"image\/jpeg\" \/>\n<meta name=\"twitter:card\" content=\"summary_large_image\" \/>\n<meta name=\"twitter:label1\" content=\"Tempo estimado de leitura\" \/>\n\t<meta name=\"twitter:data1\" content=\"2 minutos\" \/>\n<script type=\"application\/ld+json\" class=\"yoast-schema-graph\">{\"@context\":\"https:\\\/\\\/schema.org\",\"@graph\":[{\"@type\":\"WebPage\",\"@id\":\"https:\\\/\\\/decoplanta.com\\\/pt-pt\\\/flores-e-vegetacao\\\/tufo-de-feto-natur-copia\\\/\",\"url\":\"https:\\\/\\\/decoplanta.com\\\/pt-pt\\\/flores-e-vegetacao\\\/tufo-de-feto-natur-copia\\\/\",\"name\":\"Arbusto Feto espinhoso UV artificial para decorar em exteriores\",\"isPartOf\":{\"@id\":\"https:\\\/\\\/decoplanta.com\\\/pt-pt\\\/#website\"},\"primaryImageOfPage\":{\"@id\":\"https:\\\/\\\/decoplanta.com\\\/pt-pt\\\/flores-e-vegetacao\\\/tufo-de-feto-natur-copia\\\/#primaryimage\"},\"image\":{\"@id\":\"https:\\\/\\\/decoplanta.com\\\/pt-pt\\\/flores-e-vegetacao\\\/tufo-de-feto-natur-copia\\\/#primaryimage\"},\"thumbnailUrl\":\"https:\\\/\\\/decoplanta.com\\\/wp-content\\\/uploads\\\/2025\\\/03\\\/433989-Arbusto_Helecho_ESPINA_UV-70cm.jpg\",\"datePublished\":\"2025-03-10T09:10:20+00:00\",\"dateModified\":\"2025-03-10T10:27:57+00:00\",\"description\":\"Arbusto Feto espinhoso UV artificial de 70 cm de altura. Modelo incrivelmente realista. Plante e decore os seus vasos com plantas artificiais.\",\"breadcrumb\":{\"@id\":\"https:\\\/\\\/decoplanta.com\\\/pt-pt\\\/flores-e-vegetacao\\\/tufo-de-feto-natur-copia\\\/#breadcrumb\"},\"inLanguage\":\"pt-PT\",\"potentialAction\":[{\"@type\":\"ReadAction\",\"target\":[\"https:\\\/\\\/decoplanta.com\\\/pt-pt\\\/flores-e-vegetacao\\\/tufo-de-feto-natur-copia\\\/\"]}]},{\"@type\":\"ImageObject\",\"inLanguage\":\"pt-PT\",\"@id\":\"https:\\\/\\\/decoplanta.com\\\/pt-pt\\\/flores-e-vegetacao\\\/tufo-de-feto-natur-copia\\\/#primaryimage\",\"url\":\"https:\\\/\\\/decoplanta.com\\\/wp-content\\\/uploads\\\/2025\\\/03\\\/433989-Arbusto_Helecho_ESPINA_UV-70cm.jpg\",\"contentUrl\":\"https:\\\/\\\/decoplanta.com\\\/wp-content\\\/uploads\\\/2025\\\/03\\\/433989-Arbusto_Helecho_ESPINA_UV-70cm.jpg\",\"width\":2200,\"height\":2201,\"caption\":\"Arbusto de Helecho Espina UV de 70 cm de altura, para pinchar en espuma floral o en tierra. Incluye tratamiento espec\u00edfico UV para exterior\"},{\"@type\":\"BreadcrumbList\",\"@id\":\"https:\\\/\\\/decoplanta.com\\\/pt-pt\\\/flores-e-vegetacao\\\/tufo-de-feto-natur-copia\\\/#breadcrumb\",\"itemListElement\":[{\"@type\":\"ListItem\",\"position\":1,\"name\":\"Portada\",\"item\":\"https:\\\/\\\/decoplanta.com\\\/pt-pt\\\/\"},{\"@type\":\"ListItem\",\"position\":2,\"name\":\"Priv\u00e9\u00a0: Tienda\",\"item\":\"https:\\\/\\\/decoplanta.com\\\/?page_id=377\"},{\"@type\":\"ListItem\",\"position\":3,\"name\":\"Arbusto Feto espinhoso UV\"}]},{\"@type\":\"WebSite\",\"@id\":\"https:\\\/\\\/decoplanta.com\\\/pt-pt\\\/#website\",\"url\":\"https:\\\/\\\/decoplanta.com\\\/pt-pt\\\/\",\"name\":\"Plantas y \u00e1rboles artificiales de Alto Realismo\",\"description\":\"Proveedor de Plantas artificiales para estudios de Arquitectura, Interiorismo, Paisajismo, Escenograf\u00eda, Tiendas de Decoraci\u00f3n Florister\u00edas y Mobiliario\",\"publisher\":{\"@id\":\"https:\\\/\\\/decoplanta.com\\\/pt-pt\\\/#organization\"},\"potentialAction\":[{\"@type\":\"SearchAction\",\"target\":{\"@type\":\"EntryPoint\",\"urlTemplate\":\"https:\\\/\\\/decoplanta.com\\\/pt-pt\\\/?s={search_term_string}\"},\"query-input\":{\"@type\":\"PropertyValueSpecification\",\"valueRequired\":true,\"valueName\":\"search_term_string\"}}],\"inLanguage\":\"pt-PT\"},{\"@type\":\"Organization\",\"@id\":\"https:\\\/\\\/decoplanta.com\\\/pt-pt\\\/#organization\",\"name\":\"Plantas y \u00e1rboles artificiales de Alto Realismo\",\"url\":\"https:\\\/\\\/decoplanta.com\\\/pt-pt\\\/\",\"logo\":{\"@type\":\"ImageObject\",\"inLanguage\":\"pt-PT\",\"@id\":\"https:\\\/\\\/decoplanta.com\\\/pt-pt\\\/#\\\/schema\\\/logo\\\/image\\\/\",\"url\":\"https:\\\/\\\/decoplanta.com\\\/wp-content\\\/uploads\\\/2021\\\/02\\\/decoplanta-logo2020.svg\",\"contentUrl\":\"https:\\\/\\\/decoplanta.com\\\/wp-content\\\/uploads\\\/2021\\\/02\\\/decoplanta-logo2020.svg\",\"width\":500,\"height\":500,\"caption\":\"Plantas y \u00e1rboles artificiales de Alto Realismo\"},\"image\":{\"@id\":\"https:\\\/\\\/decoplanta.com\\\/pt-pt\\\/#\\\/schema\\\/logo\\\/image\\\/\"}}]}<\/script>\n<!-- \/ Yoast SEO plugin. -->","yoast_head_json":{"title":"Arbusto Feto espinhoso UV artificial para decorar em exteriores","description":"Arbusto Feto espinhoso UV artificial de 70 cm de altura. Modelo incrivelmente realista. Plante e decore os seus vasos com plantas artificiais.","robots":{"index":"index","follow":"follow","max-snippet":"max-snippet:-1","max-image-preview":"max-image-preview:large","max-video-preview":"max-video-preview:-1"},"canonical":"https:\/\/decoplanta.com\/pt-pt\/flores-e-vegetacao\/tufo-de-feto-natur-copia\/","og_locale":"pt_PT","og_type":"article","og_title":"Arbusto Feto espinhoso UV artificial para decorar em exteriores","og_description":"Arbusto Feto espinhoso UV artificial de 70 cm de altura. Modelo incrivelmente realista. Plante e decore os seus vasos com plantas artificiais.","og_url":"https:\/\/decoplanta.com\/pt-pt\/flores-e-vegetacao\/tufo-de-feto-natur-copia\/","og_site_name":"Plantas y \u00e1rboles artificiales de Alto Realismo","article_modified_time":"2025-03-10T10:27:57+00:00","og_image":[{"width":2200,"height":2201,"url":"https:\/\/decoplanta.com\/wp-content\/uploads\/2025\/03\/433989-Arbusto_Helecho_ESPINA_UV-70cm.jpg","type":"image\/jpeg"}],"twitter_card":"summary_large_image","twitter_misc":{"Tempo estimado de leitura":"2 minutos"},"schema":{"@context":"https:\/\/schema.org","@graph":[{"@type":"WebPage","@id":"https:\/\/decoplanta.com\/pt-pt\/flores-e-vegetacao\/tufo-de-feto-natur-copia\/","url":"https:\/\/decoplanta.com\/pt-pt\/flores-e-vegetacao\/tufo-de-feto-natur-copia\/","name":"Arbusto Feto espinhoso UV artificial para decorar em exteriores","isPartOf":{"@id":"https:\/\/decoplanta.com\/pt-pt\/#website"},"primaryImageOfPage":{"@id":"https:\/\/decoplanta.com\/pt-pt\/flores-e-vegetacao\/tufo-de-feto-natur-copia\/#primaryimage"},"image":{"@id":"https:\/\/decoplanta.com\/pt-pt\/flores-e-vegetacao\/tufo-de-feto-natur-copia\/#primaryimage"},"thumbnailUrl":"https:\/\/decoplanta.com\/wp-content\/uploads\/2025\/03\/433989-Arbusto_Helecho_ESPINA_UV-70cm.jpg","datePublished":"2025-03-10T09:10:20+00:00","dateModified":"2025-03-10T10:27:57+00:00","description":"Arbusto Feto espinhoso UV artificial de 70 cm de altura. Modelo incrivelmente realista. Plante e decore os seus vasos com plantas artificiais.","breadcrumb":{"@id":"https:\/\/decoplanta.com\/pt-pt\/flores-e-vegetacao\/tufo-de-feto-natur-copia\/#breadcrumb"},"inLanguage":"pt-PT","potentialAction":[{"@type":"ReadAction","target":["https:\/\/decoplanta.com\/pt-pt\/flores-e-vegetacao\/tufo-de-feto-natur-copia\/"]}]},{"@type":"ImageObject","inLanguage":"pt-PT","@id":"https:\/\/decoplanta.com\/pt-pt\/flores-e-vegetacao\/tufo-de-feto-natur-copia\/#primaryimage","url":"https:\/\/decoplanta.com\/wp-content\/uploads\/2025\/03\/433989-Arbusto_Helecho_ESPINA_UV-70cm.jpg","contentUrl":"https:\/\/decoplanta.com\/wp-content\/uploads\/2025\/03\/433989-Arbusto_Helecho_ESPINA_UV-70cm.jpg","width":2200,"height":2201,"caption":"Arbusto de Helecho Espina UV de 70 cm de altura, para pinchar en espuma floral o en tierra. Incluye tratamiento espec\u00edfico UV para exterior"},{"@type":"BreadcrumbList","@id":"https:\/\/decoplanta.com\/pt-pt\/flores-e-vegetacao\/tufo-de-feto-natur-copia\/#breadcrumb","itemListElement":[{"@type":"ListItem","position":1,"name":"Portada","item":"https:\/\/decoplanta.com\/pt-pt\/"},{"@type":"ListItem","position":2,"name":"Priv\u00e9\u00a0: Tienda","item":"https:\/\/decoplanta.com\/?page_id=377"},{"@type":"ListItem","position":3,"name":"Arbusto Feto espinhoso UV"}]},{"@type":"WebSite","@id":"https:\/\/decoplanta.com\/pt-pt\/#website","url":"https:\/\/decoplanta.com\/pt-pt\/","name":"Plantas y \u00e1rboles artificiales de Alto Realismo","description":"Proveedor de Plantas artificiales para estudios de Arquitectura, Interiorismo, Paisajismo, Escenograf\u00eda, Tiendas de Decoraci\u00f3n Florister\u00edas y Mobiliario","publisher":{"@id":"https:\/\/decoplanta.com\/pt-pt\/#organization"},"potentialAction":[{"@type":"SearchAction","target":{"@type":"EntryPoint","urlTemplate":"https:\/\/decoplanta.com\/pt-pt\/?s={search_term_string}"},"query-input":{"@type":"PropertyValueSpecification","valueRequired":true,"valueName":"search_term_string"}}],"inLanguage":"pt-PT"},{"@type":"Organization","@id":"https:\/\/decoplanta.com\/pt-pt\/#organization","name":"Plantas y \u00e1rboles artificiales de Alto Realismo","url":"https:\/\/decoplanta.com\/pt-pt\/","logo":{"@type":"ImageObject","inLanguage":"pt-PT","@id":"https:\/\/decoplanta.com\/pt-pt\/#\/schema\/logo\/image\/","url":"https:\/\/decoplanta.com\/wp-content\/uploads\/2021\/02\/decoplanta-logo2020.svg","contentUrl":"https:\/\/decoplanta.com\/wp-content\/uploads\/2021\/02\/decoplanta-logo2020.svg","width":500,"height":500,"caption":"Plantas y \u00e1rboles artificiales de Alto Realismo"},"image":{"@id":"https:\/\/decoplanta.com\/pt-pt\/#\/schema\/logo\/image\/"}}]}},"_links":{"self":[{"href":"https:\/\/decoplanta.com\/pt-pt\/wp-json\/wp\/v2\/product\/8233","targetHints":{"allow":["GET"]}}],"collection":[{"href":"https:\/\/decoplanta.com\/pt-pt\/wp-json\/wp\/v2\/product"}],"about":[{"href":"https:\/\/decoplanta.com\/pt-pt\/wp-json\/wp\/v2\/types\/product"}],"version-history":[{"count":1,"href":"https:\/\/decoplanta.com\/pt-pt\/wp-json\/wp\/v2\/product\/8233\/revisions"}],"predecessor-version":[{"id":8239,"href":"https:\/\/decoplanta.com\/pt-pt\/wp-json\/wp\/v2\/product\/8233\/revisions\/8239"}],"wp:featuredmedia":[{"embeddable":true,"href":"https:\/\/decoplanta.com\/pt-pt\/wp-json\/wp\/v2\/media\/8236"}],"wp:attachment":[{"href":"https:\/\/decoplanta.com\/pt-pt\/wp-json\/wp\/v2\/media?parent=8233"}],"wp:term":[{"taxonomy":"product_brand","embeddable":true,"href":"https:\/\/decoplanta.com\/pt-pt\/wp-json\/wp\/v2\/product_brand?post=8233"},{"taxonomy":"product_cat","embeddable":true,"href":"https:\/\/decoplanta.com\/pt-pt\/wp-json\/wp\/v2\/product_cat?post=8233"},{"taxonomy":"product_tag","embeddable":true,"href":"https:\/\/decoplanta.com\/pt-pt\/wp-json\/wp\/v2\/product_tag?post=8233"}],"curies":[{"name":"wp","href":"https:\/\/api.w.org\/{rel}","templated":true}]}}