{"id":8279,"date":"2025-03-10T10:00:49","date_gmt":"2025-03-10T06:00:49","guid":{"rendered":"https:\/\/decoplanta.com\/?post_type=product&#038;p=8279"},"modified":"2025-03-10T11:48:20","modified_gmt":"2025-03-10T10:48:20","slug":"palmeira-chamaedorea-uv-90cm","status":"publish","type":"product","link":"https:\/\/decoplanta.com\/pt-pt\/plantas-ao-ar-livre-artificiais\/palmeira-chamaedorea-uv-90cm\/","title":{"rendered":"Palmeira CHAMAEDOREA UV"},"content":{"rendered":"<p>A CHAMAEDOREA UV Planta com v\u00e1rios caules palmados e 90 cm de altura total. Inclui tratamento UV espec\u00edfico para exteriores. O sol e a \u00e1gua n\u00e3o ser\u00e3o um impedimento para ficar como no primeiro dia. N\u00e3o \u00e9 necess\u00e1ria manuten\u00e7\u00e3o. Inclui um vaso de flores b\u00e1sico.<\/p>\n<p>A Palmeira CHAMAEDOREA artificial tem uma pequena copa composta por v\u00e1rios caules de palmeiras e gera tufos densos muito elegantes. O seu nome cient\u00edfico \u00e9 Chamaedorea Elegans. Tamb\u00e9m conhecida como camaedorea, pacaya ou lounge palm, \u00e9 uma esp\u00e9cie de palmeira pequena pertencente \u00e0 fam\u00edlia das Arecaceae. \u00c9 muito popular como uma planta dom\u00e9stica. \u00c9 nativo das florestas tropicais do M\u00e9xico e da Guatemala. Tem 85 cm de altura total, <strong>num vaso redondo de terracota envelhecido<\/strong> de 16 cm.<\/p>\n<p>O<em><strong>Chamaedorea elegans<\/strong><\/em>ou <a href=\"https:\/\/decoplanta.com\/plantas-de-interior-artificiales\/arbol-palmera-chamaedorea\/\" target=\"_blank\" rel=\"noopener\">palmeira lounge<\/a>, como o seu nome comum sugere, \u00e9 uma planta utilizada principalmente para ornamenta\u00e7\u00e3o de interiores e jardins tropicais. A palmeira sempre verde \u00e9 reconhec\u00edvel pelo seu aspecto ex\u00f3tico e tamanho relativamente pequeno, atingindo uma altura m\u00e1xima de 2m.<br \/>\nA planta ornamental desenvolve-se normalmente bem se forem tomados cuidados espec\u00edficos. Boa drenagem, clima quente e rega cont\u00ednua com \u00e1gua abundante, sem esquecer que deve ser numa zona semi-sombra. Tamb\u00e9m deve ser podada uma vez que as suas folhas tenham murchado para acelerar o aparecimento de novas folhas.<\/p>\n<p>O <em>Chrysalidocarpus lutescens ou <\/em>palmeira Areca \u00e9 uma das <strong>palmas<\/strong> mais conhecidas para uso ornamental; gra\u00e7as ao pouco cuidado e eleg\u00e2ncia que traz aos <strong>jardins<\/strong>. O caule m\u00faltiplo \u00e9 uma das caracter\u00edsticas mais not\u00f3rias da planta de Madag\u00e1scar. Caracteriza-se tamb\u00e9m por caules amarelados e folhas verdes.<\/p>\n<h3>Que cuidados precisa a palmeira CHAMAEDOREA artificial?<\/h3>\n<p>O <strong>cuidado<\/strong> da palmeira CHAMAEDOREA artificial \u00e9 b\u00e1sico, mas necess\u00e1rio, e come\u00e7a com a sua coloca\u00e7\u00e3o num local luminoso sem a expor \u00e0 luz solar directa. \u00c9 tamb\u00e9m ideal para regar duas vezes por semana durante a esta\u00e7\u00e3o seca e uma vez de 10 em 10 dias durante a esta\u00e7\u00e3o das chuvas.<\/p>\n<p>Nativo das Cara\u00edbas, o <a href=\"https:\/\/paisajismodigital.com\/blog\/arte-paisajista-roystonea-regia\/\" target=\"_blank\" rel=\"noopener noreferrer\"><em>Roystonea regia<\/em><\/a> ou palma real, \u00e9 conhecida por atingir alturas at\u00e9 30 m e por ter folhas com fil\u00f3dios at\u00e9 6 m de comprimento, bem como pelo seu tronco anelado cinzento ao longo de quase todo o seu comprimento. Estas palmeiras s\u00e3o altamente ornamentais e podem ser facilmente encontradas em parques e jardins. <a href=\"https:\/\/decoplanta.com\/etiqueta-producto\/palmera-artificial\/\" target=\"_blank\" rel=\"noopener\"><strong>jardins<\/strong> <strong>tropical<\/strong><\/a>.<\/p>\n<p>A<em> Chamaedorea elegans ou <\/em> <a href=\"https:\/\/decoplanta.com\/plantas-de-interior-artificiales\/arbol-palmera-chamaedorea\/\" target=\"_blank\" rel=\"noopener\">palmeira lounge<\/a>, como o seu nome comum sugere, \u00e9 uma planta utilizada principalmente para decorar interiores e jardins tropicais. A palma sempre verde \u00e9 reconhec\u00edvel pelo seu aspecto ex\u00f3tico e tamanho relativamente pequeno, atingindo uma altura m\u00e1xima de 2m.<br \/>\nA planta ornamental desenvolve-se normalmente bem se forem tomados cuidados espec\u00edficos. Boa drenagem, clima quente e rega cont\u00ednua com \u00e1gua abundante, sem esquecer que deve ser numa zona semi-sombra. Tamb\u00e9m deve ser podada uma vez que as suas folhas tenham murchado para acelerar o aparecimento de novas folhas.<\/p>\n","protected":false},"excerpt":{"rendered":"<p><span data-sheets-root=\"1\">A CHAMAEDOREA UV Planta com v\u00e1rios caules palmados e 90 cm de altura total. Inclui tratamento UV espec\u00edfico para exteriores. O sol e a \u00e1gua n\u00e3o ser\u00e3o um impedimento para ficar como no primeiro dia. N\u00e3o \u00e9 necess\u00e1ria manuten\u00e7\u00e3o. Inclui um vaso de flores b\u00e1sico.<\/span><\/p>\n<table>\n<tbody>\n<tr>\n<td><strong>REF<\/strong><\/td>\n<td><strong>ALTURA<\/strong><\/td>\n<\/tr>\n<tr>\n<td><strong>433997<\/strong><\/td>\n<td>90 cm<\/td>\n<\/tr>\n<\/tbody>\n<\/table>\n","protected":false},"featured_media":8282,"template":"","meta":{"_monsterinsights_skip_tracking":false,"_monsterinsights_sitenote_active":false,"_monsterinsights_sitenote_note":"","_monsterinsights_sitenote_category":0},"product_brand":[],"product_cat":[394],"product_tag":[407,420,422],"class_list":{"0":"post-8279","1":"product","2":"type-product","3":"status-publish","4":"has-post-thumbnail","6":"product_cat-plantas-ao-ar-livre-artificiais","7":"product_tag-planta-artificial-com-protecao-uv","8":"product_tag-palmeira-artificial","9":"product_tag-planta-tropical","10":"","11":"woocommerce-text-align-center","12":"woocommerce-image-align-center","13":"do-quantity-buttons","15":"first","16":"instock","17":"taxable","18":"shipping-taxable","19":"purchasable","20":"product-type-simple"},"yoast_head":"<!-- This site is optimized with the Yoast SEO plugin v27.4 - https:\/\/yoast.com\/product\/yoast-seo-wordpress\/ -->\n<title>Palmeira artificial CHAMAEDOREA UV 90cm<\/title>\n<meta name=\"description\" content=\"A palmeira artificial CHAMAEDOREA UV \u00e9 uma palmeira altamente realista de 90 cm, com um tratamento UV espec\u00edfico para exteriores\" \/>\n<meta name=\"robots\" content=\"index, follow, max-snippet:-1, max-image-preview:large, max-video-preview:-1\" \/>\n<link rel=\"canonical\" href=\"https:\/\/decoplanta.com\/pt-pt\/plantas-ao-ar-livre-artificiais\/palmeira-chamaedorea-uv-90cm\/\" \/>\n<meta property=\"og:locale\" content=\"pt_PT\" \/>\n<meta property=\"og:type\" content=\"article\" \/>\n<meta property=\"og:title\" content=\"Palmeira artificial CHAMAEDOREA UV 90cm\" \/>\n<meta property=\"og:description\" content=\"A palmeira artificial CHAMAEDOREA UV \u00e9 uma palmeira altamente realista de 90 cm, com um tratamento UV espec\u00edfico para exteriores\" \/>\n<meta property=\"og:url\" content=\"https:\/\/decoplanta.com\/pt-pt\/plantas-ao-ar-livre-artificiais\/palmeira-chamaedorea-uv-90cm\/\" \/>\n<meta property=\"og:site_name\" content=\"Plantas y \u00e1rboles artificiales de Alto Realismo\" \/>\n<meta property=\"article:modified_time\" content=\"2025-03-10T10:48:20+00:00\" \/>\n<meta property=\"og:image\" content=\"https:\/\/decoplanta.com\/wp-content\/uploads\/2025\/03\/433997-Palmera_CHAMAEDOREA_UV-90cm.jpg\" \/>\n\t<meta property=\"og:image:width\" content=\"2200\" \/>\n\t<meta property=\"og:image:height\" content=\"2200\" \/>\n\t<meta property=\"og:image:type\" content=\"image\/jpeg\" \/>\n<meta name=\"twitter:card\" content=\"summary_large_image\" \/>\n<meta name=\"twitter:label1\" content=\"Tempo estimado de leitura\" \/>\n\t<meta name=\"twitter:data1\" content=\"3 minutos\" \/>\n<script type=\"application\/ld+json\" class=\"yoast-schema-graph\">{\"@context\":\"https:\\\/\\\/schema.org\",\"@graph\":[{\"@type\":\"WebPage\",\"@id\":\"https:\\\/\\\/decoplanta.com\\\/pt-pt\\\/plantas-ao-ar-livre-artificiais\\\/palmeira-chamaedorea-uv-90cm\\\/\",\"url\":\"https:\\\/\\\/decoplanta.com\\\/pt-pt\\\/plantas-ao-ar-livre-artificiais\\\/palmeira-chamaedorea-uv-90cm\\\/\",\"name\":\"Palmeira artificial CHAMAEDOREA UV 90cm\",\"isPartOf\":{\"@id\":\"https:\\\/\\\/decoplanta.com\\\/pt-pt\\\/#website\"},\"primaryImageOfPage\":{\"@id\":\"https:\\\/\\\/decoplanta.com\\\/pt-pt\\\/plantas-ao-ar-livre-artificiais\\\/palmeira-chamaedorea-uv-90cm\\\/#primaryimage\"},\"image\":{\"@id\":\"https:\\\/\\\/decoplanta.com\\\/pt-pt\\\/plantas-ao-ar-livre-artificiais\\\/palmeira-chamaedorea-uv-90cm\\\/#primaryimage\"},\"thumbnailUrl\":\"https:\\\/\\\/decoplanta.com\\\/wp-content\\\/uploads\\\/2025\\\/03\\\/433997-Palmera_CHAMAEDOREA_UV-90cm.jpg\",\"datePublished\":\"2025-03-10T06:00:49+00:00\",\"dateModified\":\"2025-03-10T10:48:20+00:00\",\"description\":\"A palmeira artificial CHAMAEDOREA UV \u00e9 uma palmeira altamente realista de 90 cm, com um tratamento UV espec\u00edfico para exteriores\",\"breadcrumb\":{\"@id\":\"https:\\\/\\\/decoplanta.com\\\/pt-pt\\\/plantas-ao-ar-livre-artificiais\\\/palmeira-chamaedorea-uv-90cm\\\/#breadcrumb\"},\"inLanguage\":\"pt-PT\",\"potentialAction\":[{\"@type\":\"ReadAction\",\"target\":[\"https:\\\/\\\/decoplanta.com\\\/pt-pt\\\/plantas-ao-ar-livre-artificiais\\\/palmeira-chamaedorea-uv-90cm\\\/\"]}]},{\"@type\":\"ImageObject\",\"inLanguage\":\"pt-PT\",\"@id\":\"https:\\\/\\\/decoplanta.com\\\/pt-pt\\\/plantas-ao-ar-livre-artificiais\\\/palmeira-chamaedorea-uv-90cm\\\/#primaryimage\",\"url\":\"https:\\\/\\\/decoplanta.com\\\/wp-content\\\/uploads\\\/2025\\\/03\\\/433997-Palmera_CHAMAEDOREA_UV-90cm.jpg\",\"contentUrl\":\"https:\\\/\\\/decoplanta.com\\\/wp-content\\\/uploads\\\/2025\\\/03\\\/433997-Palmera_CHAMAEDOREA_UV-90cm.jpg\",\"width\":2200,\"height\":2200,\"caption\":\"Palmera CHAMAEDOREA UV artificial tiene un alto realismo y 90 cm de altura, con tratamiento UV para exterior y resistencia al agua.\"},{\"@type\":\"BreadcrumbList\",\"@id\":\"https:\\\/\\\/decoplanta.com\\\/pt-pt\\\/plantas-ao-ar-livre-artificiais\\\/palmeira-chamaedorea-uv-90cm\\\/#breadcrumb\",\"itemListElement\":[{\"@type\":\"ListItem\",\"position\":1,\"name\":\"Portada\",\"item\":\"https:\\\/\\\/decoplanta.com\\\/pt-pt\\\/\"},{\"@type\":\"ListItem\",\"position\":2,\"name\":\"Priv\u00e9\u00a0: Tienda\",\"item\":\"https:\\\/\\\/decoplanta.com\\\/?page_id=377\"},{\"@type\":\"ListItem\",\"position\":3,\"name\":\"Palmeira CHAMAEDOREA UV\"}]},{\"@type\":\"WebSite\",\"@id\":\"https:\\\/\\\/decoplanta.com\\\/pt-pt\\\/#website\",\"url\":\"https:\\\/\\\/decoplanta.com\\\/pt-pt\\\/\",\"name\":\"Plantas y \u00e1rboles artificiales de Alto Realismo\",\"description\":\"Proveedor de Plantas artificiales para estudios de Arquitectura, Interiorismo, Paisajismo, Escenograf\u00eda, Tiendas de Decoraci\u00f3n Florister\u00edas y Mobiliario\",\"publisher\":{\"@id\":\"https:\\\/\\\/decoplanta.com\\\/pt-pt\\\/#organization\"},\"potentialAction\":[{\"@type\":\"SearchAction\",\"target\":{\"@type\":\"EntryPoint\",\"urlTemplate\":\"https:\\\/\\\/decoplanta.com\\\/pt-pt\\\/?s={search_term_string}\"},\"query-input\":{\"@type\":\"PropertyValueSpecification\",\"valueRequired\":true,\"valueName\":\"search_term_string\"}}],\"inLanguage\":\"pt-PT\"},{\"@type\":\"Organization\",\"@id\":\"https:\\\/\\\/decoplanta.com\\\/pt-pt\\\/#organization\",\"name\":\"Plantas y \u00e1rboles artificiales de Alto Realismo\",\"url\":\"https:\\\/\\\/decoplanta.com\\\/pt-pt\\\/\",\"logo\":{\"@type\":\"ImageObject\",\"inLanguage\":\"pt-PT\",\"@id\":\"https:\\\/\\\/decoplanta.com\\\/pt-pt\\\/#\\\/schema\\\/logo\\\/image\\\/\",\"url\":\"https:\\\/\\\/decoplanta.com\\\/wp-content\\\/uploads\\\/2021\\\/02\\\/decoplanta-logo2020.svg\",\"contentUrl\":\"https:\\\/\\\/decoplanta.com\\\/wp-content\\\/uploads\\\/2021\\\/02\\\/decoplanta-logo2020.svg\",\"width\":500,\"height\":500,\"caption\":\"Plantas y \u00e1rboles artificiales de Alto Realismo\"},\"image\":{\"@id\":\"https:\\\/\\\/decoplanta.com\\\/pt-pt\\\/#\\\/schema\\\/logo\\\/image\\\/\"}}]}<\/script>\n<!-- \/ Yoast SEO plugin. -->","yoast_head_json":{"title":"Palmeira artificial CHAMAEDOREA UV 90cm","description":"A palmeira artificial CHAMAEDOREA UV \u00e9 uma palmeira altamente realista de 90 cm, com um tratamento UV espec\u00edfico para exteriores","robots":{"index":"index","follow":"follow","max-snippet":"max-snippet:-1","max-image-preview":"max-image-preview:large","max-video-preview":"max-video-preview:-1"},"canonical":"https:\/\/decoplanta.com\/pt-pt\/plantas-ao-ar-livre-artificiais\/palmeira-chamaedorea-uv-90cm\/","og_locale":"pt_PT","og_type":"article","og_title":"Palmeira artificial CHAMAEDOREA UV 90cm","og_description":"A palmeira artificial CHAMAEDOREA UV \u00e9 uma palmeira altamente realista de 90 cm, com um tratamento UV espec\u00edfico para exteriores","og_url":"https:\/\/decoplanta.com\/pt-pt\/plantas-ao-ar-livre-artificiais\/palmeira-chamaedorea-uv-90cm\/","og_site_name":"Plantas y \u00e1rboles artificiales de Alto Realismo","article_modified_time":"2025-03-10T10:48:20+00:00","og_image":[{"width":2200,"height":2200,"url":"https:\/\/decoplanta.com\/wp-content\/uploads\/2025\/03\/433997-Palmera_CHAMAEDOREA_UV-90cm.jpg","type":"image\/jpeg"}],"twitter_card":"summary_large_image","twitter_misc":{"Tempo estimado de leitura":"3 minutos"},"schema":{"@context":"https:\/\/schema.org","@graph":[{"@type":"WebPage","@id":"https:\/\/decoplanta.com\/pt-pt\/plantas-ao-ar-livre-artificiais\/palmeira-chamaedorea-uv-90cm\/","url":"https:\/\/decoplanta.com\/pt-pt\/plantas-ao-ar-livre-artificiais\/palmeira-chamaedorea-uv-90cm\/","name":"Palmeira artificial CHAMAEDOREA UV 90cm","isPartOf":{"@id":"https:\/\/decoplanta.com\/pt-pt\/#website"},"primaryImageOfPage":{"@id":"https:\/\/decoplanta.com\/pt-pt\/plantas-ao-ar-livre-artificiais\/palmeira-chamaedorea-uv-90cm\/#primaryimage"},"image":{"@id":"https:\/\/decoplanta.com\/pt-pt\/plantas-ao-ar-livre-artificiais\/palmeira-chamaedorea-uv-90cm\/#primaryimage"},"thumbnailUrl":"https:\/\/decoplanta.com\/wp-content\/uploads\/2025\/03\/433997-Palmera_CHAMAEDOREA_UV-90cm.jpg","datePublished":"2025-03-10T06:00:49+00:00","dateModified":"2025-03-10T10:48:20+00:00","description":"A palmeira artificial CHAMAEDOREA UV \u00e9 uma palmeira altamente realista de 90 cm, com um tratamento UV espec\u00edfico para exteriores","breadcrumb":{"@id":"https:\/\/decoplanta.com\/pt-pt\/plantas-ao-ar-livre-artificiais\/palmeira-chamaedorea-uv-90cm\/#breadcrumb"},"inLanguage":"pt-PT","potentialAction":[{"@type":"ReadAction","target":["https:\/\/decoplanta.com\/pt-pt\/plantas-ao-ar-livre-artificiais\/palmeira-chamaedorea-uv-90cm\/"]}]},{"@type":"ImageObject","inLanguage":"pt-PT","@id":"https:\/\/decoplanta.com\/pt-pt\/plantas-ao-ar-livre-artificiais\/palmeira-chamaedorea-uv-90cm\/#primaryimage","url":"https:\/\/decoplanta.com\/wp-content\/uploads\/2025\/03\/433997-Palmera_CHAMAEDOREA_UV-90cm.jpg","contentUrl":"https:\/\/decoplanta.com\/wp-content\/uploads\/2025\/03\/433997-Palmera_CHAMAEDOREA_UV-90cm.jpg","width":2200,"height":2200,"caption":"Palmera CHAMAEDOREA UV artificial tiene un alto realismo y 90 cm de altura, con tratamiento UV para exterior y resistencia al agua."},{"@type":"BreadcrumbList","@id":"https:\/\/decoplanta.com\/pt-pt\/plantas-ao-ar-livre-artificiais\/palmeira-chamaedorea-uv-90cm\/#breadcrumb","itemListElement":[{"@type":"ListItem","position":1,"name":"Portada","item":"https:\/\/decoplanta.com\/pt-pt\/"},{"@type":"ListItem","position":2,"name":"Priv\u00e9\u00a0: Tienda","item":"https:\/\/decoplanta.com\/?page_id=377"},{"@type":"ListItem","position":3,"name":"Palmeira CHAMAEDOREA UV"}]},{"@type":"WebSite","@id":"https:\/\/decoplanta.com\/pt-pt\/#website","url":"https:\/\/decoplanta.com\/pt-pt\/","name":"Plantas y \u00e1rboles artificiales de Alto Realismo","description":"Proveedor de Plantas artificiales para estudios de Arquitectura, Interiorismo, Paisajismo, Escenograf\u00eda, Tiendas de Decoraci\u00f3n Florister\u00edas y Mobiliario","publisher":{"@id":"https:\/\/decoplanta.com\/pt-pt\/#organization"},"potentialAction":[{"@type":"SearchAction","target":{"@type":"EntryPoint","urlTemplate":"https:\/\/decoplanta.com\/pt-pt\/?s={search_term_string}"},"query-input":{"@type":"PropertyValueSpecification","valueRequired":true,"valueName":"search_term_string"}}],"inLanguage":"pt-PT"},{"@type":"Organization","@id":"https:\/\/decoplanta.com\/pt-pt\/#organization","name":"Plantas y \u00e1rboles artificiales de Alto Realismo","url":"https:\/\/decoplanta.com\/pt-pt\/","logo":{"@type":"ImageObject","inLanguage":"pt-PT","@id":"https:\/\/decoplanta.com\/pt-pt\/#\/schema\/logo\/image\/","url":"https:\/\/decoplanta.com\/wp-content\/uploads\/2021\/02\/decoplanta-logo2020.svg","contentUrl":"https:\/\/decoplanta.com\/wp-content\/uploads\/2021\/02\/decoplanta-logo2020.svg","width":500,"height":500,"caption":"Plantas y \u00e1rboles artificiales de Alto Realismo"},"image":{"@id":"https:\/\/decoplanta.com\/pt-pt\/#\/schema\/logo\/image\/"}}]}},"_links":{"self":[{"href":"https:\/\/decoplanta.com\/pt-pt\/wp-json\/wp\/v2\/product\/8279","targetHints":{"allow":["GET"]}}],"collection":[{"href":"https:\/\/decoplanta.com\/pt-pt\/wp-json\/wp\/v2\/product"}],"about":[{"href":"https:\/\/decoplanta.com\/pt-pt\/wp-json\/wp\/v2\/types\/product"}],"version-history":[{"count":1,"href":"https:\/\/decoplanta.com\/pt-pt\/wp-json\/wp\/v2\/product\/8279\/revisions"}],"predecessor-version":[{"id":8285,"href":"https:\/\/decoplanta.com\/pt-pt\/wp-json\/wp\/v2\/product\/8279\/revisions\/8285"}],"wp:featuredmedia":[{"embeddable":true,"href":"https:\/\/decoplanta.com\/pt-pt\/wp-json\/wp\/v2\/media\/8282"}],"wp:attachment":[{"href":"https:\/\/decoplanta.com\/pt-pt\/wp-json\/wp\/v2\/media?parent=8279"}],"wp:term":[{"taxonomy":"product_brand","embeddable":true,"href":"https:\/\/decoplanta.com\/pt-pt\/wp-json\/wp\/v2\/product_brand?post=8279"},{"taxonomy":"product_cat","embeddable":true,"href":"https:\/\/decoplanta.com\/pt-pt\/wp-json\/wp\/v2\/product_cat?post=8279"},{"taxonomy":"product_tag","embeddable":true,"href":"https:\/\/decoplanta.com\/pt-pt\/wp-json\/wp\/v2\/product_tag?post=8279"}],"curies":[{"name":"wp","href":"https:\/\/api.w.org\/{rel}","templated":true}]}}