{"id":8299,"date":"2025-03-10T10:10:10","date_gmt":"2025-03-10T09:10:10","guid":{"rendered":"https:\/\/decoplanta.com\/?post_type=product&#038;p=8299"},"modified":"2025-03-10T11:52:43","modified_gmt":"2025-03-10T10:52:43","slug":"palmeira-exotica-uv-150cm","status":"publish","type":"product","link":"https:\/\/decoplanta.com\/pt-pt\/plantas-ao-ar-livre-artificiais\/palmeira-exotica-uv-150cm\/","title":{"rendered":"Palmeira EX\u00d3TICA UV"},"content":{"rendered":"<p><span data-sheets-root=\"1\">Palmeira EX\u00d3TICA artificial UV de incr\u00edvel realismo, com 150 cm de altura. Inclui tratamento UV espec\u00edfico para exteriores. O sol e a \u00e1gua n\u00e3o ser\u00e3o um impedimento para ficar como no primeiro dia. N\u00e3o \u00e9 necess\u00e1ria manuten\u00e7\u00e3o. Inclui um vaso de flores b\u00e1sico.<\/span><\/p>\n<p><a href=\"https:\/\/decoplanta.com\/etiqueta-producto\/palmera-artificial\/\">Palmera<\/a> <a href=\"https:\/\/www.ecologiaverde.com\/palmera-areca-cuidados-2400.html\">Areca<\/a> artificial para exterior de 90 cm de altura. Com protec\u00e7\u00e3o UV, pode viver ao <a href=\"https:\/\/decoplanta.com\/plantas-de-exterior-artificiales\/\">ar livre<\/a> e n\u00e3o se desvanece, tornando-o o complemento perfeito para o seu jardim. Surpreendentemente belo, acrescenta cor e um toque natural a qualquer espa\u00e7o. Com delicadas folhas verdes para adicionar alguma textura. Inclui un vaso de flores b\u00e1sico.<\/p>\n<p>&nbsp;<\/p>\n<table>\n<tbody>\n<tr>\n<td><strong>REF<\/strong><\/td>\n<td>Altura<\/td>\n<\/tr>\n<tr>\n<td><strong>430311<\/strong><\/td>\n<td>90 cm<\/td>\n<\/tr>\n<\/tbody>\n<\/table>\n","protected":false},"excerpt":{"rendered":"<p><span data-sheets-root=\"1\">Palmeira EX\u00d3TICA artificial UV de incr\u00edvel realismo, com 150 cm de altura. Inclui tratamento UV espec\u00edfico para exteriores. O sol e a \u00e1gua n\u00e3o ser\u00e3o um impedimento para ficar como no primeiro dia. N\u00e3o \u00e9 necess\u00e1ria manuten\u00e7\u00e3o. Inclui um vaso de flores b\u00e1sico.<\/span><\/p>\n<table>\n<tbody>\n<tr>\n<td><strong>REF<\/strong><\/td>\n<td>Altura<\/td>\n<\/tr>\n<tr>\n<td><strong>435040<\/strong><\/td>\n<td>150 cm<\/td>\n<\/tr>\n<\/tbody>\n<\/table>\n","protected":false},"featured_media":8302,"template":"","meta":{"_monsterinsights_skip_tracking":false,"_monsterinsights_sitenote_active":false,"_monsterinsights_sitenote_note":"","_monsterinsights_sitenote_category":0},"product_brand":[],"product_cat":[394],"product_tag":[407,420,422],"class_list":{"0":"post-8299","1":"product","2":"type-product","3":"status-publish","4":"has-post-thumbnail","6":"product_cat-plantas-ao-ar-livre-artificiais","7":"product_tag-planta-artificial-com-protecao-uv","8":"product_tag-palmeira-artificial","9":"product_tag-planta-tropical","10":"","11":"woocommerce-text-align-center","12":"woocommerce-image-align-center","13":"do-quantity-buttons","14":"wc-has-gallery","16":"first","17":"instock","18":"taxable","19":"shipping-taxable","20":"purchasable","21":"product-type-simple"},"yoast_head":"<!-- This site is optimized with the Yoast SEO plugin v27.4 - https:\/\/yoast.com\/product\/yoast-seo-wordpress\/ -->\n<title>Palmeira EX\u00d3TICA artificial UV para uso externo com prote\u00e7\u00e3o UV<\/title>\n<meta name=\"description\" content=\"Palmeira EX\u00d3TICA artificial UV de incr\u00edvel realismo, com 150 cm de altura. Inclui tratamento UV espec\u00edfico para exteriores.\" \/>\n<meta name=\"robots\" content=\"index, follow, max-snippet:-1, max-image-preview:large, max-video-preview:-1\" \/>\n<link rel=\"canonical\" href=\"https:\/\/decoplanta.com\/pt-pt\/plantas-ao-ar-livre-artificiais\/palmeira-exotica-uv-150cm\/\" \/>\n<meta property=\"og:locale\" content=\"pt_PT\" \/>\n<meta property=\"og:type\" content=\"article\" \/>\n<meta property=\"og:title\" content=\"Palmeira EX\u00d3TICA artificial UV para uso externo com prote\u00e7\u00e3o UV\" \/>\n<meta property=\"og:description\" content=\"Palmeira EX\u00d3TICA artificial UV de incr\u00edvel realismo, com 150 cm de altura. Inclui tratamento UV espec\u00edfico para exteriores.\" \/>\n<meta property=\"og:url\" content=\"https:\/\/decoplanta.com\/pt-pt\/plantas-ao-ar-livre-artificiais\/palmeira-exotica-uv-150cm\/\" \/>\n<meta property=\"og:site_name\" content=\"Plantas y \u00e1rboles artificiales de Alto Realismo\" \/>\n<meta property=\"article:modified_time\" content=\"2025-03-10T10:52:43+00:00\" \/>\n<meta property=\"og:image\" content=\"https:\/\/decoplanta.com\/wp-content\/uploads\/2025\/03\/435040-Palmera_EXOTIC_UV-150cm.jpg\" \/>\n\t<meta property=\"og:image:width\" content=\"2200\" \/>\n\t<meta property=\"og:image:height\" content=\"2200\" \/>\n\t<meta property=\"og:image:type\" content=\"image\/jpeg\" \/>\n<meta name=\"twitter:card\" content=\"summary_large_image\" \/>\n<meta name=\"twitter:label1\" content=\"Tempo estimado de leitura\" \/>\n\t<meta name=\"twitter:data1\" content=\"1 minuto\" \/>\n<script type=\"application\/ld+json\" class=\"yoast-schema-graph\">{\"@context\":\"https:\\\/\\\/schema.org\",\"@graph\":[{\"@type\":\"WebPage\",\"@id\":\"https:\\\/\\\/decoplanta.com\\\/pt-pt\\\/plantas-ao-ar-livre-artificiais\\\/palmeira-exotica-uv-150cm\\\/\",\"url\":\"https:\\\/\\\/decoplanta.com\\\/pt-pt\\\/plantas-ao-ar-livre-artificiais\\\/palmeira-exotica-uv-150cm\\\/\",\"name\":\"Palmeira EX\u00d3TICA artificial UV para uso externo com prote\u00e7\u00e3o UV\",\"isPartOf\":{\"@id\":\"https:\\\/\\\/decoplanta.com\\\/pt-pt\\\/#website\"},\"primaryImageOfPage\":{\"@id\":\"https:\\\/\\\/decoplanta.com\\\/pt-pt\\\/plantas-ao-ar-livre-artificiais\\\/palmeira-exotica-uv-150cm\\\/#primaryimage\"},\"image\":{\"@id\":\"https:\\\/\\\/decoplanta.com\\\/pt-pt\\\/plantas-ao-ar-livre-artificiais\\\/palmeira-exotica-uv-150cm\\\/#primaryimage\"},\"thumbnailUrl\":\"https:\\\/\\\/decoplanta.com\\\/wp-content\\\/uploads\\\/2025\\\/03\\\/435040-Palmera_EXOTIC_UV-150cm.jpg\",\"datePublished\":\"2025-03-10T09:10:10+00:00\",\"dateModified\":\"2025-03-10T10:52:43+00:00\",\"description\":\"Palmeira EX\u00d3TICA artificial UV de incr\u00edvel realismo, com 150 cm de altura. Inclui tratamento UV espec\u00edfico para exteriores.\",\"breadcrumb\":{\"@id\":\"https:\\\/\\\/decoplanta.com\\\/pt-pt\\\/plantas-ao-ar-livre-artificiais\\\/palmeira-exotica-uv-150cm\\\/#breadcrumb\"},\"inLanguage\":\"pt-PT\",\"potentialAction\":[{\"@type\":\"ReadAction\",\"target\":[\"https:\\\/\\\/decoplanta.com\\\/pt-pt\\\/plantas-ao-ar-livre-artificiais\\\/palmeira-exotica-uv-150cm\\\/\"]}]},{\"@type\":\"ImageObject\",\"inLanguage\":\"pt-PT\",\"@id\":\"https:\\\/\\\/decoplanta.com\\\/pt-pt\\\/plantas-ao-ar-livre-artificiais\\\/palmeira-exotica-uv-150cm\\\/#primaryimage\",\"url\":\"https:\\\/\\\/decoplanta.com\\\/wp-content\\\/uploads\\\/2025\\\/03\\\/435040-Palmera_EXOTIC_UV-150cm.jpg\",\"contentUrl\":\"https:\\\/\\\/decoplanta.com\\\/wp-content\\\/uploads\\\/2025\\\/03\\\/435040-Palmera_EXOTIC_UV-150cm.jpg\",\"width\":2200,\"height\":2200,\"caption\":\"Palmera EXOTIC UV artificial de incre\u00edble realismo, con una altura de 150 cm. Incluye tratamiento espec\u00edfico UV para exterior\"},{\"@type\":\"BreadcrumbList\",\"@id\":\"https:\\\/\\\/decoplanta.com\\\/pt-pt\\\/plantas-ao-ar-livre-artificiais\\\/palmeira-exotica-uv-150cm\\\/#breadcrumb\",\"itemListElement\":[{\"@type\":\"ListItem\",\"position\":1,\"name\":\"Portada\",\"item\":\"https:\\\/\\\/decoplanta.com\\\/pt-pt\\\/\"},{\"@type\":\"ListItem\",\"position\":2,\"name\":\"Priv\u00e9\u00a0: Tienda\",\"item\":\"https:\\\/\\\/decoplanta.com\\\/?page_id=377\"},{\"@type\":\"ListItem\",\"position\":3,\"name\":\"Palmeira EX\u00d3TICA UV\"}]},{\"@type\":\"WebSite\",\"@id\":\"https:\\\/\\\/decoplanta.com\\\/pt-pt\\\/#website\",\"url\":\"https:\\\/\\\/decoplanta.com\\\/pt-pt\\\/\",\"name\":\"Plantas y \u00e1rboles artificiales de Alto Realismo\",\"description\":\"Proveedor de Plantas artificiales para estudios de Arquitectura, Interiorismo, Paisajismo, Escenograf\u00eda, Tiendas de Decoraci\u00f3n Florister\u00edas y Mobiliario\",\"publisher\":{\"@id\":\"https:\\\/\\\/decoplanta.com\\\/pt-pt\\\/#organization\"},\"potentialAction\":[{\"@type\":\"SearchAction\",\"target\":{\"@type\":\"EntryPoint\",\"urlTemplate\":\"https:\\\/\\\/decoplanta.com\\\/pt-pt\\\/?s={search_term_string}\"},\"query-input\":{\"@type\":\"PropertyValueSpecification\",\"valueRequired\":true,\"valueName\":\"search_term_string\"}}],\"inLanguage\":\"pt-PT\"},{\"@type\":\"Organization\",\"@id\":\"https:\\\/\\\/decoplanta.com\\\/pt-pt\\\/#organization\",\"name\":\"Plantas y \u00e1rboles artificiales de Alto Realismo\",\"url\":\"https:\\\/\\\/decoplanta.com\\\/pt-pt\\\/\",\"logo\":{\"@type\":\"ImageObject\",\"inLanguage\":\"pt-PT\",\"@id\":\"https:\\\/\\\/decoplanta.com\\\/pt-pt\\\/#\\\/schema\\\/logo\\\/image\\\/\",\"url\":\"https:\\\/\\\/decoplanta.com\\\/wp-content\\\/uploads\\\/2021\\\/02\\\/decoplanta-logo2020.svg\",\"contentUrl\":\"https:\\\/\\\/decoplanta.com\\\/wp-content\\\/uploads\\\/2021\\\/02\\\/decoplanta-logo2020.svg\",\"width\":500,\"height\":500,\"caption\":\"Plantas y \u00e1rboles artificiales de Alto Realismo\"},\"image\":{\"@id\":\"https:\\\/\\\/decoplanta.com\\\/pt-pt\\\/#\\\/schema\\\/logo\\\/image\\\/\"}}]}<\/script>\n<!-- \/ Yoast SEO plugin. -->","yoast_head_json":{"title":"Palmeira EX\u00d3TICA artificial UV para uso externo com prote\u00e7\u00e3o UV","description":"Palmeira EX\u00d3TICA artificial UV de incr\u00edvel realismo, com 150 cm de altura. Inclui tratamento UV espec\u00edfico para exteriores.","robots":{"index":"index","follow":"follow","max-snippet":"max-snippet:-1","max-image-preview":"max-image-preview:large","max-video-preview":"max-video-preview:-1"},"canonical":"https:\/\/decoplanta.com\/pt-pt\/plantas-ao-ar-livre-artificiais\/palmeira-exotica-uv-150cm\/","og_locale":"pt_PT","og_type":"article","og_title":"Palmeira EX\u00d3TICA artificial UV para uso externo com prote\u00e7\u00e3o UV","og_description":"Palmeira EX\u00d3TICA artificial UV de incr\u00edvel realismo, com 150 cm de altura. Inclui tratamento UV espec\u00edfico para exteriores.","og_url":"https:\/\/decoplanta.com\/pt-pt\/plantas-ao-ar-livre-artificiais\/palmeira-exotica-uv-150cm\/","og_site_name":"Plantas y \u00e1rboles artificiales de Alto Realismo","article_modified_time":"2025-03-10T10:52:43+00:00","og_image":[{"width":2200,"height":2200,"url":"https:\/\/decoplanta.com\/wp-content\/uploads\/2025\/03\/435040-Palmera_EXOTIC_UV-150cm.jpg","type":"image\/jpeg"}],"twitter_card":"summary_large_image","twitter_misc":{"Tempo estimado de leitura":"1 minuto"},"schema":{"@context":"https:\/\/schema.org","@graph":[{"@type":"WebPage","@id":"https:\/\/decoplanta.com\/pt-pt\/plantas-ao-ar-livre-artificiais\/palmeira-exotica-uv-150cm\/","url":"https:\/\/decoplanta.com\/pt-pt\/plantas-ao-ar-livre-artificiais\/palmeira-exotica-uv-150cm\/","name":"Palmeira EX\u00d3TICA artificial UV para uso externo com prote\u00e7\u00e3o UV","isPartOf":{"@id":"https:\/\/decoplanta.com\/pt-pt\/#website"},"primaryImageOfPage":{"@id":"https:\/\/decoplanta.com\/pt-pt\/plantas-ao-ar-livre-artificiais\/palmeira-exotica-uv-150cm\/#primaryimage"},"image":{"@id":"https:\/\/decoplanta.com\/pt-pt\/plantas-ao-ar-livre-artificiais\/palmeira-exotica-uv-150cm\/#primaryimage"},"thumbnailUrl":"https:\/\/decoplanta.com\/wp-content\/uploads\/2025\/03\/435040-Palmera_EXOTIC_UV-150cm.jpg","datePublished":"2025-03-10T09:10:10+00:00","dateModified":"2025-03-10T10:52:43+00:00","description":"Palmeira EX\u00d3TICA artificial UV de incr\u00edvel realismo, com 150 cm de altura. Inclui tratamento UV espec\u00edfico para exteriores.","breadcrumb":{"@id":"https:\/\/decoplanta.com\/pt-pt\/plantas-ao-ar-livre-artificiais\/palmeira-exotica-uv-150cm\/#breadcrumb"},"inLanguage":"pt-PT","potentialAction":[{"@type":"ReadAction","target":["https:\/\/decoplanta.com\/pt-pt\/plantas-ao-ar-livre-artificiais\/palmeira-exotica-uv-150cm\/"]}]},{"@type":"ImageObject","inLanguage":"pt-PT","@id":"https:\/\/decoplanta.com\/pt-pt\/plantas-ao-ar-livre-artificiais\/palmeira-exotica-uv-150cm\/#primaryimage","url":"https:\/\/decoplanta.com\/wp-content\/uploads\/2025\/03\/435040-Palmera_EXOTIC_UV-150cm.jpg","contentUrl":"https:\/\/decoplanta.com\/wp-content\/uploads\/2025\/03\/435040-Palmera_EXOTIC_UV-150cm.jpg","width":2200,"height":2200,"caption":"Palmera EXOTIC UV artificial de incre\u00edble realismo, con una altura de 150 cm. Incluye tratamiento espec\u00edfico UV para exterior"},{"@type":"BreadcrumbList","@id":"https:\/\/decoplanta.com\/pt-pt\/plantas-ao-ar-livre-artificiais\/palmeira-exotica-uv-150cm\/#breadcrumb","itemListElement":[{"@type":"ListItem","position":1,"name":"Portada","item":"https:\/\/decoplanta.com\/pt-pt\/"},{"@type":"ListItem","position":2,"name":"Priv\u00e9\u00a0: Tienda","item":"https:\/\/decoplanta.com\/?page_id=377"},{"@type":"ListItem","position":3,"name":"Palmeira EX\u00d3TICA UV"}]},{"@type":"WebSite","@id":"https:\/\/decoplanta.com\/pt-pt\/#website","url":"https:\/\/decoplanta.com\/pt-pt\/","name":"Plantas y \u00e1rboles artificiales de Alto Realismo","description":"Proveedor de Plantas artificiales para estudios de Arquitectura, Interiorismo, Paisajismo, Escenograf\u00eda, Tiendas de Decoraci\u00f3n Florister\u00edas y Mobiliario","publisher":{"@id":"https:\/\/decoplanta.com\/pt-pt\/#organization"},"potentialAction":[{"@type":"SearchAction","target":{"@type":"EntryPoint","urlTemplate":"https:\/\/decoplanta.com\/pt-pt\/?s={search_term_string}"},"query-input":{"@type":"PropertyValueSpecification","valueRequired":true,"valueName":"search_term_string"}}],"inLanguage":"pt-PT"},{"@type":"Organization","@id":"https:\/\/decoplanta.com\/pt-pt\/#organization","name":"Plantas y \u00e1rboles artificiales de Alto Realismo","url":"https:\/\/decoplanta.com\/pt-pt\/","logo":{"@type":"ImageObject","inLanguage":"pt-PT","@id":"https:\/\/decoplanta.com\/pt-pt\/#\/schema\/logo\/image\/","url":"https:\/\/decoplanta.com\/wp-content\/uploads\/2021\/02\/decoplanta-logo2020.svg","contentUrl":"https:\/\/decoplanta.com\/wp-content\/uploads\/2021\/02\/decoplanta-logo2020.svg","width":500,"height":500,"caption":"Plantas y \u00e1rboles artificiales de Alto Realismo"},"image":{"@id":"https:\/\/decoplanta.com\/pt-pt\/#\/schema\/logo\/image\/"}}]}},"_links":{"self":[{"href":"https:\/\/decoplanta.com\/pt-pt\/wp-json\/wp\/v2\/product\/8299","targetHints":{"allow":["GET"]}}],"collection":[{"href":"https:\/\/decoplanta.com\/pt-pt\/wp-json\/wp\/v2\/product"}],"about":[{"href":"https:\/\/decoplanta.com\/pt-pt\/wp-json\/wp\/v2\/types\/product"}],"version-history":[{"count":1,"href":"https:\/\/decoplanta.com\/pt-pt\/wp-json\/wp\/v2\/product\/8299\/revisions"}],"predecessor-version":[{"id":8305,"href":"https:\/\/decoplanta.com\/pt-pt\/wp-json\/wp\/v2\/product\/8299\/revisions\/8305"}],"wp:featuredmedia":[{"embeddable":true,"href":"https:\/\/decoplanta.com\/pt-pt\/wp-json\/wp\/v2\/media\/8302"}],"wp:attachment":[{"href":"https:\/\/decoplanta.com\/pt-pt\/wp-json\/wp\/v2\/media?parent=8299"}],"wp:term":[{"taxonomy":"product_brand","embeddable":true,"href":"https:\/\/decoplanta.com\/pt-pt\/wp-json\/wp\/v2\/product_brand?post=8299"},{"taxonomy":"product_cat","embeddable":true,"href":"https:\/\/decoplanta.com\/pt-pt\/wp-json\/wp\/v2\/product_cat?post=8299"},{"taxonomy":"product_tag","embeddable":true,"href":"https:\/\/decoplanta.com\/pt-pt\/wp-json\/wp\/v2\/product_tag?post=8299"}],"curies":[{"name":"wp","href":"https:\/\/api.w.org\/{rel}","templated":true}]}}