{"id":8359,"date":"2025-03-10T08:10:44","date_gmt":"2025-03-10T07:10:44","guid":{"rendered":"https:\/\/decoplanta.com\/?post_type=product&#038;p=8359"},"modified":"2025-03-10T11:43:00","modified_gmt":"2025-03-10T10:43:00","slug":"agave-uv-verde-70cm","status":"publish","type":"product","link":"https:\/\/decoplanta.com\/pt-pt\/plantas-ao-ar-livre-artificiais\/agave-uv-verde-70cm\/","title":{"rendered":"Agave Verde UV"},"content":{"rendered":"<p><span data-sheets-root=\"1\">Agave artificial verde UV de incr\u00edvel realismo, com altura de 70 cm. Inclui tratamento UV espec\u00edfico para exteriores. O sol e a \u00e1gua n\u00e3o ser\u00e3o um impedimento para ficar como no primeiro dia. N\u00e3o \u00e9 necess\u00e1ria manuten\u00e7\u00e3o. Inclui um vaso de flores b\u00e1sico.<\/span><\/p>\n<table dir=\"ltr\" border=\"1\" cellspacing=\"0\" cellpadding=\"0\">\n<colgroup>\n<col width=\"93\" \/>\n<col width=\"138\" \/>\n<col width=\"255\" \/>\n<col width=\"65\" \/><\/colgroup>\n<tbody>\n<tr>\n<td data-sheets-value=\"{\">423944<\/td>\n<td data-sheets-value=\"{\" data-sheets-numberformat=\"{\">\u00c1rvore YUCCA artificial<\/td>\n<td data-sheets-value=\"{\">\u00c1rvore YUCCA artificial de 150 cm com um tronco coberto de folha natural e grande volume, proporcionando uma eleg\u00e2ncia ex\u00f3tica.<\/td>\n<td data-sheets-value=\"{\" data-sheets-numberformat=\"{\">232,00 \u20ac<\/td>\n<\/tr>\n<\/tbody>\n<\/table>\n","protected":false},"excerpt":{"rendered":"<p><span data-sheets-root=\"1\">Agave artificial verde UV de incr\u00edvel realismo, com altura de 70 cm. Inclui tratamento UV espec\u00edfico para exteriores. O sol e a \u00e1gua n\u00e3o ser\u00e3o um impedimento para ficar como no primeiro dia. N\u00e3o \u00e9 necess\u00e1ria manuten\u00e7\u00e3o. Inclui um vaso de flores b\u00e1sico.<\/span><\/p>\n<table>\n<tbody>\n<tr>\n<td><strong>REF<\/strong><\/td>\n<td><strong>ALTURA<\/strong><\/td>\n<\/tr>\n<tr>\n<td>433982<\/td>\n<td>70 cm<\/td>\n<\/tr>\n<\/tbody>\n<\/table>\n","protected":false},"featured_media":8362,"template":"","meta":{"_monsterinsights_skip_tracking":false,"_monsterinsights_sitenote_active":false,"_monsterinsights_sitenote_note":"","_monsterinsights_sitenote_category":0},"product_brand":[],"product_cat":[394],"product_tag":[399,407,421],"class_list":{"0":"post-8359","1":"product","2":"type-product","3":"status-publish","4":"has-post-thumbnail","6":"product_cat-plantas-ao-ar-livre-artificiais","7":"product_tag-agave-artificial","8":"product_tag-planta-artificial-com-protecao-uv","9":"product_tag-planta-suculenta-artificial","10":"","11":"woocommerce-text-align-center","12":"woocommerce-image-align-center","13":"do-quantity-buttons","15":"first","16":"instock","17":"taxable","18":"shipping-taxable","19":"purchasable","20":"product-type-simple"},"yoast_head":"<!-- This site is optimized with the Yoast SEO plugin v27.3 - https:\/\/yoast.com\/product\/yoast-seo-wordpress\/ -->\n<title>Agave artificial verde UV de 70 cm de altura para exteriores<\/title>\n<meta name=\"description\" content=\"Agave artificial verde UV de incr\u00edvel realismo, com altura de 70 cm. Inclui tratamento UV espec\u00edfico para exteriores. N\u00e3o \u00e9 necess\u00e1ria manuten\u00e7\u00e3o\" \/>\n<meta name=\"robots\" content=\"index, follow, max-snippet:-1, max-image-preview:large, max-video-preview:-1\" \/>\n<link rel=\"canonical\" href=\"https:\/\/decoplanta.com\/pt-pt\/plantas-ao-ar-livre-artificiais\/agave-uv-verde-70cm\/\" \/>\n<meta property=\"og:locale\" content=\"pt_PT\" \/>\n<meta property=\"og:type\" content=\"article\" \/>\n<meta property=\"og:title\" content=\"Agave artificial verde UV de 70 cm de altura para exteriores\" \/>\n<meta property=\"og:description\" content=\"Agave artificial verde UV de incr\u00edvel realismo, com altura de 70 cm. Inclui tratamento UV espec\u00edfico para exteriores. N\u00e3o \u00e9 necess\u00e1ria manuten\u00e7\u00e3o\" \/>\n<meta property=\"og:url\" content=\"https:\/\/decoplanta.com\/pt-pt\/plantas-ao-ar-livre-artificiais\/agave-uv-verde-70cm\/\" \/>\n<meta property=\"og:site_name\" content=\"Plantas y \u00e1rboles artificiales de Alto Realismo\" \/>\n<meta property=\"article:modified_time\" content=\"2025-03-10T10:43:00+00:00\" \/>\n<meta property=\"og:image\" content=\"https:\/\/decoplanta.com\/wp-content\/uploads\/2025\/03\/433982-AGAVE_VERDE-UV-70cm.jpg\" \/>\n\t<meta property=\"og:image:width\" content=\"2200\" \/>\n\t<meta property=\"og:image:height\" content=\"2201\" \/>\n\t<meta property=\"og:image:type\" content=\"image\/jpeg\" \/>\n<meta name=\"twitter:card\" content=\"summary_large_image\" \/>\n<meta name=\"twitter:label1\" content=\"Tempo estimado de leitura\" \/>\n\t<meta name=\"twitter:data1\" content=\"1 minuto\" \/>\n<script type=\"application\/ld+json\" class=\"yoast-schema-graph\">{\"@context\":\"https:\\\/\\\/schema.org\",\"@graph\":[{\"@type\":\"WebPage\",\"@id\":\"https:\\\/\\\/decoplanta.com\\\/pt-pt\\\/plantas-ao-ar-livre-artificiais\\\/agave-uv-verde-70cm\\\/\",\"url\":\"https:\\\/\\\/decoplanta.com\\\/pt-pt\\\/plantas-ao-ar-livre-artificiais\\\/agave-uv-verde-70cm\\\/\",\"name\":\"Agave artificial verde UV de 70 cm de altura para exteriores\",\"isPartOf\":{\"@id\":\"https:\\\/\\\/decoplanta.com\\\/pt-pt\\\/#website\"},\"primaryImageOfPage\":{\"@id\":\"https:\\\/\\\/decoplanta.com\\\/pt-pt\\\/plantas-ao-ar-livre-artificiais\\\/agave-uv-verde-70cm\\\/#primaryimage\"},\"image\":{\"@id\":\"https:\\\/\\\/decoplanta.com\\\/pt-pt\\\/plantas-ao-ar-livre-artificiais\\\/agave-uv-verde-70cm\\\/#primaryimage\"},\"thumbnailUrl\":\"https:\\\/\\\/decoplanta.com\\\/wp-content\\\/uploads\\\/2025\\\/03\\\/433982-AGAVE_VERDE-UV-70cm.jpg\",\"datePublished\":\"2025-03-10T07:10:44+00:00\",\"dateModified\":\"2025-03-10T10:43:00+00:00\",\"description\":\"Agave artificial verde UV de incr\u00edvel realismo, com altura de 70 cm. Inclui tratamento UV espec\u00edfico para exteriores. N\u00e3o \u00e9 necess\u00e1ria manuten\u00e7\u00e3o\",\"breadcrumb\":{\"@id\":\"https:\\\/\\\/decoplanta.com\\\/pt-pt\\\/plantas-ao-ar-livre-artificiais\\\/agave-uv-verde-70cm\\\/#breadcrumb\"},\"inLanguage\":\"pt-PT\",\"potentialAction\":[{\"@type\":\"ReadAction\",\"target\":[\"https:\\\/\\\/decoplanta.com\\\/pt-pt\\\/plantas-ao-ar-livre-artificiais\\\/agave-uv-verde-70cm\\\/\"]}]},{\"@type\":\"ImageObject\",\"inLanguage\":\"pt-PT\",\"@id\":\"https:\\\/\\\/decoplanta.com\\\/pt-pt\\\/plantas-ao-ar-livre-artificiais\\\/agave-uv-verde-70cm\\\/#primaryimage\",\"url\":\"https:\\\/\\\/decoplanta.com\\\/wp-content\\\/uploads\\\/2025\\\/03\\\/433982-AGAVE_VERDE-UV-70cm.jpg\",\"contentUrl\":\"https:\\\/\\\/decoplanta.com\\\/wp-content\\\/uploads\\\/2025\\\/03\\\/433982-AGAVE_VERDE-UV-70cm.jpg\",\"width\":2200,\"height\":2201,\"caption\":\"\u00c1gave verde UV artificial de incre\u00edble realismo, con una altura de 70 cm. Incluye tratamiento espec\u00edfico UV para exterior\"},{\"@type\":\"BreadcrumbList\",\"@id\":\"https:\\\/\\\/decoplanta.com\\\/pt-pt\\\/plantas-ao-ar-livre-artificiais\\\/agave-uv-verde-70cm\\\/#breadcrumb\",\"itemListElement\":[{\"@type\":\"ListItem\",\"position\":1,\"name\":\"Portada\",\"item\":\"https:\\\/\\\/decoplanta.com\\\/pt-pt\\\/\"},{\"@type\":\"ListItem\",\"position\":2,\"name\":\"Priv\u00e9\u00a0: Tienda\",\"item\":\"https:\\\/\\\/decoplanta.com\\\/?page_id=377\"},{\"@type\":\"ListItem\",\"position\":3,\"name\":\"Agave Verde UV\"}]},{\"@type\":\"WebSite\",\"@id\":\"https:\\\/\\\/decoplanta.com\\\/pt-pt\\\/#website\",\"url\":\"https:\\\/\\\/decoplanta.com\\\/pt-pt\\\/\",\"name\":\"Plantas y \u00e1rboles artificiales de Alto Realismo\",\"description\":\"Proveedor de Plantas artificiales para estudios de Arquitectura, Interiorismo, Paisajismo, Escenograf\u00eda, Tiendas de Decoraci\u00f3n Florister\u00edas y Mobiliario\",\"publisher\":{\"@id\":\"https:\\\/\\\/decoplanta.com\\\/pt-pt\\\/#organization\"},\"potentialAction\":[{\"@type\":\"SearchAction\",\"target\":{\"@type\":\"EntryPoint\",\"urlTemplate\":\"https:\\\/\\\/decoplanta.com\\\/pt-pt\\\/?s={search_term_string}\"},\"query-input\":{\"@type\":\"PropertyValueSpecification\",\"valueRequired\":true,\"valueName\":\"search_term_string\"}}],\"inLanguage\":\"pt-PT\"},{\"@type\":\"Organization\",\"@id\":\"https:\\\/\\\/decoplanta.com\\\/pt-pt\\\/#organization\",\"name\":\"Plantas y \u00e1rboles artificiales de Alto Realismo\",\"url\":\"https:\\\/\\\/decoplanta.com\\\/pt-pt\\\/\",\"logo\":{\"@type\":\"ImageObject\",\"inLanguage\":\"pt-PT\",\"@id\":\"https:\\\/\\\/decoplanta.com\\\/pt-pt\\\/#\\\/schema\\\/logo\\\/image\\\/\",\"url\":\"https:\\\/\\\/decoplanta.com\\\/wp-content\\\/uploads\\\/2021\\\/02\\\/decoplanta-logo2020.svg\",\"contentUrl\":\"https:\\\/\\\/decoplanta.com\\\/wp-content\\\/uploads\\\/2021\\\/02\\\/decoplanta-logo2020.svg\",\"width\":500,\"height\":500,\"caption\":\"Plantas y \u00e1rboles artificiales de Alto Realismo\"},\"image\":{\"@id\":\"https:\\\/\\\/decoplanta.com\\\/pt-pt\\\/#\\\/schema\\\/logo\\\/image\\\/\"}}]}<\/script>\n<!-- \/ Yoast SEO plugin. -->","yoast_head_json":{"title":"Agave artificial verde UV de 70 cm de altura para exteriores","description":"Agave artificial verde UV de incr\u00edvel realismo, com altura de 70 cm. Inclui tratamento UV espec\u00edfico para exteriores. N\u00e3o \u00e9 necess\u00e1ria manuten\u00e7\u00e3o","robots":{"index":"index","follow":"follow","max-snippet":"max-snippet:-1","max-image-preview":"max-image-preview:large","max-video-preview":"max-video-preview:-1"},"canonical":"https:\/\/decoplanta.com\/pt-pt\/plantas-ao-ar-livre-artificiais\/agave-uv-verde-70cm\/","og_locale":"pt_PT","og_type":"article","og_title":"Agave artificial verde UV de 70 cm de altura para exteriores","og_description":"Agave artificial verde UV de incr\u00edvel realismo, com altura de 70 cm. Inclui tratamento UV espec\u00edfico para exteriores. N\u00e3o \u00e9 necess\u00e1ria manuten\u00e7\u00e3o","og_url":"https:\/\/decoplanta.com\/pt-pt\/plantas-ao-ar-livre-artificiais\/agave-uv-verde-70cm\/","og_site_name":"Plantas y \u00e1rboles artificiales de Alto Realismo","article_modified_time":"2025-03-10T10:43:00+00:00","og_image":[{"width":2200,"height":2201,"url":"https:\/\/decoplanta.com\/wp-content\/uploads\/2025\/03\/433982-AGAVE_VERDE-UV-70cm.jpg","type":"image\/jpeg"}],"twitter_card":"summary_large_image","twitter_misc":{"Tempo estimado de leitura":"1 minuto"},"schema":{"@context":"https:\/\/schema.org","@graph":[{"@type":"WebPage","@id":"https:\/\/decoplanta.com\/pt-pt\/plantas-ao-ar-livre-artificiais\/agave-uv-verde-70cm\/","url":"https:\/\/decoplanta.com\/pt-pt\/plantas-ao-ar-livre-artificiais\/agave-uv-verde-70cm\/","name":"Agave artificial verde UV de 70 cm de altura para exteriores","isPartOf":{"@id":"https:\/\/decoplanta.com\/pt-pt\/#website"},"primaryImageOfPage":{"@id":"https:\/\/decoplanta.com\/pt-pt\/plantas-ao-ar-livre-artificiais\/agave-uv-verde-70cm\/#primaryimage"},"image":{"@id":"https:\/\/decoplanta.com\/pt-pt\/plantas-ao-ar-livre-artificiais\/agave-uv-verde-70cm\/#primaryimage"},"thumbnailUrl":"https:\/\/decoplanta.com\/wp-content\/uploads\/2025\/03\/433982-AGAVE_VERDE-UV-70cm.jpg","datePublished":"2025-03-10T07:10:44+00:00","dateModified":"2025-03-10T10:43:00+00:00","description":"Agave artificial verde UV de incr\u00edvel realismo, com altura de 70 cm. Inclui tratamento UV espec\u00edfico para exteriores. N\u00e3o \u00e9 necess\u00e1ria manuten\u00e7\u00e3o","breadcrumb":{"@id":"https:\/\/decoplanta.com\/pt-pt\/plantas-ao-ar-livre-artificiais\/agave-uv-verde-70cm\/#breadcrumb"},"inLanguage":"pt-PT","potentialAction":[{"@type":"ReadAction","target":["https:\/\/decoplanta.com\/pt-pt\/plantas-ao-ar-livre-artificiais\/agave-uv-verde-70cm\/"]}]},{"@type":"ImageObject","inLanguage":"pt-PT","@id":"https:\/\/decoplanta.com\/pt-pt\/plantas-ao-ar-livre-artificiais\/agave-uv-verde-70cm\/#primaryimage","url":"https:\/\/decoplanta.com\/wp-content\/uploads\/2025\/03\/433982-AGAVE_VERDE-UV-70cm.jpg","contentUrl":"https:\/\/decoplanta.com\/wp-content\/uploads\/2025\/03\/433982-AGAVE_VERDE-UV-70cm.jpg","width":2200,"height":2201,"caption":"\u00c1gave verde UV artificial de incre\u00edble realismo, con una altura de 70 cm. Incluye tratamiento espec\u00edfico UV para exterior"},{"@type":"BreadcrumbList","@id":"https:\/\/decoplanta.com\/pt-pt\/plantas-ao-ar-livre-artificiais\/agave-uv-verde-70cm\/#breadcrumb","itemListElement":[{"@type":"ListItem","position":1,"name":"Portada","item":"https:\/\/decoplanta.com\/pt-pt\/"},{"@type":"ListItem","position":2,"name":"Priv\u00e9\u00a0: Tienda","item":"https:\/\/decoplanta.com\/?page_id=377"},{"@type":"ListItem","position":3,"name":"Agave Verde UV"}]},{"@type":"WebSite","@id":"https:\/\/decoplanta.com\/pt-pt\/#website","url":"https:\/\/decoplanta.com\/pt-pt\/","name":"Plantas y \u00e1rboles artificiales de Alto Realismo","description":"Proveedor de Plantas artificiales para estudios de Arquitectura, Interiorismo, Paisajismo, Escenograf\u00eda, Tiendas de Decoraci\u00f3n Florister\u00edas y Mobiliario","publisher":{"@id":"https:\/\/decoplanta.com\/pt-pt\/#organization"},"potentialAction":[{"@type":"SearchAction","target":{"@type":"EntryPoint","urlTemplate":"https:\/\/decoplanta.com\/pt-pt\/?s={search_term_string}"},"query-input":{"@type":"PropertyValueSpecification","valueRequired":true,"valueName":"search_term_string"}}],"inLanguage":"pt-PT"},{"@type":"Organization","@id":"https:\/\/decoplanta.com\/pt-pt\/#organization","name":"Plantas y \u00e1rboles artificiales de Alto Realismo","url":"https:\/\/decoplanta.com\/pt-pt\/","logo":{"@type":"ImageObject","inLanguage":"pt-PT","@id":"https:\/\/decoplanta.com\/pt-pt\/#\/schema\/logo\/image\/","url":"https:\/\/decoplanta.com\/wp-content\/uploads\/2021\/02\/decoplanta-logo2020.svg","contentUrl":"https:\/\/decoplanta.com\/wp-content\/uploads\/2021\/02\/decoplanta-logo2020.svg","width":500,"height":500,"caption":"Plantas y \u00e1rboles artificiales de Alto Realismo"},"image":{"@id":"https:\/\/decoplanta.com\/pt-pt\/#\/schema\/logo\/image\/"}}]}},"_links":{"self":[{"href":"https:\/\/decoplanta.com\/pt-pt\/wp-json\/wp\/v2\/product\/8359","targetHints":{"allow":["GET"]}}],"collection":[{"href":"https:\/\/decoplanta.com\/pt-pt\/wp-json\/wp\/v2\/product"}],"about":[{"href":"https:\/\/decoplanta.com\/pt-pt\/wp-json\/wp\/v2\/types\/product"}],"version-history":[{"count":1,"href":"https:\/\/decoplanta.com\/pt-pt\/wp-json\/wp\/v2\/product\/8359\/revisions"}],"predecessor-version":[{"id":8365,"href":"https:\/\/decoplanta.com\/pt-pt\/wp-json\/wp\/v2\/product\/8359\/revisions\/8365"}],"wp:featuredmedia":[{"embeddable":true,"href":"https:\/\/decoplanta.com\/pt-pt\/wp-json\/wp\/v2\/media\/8362"}],"wp:attachment":[{"href":"https:\/\/decoplanta.com\/pt-pt\/wp-json\/wp\/v2\/media?parent=8359"}],"wp:term":[{"taxonomy":"product_brand","embeddable":true,"href":"https:\/\/decoplanta.com\/pt-pt\/wp-json\/wp\/v2\/product_brand?post=8359"},{"taxonomy":"product_cat","embeddable":true,"href":"https:\/\/decoplanta.com\/pt-pt\/wp-json\/wp\/v2\/product_cat?post=8359"},{"taxonomy":"product_tag","embeddable":true,"href":"https:\/\/decoplanta.com\/pt-pt\/wp-json\/wp\/v2\/product_tag?post=8359"}],"curies":[{"name":"wp","href":"https:\/\/api.w.org\/{rel}","templated":true}]}}