{"id":8625,"date":"2025-06-09T09:44:52","date_gmt":"2025-06-09T08:44:53","guid":{"rendered":"https:\/\/decoplanta.com\/?post_type=product&#038;p=8625"},"modified":"2025-06-09T10:20:47","modified_gmt":"2025-06-09T09:20:47","slug":"planta-suspensa-para-teto-bambu-50cm","status":"publish","type":"product","link":"https:\/\/decoplanta.com\/pt-pt\/jardim-suspenso-artificial\/planta-suspensa-para-teto-bambu-50cm\/","title":{"rendered":"BAMBU suspenso de teto"},"content":{"rendered":"<p>Planta suspensa BAMBU artificial, 50 cm de comprimento. Com protec\u00e7\u00e3o UV, pode viver ao ar livre e n\u00e3o se desvanece, tornando-o o complemento perfeito para o seu jardim. Incrivelmente bonito, acrescenta uma sensa\u00e7\u00e3o natural a qualquer espa\u00e7o. S\u00e3o perfeitos para cobrir uma treli\u00e7a ou para plantar num vaso pendurado. Tem um espig\u00e3o para f\u00e1cil encaixe. Vendido em caixas indivis\u00edveis de 12 unidades. Pre\u00e7o por unidade no cat\u00e1logo.<\/p>\n<p>Arbusto de bambu artificial para teto, com 50 cm de comprimento, num pequeno vaso preto de 16 cm, pendurado numa corda de macram\u00e9. Ramos com folhas de bambu, ideais para combinar com outras esp\u00e9cies, conferem ao espa\u00e7o um toque oriental. Crie espa\u00e7os e ambientes \u00fanicos, acrescentando valor a esplanadas, halls, salas de estar ou restaurantes.<\/p>\n<p>Pre\u00e7o promocional no nosso cat\u00e1logo, enquanto durarem os stocks.<\/p>\n","protected":false},"excerpt":{"rendered":"<p>Arbusto de bambu artificial para teto, com 50 cm de comprimento, num pequeno vaso preto de 16 cm, pendurado numa corda de macram\u00e9. Ramos com folhas de bambu, ideais para combinar com outras esp\u00e9cies, conferem ao espa\u00e7o um toque oriental. Crie espa\u00e7os e ambientes \u00fanicos, acrescentando valor a esplanadas, halls, salas de estar ou restaurantes.<\/p>\n<p>Pre\u00e7o promocional no nosso cat\u00e1logo, enquanto durarem os stocks.<\/p>\n<table>\n<tbody>\n<tr>\n<td><strong>REF<\/strong><\/td>\n<td><strong>ALTURA<\/strong><\/td>\n<\/tr>\n<tr>\n<td>419971<\/td>\n<td>50 cm<\/td>\n<\/tr>\n<\/tbody>\n<\/table>\n","protected":false},"featured_media":8628,"template":"","meta":{"_monsterinsights_skip_tracking":false,"_monsterinsights_sitenote_active":false,"_monsterinsights_sitenote_note":"","_monsterinsights_sitenote_category":0},"product_brand":[],"product_cat":[393],"product_tag":[402,422],"class_list":{"0":"post-8625","1":"product","2":"type-product","3":"status-publish","4":"has-post-thumbnail","6":"product_cat-jardim-suspenso-artificial","7":"product_tag-bambu-de-interior","8":"product_tag-planta-tropical","9":"","10":"woocommerce-text-align-center","11":"woocommerce-image-align-center","12":"do-quantity-buttons","14":"first","15":"instock","16":"taxable","17":"shipping-taxable","18":"purchasable","19":"product-type-simple"},"yoast_head":"<!-- This site is optimized with the Yoast SEO plugin v27.4 - https:\/\/yoast.com\/product\/yoast-seo-wordpress\/ -->\n<title>Arbusto de bambu artificial para teto -Alto realismo para interior<\/title>\n<meta name=\"description\" content=\"Arbusto de bambu artificial para teto, com 50 cm de comprimento, num pequeno vaso preto de 16 cm, pendurado numa corda de macram\u00e9\" \/>\n<meta name=\"robots\" content=\"index, follow, max-snippet:-1, max-image-preview:large, max-video-preview:-1\" \/>\n<link rel=\"canonical\" href=\"https:\/\/decoplanta.com\/pt-pt\/jardim-suspenso-artificial\/planta-suspensa-para-teto-bambu-50cm\/\" \/>\n<meta property=\"og:locale\" content=\"pt_PT\" \/>\n<meta property=\"og:type\" content=\"article\" \/>\n<meta property=\"og:title\" content=\"Arbusto de bambu artificial para teto -Alto realismo para interior\" \/>\n<meta property=\"og:description\" content=\"Arbusto de bambu artificial para teto, com 50 cm de comprimento, num pequeno vaso preto de 16 cm, pendurado numa corda de macram\u00e9\" \/>\n<meta property=\"og:url\" content=\"https:\/\/decoplanta.com\/pt-pt\/jardim-suspenso-artificial\/planta-suspensa-para-teto-bambu-50cm\/\" \/>\n<meta property=\"og:site_name\" content=\"Plantas y \u00e1rboles artificiales de Alto Realismo\" \/>\n<meta property=\"article:modified_time\" content=\"2025-06-09T09:20:47+00:00\" \/>\n<meta property=\"og:image\" content=\"https:\/\/decoplanta.com\/wp-content\/uploads\/2025\/06\/419971-BAMBU_Colgante_de_techo.jpg\" \/>\n\t<meta property=\"og:image:width\" content=\"2100\" \/>\n\t<meta property=\"og:image:height\" content=\"2100\" \/>\n\t<meta property=\"og:image:type\" content=\"image\/jpeg\" \/>\n<meta name=\"twitter:card\" content=\"summary_large_image\" \/>\n<meta name=\"twitter:label1\" content=\"Tempo estimado de leitura\" \/>\n\t<meta name=\"twitter:data1\" content=\"1 minuto\" \/>\n<script type=\"application\/ld+json\" class=\"yoast-schema-graph\">{\"@context\":\"https:\\\/\\\/schema.org\",\"@graph\":[{\"@type\":\"WebPage\",\"@id\":\"https:\\\/\\\/decoplanta.com\\\/pt-pt\\\/jardim-suspenso-artificial\\\/planta-suspensa-para-teto-bambu-50cm\\\/\",\"url\":\"https:\\\/\\\/decoplanta.com\\\/pt-pt\\\/jardim-suspenso-artificial\\\/planta-suspensa-para-teto-bambu-50cm\\\/\",\"name\":\"Arbusto de bambu artificial para teto -Alto realismo para interior\",\"isPartOf\":{\"@id\":\"https:\\\/\\\/decoplanta.com\\\/pt-pt\\\/#website\"},\"primaryImageOfPage\":{\"@id\":\"https:\\\/\\\/decoplanta.com\\\/pt-pt\\\/jardim-suspenso-artificial\\\/planta-suspensa-para-teto-bambu-50cm\\\/#primaryimage\"},\"image\":{\"@id\":\"https:\\\/\\\/decoplanta.com\\\/pt-pt\\\/jardim-suspenso-artificial\\\/planta-suspensa-para-teto-bambu-50cm\\\/#primaryimage\"},\"thumbnailUrl\":\"https:\\\/\\\/decoplanta.com\\\/wp-content\\\/uploads\\\/2025\\\/06\\\/419971-BAMBU_Colgante_de_techo.jpg\",\"datePublished\":\"2025-06-09T08:44:53+00:00\",\"dateModified\":\"2025-06-09T09:20:47+00:00\",\"description\":\"Arbusto de bambu artificial para teto, com 50 cm de comprimento, num pequeno vaso preto de 16 cm, pendurado numa corda de macram\u00e9\",\"breadcrumb\":{\"@id\":\"https:\\\/\\\/decoplanta.com\\\/pt-pt\\\/jardim-suspenso-artificial\\\/planta-suspensa-para-teto-bambu-50cm\\\/#breadcrumb\"},\"inLanguage\":\"pt-PT\",\"potentialAction\":[{\"@type\":\"ReadAction\",\"target\":[\"https:\\\/\\\/decoplanta.com\\\/pt-pt\\\/jardim-suspenso-artificial\\\/planta-suspensa-para-teto-bambu-50cm\\\/\"]}]},{\"@type\":\"ImageObject\",\"inLanguage\":\"pt-PT\",\"@id\":\"https:\\\/\\\/decoplanta.com\\\/pt-pt\\\/jardim-suspenso-artificial\\\/planta-suspensa-para-teto-bambu-50cm\\\/#primaryimage\",\"url\":\"https:\\\/\\\/decoplanta.com\\\/wp-content\\\/uploads\\\/2025\\\/06\\\/419971-BAMBU_Colgante_de_techo.jpg\",\"contentUrl\":\"https:\\\/\\\/decoplanta.com\\\/wp-content\\\/uploads\\\/2025\\\/06\\\/419971-BAMBU_Colgante_de_techo.jpg\",\"width\":2100,\"height\":2100,\"caption\":\"Planta colgante BAMB\u00da artificial de alto realismo para interior. Bamb\u00fa en maceta colgante\"},{\"@type\":\"BreadcrumbList\",\"@id\":\"https:\\\/\\\/decoplanta.com\\\/pt-pt\\\/jardim-suspenso-artificial\\\/planta-suspensa-para-teto-bambu-50cm\\\/#breadcrumb\",\"itemListElement\":[{\"@type\":\"ListItem\",\"position\":1,\"name\":\"Portada\",\"item\":\"https:\\\/\\\/decoplanta.com\\\/pt-pt\\\/\"},{\"@type\":\"ListItem\",\"position\":2,\"name\":\"Priv\u00e9\u00a0: Tienda\",\"item\":\"https:\\\/\\\/decoplanta.com\\\/?page_id=377\"},{\"@type\":\"ListItem\",\"position\":3,\"name\":\"BAMBU suspenso de teto\"}]},{\"@type\":\"WebSite\",\"@id\":\"https:\\\/\\\/decoplanta.com\\\/pt-pt\\\/#website\",\"url\":\"https:\\\/\\\/decoplanta.com\\\/pt-pt\\\/\",\"name\":\"Plantas y \u00e1rboles artificiales de Alto Realismo\",\"description\":\"Proveedor de Plantas artificiales para estudios de Arquitectura, Interiorismo, Paisajismo, Escenograf\u00eda, Tiendas de Decoraci\u00f3n Florister\u00edas y Mobiliario\",\"publisher\":{\"@id\":\"https:\\\/\\\/decoplanta.com\\\/pt-pt\\\/#organization\"},\"potentialAction\":[{\"@type\":\"SearchAction\",\"target\":{\"@type\":\"EntryPoint\",\"urlTemplate\":\"https:\\\/\\\/decoplanta.com\\\/pt-pt\\\/?s={search_term_string}\"},\"query-input\":{\"@type\":\"PropertyValueSpecification\",\"valueRequired\":true,\"valueName\":\"search_term_string\"}}],\"inLanguage\":\"pt-PT\"},{\"@type\":\"Organization\",\"@id\":\"https:\\\/\\\/decoplanta.com\\\/pt-pt\\\/#organization\",\"name\":\"Plantas y \u00e1rboles artificiales de Alto Realismo\",\"url\":\"https:\\\/\\\/decoplanta.com\\\/pt-pt\\\/\",\"logo\":{\"@type\":\"ImageObject\",\"inLanguage\":\"pt-PT\",\"@id\":\"https:\\\/\\\/decoplanta.com\\\/pt-pt\\\/#\\\/schema\\\/logo\\\/image\\\/\",\"url\":\"https:\\\/\\\/decoplanta.com\\\/wp-content\\\/uploads\\\/2021\\\/02\\\/decoplanta-logo2020.svg\",\"contentUrl\":\"https:\\\/\\\/decoplanta.com\\\/wp-content\\\/uploads\\\/2021\\\/02\\\/decoplanta-logo2020.svg\",\"width\":500,\"height\":500,\"caption\":\"Plantas y \u00e1rboles artificiales de Alto Realismo\"},\"image\":{\"@id\":\"https:\\\/\\\/decoplanta.com\\\/pt-pt\\\/#\\\/schema\\\/logo\\\/image\\\/\"}}]}<\/script>\n<!-- \/ Yoast SEO plugin. -->","yoast_head_json":{"title":"Arbusto de bambu artificial para teto -Alto realismo para interior","description":"Arbusto de bambu artificial para teto, com 50 cm de comprimento, num pequeno vaso preto de 16 cm, pendurado numa corda de macram\u00e9","robots":{"index":"index","follow":"follow","max-snippet":"max-snippet:-1","max-image-preview":"max-image-preview:large","max-video-preview":"max-video-preview:-1"},"canonical":"https:\/\/decoplanta.com\/pt-pt\/jardim-suspenso-artificial\/planta-suspensa-para-teto-bambu-50cm\/","og_locale":"pt_PT","og_type":"article","og_title":"Arbusto de bambu artificial para teto -Alto realismo para interior","og_description":"Arbusto de bambu artificial para teto, com 50 cm de comprimento, num pequeno vaso preto de 16 cm, pendurado numa corda de macram\u00e9","og_url":"https:\/\/decoplanta.com\/pt-pt\/jardim-suspenso-artificial\/planta-suspensa-para-teto-bambu-50cm\/","og_site_name":"Plantas y \u00e1rboles artificiales de Alto Realismo","article_modified_time":"2025-06-09T09:20:47+00:00","og_image":[{"width":2100,"height":2100,"url":"https:\/\/decoplanta.com\/wp-content\/uploads\/2025\/06\/419971-BAMBU_Colgante_de_techo.jpg","type":"image\/jpeg"}],"twitter_card":"summary_large_image","twitter_misc":{"Tempo estimado de leitura":"1 minuto"},"schema":{"@context":"https:\/\/schema.org","@graph":[{"@type":"WebPage","@id":"https:\/\/decoplanta.com\/pt-pt\/jardim-suspenso-artificial\/planta-suspensa-para-teto-bambu-50cm\/","url":"https:\/\/decoplanta.com\/pt-pt\/jardim-suspenso-artificial\/planta-suspensa-para-teto-bambu-50cm\/","name":"Arbusto de bambu artificial para teto -Alto realismo para interior","isPartOf":{"@id":"https:\/\/decoplanta.com\/pt-pt\/#website"},"primaryImageOfPage":{"@id":"https:\/\/decoplanta.com\/pt-pt\/jardim-suspenso-artificial\/planta-suspensa-para-teto-bambu-50cm\/#primaryimage"},"image":{"@id":"https:\/\/decoplanta.com\/pt-pt\/jardim-suspenso-artificial\/planta-suspensa-para-teto-bambu-50cm\/#primaryimage"},"thumbnailUrl":"https:\/\/decoplanta.com\/wp-content\/uploads\/2025\/06\/419971-BAMBU_Colgante_de_techo.jpg","datePublished":"2025-06-09T08:44:53+00:00","dateModified":"2025-06-09T09:20:47+00:00","description":"Arbusto de bambu artificial para teto, com 50 cm de comprimento, num pequeno vaso preto de 16 cm, pendurado numa corda de macram\u00e9","breadcrumb":{"@id":"https:\/\/decoplanta.com\/pt-pt\/jardim-suspenso-artificial\/planta-suspensa-para-teto-bambu-50cm\/#breadcrumb"},"inLanguage":"pt-PT","potentialAction":[{"@type":"ReadAction","target":["https:\/\/decoplanta.com\/pt-pt\/jardim-suspenso-artificial\/planta-suspensa-para-teto-bambu-50cm\/"]}]},{"@type":"ImageObject","inLanguage":"pt-PT","@id":"https:\/\/decoplanta.com\/pt-pt\/jardim-suspenso-artificial\/planta-suspensa-para-teto-bambu-50cm\/#primaryimage","url":"https:\/\/decoplanta.com\/wp-content\/uploads\/2025\/06\/419971-BAMBU_Colgante_de_techo.jpg","contentUrl":"https:\/\/decoplanta.com\/wp-content\/uploads\/2025\/06\/419971-BAMBU_Colgante_de_techo.jpg","width":2100,"height":2100,"caption":"Planta colgante BAMB\u00da artificial de alto realismo para interior. Bamb\u00fa en maceta colgante"},{"@type":"BreadcrumbList","@id":"https:\/\/decoplanta.com\/pt-pt\/jardim-suspenso-artificial\/planta-suspensa-para-teto-bambu-50cm\/#breadcrumb","itemListElement":[{"@type":"ListItem","position":1,"name":"Portada","item":"https:\/\/decoplanta.com\/pt-pt\/"},{"@type":"ListItem","position":2,"name":"Priv\u00e9\u00a0: Tienda","item":"https:\/\/decoplanta.com\/?page_id=377"},{"@type":"ListItem","position":3,"name":"BAMBU suspenso de teto"}]},{"@type":"WebSite","@id":"https:\/\/decoplanta.com\/pt-pt\/#website","url":"https:\/\/decoplanta.com\/pt-pt\/","name":"Plantas y \u00e1rboles artificiales de Alto Realismo","description":"Proveedor de Plantas artificiales para estudios de Arquitectura, Interiorismo, Paisajismo, Escenograf\u00eda, Tiendas de Decoraci\u00f3n Florister\u00edas y Mobiliario","publisher":{"@id":"https:\/\/decoplanta.com\/pt-pt\/#organization"},"potentialAction":[{"@type":"SearchAction","target":{"@type":"EntryPoint","urlTemplate":"https:\/\/decoplanta.com\/pt-pt\/?s={search_term_string}"},"query-input":{"@type":"PropertyValueSpecification","valueRequired":true,"valueName":"search_term_string"}}],"inLanguage":"pt-PT"},{"@type":"Organization","@id":"https:\/\/decoplanta.com\/pt-pt\/#organization","name":"Plantas y \u00e1rboles artificiales de Alto Realismo","url":"https:\/\/decoplanta.com\/pt-pt\/","logo":{"@type":"ImageObject","inLanguage":"pt-PT","@id":"https:\/\/decoplanta.com\/pt-pt\/#\/schema\/logo\/image\/","url":"https:\/\/decoplanta.com\/wp-content\/uploads\/2021\/02\/decoplanta-logo2020.svg","contentUrl":"https:\/\/decoplanta.com\/wp-content\/uploads\/2021\/02\/decoplanta-logo2020.svg","width":500,"height":500,"caption":"Plantas y \u00e1rboles artificiales de Alto Realismo"},"image":{"@id":"https:\/\/decoplanta.com\/pt-pt\/#\/schema\/logo\/image\/"}}]}},"_links":{"self":[{"href":"https:\/\/decoplanta.com\/pt-pt\/wp-json\/wp\/v2\/product\/8625","targetHints":{"allow":["GET"]}}],"collection":[{"href":"https:\/\/decoplanta.com\/pt-pt\/wp-json\/wp\/v2\/product"}],"about":[{"href":"https:\/\/decoplanta.com\/pt-pt\/wp-json\/wp\/v2\/types\/product"}],"version-history":[{"count":1,"href":"https:\/\/decoplanta.com\/pt-pt\/wp-json\/wp\/v2\/product\/8625\/revisions"}],"predecessor-version":[{"id":8631,"href":"https:\/\/decoplanta.com\/pt-pt\/wp-json\/wp\/v2\/product\/8625\/revisions\/8631"}],"wp:featuredmedia":[{"embeddable":true,"href":"https:\/\/decoplanta.com\/pt-pt\/wp-json\/wp\/v2\/media\/8628"}],"wp:attachment":[{"href":"https:\/\/decoplanta.com\/pt-pt\/wp-json\/wp\/v2\/media?parent=8625"}],"wp:term":[{"taxonomy":"product_brand","embeddable":true,"href":"https:\/\/decoplanta.com\/pt-pt\/wp-json\/wp\/v2\/product_brand?post=8625"},{"taxonomy":"product_cat","embeddable":true,"href":"https:\/\/decoplanta.com\/pt-pt\/wp-json\/wp\/v2\/product_cat?post=8625"},{"taxonomy":"product_tag","embeddable":true,"href":"https:\/\/decoplanta.com\/pt-pt\/wp-json\/wp\/v2\/product_tag?post=8625"}],"curies":[{"name":"wp","href":"https:\/\/api.w.org\/{rel}","templated":true}]}}