{"id":8914,"date":"2025-11-22T13:37:45","date_gmt":"2025-11-22T12:37:45","guid":{"rendered":"https:\/\/decoplanta.com\/?post_type=product&#038;p=8914"},"modified":"2025-11-22T14:06:02","modified_gmt":"2025-11-22T13:06:02","slug":"jardim-vertical-garden-uv-fireproof","status":"publish","type":"product","link":"https:\/\/decoplanta.com\/pt-pt\/plantas-retardadoras-de-fogo\/jardim-vertical-garden-uv-fireproof\/","title":{"rendered":"Jardim Vertical GARDEN UV FIREPROOF"},"content":{"rendered":"<p>Jardim vertical GARDEN FIREPROOF com a m\u00e1xima exuber\u00e2ncia e alto n\u00edvel de realismo. <a href=\"https:\/\/decoplanta.com\/pt-pt\/etiqueta-producto\/planta-artificial-com-protecao-uv\/\">Protec\u00e7\u00e3o UV<\/a> e resistente \u00e0 \u00e1gua. Adequado para uso interior e exterior. F\u00e1cil de instalar, em placas de 100 X 100 cm.<\/p>\n<h3>A sua imagina\u00e7\u00e3o n\u00e3o tem limites!<\/h3>\n<p>O Jardim vertical GARDEN FIREPROOF artificial \u00e9 o elemento perfeito para o ajudar a conceber espa\u00e7os especiais cheios de encanto e frescura no seu jardim ou neg\u00f3cio.<\/p>\n<p>O nosso Jardim vertical GARDEN FIREPROOF \u00e9 tratado de modo a manter sempre a mesma apar\u00eancia e textura, de modo a n\u00e3o necessitar de qualquer tipo de rega ou manuten\u00e7\u00e3o. Isto torna-o perfeito para dar um toque natural a qualquer sala, sem ter de se preocupar com a manuten\u00e7\u00e3o.<\/p>\n<p>Assim, se procura um jardim vertical sem manuten\u00e7\u00e3o, qualquer dos nossos produtos ser\u00e1 perfeito para dar aquele aspecto natural que deseja para a sua casa ou neg\u00f3cio.<\/p>\n<p>Quer que as suas paredes transmitam vitalidade e serenidade? Fa\u00e7a um impacto nos seus visitantes, cobrindo as suas paredes com a beleza e <a href=\"https:\/\/portaljardin.com\/jardines-verticales-de-musgo\/\">originalidade dos jardins verticais de<\/a> musgo.<\/p>\n<p>Os jardins verticais de musgo s\u00e3o uma excelente abordagem \u00e0 jardinagem urbana.<\/p>\n<p>Combinam arquitectura, paisagismo, ecologia e sa\u00fade e, acima de tudo, s\u00e3o ambientalmente sustent\u00e1veis.<\/p>\n<p>Uma das caracter\u00edsticas mais atractivas do musgo \u00e9 a sua sensa\u00e7\u00e3o. Os jardins verticais artificiais MUSGO t\u00eam um toque natural e fresco, o que os torna muito agrad\u00e1veis, macios e fofos. Isto \u00e9 o que torna a textura de um jardim vertical t\u00e3o agrad\u00e1vel.<\/p>\n<h3><strong>Instale voc\u00ea mesmo o Jardim vertical GARDEN FIREPROOF<\/strong><\/h3>\n<p>Preparamos o seu jardim de musgo vertical para que possa pendur\u00e1-lo e instal\u00e1-lo sozinho sem qualquer problema. S\u00e3o tamb\u00e9m muito f\u00e1ceis de instalar, uma vez que basta coloc\u00e1-lo onde se quer e consert\u00e1-lo.<\/p>\n<p>Al\u00e9m disso, o musgo tem a caracter\u00edstica de mudar a sua textura de acordo com a humidade ambiental, sendo mais ou menos suave, dependendo da percentagem de humidade.<\/p>\n","protected":false},"excerpt":{"rendered":"<p>Jardim vertical GARDEN FIREPROOF \u00e0 prova de fogo com a m\u00e1xima exuber\u00e2ncia e alto n\u00edvel de realismo. Protec\u00e7\u00e3o UV e resistente \u00e0 \u00e1gua. Adequado para uso interior e exterior. F\u00e1cil de instalar, em placas de 100 X 100 cm.<\/p>\n<p><strong>Inclui tratamento retardador de fogo.<\/strong><\/p>\n<table>\n<tbody>\n<tr>\n<td><strong>REF<\/strong><\/td>\n<td><strong>MEDIDA DA PLACA<\/strong><\/td>\n<\/tr>\n<tr>\n<td>\n<p class=\"p1\"><strong><span class=\"s1\">FRJV100X100<\/span><\/strong><\/p>\n<\/td>\n<td>100 x 100 cm<\/td>\n<\/tr>\n<\/tbody>\n<\/table>\n","protected":false},"featured_media":8917,"template":"","meta":{"_monsterinsights_skip_tracking":false,"_monsterinsights_sitenote_active":false,"_monsterinsights_sitenote_note":"","_monsterinsights_sitenote_category":0},"product_brand":[],"product_cat":[391,396],"product_tag":[407,517,408,415],"class_list":{"0":"post-8914","1":"product","2":"type-product","3":"status-publish","4":"has-post-thumbnail","6":"product_cat-jardim-vertical","7":"product_cat-plantas-retardadoras-de-fogo","8":"product_tag-planta-artificial-com-protecao-uv","9":"product_tag-planta-con-tratamiento-ignifugo-pt-pt","10":"product_tag-desenhar-seu-jardim-vertical","11":"product_tag-erva-artificial","12":"","13":"woocommerce-text-align-center","14":"woocommerce-image-align-center","15":"do-quantity-buttons","17":"first","18":"instock","19":"taxable","20":"shipping-taxable","21":"purchasable","22":"product-type-simple"},"yoast_head":"<!-- This site is optimized with the Yoast SEO plugin v27.3 - https:\/\/yoast.com\/product\/yoast-seo-wordpress\/ -->\n<title>Jardim vertical GARDEN FIREPROOF com prote\u00e7\u00e3o UV<\/title>\n<meta name=\"description\" content=\"Jardim vertical GARDEN FIREPROOF de incr\u00edvel realismo. Placa de 100 X 100 cm para decora\u00e7\u00e3o exterior. Protec\u00e7\u00e3o UV e tratamento ign\u00edfugo \u00e0 prova de fogo\" \/>\n<meta name=\"robots\" content=\"index, follow, max-snippet:-1, max-image-preview:large, max-video-preview:-1\" \/>\n<link rel=\"canonical\" href=\"https:\/\/decoplanta.com\/pt-pt\/plantas-retardadoras-de-fogo\/jardim-vertical-garden-uv-fireproof\/\" \/>\n<meta property=\"og:locale\" content=\"pt_PT\" \/>\n<meta property=\"og:type\" content=\"article\" \/>\n<meta property=\"og:title\" content=\"Jardim vertical GARDEN FIREPROOF com prote\u00e7\u00e3o UV\" \/>\n<meta property=\"og:description\" content=\"Jardim vertical GARDEN FIREPROOF de incr\u00edvel realismo. Placa de 100 X 100 cm para decora\u00e7\u00e3o exterior. Protec\u00e7\u00e3o UV e tratamento ign\u00edfugo \u00e0 prova de fogo\" \/>\n<meta property=\"og:url\" content=\"https:\/\/decoplanta.com\/pt-pt\/plantas-retardadoras-de-fogo\/jardim-vertical-garden-uv-fireproof\/\" \/>\n<meta property=\"og:site_name\" content=\"Plantas y \u00e1rboles artificiales de Alto Realismo\" \/>\n<meta property=\"article:modified_time\" content=\"2025-11-22T13:06:02+00:00\" \/>\n<meta property=\"og:image\" content=\"https:\/\/decoplanta.com\/wp-content\/uploads\/2025\/11\/FRJV100X100-JardinVertical_GARDEN-UV-FP.jpg\" \/>\n\t<meta property=\"og:image:width\" content=\"1572\" \/>\n\t<meta property=\"og:image:height\" content=\"1572\" \/>\n\t<meta property=\"og:image:type\" content=\"image\/jpeg\" \/>\n<meta name=\"twitter:card\" content=\"summary_large_image\" \/>\n<meta name=\"twitter:label1\" content=\"Tempo estimado de leitura\" \/>\n\t<meta name=\"twitter:data1\" content=\"2 minutos\" \/>\n<script type=\"application\/ld+json\" class=\"yoast-schema-graph\">{\"@context\":\"https:\\\/\\\/schema.org\",\"@graph\":[{\"@type\":\"WebPage\",\"@id\":\"https:\\\/\\\/decoplanta.com\\\/pt-pt\\\/plantas-retardadoras-de-fogo\\\/jardim-vertical-garden-uv-fireproof\\\/\",\"url\":\"https:\\\/\\\/decoplanta.com\\\/pt-pt\\\/plantas-retardadoras-de-fogo\\\/jardim-vertical-garden-uv-fireproof\\\/\",\"name\":\"Jardim vertical GARDEN FIREPROOF com prote\u00e7\u00e3o UV\",\"isPartOf\":{\"@id\":\"https:\\\/\\\/decoplanta.com\\\/pt-pt\\\/#website\"},\"primaryImageOfPage\":{\"@id\":\"https:\\\/\\\/decoplanta.com\\\/pt-pt\\\/plantas-retardadoras-de-fogo\\\/jardim-vertical-garden-uv-fireproof\\\/#primaryimage\"},\"image\":{\"@id\":\"https:\\\/\\\/decoplanta.com\\\/pt-pt\\\/plantas-retardadoras-de-fogo\\\/jardim-vertical-garden-uv-fireproof\\\/#primaryimage\"},\"thumbnailUrl\":\"https:\\\/\\\/decoplanta.com\\\/wp-content\\\/uploads\\\/2025\\\/11\\\/FRJV100X100-JardinVertical_GARDEN-UV-FP.jpg\",\"datePublished\":\"2025-11-22T12:37:45+00:00\",\"dateModified\":\"2025-11-22T13:06:02+00:00\",\"description\":\"Jardim vertical GARDEN FIREPROOF de incr\u00edvel realismo. Placa de 100 X 100 cm para decora\u00e7\u00e3o exterior. Protec\u00e7\u00e3o UV e tratamento ign\u00edfugo \u00e0 prova de fogo\",\"breadcrumb\":{\"@id\":\"https:\\\/\\\/decoplanta.com\\\/pt-pt\\\/plantas-retardadoras-de-fogo\\\/jardim-vertical-garden-uv-fireproof\\\/#breadcrumb\"},\"inLanguage\":\"pt-PT\",\"potentialAction\":[{\"@type\":\"ReadAction\",\"target\":[\"https:\\\/\\\/decoplanta.com\\\/pt-pt\\\/plantas-retardadoras-de-fogo\\\/jardim-vertical-garden-uv-fireproof\\\/\"]}]},{\"@type\":\"ImageObject\",\"inLanguage\":\"pt-PT\",\"@id\":\"https:\\\/\\\/decoplanta.com\\\/pt-pt\\\/plantas-retardadoras-de-fogo\\\/jardim-vertical-garden-uv-fireproof\\\/#primaryimage\",\"url\":\"https:\\\/\\\/decoplanta.com\\\/wp-content\\\/uploads\\\/2025\\\/11\\\/FRJV100X100-JardinVertical_GARDEN-UV-FP.jpg\",\"contentUrl\":\"https:\\\/\\\/decoplanta.com\\\/wp-content\\\/uploads\\\/2025\\\/11\\\/FRJV100X100-JardinVertical_GARDEN-UV-FP.jpg\",\"width\":1572,\"height\":1572,\"caption\":\"Jard\u00edn vertical GARDEN ign\u00edfugo artificial. Placa de 100X100cm para decoraci\u00f3n en exteriores. Protecci\u00f3n UV, resistente al agua y tratamiento ign\u00edfugo\"},{\"@type\":\"BreadcrumbList\",\"@id\":\"https:\\\/\\\/decoplanta.com\\\/pt-pt\\\/plantas-retardadoras-de-fogo\\\/jardim-vertical-garden-uv-fireproof\\\/#breadcrumb\",\"itemListElement\":[{\"@type\":\"ListItem\",\"position\":1,\"name\":\"Portada\",\"item\":\"https:\\\/\\\/decoplanta.com\\\/pt-pt\\\/\"},{\"@type\":\"ListItem\",\"position\":2,\"name\":\"Priv\u00e9\u00a0: Tienda\",\"item\":\"https:\\\/\\\/decoplanta.com\\\/?page_id=377\"},{\"@type\":\"ListItem\",\"position\":3,\"name\":\"Jardim Vertical GARDEN UV FIREPROOF\"}]},{\"@type\":\"WebSite\",\"@id\":\"https:\\\/\\\/decoplanta.com\\\/pt-pt\\\/#website\",\"url\":\"https:\\\/\\\/decoplanta.com\\\/pt-pt\\\/\",\"name\":\"Plantas y \u00e1rboles artificiales de Alto Realismo\",\"description\":\"Proveedor de Plantas artificiales para estudios de Arquitectura, Interiorismo, Paisajismo, Escenograf\u00eda, Tiendas de Decoraci\u00f3n Florister\u00edas y Mobiliario\",\"publisher\":{\"@id\":\"https:\\\/\\\/decoplanta.com\\\/pt-pt\\\/#organization\"},\"potentialAction\":[{\"@type\":\"SearchAction\",\"target\":{\"@type\":\"EntryPoint\",\"urlTemplate\":\"https:\\\/\\\/decoplanta.com\\\/pt-pt\\\/?s={search_term_string}\"},\"query-input\":{\"@type\":\"PropertyValueSpecification\",\"valueRequired\":true,\"valueName\":\"search_term_string\"}}],\"inLanguage\":\"pt-PT\"},{\"@type\":\"Organization\",\"@id\":\"https:\\\/\\\/decoplanta.com\\\/pt-pt\\\/#organization\",\"name\":\"Plantas y \u00e1rboles artificiales de Alto Realismo\",\"url\":\"https:\\\/\\\/decoplanta.com\\\/pt-pt\\\/\",\"logo\":{\"@type\":\"ImageObject\",\"inLanguage\":\"pt-PT\",\"@id\":\"https:\\\/\\\/decoplanta.com\\\/pt-pt\\\/#\\\/schema\\\/logo\\\/image\\\/\",\"url\":\"https:\\\/\\\/decoplanta.com\\\/wp-content\\\/uploads\\\/2021\\\/02\\\/decoplanta-logo2020.svg\",\"contentUrl\":\"https:\\\/\\\/decoplanta.com\\\/wp-content\\\/uploads\\\/2021\\\/02\\\/decoplanta-logo2020.svg\",\"width\":500,\"height\":500,\"caption\":\"Plantas y \u00e1rboles artificiales de Alto Realismo\"},\"image\":{\"@id\":\"https:\\\/\\\/decoplanta.com\\\/pt-pt\\\/#\\\/schema\\\/logo\\\/image\\\/\"}}]}<\/script>\n<!-- \/ Yoast SEO plugin. -->","yoast_head_json":{"title":"Jardim vertical GARDEN FIREPROOF com prote\u00e7\u00e3o UV","description":"Jardim vertical GARDEN FIREPROOF de incr\u00edvel realismo. Placa de 100 X 100 cm para decora\u00e7\u00e3o exterior. Protec\u00e7\u00e3o UV e tratamento ign\u00edfugo \u00e0 prova de fogo","robots":{"index":"index","follow":"follow","max-snippet":"max-snippet:-1","max-image-preview":"max-image-preview:large","max-video-preview":"max-video-preview:-1"},"canonical":"https:\/\/decoplanta.com\/pt-pt\/plantas-retardadoras-de-fogo\/jardim-vertical-garden-uv-fireproof\/","og_locale":"pt_PT","og_type":"article","og_title":"Jardim vertical GARDEN FIREPROOF com prote\u00e7\u00e3o UV","og_description":"Jardim vertical GARDEN FIREPROOF de incr\u00edvel realismo. Placa de 100 X 100 cm para decora\u00e7\u00e3o exterior. Protec\u00e7\u00e3o UV e tratamento ign\u00edfugo \u00e0 prova de fogo","og_url":"https:\/\/decoplanta.com\/pt-pt\/plantas-retardadoras-de-fogo\/jardim-vertical-garden-uv-fireproof\/","og_site_name":"Plantas y \u00e1rboles artificiales de Alto Realismo","article_modified_time":"2025-11-22T13:06:02+00:00","og_image":[{"width":1572,"height":1572,"url":"https:\/\/decoplanta.com\/wp-content\/uploads\/2025\/11\/FRJV100X100-JardinVertical_GARDEN-UV-FP.jpg","type":"image\/jpeg"}],"twitter_card":"summary_large_image","twitter_misc":{"Tempo estimado de leitura":"2 minutos"},"schema":{"@context":"https:\/\/schema.org","@graph":[{"@type":"WebPage","@id":"https:\/\/decoplanta.com\/pt-pt\/plantas-retardadoras-de-fogo\/jardim-vertical-garden-uv-fireproof\/","url":"https:\/\/decoplanta.com\/pt-pt\/plantas-retardadoras-de-fogo\/jardim-vertical-garden-uv-fireproof\/","name":"Jardim vertical GARDEN FIREPROOF com prote\u00e7\u00e3o UV","isPartOf":{"@id":"https:\/\/decoplanta.com\/pt-pt\/#website"},"primaryImageOfPage":{"@id":"https:\/\/decoplanta.com\/pt-pt\/plantas-retardadoras-de-fogo\/jardim-vertical-garden-uv-fireproof\/#primaryimage"},"image":{"@id":"https:\/\/decoplanta.com\/pt-pt\/plantas-retardadoras-de-fogo\/jardim-vertical-garden-uv-fireproof\/#primaryimage"},"thumbnailUrl":"https:\/\/decoplanta.com\/wp-content\/uploads\/2025\/11\/FRJV100X100-JardinVertical_GARDEN-UV-FP.jpg","datePublished":"2025-11-22T12:37:45+00:00","dateModified":"2025-11-22T13:06:02+00:00","description":"Jardim vertical GARDEN FIREPROOF de incr\u00edvel realismo. Placa de 100 X 100 cm para decora\u00e7\u00e3o exterior. Protec\u00e7\u00e3o UV e tratamento ign\u00edfugo \u00e0 prova de fogo","breadcrumb":{"@id":"https:\/\/decoplanta.com\/pt-pt\/plantas-retardadoras-de-fogo\/jardim-vertical-garden-uv-fireproof\/#breadcrumb"},"inLanguage":"pt-PT","potentialAction":[{"@type":"ReadAction","target":["https:\/\/decoplanta.com\/pt-pt\/plantas-retardadoras-de-fogo\/jardim-vertical-garden-uv-fireproof\/"]}]},{"@type":"ImageObject","inLanguage":"pt-PT","@id":"https:\/\/decoplanta.com\/pt-pt\/plantas-retardadoras-de-fogo\/jardim-vertical-garden-uv-fireproof\/#primaryimage","url":"https:\/\/decoplanta.com\/wp-content\/uploads\/2025\/11\/FRJV100X100-JardinVertical_GARDEN-UV-FP.jpg","contentUrl":"https:\/\/decoplanta.com\/wp-content\/uploads\/2025\/11\/FRJV100X100-JardinVertical_GARDEN-UV-FP.jpg","width":1572,"height":1572,"caption":"Jard\u00edn vertical GARDEN ign\u00edfugo artificial. Placa de 100X100cm para decoraci\u00f3n en exteriores. Protecci\u00f3n UV, resistente al agua y tratamiento ign\u00edfugo"},{"@type":"BreadcrumbList","@id":"https:\/\/decoplanta.com\/pt-pt\/plantas-retardadoras-de-fogo\/jardim-vertical-garden-uv-fireproof\/#breadcrumb","itemListElement":[{"@type":"ListItem","position":1,"name":"Portada","item":"https:\/\/decoplanta.com\/pt-pt\/"},{"@type":"ListItem","position":2,"name":"Priv\u00e9\u00a0: Tienda","item":"https:\/\/decoplanta.com\/?page_id=377"},{"@type":"ListItem","position":3,"name":"Jardim Vertical GARDEN UV FIREPROOF"}]},{"@type":"WebSite","@id":"https:\/\/decoplanta.com\/pt-pt\/#website","url":"https:\/\/decoplanta.com\/pt-pt\/","name":"Plantas y \u00e1rboles artificiales de Alto Realismo","description":"Proveedor de Plantas artificiales para estudios de Arquitectura, Interiorismo, Paisajismo, Escenograf\u00eda, Tiendas de Decoraci\u00f3n Florister\u00edas y Mobiliario","publisher":{"@id":"https:\/\/decoplanta.com\/pt-pt\/#organization"},"potentialAction":[{"@type":"SearchAction","target":{"@type":"EntryPoint","urlTemplate":"https:\/\/decoplanta.com\/pt-pt\/?s={search_term_string}"},"query-input":{"@type":"PropertyValueSpecification","valueRequired":true,"valueName":"search_term_string"}}],"inLanguage":"pt-PT"},{"@type":"Organization","@id":"https:\/\/decoplanta.com\/pt-pt\/#organization","name":"Plantas y \u00e1rboles artificiales de Alto Realismo","url":"https:\/\/decoplanta.com\/pt-pt\/","logo":{"@type":"ImageObject","inLanguage":"pt-PT","@id":"https:\/\/decoplanta.com\/pt-pt\/#\/schema\/logo\/image\/","url":"https:\/\/decoplanta.com\/wp-content\/uploads\/2021\/02\/decoplanta-logo2020.svg","contentUrl":"https:\/\/decoplanta.com\/wp-content\/uploads\/2021\/02\/decoplanta-logo2020.svg","width":500,"height":500,"caption":"Plantas y \u00e1rboles artificiales de Alto Realismo"},"image":{"@id":"https:\/\/decoplanta.com\/pt-pt\/#\/schema\/logo\/image\/"}}]}},"_links":{"self":[{"href":"https:\/\/decoplanta.com\/pt-pt\/wp-json\/wp\/v2\/product\/8914","targetHints":{"allow":["GET"]}}],"collection":[{"href":"https:\/\/decoplanta.com\/pt-pt\/wp-json\/wp\/v2\/product"}],"about":[{"href":"https:\/\/decoplanta.com\/pt-pt\/wp-json\/wp\/v2\/types\/product"}],"version-history":[{"count":1,"href":"https:\/\/decoplanta.com\/pt-pt\/wp-json\/wp\/v2\/product\/8914\/revisions"}],"predecessor-version":[{"id":8920,"href":"https:\/\/decoplanta.com\/pt-pt\/wp-json\/wp\/v2\/product\/8914\/revisions\/8920"}],"wp:featuredmedia":[{"embeddable":true,"href":"https:\/\/decoplanta.com\/pt-pt\/wp-json\/wp\/v2\/media\/8917"}],"wp:attachment":[{"href":"https:\/\/decoplanta.com\/pt-pt\/wp-json\/wp\/v2\/media?parent=8914"}],"wp:term":[{"taxonomy":"product_brand","embeddable":true,"href":"https:\/\/decoplanta.com\/pt-pt\/wp-json\/wp\/v2\/product_brand?post=8914"},{"taxonomy":"product_cat","embeddable":true,"href":"https:\/\/decoplanta.com\/pt-pt\/wp-json\/wp\/v2\/product_cat?post=8914"},{"taxonomy":"product_tag","embeddable":true,"href":"https:\/\/decoplanta.com\/pt-pt\/wp-json\/wp\/v2\/product_tag?post=8914"}],"curies":[{"name":"wp","href":"https:\/\/api.w.org\/{rel}","templated":true}]}}