{"id":8927,"date":"2025-12-12T11:04:07","date_gmt":"2025-12-12T10:04:07","guid":{"rendered":"https:\/\/decoplanta.com\/?post_type=product&#038;p=8927"},"modified":"2025-12-12T12:06:37","modified_gmt":"2025-12-12T11:06:37","slug":"arvore-ficus-lyrata-210cm","status":"publish","type":"product","link":"https:\/\/decoplanta.com\/pt-pt\/plantas-de-interior-artificiais\/arvore-ficus-lyrata-210cm\/","title":{"rendered":"\u00c1rvore FICUS LYRATA"},"content":{"rendered":"<p>O \u00c1rvore FICUS LYRATA artificial com folhas grandes, semelhante \u00e0 &#8220;Lyrata&#8221; mas com um volume de coroa maior e um tronco altamente realista. Inclui plantador b\u00e1sico.<\/p>\n<h3 class=\"content-hed listicle-hed\">PLANTAS DE CASA: TRAGA UM EL\u00c1STICO FICUS PARA A SUA CASA<\/h3>\n<div class=\"content-dek listicle-dek\">\n<p>O \u00e1rvore Ficus LYRATA artificial \u00e9 uma planta muito decorativa e f\u00e1cil de manter. Dizemos-lhe <a href=\"https:\/\/www.micasarevista.com\/ideas-decoracion\/g21385131\/ficus-cuidados-consejos\/\" target=\"_blank\" rel=\"noopener\">como cuidar dela<\/a>, que caracter\u00edsticas tem cada variedade e qual \u00e9 a mais adequada, dependendo de cada espa\u00e7o. \u00c9 uma das ficus mais conhecidas, a El\u00e1stica, que se caracteriza pelas suas grandes folhas verdes escuras com uma veia central na parte de tr\u00e1s. Com caules lenhosos, folhas grandes e aspecto arb\u00f3reo.<\/p>\n<div class=\"listicle-intro\">\n<p>O Ficus pertence \u00e0 fam\u00edlia Moraceae, o que significa que se podem encontrar plantas perenes e dec\u00edduas, bem como arbustos, trepadeiras e at\u00e9 \u00e1rvores de grande porte. Adaptam-se muito bem ao clima mediterr\u00e2nico e, se forem bem cuidadas, t\u00eam uma vida muito longa.<\/p>\n<h3><strong>Qual \u00e9 o vaso mais adequado para a \u00e1rvore artificial de Ficus LYRATA?<\/strong><\/h3>\n<p>Deve ser plantado num vaso baixo ou <a href=\"https:\/\/decoplanta.com\/pt-pt\/etiqueta-producto\/plantadeira-quadrada\/\" target=\"_blank\" rel=\"noopener\">plantador<\/a>, de modo a poder mostrar o seu belo tronco.<\/p>\n<p>Os \u00e1rvores de ficus geralmente precisam de muita luz, mas n\u00e3o de luz solar directa. No Inverno \u00e9 importante que recebam muita luz e no Ver\u00e3o podem ser levados para o exterior, mas num local semi-sombreado, para que n\u00e3o sejam danificados pelo sol.<\/p>\n<p>A melhor temperatura para um bom desenvolvimento \u00e9 entre 20 e 25\u00ba C e deve ter-se em conta que n\u00e3o toleram muito bem mudan\u00e7as s\u00fabitas. Precisam de um ambiente quente e h\u00famido, pelo que ser\u00e1 necess\u00e1rio pulveriz\u00e1-los frequentemente com \u00e1gua.<\/p>\n<p>Estas plantas est\u00e3o perfeitamente adaptadas a um ambiente seco. No Ver\u00e3o, uma vez por semana, e no Inverno, de 15 em 15 dias, tendo o cuidado de n\u00e3o regar as ra\u00edzes. Evite \u00e1gua muito fria e \u00e9 aconselh\u00e1vel pulverizar as folhas duas vezes por semana para manter a humidade. Para que a planta respire melhor, limpe as folhas com um pano h\u00famido.<\/p>\n<\/div>\n<div class=\"listicle-body-content \">\n<div class=\"listicle-slide listicle-slide-portrait listicle-slide-image \" data-id=\"0\">\n<div class=\"listicle-slide-dek\">\n<p>H\u00e1 muitas varia\u00e7\u00f5es desta ficus, sendo a mais comum o <em>Rei Goden, Princesa Dourada, Nana <\/em>&#8230; Enforcamento ou escalada. Tais como a ficus Sagittata, com folhas longas e finas, e a Pumila, com folhas mais pequenas, perfeita para pendurar cestos.<\/p>\n<p><strong>A Ficus Benjamina<\/strong> \u00e9 uma das mais conhecidas. Tem folhas pequenas, de cor verde clara e creme e os seus ramos s\u00e3o mais finos do que os da variedade anterior.<\/p>\n<\/div>\n<\/div>\n<div class=\"listicle-slide listicle-slide-portrait listicle-slide-image \" data-id=\"2\">\n<div class=\"listicle-slide-hed\"><span class=\"listicle-slide-hed-text\">FICUS LIRATA<\/span><\/div>\n<div class=\"listicle-slide-media-outer\">\n<div class=\"slide-media slide-media-freeform listicle-slide-media listicle-slide-media-image\">\n<div class=\"slide-media-inner\"><span class=\"slide-image-wrap\"><picture class=\"\"><source srcset=\"https:\/\/hips.hearstapps.com\/hmg-prod.s3.amazonaws.com\/images\/ficus-06-1528959662.jpg?crop=1xw:1xh;center,top&amp;resize=980:*\" media=\"(min-width: 40.625rem)\" \/><source srcset=\"https:\/\/hips.hearstapps.com\/hmg-prod.s3.amazonaws.com\/images\/ficus-06-1528959662.jpg?crop=1xw:1xh;center,top&amp;resize=768:*\" media=\"(min-width: 30rem)\" \/><img fetchpriority=\"high\" decoding=\"async\" class=\"\" title=\"Folha, Planta terrestre, Caules de plantas, Planta florida, Pintura, Ilustra\u00e7\u00e3o, Tinta, Desenho, Planta herb\u00e1cea, Erva, \" src=\"https:\/\/hips.hearstapps.com\/hmg-prod.s3.amazonaws.com\/images\/ficus-06-1528959662.jpg?crop=1xw:1xh;center,top&amp;resize=480:*\" alt=\"Folha, Planta terrestre, Caules de plantas, Planta florida, Pintura, Ilustra\u00e7\u00e3o, Tinta, Desenho, Planta herb\u00e1cea, Erva, \" width=\"313\" height=\"408\" \/><\/picture><\/span><\/div>\n<\/div>\n<\/div>\n<div class=\"listicle-slide-dek\">\n<p>Ficus Lyrata, com folhas grandes, largas, verdes, com veias amarelas e bordos ondulados, tamb\u00e9m muito utilizadas em interiores. Existem muitas outras variedades com estas caracter\u00edsticas, mas raramente s\u00e3o utilizadas em interiores. As plantas deste grupo t\u00eam um aspecto mais arbustivo e folhas mais pequenas.<\/p>\n<\/div>\n<\/div>\n<\/div>\n<\/div>\n","protected":false},"excerpt":{"rendered":"<p>A Ficus LYRATA artificial de folhas largas, semelhante \u00e0 &#8220;Elastic&#8221; mas com um volume de coroa maior e um tronco altamente realista. Inclui plantador b\u00e1sico.<\/p>\n<table>\n<tbody>\n<tr>\n<td><strong>REF<\/strong><\/td>\n<td><strong>ALTURA<\/strong><\/td>\n<\/tr>\n<tr>\n<td>423121<\/td>\n<td>210 cm<\/td>\n<\/tr>\n<\/tbody>\n<\/table>\n","protected":false},"featured_media":8930,"template":"","meta":{"_monsterinsights_skip_tracking":false,"_monsterinsights_sitenote_active":false,"_monsterinsights_sitenote_note":"","_monsterinsights_sitenote_category":0},"product_brand":[],"product_cat":[395],"product_tag":[409],"class_list":{"0":"post-8927","1":"product","2":"type-product","3":"status-publish","4":"has-post-thumbnail","6":"product_cat-plantas-de-interior-artificiais","7":"product_tag-ficus-para-decoracao-de-interiores","8":"","9":"woocommerce-text-align-center","10":"woocommerce-image-align-center","11":"do-quantity-buttons","13":"first","14":"instock","15":"taxable","16":"shipping-taxable","17":"purchasable","18":"product-type-simple"},"yoast_head":"<!-- This site is optimized with the Yoast SEO plugin v27.3 - https:\/\/yoast.com\/product\/yoast-seo-wordpress\/ -->\n<title>\u00c1rvore FICUS LYRATA artificial com alto realismo, para decora\u00e7\u00e3o<\/title>\n<meta name=\"description\" content=\"\u00c1rvore FICUS LYRATA artificial semelhante \u00e0 &quot;Elastic&quot; com mais volume de copa. Folhas e tronco grandese realistas, para uso interior.\" \/>\n<meta name=\"robots\" content=\"index, follow, max-snippet:-1, max-image-preview:large, max-video-preview:-1\" \/>\n<link rel=\"canonical\" href=\"https:\/\/decoplanta.com\/pt-pt\/plantas-de-interior-artificiais\/arvore-ficus-lyrata-210cm\/\" \/>\n<meta property=\"og:locale\" content=\"pt_PT\" \/>\n<meta property=\"og:type\" content=\"article\" \/>\n<meta property=\"og:title\" content=\"\u00c1rvore FICUS LYRATA artificial com alto realismo, para decora\u00e7\u00e3o\" \/>\n<meta property=\"og:description\" content=\"\u00c1rvore FICUS LYRATA artificial semelhante \u00e0 &quot;Elastic&quot; com mais volume de copa. Folhas e tronco grandese realistas, para uso interior.\" \/>\n<meta property=\"og:url\" content=\"https:\/\/decoplanta.com\/pt-pt\/plantas-de-interior-artificiais\/arvore-ficus-lyrata-210cm\/\" \/>\n<meta property=\"og:site_name\" content=\"Plantas y \u00e1rboles artificiales de Alto Realismo\" \/>\n<meta property=\"article:modified_time\" content=\"2025-12-12T11:06:37+00:00\" \/>\n<meta property=\"og:image\" content=\"https:\/\/decoplanta.com\/wp-content\/uploads\/2025\/12\/423121-FICUS_LYRATA-210cm.jpg\" \/>\n\t<meta property=\"og:image:width\" content=\"2000\" \/>\n\t<meta property=\"og:image:height\" content=\"2000\" \/>\n\t<meta property=\"og:image:type\" content=\"image\/jpeg\" \/>\n<meta name=\"twitter:card\" content=\"summary_large_image\" \/>\n<meta name=\"twitter:label1\" content=\"Tempo estimado de leitura\" \/>\n\t<meta name=\"twitter:data1\" content=\"3 minutos\" \/>\n<script type=\"application\/ld+json\" class=\"yoast-schema-graph\">{\"@context\":\"https:\\\/\\\/schema.org\",\"@graph\":[{\"@type\":\"WebPage\",\"@id\":\"https:\\\/\\\/decoplanta.com\\\/pt-pt\\\/plantas-de-interior-artificiais\\\/arvore-ficus-lyrata-210cm\\\/\",\"url\":\"https:\\\/\\\/decoplanta.com\\\/pt-pt\\\/plantas-de-interior-artificiais\\\/arvore-ficus-lyrata-210cm\\\/\",\"name\":\"\u00c1rvore FICUS LYRATA artificial com alto realismo, para decora\u00e7\u00e3o\",\"isPartOf\":{\"@id\":\"https:\\\/\\\/decoplanta.com\\\/pt-pt\\\/#website\"},\"primaryImageOfPage\":{\"@id\":\"https:\\\/\\\/decoplanta.com\\\/pt-pt\\\/plantas-de-interior-artificiais\\\/arvore-ficus-lyrata-210cm\\\/#primaryimage\"},\"image\":{\"@id\":\"https:\\\/\\\/decoplanta.com\\\/pt-pt\\\/plantas-de-interior-artificiais\\\/arvore-ficus-lyrata-210cm\\\/#primaryimage\"},\"thumbnailUrl\":\"https:\\\/\\\/decoplanta.com\\\/wp-content\\\/uploads\\\/2025\\\/12\\\/423121-FICUS_LYRATA-210cm.jpg\",\"datePublished\":\"2025-12-12T10:04:07+00:00\",\"dateModified\":\"2025-12-12T11:06:37+00:00\",\"description\":\"\u00c1rvore FICUS LYRATA artificial semelhante \u00e0 \\\"Elastic\\\" com mais volume de copa. Folhas e tronco grandese realistas, para uso interior.\",\"breadcrumb\":{\"@id\":\"https:\\\/\\\/decoplanta.com\\\/pt-pt\\\/plantas-de-interior-artificiais\\\/arvore-ficus-lyrata-210cm\\\/#breadcrumb\"},\"inLanguage\":\"pt-PT\",\"potentialAction\":[{\"@type\":\"ReadAction\",\"target\":[\"https:\\\/\\\/decoplanta.com\\\/pt-pt\\\/plantas-de-interior-artificiais\\\/arvore-ficus-lyrata-210cm\\\/\"]}]},{\"@type\":\"ImageObject\",\"inLanguage\":\"pt-PT\",\"@id\":\"https:\\\/\\\/decoplanta.com\\\/pt-pt\\\/plantas-de-interior-artificiais\\\/arvore-ficus-lyrata-210cm\\\/#primaryimage\",\"url\":\"https:\\\/\\\/decoplanta.com\\\/wp-content\\\/uploads\\\/2025\\\/12\\\/423121-FICUS_LYRATA-210cm.jpg\",\"contentUrl\":\"https:\\\/\\\/decoplanta.com\\\/wp-content\\\/uploads\\\/2025\\\/12\\\/423121-FICUS_LYRATA-210cm.jpg\",\"width\":2000,\"height\":2000,\"caption\":\"\u00e1rbol Ficus LYRATA artificial de grandes hojas\"},{\"@type\":\"BreadcrumbList\",\"@id\":\"https:\\\/\\\/decoplanta.com\\\/pt-pt\\\/plantas-de-interior-artificiais\\\/arvore-ficus-lyrata-210cm\\\/#breadcrumb\",\"itemListElement\":[{\"@type\":\"ListItem\",\"position\":1,\"name\":\"Portada\",\"item\":\"https:\\\/\\\/decoplanta.com\\\/pt-pt\\\/\"},{\"@type\":\"ListItem\",\"position\":2,\"name\":\"Priv\u00e9\u00a0: Tienda\",\"item\":\"https:\\\/\\\/decoplanta.com\\\/?page_id=377\"},{\"@type\":\"ListItem\",\"position\":3,\"name\":\"\u00c1rvore FICUS LYRATA\"}]},{\"@type\":\"WebSite\",\"@id\":\"https:\\\/\\\/decoplanta.com\\\/pt-pt\\\/#website\",\"url\":\"https:\\\/\\\/decoplanta.com\\\/pt-pt\\\/\",\"name\":\"Plantas y \u00e1rboles artificiales de Alto Realismo\",\"description\":\"Proveedor de Plantas artificiales para estudios de Arquitectura, Interiorismo, Paisajismo, Escenograf\u00eda, Tiendas de Decoraci\u00f3n Florister\u00edas y Mobiliario\",\"publisher\":{\"@id\":\"https:\\\/\\\/decoplanta.com\\\/pt-pt\\\/#organization\"},\"potentialAction\":[{\"@type\":\"SearchAction\",\"target\":{\"@type\":\"EntryPoint\",\"urlTemplate\":\"https:\\\/\\\/decoplanta.com\\\/pt-pt\\\/?s={search_term_string}\"},\"query-input\":{\"@type\":\"PropertyValueSpecification\",\"valueRequired\":true,\"valueName\":\"search_term_string\"}}],\"inLanguage\":\"pt-PT\"},{\"@type\":\"Organization\",\"@id\":\"https:\\\/\\\/decoplanta.com\\\/pt-pt\\\/#organization\",\"name\":\"Plantas y \u00e1rboles artificiales de Alto Realismo\",\"url\":\"https:\\\/\\\/decoplanta.com\\\/pt-pt\\\/\",\"logo\":{\"@type\":\"ImageObject\",\"inLanguage\":\"pt-PT\",\"@id\":\"https:\\\/\\\/decoplanta.com\\\/pt-pt\\\/#\\\/schema\\\/logo\\\/image\\\/\",\"url\":\"https:\\\/\\\/decoplanta.com\\\/wp-content\\\/uploads\\\/2021\\\/02\\\/decoplanta-logo2020.svg\",\"contentUrl\":\"https:\\\/\\\/decoplanta.com\\\/wp-content\\\/uploads\\\/2021\\\/02\\\/decoplanta-logo2020.svg\",\"width\":500,\"height\":500,\"caption\":\"Plantas y \u00e1rboles artificiales de Alto Realismo\"},\"image\":{\"@id\":\"https:\\\/\\\/decoplanta.com\\\/pt-pt\\\/#\\\/schema\\\/logo\\\/image\\\/\"}}]}<\/script>\n<!-- \/ Yoast SEO plugin. -->","yoast_head_json":{"title":"\u00c1rvore FICUS LYRATA artificial com alto realismo, para decora\u00e7\u00e3o","description":"\u00c1rvore FICUS LYRATA artificial semelhante \u00e0 \"Elastic\" com mais volume de copa. Folhas e tronco grandese realistas, para uso interior.","robots":{"index":"index","follow":"follow","max-snippet":"max-snippet:-1","max-image-preview":"max-image-preview:large","max-video-preview":"max-video-preview:-1"},"canonical":"https:\/\/decoplanta.com\/pt-pt\/plantas-de-interior-artificiais\/arvore-ficus-lyrata-210cm\/","og_locale":"pt_PT","og_type":"article","og_title":"\u00c1rvore FICUS LYRATA artificial com alto realismo, para decora\u00e7\u00e3o","og_description":"\u00c1rvore FICUS LYRATA artificial semelhante \u00e0 \"Elastic\" com mais volume de copa. Folhas e tronco grandese realistas, para uso interior.","og_url":"https:\/\/decoplanta.com\/pt-pt\/plantas-de-interior-artificiais\/arvore-ficus-lyrata-210cm\/","og_site_name":"Plantas y \u00e1rboles artificiales de Alto Realismo","article_modified_time":"2025-12-12T11:06:37+00:00","og_image":[{"width":2000,"height":2000,"url":"https:\/\/decoplanta.com\/wp-content\/uploads\/2025\/12\/423121-FICUS_LYRATA-210cm.jpg","type":"image\/jpeg"}],"twitter_card":"summary_large_image","twitter_misc":{"Tempo estimado de leitura":"3 minutos"},"schema":{"@context":"https:\/\/schema.org","@graph":[{"@type":"WebPage","@id":"https:\/\/decoplanta.com\/pt-pt\/plantas-de-interior-artificiais\/arvore-ficus-lyrata-210cm\/","url":"https:\/\/decoplanta.com\/pt-pt\/plantas-de-interior-artificiais\/arvore-ficus-lyrata-210cm\/","name":"\u00c1rvore FICUS LYRATA artificial com alto realismo, para decora\u00e7\u00e3o","isPartOf":{"@id":"https:\/\/decoplanta.com\/pt-pt\/#website"},"primaryImageOfPage":{"@id":"https:\/\/decoplanta.com\/pt-pt\/plantas-de-interior-artificiais\/arvore-ficus-lyrata-210cm\/#primaryimage"},"image":{"@id":"https:\/\/decoplanta.com\/pt-pt\/plantas-de-interior-artificiais\/arvore-ficus-lyrata-210cm\/#primaryimage"},"thumbnailUrl":"https:\/\/decoplanta.com\/wp-content\/uploads\/2025\/12\/423121-FICUS_LYRATA-210cm.jpg","datePublished":"2025-12-12T10:04:07+00:00","dateModified":"2025-12-12T11:06:37+00:00","description":"\u00c1rvore FICUS LYRATA artificial semelhante \u00e0 \"Elastic\" com mais volume de copa. Folhas e tronco grandese realistas, para uso interior.","breadcrumb":{"@id":"https:\/\/decoplanta.com\/pt-pt\/plantas-de-interior-artificiais\/arvore-ficus-lyrata-210cm\/#breadcrumb"},"inLanguage":"pt-PT","potentialAction":[{"@type":"ReadAction","target":["https:\/\/decoplanta.com\/pt-pt\/plantas-de-interior-artificiais\/arvore-ficus-lyrata-210cm\/"]}]},{"@type":"ImageObject","inLanguage":"pt-PT","@id":"https:\/\/decoplanta.com\/pt-pt\/plantas-de-interior-artificiais\/arvore-ficus-lyrata-210cm\/#primaryimage","url":"https:\/\/decoplanta.com\/wp-content\/uploads\/2025\/12\/423121-FICUS_LYRATA-210cm.jpg","contentUrl":"https:\/\/decoplanta.com\/wp-content\/uploads\/2025\/12\/423121-FICUS_LYRATA-210cm.jpg","width":2000,"height":2000,"caption":"\u00e1rbol Ficus LYRATA artificial de grandes hojas"},{"@type":"BreadcrumbList","@id":"https:\/\/decoplanta.com\/pt-pt\/plantas-de-interior-artificiais\/arvore-ficus-lyrata-210cm\/#breadcrumb","itemListElement":[{"@type":"ListItem","position":1,"name":"Portada","item":"https:\/\/decoplanta.com\/pt-pt\/"},{"@type":"ListItem","position":2,"name":"Priv\u00e9\u00a0: Tienda","item":"https:\/\/decoplanta.com\/?page_id=377"},{"@type":"ListItem","position":3,"name":"\u00c1rvore FICUS LYRATA"}]},{"@type":"WebSite","@id":"https:\/\/decoplanta.com\/pt-pt\/#website","url":"https:\/\/decoplanta.com\/pt-pt\/","name":"Plantas y \u00e1rboles artificiales de Alto Realismo","description":"Proveedor de Plantas artificiales para estudios de Arquitectura, Interiorismo, Paisajismo, Escenograf\u00eda, Tiendas de Decoraci\u00f3n Florister\u00edas y Mobiliario","publisher":{"@id":"https:\/\/decoplanta.com\/pt-pt\/#organization"},"potentialAction":[{"@type":"SearchAction","target":{"@type":"EntryPoint","urlTemplate":"https:\/\/decoplanta.com\/pt-pt\/?s={search_term_string}"},"query-input":{"@type":"PropertyValueSpecification","valueRequired":true,"valueName":"search_term_string"}}],"inLanguage":"pt-PT"},{"@type":"Organization","@id":"https:\/\/decoplanta.com\/pt-pt\/#organization","name":"Plantas y \u00e1rboles artificiales de Alto Realismo","url":"https:\/\/decoplanta.com\/pt-pt\/","logo":{"@type":"ImageObject","inLanguage":"pt-PT","@id":"https:\/\/decoplanta.com\/pt-pt\/#\/schema\/logo\/image\/","url":"https:\/\/decoplanta.com\/wp-content\/uploads\/2021\/02\/decoplanta-logo2020.svg","contentUrl":"https:\/\/decoplanta.com\/wp-content\/uploads\/2021\/02\/decoplanta-logo2020.svg","width":500,"height":500,"caption":"Plantas y \u00e1rboles artificiales de Alto Realismo"},"image":{"@id":"https:\/\/decoplanta.com\/pt-pt\/#\/schema\/logo\/image\/"}}]}},"_links":{"self":[{"href":"https:\/\/decoplanta.com\/pt-pt\/wp-json\/wp\/v2\/product\/8927","targetHints":{"allow":["GET"]}}],"collection":[{"href":"https:\/\/decoplanta.com\/pt-pt\/wp-json\/wp\/v2\/product"}],"about":[{"href":"https:\/\/decoplanta.com\/pt-pt\/wp-json\/wp\/v2\/types\/product"}],"version-history":[{"count":1,"href":"https:\/\/decoplanta.com\/pt-pt\/wp-json\/wp\/v2\/product\/8927\/revisions"}],"predecessor-version":[{"id":8938,"href":"https:\/\/decoplanta.com\/pt-pt\/wp-json\/wp\/v2\/product\/8927\/revisions\/8938"}],"wp:featuredmedia":[{"embeddable":true,"href":"https:\/\/decoplanta.com\/pt-pt\/wp-json\/wp\/v2\/media\/8930"}],"wp:attachment":[{"href":"https:\/\/decoplanta.com\/pt-pt\/wp-json\/wp\/v2\/media?parent=8927"}],"wp:term":[{"taxonomy":"product_brand","embeddable":true,"href":"https:\/\/decoplanta.com\/pt-pt\/wp-json\/wp\/v2\/product_brand?post=8927"},{"taxonomy":"product_cat","embeddable":true,"href":"https:\/\/decoplanta.com\/pt-pt\/wp-json\/wp\/v2\/product_cat?post=8927"},{"taxonomy":"product_tag","embeddable":true,"href":"https:\/\/decoplanta.com\/pt-pt\/wp-json\/wp\/v2\/product_tag?post=8927"}],"curies":[{"name":"wp","href":"https:\/\/api.w.org\/{rel}","templated":true}]}}