{"id":9013,"date":"2026-04-25T10:10:06","date_gmt":"2026-04-25T09:10:06","guid":{"rendered":"https:\/\/decoplanta.com\/?post_type=product&#038;p=9013"},"modified":"2026-04-25T10:50:15","modified_gmt":"2026-04-25T09:50:15","slug":"planta-sansevieria-verde-amarelo","status":"publish","type":"product","link":"https:\/\/decoplanta.com\/pt-pt\/plantas-de-interior-artificiais\/planta-sansevieria-verde-amarelo\/","title":{"rendered":"Planta SANSEVIERIA verde\/amarelo"},"content":{"rendered":"<p>Planta SANSEVIERIA verde e amarelo artificial realista, origin\u00e1ria de \u00c1frica e da \u00c1sia, com folhas verdes espessas e intensas e com personalidade pr\u00f3pria e alto realismo. Dispon\u00edvel em dois tamanhos. Inclui um vaso de flores b\u00e1sico.<\/p>\n<p><strong>Sansevieria \u00e9 tamb\u00e9m conhecida como a l\u00edngua da sogra <\/strong>. Como curiosidade, \u00e9 uma das plantas recomendadas pela NASA para eliminar toxinas tais como benzeno, tolueno, xileno, tricloroetileno e formalde\u00eddo do ar que respiramos. Acrescente-se a isto que \u00e9 muito resistente a pragas; at\u00e9 os \u00e1caros t\u00eam dificuldades com isso. Por todas estas raz\u00f5es, aqui est\u00e3o os dez primeiros dos musthaves na sua casa, se for um principiante.<\/p>\n<h3>Como \u00e9 a Planta SANSEVIERIA verde e amarelo artificial realista?<\/h3>\n<p>As plantas podem ser classificadas de muitas maneiras. Uma das classifica\u00e7\u00f5es mais frequentemente utilizadas \u00e9 pelo tamanho que atingem.<\/p>\n<p>Contudo, n\u00e3o \u00e9 invulgar ter d\u00favidas sobre o que \u00e9 uma erva, um arbusto e uma \u00e1rvore, uma vez que por vezes podem surgir defini\u00e7\u00f5es um pouco diferentes umas das outras.<\/p>\n<p>As ervas s\u00e3o as esp\u00e9cies vegetais com maior sucesso evolutivo. Podem ser encontrados em quase todo o planeta, e podem ser os grandes sobreviventes no caso de uma cat\u00e1strofe global. Mas como \u00e9 que a <a href=\"https:\/\/decoplanta.com\/pincha-y-decora\/sansevieria-artificial-58cm\/\" target=\"_blank\" rel=\"noopener\"><strong>sansevieria<\/strong><\/a>?<\/p>\n<p><strong>Sansevieria \u00e9 uma planta f\u00e1cil de cultivar<\/strong> e uma sobrevivente nata em qualquer espa\u00e7o: pode suportar temperaturas altas e baixas (at\u00e9 -5\u00b0C).<\/p>\n<h3 id=\"cke_2_anchor_3\">SANSEVIERIA ARTIFICIAL verde e amarelo EM <a href=\"https:\/\/www.elmueble.com\/ideas\/decoterapia\/sansevieria-para-limpiar-aire-tu-casa_42393\">DECORA\u00c7\u00c3O<\/a><\/h3>\n<p>\u00c9 muito decorativo com as suas folhas robustas e verticais, o seu &#8220;tufo&#8221; verde e a margem da folha verde-lima a amarela. Sendo muito vertical no crescimento, a sansevieria enche de cor e eleg\u00e2ncia um canto aborrecido da casa. Tamb\u00e9m equilibra espa\u00e7os demasiado decorados horizontalmente (sobre um m\u00f3vel ou com um grupo de plantas mais pequenas). Com um conjunto de variedades de l\u00ednguas de tigre obt\u00e9m-se uma vasta gama de verduras e um efeito decorativo espectacular.<\/p>\n<p>Se se apaixonar por esta planta Sansevieria, encontre uma prateleira que lhe permita colocar 6-8 pequenos vasos e colocar diferentes variedades de Sansevieria artificial. Alguns, como os trifasciata, t\u00eam folhas em forma de espada; outros s\u00e3o em forma de roseta.<\/p>\n<h3 id=\"cke_2_anchor_2\">AS VARIEDADES E TIPOS DE SANSEVIERIA<\/h3>\n<ul>\n<li>Sansevieria trifasciata \u00e9 a variedade mais comum. As suas folhas s\u00e3o estreitas, planas e ovais e crescem a partir da zona das ra\u00edzes. S\u00e3o geralmente verde-escuro mosqueado e branco. O comprimento das folhas varia de 30 a 120 cm. E uma largura entre 2 e 10 cm. <em>Sansevieria trifasciata<\/em> \u00e9 uma planta muito utilizada no interior e f\u00e1cil de cuidar. Tamb\u00e9m \u00e9 frequentemente chamada cauda de l\u00facio, l\u00edngua de sogra, l\u00edngua de gato, l\u00edngua de tigre ou espada de S\u00e3o Jorge. Tem muitas subesp\u00e9cies, tais como sansevieria laurentii.<\/li>\n<li>Sansevieria cylindrica, embora menos comum, \u00e9 tamb\u00e9m muito decorativa. \u00c9 uma esp\u00e9cie de Sansevieria erecta, com folhas longas, r\u00edgidas, carnudas, verdes escuras, cil\u00edndricas. Podem atingir at\u00e9 1 metro de altura. As suas flores s\u00e3o brancas leitosas com pontas rosadas formando uma infloresc\u00eancia em forma de cacho. Esta esp\u00e9cie tamb\u00e9m inclui m\u00faltiplas variedades.<\/li>\n<\/ul>\n<figure class=\"thumb zoom loaded\"><img fetchpriority=\"high\" decoding=\"async\" class=\" lazyloaded\" src=\"https:\/\/www.elmueble.com\/medio\/2020\/09\/28\/crear-un-green-corner-y-mantenerlo-b068eb34-1333x2000_0070e372_1000x1500.jpg\" sizes=\"41vw\" alt=\"create-a-green-corner-and-keep-it b068eb34 1333x2000\" width=\"209\" height=\"314\" data-src=\"\/medio\/2020\/09\/28\/crear-un-green-corner-y-mantenerlo-b068eb34-1333x2000_0070e372_1000x1500.jpg\" \/><\/figure>\n","protected":false},"excerpt":{"rendered":"<p>Bela planta artificial SANSEVIERIA verde e amarelo, com folhas espessas e intensas e com personalidade e alto realismo. Inclui um vaso de flores b\u00e1sico. N\u00e3o requer manuten\u00e7\u00e3o.<\/p>\n<table>\n<tbody>\n<tr>\n<td><strong>REF<\/strong><\/td>\n<td><strong>ALTURA<\/strong><\/td>\n<\/tr>\n<tr>\n<td><strong>425392<\/strong><\/td>\n<td>97 cm<\/td>\n<\/tr>\n<\/tbody>\n<\/table>\n","protected":false},"featured_media":9016,"template":"","meta":{"_monsterinsights_skip_tracking":false,"_monsterinsights_sitenote_active":false,"_monsterinsights_sitenote_note":"","_monsterinsights_sitenote_category":0},"product_brand":[],"product_cat":[395],"product_tag":[421,422],"class_list":{"0":"post-9013","1":"product","2":"type-product","3":"status-publish","4":"has-post-thumbnail","6":"product_cat-plantas-de-interior-artificiais","7":"product_tag-planta-suculenta-artificial","8":"product_tag-planta-tropical","9":"","10":"woocommerce-text-align-center","11":"woocommerce-image-align-center","12":"do-quantity-buttons","14":"first","15":"instock","16":"taxable","17":"shipping-taxable","18":"product-type-simple"},"yoast_head":"<!-- This site is optimized with the Yoast SEO plugin v27.4 - https:\/\/yoast.com\/product\/yoast-seo-wordpress\/ -->\n<title>SANSEVIERIA verde e amarelo artificial realista para interior<\/title>\n<meta name=\"description\" content=\"SANSEVIERIA verde e amarelo artificial realista 97 cm de altura. Espectacular para qualquer ambiente com um elevado n\u00edvel de realismo sem manuten\u00e7\u00e3o\" \/>\n<meta name=\"robots\" content=\"index, follow, max-snippet:-1, max-image-preview:large, max-video-preview:-1\" \/>\n<link rel=\"canonical\" href=\"https:\/\/decoplanta.com\/pt-pt\/plantas-de-interior-artificiais\/planta-sansevieria-verde-amarelo\/\" \/>\n<meta property=\"og:locale\" content=\"pt_PT\" \/>\n<meta property=\"og:type\" content=\"article\" \/>\n<meta property=\"og:title\" content=\"SANSEVIERIA verde e amarelo artificial realista para interior\" \/>\n<meta property=\"og:description\" content=\"SANSEVIERIA verde e amarelo artificial realista 97 cm de altura. Espectacular para qualquer ambiente com um elevado n\u00edvel de realismo sem manuten\u00e7\u00e3o\" \/>\n<meta property=\"og:url\" content=\"https:\/\/decoplanta.com\/pt-pt\/plantas-de-interior-artificiais\/planta-sansevieria-verde-amarelo\/\" \/>\n<meta property=\"og:site_name\" content=\"Plantas y \u00e1rboles artificiales de Alto Realismo\" \/>\n<meta property=\"article:modified_time\" content=\"2026-04-25T09:50:15+00:00\" \/>\n<meta property=\"og:image\" content=\"https:\/\/decoplanta.com\/wp-content\/uploads\/2026\/04\/425392-SANSEVIERIA-97cm.jpg\" \/>\n\t<meta property=\"og:image:width\" content=\"1080\" \/>\n\t<meta property=\"og:image:height\" content=\"1080\" \/>\n\t<meta property=\"og:image:type\" content=\"image\/jpeg\" \/>\n<meta name=\"twitter:card\" content=\"summary_large_image\" \/>\n<meta name=\"twitter:label1\" content=\"Tempo estimado de leitura\" \/>\n\t<meta name=\"twitter:data1\" content=\"3 minutos\" \/>\n<script type=\"application\/ld+json\" class=\"yoast-schema-graph\">{\"@context\":\"https:\\\/\\\/schema.org\",\"@graph\":[{\"@type\":\"WebPage\",\"@id\":\"https:\\\/\\\/decoplanta.com\\\/pt-pt\\\/plantas-de-interior-artificiais\\\/planta-sansevieria-verde-amarelo\\\/\",\"url\":\"https:\\\/\\\/decoplanta.com\\\/pt-pt\\\/plantas-de-interior-artificiais\\\/planta-sansevieria-verde-amarelo\\\/\",\"name\":\"SANSEVIERIA verde e amarelo artificial realista para interior\",\"isPartOf\":{\"@id\":\"https:\\\/\\\/decoplanta.com\\\/pt-pt\\\/#website\"},\"primaryImageOfPage\":{\"@id\":\"https:\\\/\\\/decoplanta.com\\\/pt-pt\\\/plantas-de-interior-artificiais\\\/planta-sansevieria-verde-amarelo\\\/#primaryimage\"},\"image\":{\"@id\":\"https:\\\/\\\/decoplanta.com\\\/pt-pt\\\/plantas-de-interior-artificiais\\\/planta-sansevieria-verde-amarelo\\\/#primaryimage\"},\"thumbnailUrl\":\"https:\\\/\\\/decoplanta.com\\\/wp-content\\\/uploads\\\/2026\\\/04\\\/425392-SANSEVIERIA-97cm.jpg\",\"datePublished\":\"2026-04-25T09:10:06+00:00\",\"dateModified\":\"2026-04-25T09:50:15+00:00\",\"description\":\"SANSEVIERIA verde e amarelo artificial realista 97 cm de altura. Espectacular para qualquer ambiente com um elevado n\u00edvel de realismo sem manuten\u00e7\u00e3o\",\"breadcrumb\":{\"@id\":\"https:\\\/\\\/decoplanta.com\\\/pt-pt\\\/plantas-de-interior-artificiais\\\/planta-sansevieria-verde-amarelo\\\/#breadcrumb\"},\"inLanguage\":\"pt-PT\",\"potentialAction\":[{\"@type\":\"ReadAction\",\"target\":[\"https:\\\/\\\/decoplanta.com\\\/pt-pt\\\/plantas-de-interior-artificiais\\\/planta-sansevieria-verde-amarelo\\\/\"]}]},{\"@type\":\"ImageObject\",\"inLanguage\":\"pt-PT\",\"@id\":\"https:\\\/\\\/decoplanta.com\\\/pt-pt\\\/plantas-de-interior-artificiais\\\/planta-sansevieria-verde-amarelo\\\/#primaryimage\",\"url\":\"https:\\\/\\\/decoplanta.com\\\/wp-content\\\/uploads\\\/2026\\\/04\\\/425392-SANSEVIERIA-97cm.jpg\",\"contentUrl\":\"https:\\\/\\\/decoplanta.com\\\/wp-content\\\/uploads\\\/2026\\\/04\\\/425392-SANSEVIERIA-97cm.jpg\",\"width\":1080,\"height\":1080,\"caption\":\"SANSEVIERIA artificial verde y amarillo, de 97 cm de alto\"},{\"@type\":\"BreadcrumbList\",\"@id\":\"https:\\\/\\\/decoplanta.com\\\/pt-pt\\\/plantas-de-interior-artificiais\\\/planta-sansevieria-verde-amarelo\\\/#breadcrumb\",\"itemListElement\":[{\"@type\":\"ListItem\",\"position\":1,\"name\":\"Portada\",\"item\":\"https:\\\/\\\/decoplanta.com\\\/pt-pt\\\/\"},{\"@type\":\"ListItem\",\"position\":2,\"name\":\"Priv\u00e9\u00a0: Tienda\",\"item\":\"https:\\\/\\\/decoplanta.com\\\/?page_id=377\"},{\"@type\":\"ListItem\",\"position\":3,\"name\":\"Planta SANSEVIERIA verde\\\/amarelo\"}]},{\"@type\":\"WebSite\",\"@id\":\"https:\\\/\\\/decoplanta.com\\\/pt-pt\\\/#website\",\"url\":\"https:\\\/\\\/decoplanta.com\\\/pt-pt\\\/\",\"name\":\"Plantas y \u00e1rboles artificiales de Alto Realismo\",\"description\":\"Proveedor de Plantas artificiales para estudios de Arquitectura, Interiorismo, Paisajismo, Escenograf\u00eda, Tiendas de Decoraci\u00f3n Florister\u00edas y Mobiliario\",\"publisher\":{\"@id\":\"https:\\\/\\\/decoplanta.com\\\/pt-pt\\\/#organization\"},\"potentialAction\":[{\"@type\":\"SearchAction\",\"target\":{\"@type\":\"EntryPoint\",\"urlTemplate\":\"https:\\\/\\\/decoplanta.com\\\/pt-pt\\\/?s={search_term_string}\"},\"query-input\":{\"@type\":\"PropertyValueSpecification\",\"valueRequired\":true,\"valueName\":\"search_term_string\"}}],\"inLanguage\":\"pt-PT\"},{\"@type\":\"Organization\",\"@id\":\"https:\\\/\\\/decoplanta.com\\\/pt-pt\\\/#organization\",\"name\":\"Plantas y \u00e1rboles artificiales de Alto Realismo\",\"url\":\"https:\\\/\\\/decoplanta.com\\\/pt-pt\\\/\",\"logo\":{\"@type\":\"ImageObject\",\"inLanguage\":\"pt-PT\",\"@id\":\"https:\\\/\\\/decoplanta.com\\\/pt-pt\\\/#\\\/schema\\\/logo\\\/image\\\/\",\"url\":\"https:\\\/\\\/decoplanta.com\\\/wp-content\\\/uploads\\\/2021\\\/02\\\/decoplanta-logo2020.svg\",\"contentUrl\":\"https:\\\/\\\/decoplanta.com\\\/wp-content\\\/uploads\\\/2021\\\/02\\\/decoplanta-logo2020.svg\",\"width\":500,\"height\":500,\"caption\":\"Plantas y \u00e1rboles artificiales de Alto Realismo\"},\"image\":{\"@id\":\"https:\\\/\\\/decoplanta.com\\\/pt-pt\\\/#\\\/schema\\\/logo\\\/image\\\/\"}}]}<\/script>\n<!-- \/ Yoast SEO plugin. -->","yoast_head_json":{"title":"SANSEVIERIA verde e amarelo artificial realista para interior","description":"SANSEVIERIA verde e amarelo artificial realista 97 cm de altura. Espectacular para qualquer ambiente com um elevado n\u00edvel de realismo sem manuten\u00e7\u00e3o","robots":{"index":"index","follow":"follow","max-snippet":"max-snippet:-1","max-image-preview":"max-image-preview:large","max-video-preview":"max-video-preview:-1"},"canonical":"https:\/\/decoplanta.com\/pt-pt\/plantas-de-interior-artificiais\/planta-sansevieria-verde-amarelo\/","og_locale":"pt_PT","og_type":"article","og_title":"SANSEVIERIA verde e amarelo artificial realista para interior","og_description":"SANSEVIERIA verde e amarelo artificial realista 97 cm de altura. Espectacular para qualquer ambiente com um elevado n\u00edvel de realismo sem manuten\u00e7\u00e3o","og_url":"https:\/\/decoplanta.com\/pt-pt\/plantas-de-interior-artificiais\/planta-sansevieria-verde-amarelo\/","og_site_name":"Plantas y \u00e1rboles artificiales de Alto Realismo","article_modified_time":"2026-04-25T09:50:15+00:00","og_image":[{"width":1080,"height":1080,"url":"https:\/\/decoplanta.com\/wp-content\/uploads\/2026\/04\/425392-SANSEVIERIA-97cm.jpg","type":"image\/jpeg"}],"twitter_card":"summary_large_image","twitter_misc":{"Tempo estimado de leitura":"3 minutos"},"schema":{"@context":"https:\/\/schema.org","@graph":[{"@type":"WebPage","@id":"https:\/\/decoplanta.com\/pt-pt\/plantas-de-interior-artificiais\/planta-sansevieria-verde-amarelo\/","url":"https:\/\/decoplanta.com\/pt-pt\/plantas-de-interior-artificiais\/planta-sansevieria-verde-amarelo\/","name":"SANSEVIERIA verde e amarelo artificial realista para interior","isPartOf":{"@id":"https:\/\/decoplanta.com\/pt-pt\/#website"},"primaryImageOfPage":{"@id":"https:\/\/decoplanta.com\/pt-pt\/plantas-de-interior-artificiais\/planta-sansevieria-verde-amarelo\/#primaryimage"},"image":{"@id":"https:\/\/decoplanta.com\/pt-pt\/plantas-de-interior-artificiais\/planta-sansevieria-verde-amarelo\/#primaryimage"},"thumbnailUrl":"https:\/\/decoplanta.com\/wp-content\/uploads\/2026\/04\/425392-SANSEVIERIA-97cm.jpg","datePublished":"2026-04-25T09:10:06+00:00","dateModified":"2026-04-25T09:50:15+00:00","description":"SANSEVIERIA verde e amarelo artificial realista 97 cm de altura. Espectacular para qualquer ambiente com um elevado n\u00edvel de realismo sem manuten\u00e7\u00e3o","breadcrumb":{"@id":"https:\/\/decoplanta.com\/pt-pt\/plantas-de-interior-artificiais\/planta-sansevieria-verde-amarelo\/#breadcrumb"},"inLanguage":"pt-PT","potentialAction":[{"@type":"ReadAction","target":["https:\/\/decoplanta.com\/pt-pt\/plantas-de-interior-artificiais\/planta-sansevieria-verde-amarelo\/"]}]},{"@type":"ImageObject","inLanguage":"pt-PT","@id":"https:\/\/decoplanta.com\/pt-pt\/plantas-de-interior-artificiais\/planta-sansevieria-verde-amarelo\/#primaryimage","url":"https:\/\/decoplanta.com\/wp-content\/uploads\/2026\/04\/425392-SANSEVIERIA-97cm.jpg","contentUrl":"https:\/\/decoplanta.com\/wp-content\/uploads\/2026\/04\/425392-SANSEVIERIA-97cm.jpg","width":1080,"height":1080,"caption":"SANSEVIERIA artificial verde y amarillo, de 97 cm de alto"},{"@type":"BreadcrumbList","@id":"https:\/\/decoplanta.com\/pt-pt\/plantas-de-interior-artificiais\/planta-sansevieria-verde-amarelo\/#breadcrumb","itemListElement":[{"@type":"ListItem","position":1,"name":"Portada","item":"https:\/\/decoplanta.com\/pt-pt\/"},{"@type":"ListItem","position":2,"name":"Priv\u00e9\u00a0: Tienda","item":"https:\/\/decoplanta.com\/?page_id=377"},{"@type":"ListItem","position":3,"name":"Planta SANSEVIERIA verde\/amarelo"}]},{"@type":"WebSite","@id":"https:\/\/decoplanta.com\/pt-pt\/#website","url":"https:\/\/decoplanta.com\/pt-pt\/","name":"Plantas y \u00e1rboles artificiales de Alto Realismo","description":"Proveedor de Plantas artificiales para estudios de Arquitectura, Interiorismo, Paisajismo, Escenograf\u00eda, Tiendas de Decoraci\u00f3n Florister\u00edas y Mobiliario","publisher":{"@id":"https:\/\/decoplanta.com\/pt-pt\/#organization"},"potentialAction":[{"@type":"SearchAction","target":{"@type":"EntryPoint","urlTemplate":"https:\/\/decoplanta.com\/pt-pt\/?s={search_term_string}"},"query-input":{"@type":"PropertyValueSpecification","valueRequired":true,"valueName":"search_term_string"}}],"inLanguage":"pt-PT"},{"@type":"Organization","@id":"https:\/\/decoplanta.com\/pt-pt\/#organization","name":"Plantas y \u00e1rboles artificiales de Alto Realismo","url":"https:\/\/decoplanta.com\/pt-pt\/","logo":{"@type":"ImageObject","inLanguage":"pt-PT","@id":"https:\/\/decoplanta.com\/pt-pt\/#\/schema\/logo\/image\/","url":"https:\/\/decoplanta.com\/wp-content\/uploads\/2021\/02\/decoplanta-logo2020.svg","contentUrl":"https:\/\/decoplanta.com\/wp-content\/uploads\/2021\/02\/decoplanta-logo2020.svg","width":500,"height":500,"caption":"Plantas y \u00e1rboles artificiales de Alto Realismo"},"image":{"@id":"https:\/\/decoplanta.com\/pt-pt\/#\/schema\/logo\/image\/"}}]}},"_links":{"self":[{"href":"https:\/\/decoplanta.com\/pt-pt\/wp-json\/wp\/v2\/product\/9013","targetHints":{"allow":["GET"]}}],"collection":[{"href":"https:\/\/decoplanta.com\/pt-pt\/wp-json\/wp\/v2\/product"}],"about":[{"href":"https:\/\/decoplanta.com\/pt-pt\/wp-json\/wp\/v2\/types\/product"}],"version-history":[{"count":1,"href":"https:\/\/decoplanta.com\/pt-pt\/wp-json\/wp\/v2\/product\/9013\/revisions"}],"predecessor-version":[{"id":9019,"href":"https:\/\/decoplanta.com\/pt-pt\/wp-json\/wp\/v2\/product\/9013\/revisions\/9019"}],"wp:featuredmedia":[{"embeddable":true,"href":"https:\/\/decoplanta.com\/pt-pt\/wp-json\/wp\/v2\/media\/9016"}],"wp:attachment":[{"href":"https:\/\/decoplanta.com\/pt-pt\/wp-json\/wp\/v2\/media?parent=9013"}],"wp:term":[{"taxonomy":"product_brand","embeddable":true,"href":"https:\/\/decoplanta.com\/pt-pt\/wp-json\/wp\/v2\/product_brand?post=9013"},{"taxonomy":"product_cat","embeddable":true,"href":"https:\/\/decoplanta.com\/pt-pt\/wp-json\/wp\/v2\/product_cat?post=9013"},{"taxonomy":"product_tag","embeddable":true,"href":"https:\/\/decoplanta.com\/pt-pt\/wp-json\/wp\/v2\/product_tag?post=9013"}],"curies":[{"name":"wp","href":"https:\/\/api.w.org\/{rel}","templated":true}]}}