{"id":9041,"date":"2026-05-09T10:37:00","date_gmt":"2026-05-09T09:37:00","guid":{"rendered":"https:\/\/decoplanta.com\/?post_type=product&#038;p=9041"},"modified":"2026-05-09T11:39:24","modified_gmt":"2026-05-09T10:39:24","slug":"jardineira-esferica-decoesfera","status":"publish","type":"product","link":"https:\/\/decoplanta.com\/pt-pt\/plantadeiras-de-resina\/jardineira-esferica-decoesfera\/","title":{"rendered":"Jardineira DECOESFERA"},"content":{"rendered":"<p>Jardineira esf\u00e9rica DECOESFERA, feita de resina de alta resist\u00eancia, adequado para uso interior e exterior. Dispon\u00edvel em tr\u00eas tamanhos. Cores dispon\u00edveis: Branco \/ Preto Est\u00e1 dispon\u00edvel em tr\u00eas tamanhos a condizer, fazendo um conjunto muito elegante.<\/p>\n<p class=\"p1\"><span class=\"s1\"><b>Jardineira esf\u00e9rica DECOESFERA<\/b><\/span><\/p>\n<p class=\"p2\"><span class=\"s1\">Esta jardineira de <a href=\"https:\/\/preguntas.habitissimo.es\/pregunta\/revestimiento-de-resina-epoxy\"><span class=\"s2\">resina<\/span><\/a>, \u00e9 feito precisamente para resistir \u00e0s intemp\u00e9ries. \u00c9 resistente a mudan\u00e7as extremas de temperatura. Al\u00e9m disso, resiste muito bem aos raios solares. Como consequ\u00eancia, nunca perdem a sua cor original, ficando sempre novas, como no primeiro dia.<\/span><\/p>\n<p class=\"p2\"><span class=\"s1\">Confira todas as <a href=\"https:\/\/decoplanta.com\/pt-pt\/plantadeiras-de-resina\/\"><span class=\"s2\">jardineiras<\/span><\/a> dispon\u00edveis em resina de alta resist\u00eancia. Outras <a href=\"https:\/\/decoplanta.com\/pt-pt\/plantadeiras-de-resina\/jardineira-retangular-minideco\/\"><span class=\"s2\">jardineras rectangulares<\/span><\/a>, ou <a href=\"https:\/\/decoplanta.com\/pt-pt\/plantadeiras-de-resina\/jardineira-quadrada-deco\/\"><span class=\"s2\">quadradas<\/span><\/a> tamb\u00e9m est\u00e3o dispon\u00edveis. Entre as floreiras retangulares, destaca-se a <a href=\"https:\/\/decoplanta.com\/pt-pt\/plantadeiras-de-resina\/jardineira-muro-retangular-grande\/\"><span class=\"s2\">Jardineira Muro<\/span><\/a>, que \u00e9 alta, muito utilizada como separa\u00e7\u00e3o de ambientes no setor hoteleiro.<\/span><\/p>\n<p class=\"p2\"><span class=\"s1\">Embora tamb\u00e9m tenhamos dispon\u00edveis floreiras redondas altas, como a <a href=\"https:\/\/decoplanta.com\/pt-pt\/plantadeiras-de-resina\/jardineira-decoalta-90cm\/\"><span class=\"s2\">Decoalta de 90 cm de altura<\/span><\/a>, e a Jardineira <a href=\"https:\/\/decoplanta.com\/pt-pt\/plantadeiras-de-resina\/jardineira-alta-redonda-decoalta-70cm\/\"><span class=\"s2\">Decoalta de 70 cm.<\/span><\/a><\/span><\/p>\n<p class=\"p2\"><span class=\"s1\">Finalmente, tamb\u00e9m existem vasos de resina baixos e redondos dispon\u00edveis em tr\u00eas tamanhos, como o <a href=\"https:\/\/decoplanta.com\/pt-pt\/plantadeiras-de-resina\/jardineira-redonda-baixa-decoluxe-xl\/\"><span class=\"s2\">Decoluxe XL<\/span><\/a>, <a href=\"https:\/\/decoplanta.com\/pt-pt\/plantadeiras-de-resina\/jardineira-redonda-baixa-decoluxe-l\/\"><span class=\"s2\">Decoluxe L<\/span><\/a> y <a href=\"https:\/\/decoplanta.com\/pt-pt\/plantadeiras-de-resina\/jardineira-decoluxe-m\/\"><span class=\"s2\">Decoluxe M<\/span><\/a>.<\/span><\/p>\n","protected":false},"excerpt":{"rendered":"<p>Jardineira esf\u00e9rica DECOESFERA, feita de resina de alta resist\u00eancia, adequado para uso interior e exterior.\u00a0 Cores dispon\u00edveis: Preto e Branco.<\/p>\n<p><img fetchpriority=\"high\" decoding=\"async\" class=\"alignnone wp-image-5758 size-thumbnail\" role=\"img\" src=\"https:\/\/decoplanta.com\/wp-content\/uploads\/2026\/05\/ESQUEMA_DECOESFERA_30.svg\" alt=\"Medidas Jardinera Decoesfera\" width=\"277\" height=\"277\" \/><\/p>\n<table>\n<tbody>\n<tr>\n<td><strong>REF<\/strong><\/td>\n<td><strong>ALTURA<\/strong><\/td>\n<td><strong>\u00d8<\/strong><\/td>\n<td><strong>PROFUNDIDADE<\/strong><\/td>\n<\/tr>\n<tr>\n<td>JDNDLA030<\/td>\n<td>22 cm<\/td>\n<td>30 cm8<\/td>\n<td>\u00a0cm<\/td>\n<\/tr>\n<\/tbody>\n<\/table>\n","protected":false},"featured_media":9062,"template":"","meta":{"_monsterinsights_skip_tracking":false,"_monsterinsights_sitenote_active":false,"_monsterinsights_sitenote_note":"","_monsterinsights_sitenote_category":0},"product_brand":[],"product_cat":[397],"product_tag":[419],"class_list":{"0":"post-9041","1":"product","2":"type-product","3":"status-publish","4":"has-post-thumbnail","6":"product_cat-plantadeiras-de-resina","7":"product_tag-plantadeira-para-exterior","8":"","9":"woocommerce-text-align-center","10":"woocommerce-image-align-center","11":"do-quantity-buttons","12":"wc-has-gallery","14":"first","15":"instock","16":"taxable","17":"shipping-taxable","18":"purchasable","19":"product-type-simple"},"yoast_head":"<!-- This site is optimized with the Yoast SEO plugin v27.5 - https:\/\/yoast.com\/product\/yoast-seo-wordpress\/ -->\n<title>Jardineira esf\u00e9rica DECOESFERA em resina de alta resist\u00eancia<\/title>\n<meta name=\"description\" content=\"Jardineira esf\u00e9rica DECOESFERA para exterior ou interior feita em resina de alta resist\u00eancia. Est\u00e1 dispon\u00edvel em 30 cm -Cores disponiveis: Preto e Branco\" \/>\n<meta name=\"robots\" content=\"index, follow, max-snippet:-1, max-image-preview:large, max-video-preview:-1\" \/>\n<link rel=\"canonical\" href=\"https:\/\/decoplanta.com\/pt-pt\/plantadeiras-de-resina\/jardineira-esferica-decoesfera\/\" \/>\n<meta property=\"og:locale\" content=\"pt_PT\" \/>\n<meta property=\"og:type\" content=\"article\" \/>\n<meta property=\"og:title\" content=\"Jardineira esf\u00e9rica DECOESFERA em resina de alta resist\u00eancia\" \/>\n<meta property=\"og:description\" content=\"Jardineira esf\u00e9rica DECOESFERA para exterior ou interior feita em resina de alta resist\u00eancia. Est\u00e1 dispon\u00edvel em 30 cm -Cores disponiveis: Preto e Branco\" \/>\n<meta property=\"og:url\" content=\"https:\/\/decoplanta.com\/pt-pt\/plantadeiras-de-resina\/jardineira-esferica-decoesfera\/\" \/>\n<meta property=\"og:site_name\" content=\"Plantas y \u00e1rboles artificiales de Alto Realismo\" \/>\n<meta property=\"article:modified_time\" content=\"2026-05-09T10:39:24+00:00\" \/>\n<meta property=\"og:image\" content=\"https:\/\/decoplanta.com\/wp-content\/uploads\/2026\/05\/JDNDLA030-Jardinera_DECOESFERA-B-N.jpg\" \/>\n\t<meta property=\"og:image:width\" content=\"1400\" \/>\n\t<meta property=\"og:image:height\" content=\"1400\" \/>\n\t<meta property=\"og:image:type\" content=\"image\/jpeg\" \/>\n<meta name=\"twitter:card\" content=\"summary_large_image\" \/>\n<meta name=\"twitter:label1\" content=\"Tempo estimado de leitura\" \/>\n\t<meta name=\"twitter:data1\" content=\"1 minuto\" \/>\n<script type=\"application\/ld+json\" class=\"yoast-schema-graph\">{\"@context\":\"https:\\\/\\\/schema.org\",\"@graph\":[{\"@type\":\"WebPage\",\"@id\":\"https:\\\/\\\/decoplanta.com\\\/pt-pt\\\/plantadeiras-de-resina\\\/jardineira-esferica-decoesfera\\\/\",\"url\":\"https:\\\/\\\/decoplanta.com\\\/pt-pt\\\/plantadeiras-de-resina\\\/jardineira-esferica-decoesfera\\\/\",\"name\":\"Jardineira esf\u00e9rica DECOESFERA em resina de alta resist\u00eancia\",\"isPartOf\":{\"@id\":\"https:\\\/\\\/decoplanta.com\\\/pt-pt\\\/#website\"},\"primaryImageOfPage\":{\"@id\":\"https:\\\/\\\/decoplanta.com\\\/pt-pt\\\/plantadeiras-de-resina\\\/jardineira-esferica-decoesfera\\\/#primaryimage\"},\"image\":{\"@id\":\"https:\\\/\\\/decoplanta.com\\\/pt-pt\\\/plantadeiras-de-resina\\\/jardineira-esferica-decoesfera\\\/#primaryimage\"},\"thumbnailUrl\":\"https:\\\/\\\/decoplanta.com\\\/wp-content\\\/uploads\\\/2026\\\/05\\\/JDNDLA030-Jardinera_DECOESFERA-B-N.jpg\",\"datePublished\":\"2026-05-09T09:37:00+00:00\",\"dateModified\":\"2026-05-09T10:39:24+00:00\",\"description\":\"Jardineira esf\u00e9rica DECOESFERA para exterior ou interior feita em resina de alta resist\u00eancia. Est\u00e1 dispon\u00edvel em 30 cm -Cores disponiveis: Preto e Branco\",\"breadcrumb\":{\"@id\":\"https:\\\/\\\/decoplanta.com\\\/pt-pt\\\/plantadeiras-de-resina\\\/jardineira-esferica-decoesfera\\\/#breadcrumb\"},\"inLanguage\":\"pt-PT\",\"potentialAction\":[{\"@type\":\"ReadAction\",\"target\":[\"https:\\\/\\\/decoplanta.com\\\/pt-pt\\\/plantadeiras-de-resina\\\/jardineira-esferica-decoesfera\\\/\"]}]},{\"@type\":\"ImageObject\",\"inLanguage\":\"pt-PT\",\"@id\":\"https:\\\/\\\/decoplanta.com\\\/pt-pt\\\/plantadeiras-de-resina\\\/jardineira-esferica-decoesfera\\\/#primaryimage\",\"url\":\"https:\\\/\\\/decoplanta.com\\\/wp-content\\\/uploads\\\/2026\\\/05\\\/JDNDLA030-Jardinera_DECOESFERA-B-N.jpg\",\"contentUrl\":\"https:\\\/\\\/decoplanta.com\\\/wp-content\\\/uploads\\\/2026\\\/05\\\/JDNDLA030-Jardinera_DECOESFERA-B-N.jpg\",\"width\":1400,\"height\":1400,\"caption\":\"Jardinera redonda DECOESFERA, fabricada en resina de alta resistencia, v\u00e1lida para interior y exterior.\u00a0 Colores disponibles: Blanco y Negro.\"},{\"@type\":\"BreadcrumbList\",\"@id\":\"https:\\\/\\\/decoplanta.com\\\/pt-pt\\\/plantadeiras-de-resina\\\/jardineira-esferica-decoesfera\\\/#breadcrumb\",\"itemListElement\":[{\"@type\":\"ListItem\",\"position\":1,\"name\":\"Portada\",\"item\":\"https:\\\/\\\/decoplanta.com\\\/pt-pt\\\/\"},{\"@type\":\"ListItem\",\"position\":2,\"name\":\"Priv\u00e9\u00a0: Tienda\",\"item\":\"https:\\\/\\\/decoplanta.com\\\/?page_id=377\"},{\"@type\":\"ListItem\",\"position\":3,\"name\":\"Jardineira DECOESFERA\"}]},{\"@type\":\"WebSite\",\"@id\":\"https:\\\/\\\/decoplanta.com\\\/pt-pt\\\/#website\",\"url\":\"https:\\\/\\\/decoplanta.com\\\/pt-pt\\\/\",\"name\":\"Plantas y \u00e1rboles artificiales de Alto Realismo\",\"description\":\"Proveedor de Plantas artificiales para estudios de Arquitectura, Interiorismo, Paisajismo, Escenograf\u00eda, Tiendas de Decoraci\u00f3n Florister\u00edas y Mobiliario\",\"publisher\":{\"@id\":\"https:\\\/\\\/decoplanta.com\\\/pt-pt\\\/#organization\"},\"potentialAction\":[{\"@type\":\"SearchAction\",\"target\":{\"@type\":\"EntryPoint\",\"urlTemplate\":\"https:\\\/\\\/decoplanta.com\\\/pt-pt\\\/?s={search_term_string}\"},\"query-input\":{\"@type\":\"PropertyValueSpecification\",\"valueRequired\":true,\"valueName\":\"search_term_string\"}}],\"inLanguage\":\"pt-PT\"},{\"@type\":\"Organization\",\"@id\":\"https:\\\/\\\/decoplanta.com\\\/pt-pt\\\/#organization\",\"name\":\"Plantas y \u00e1rboles artificiales de Alto Realismo\",\"url\":\"https:\\\/\\\/decoplanta.com\\\/pt-pt\\\/\",\"logo\":{\"@type\":\"ImageObject\",\"inLanguage\":\"pt-PT\",\"@id\":\"https:\\\/\\\/decoplanta.com\\\/pt-pt\\\/#\\\/schema\\\/logo\\\/image\\\/\",\"url\":\"https:\\\/\\\/decoplanta.com\\\/wp-content\\\/uploads\\\/2021\\\/02\\\/decoplanta-logo2020.svg\",\"contentUrl\":\"https:\\\/\\\/decoplanta.com\\\/wp-content\\\/uploads\\\/2021\\\/02\\\/decoplanta-logo2020.svg\",\"width\":500,\"height\":500,\"caption\":\"Plantas y \u00e1rboles artificiales de Alto Realismo\"},\"image\":{\"@id\":\"https:\\\/\\\/decoplanta.com\\\/pt-pt\\\/#\\\/schema\\\/logo\\\/image\\\/\"}}]}<\/script>\n<!-- \/ Yoast SEO plugin. -->","yoast_head_json":{"title":"Jardineira esf\u00e9rica DECOESFERA em resina de alta resist\u00eancia","description":"Jardineira esf\u00e9rica DECOESFERA para exterior ou interior feita em resina de alta resist\u00eancia. Est\u00e1 dispon\u00edvel em 30 cm -Cores disponiveis: Preto e Branco","robots":{"index":"index","follow":"follow","max-snippet":"max-snippet:-1","max-image-preview":"max-image-preview:large","max-video-preview":"max-video-preview:-1"},"canonical":"https:\/\/decoplanta.com\/pt-pt\/plantadeiras-de-resina\/jardineira-esferica-decoesfera\/","og_locale":"pt_PT","og_type":"article","og_title":"Jardineira esf\u00e9rica DECOESFERA em resina de alta resist\u00eancia","og_description":"Jardineira esf\u00e9rica DECOESFERA para exterior ou interior feita em resina de alta resist\u00eancia. Est\u00e1 dispon\u00edvel em 30 cm -Cores disponiveis: Preto e Branco","og_url":"https:\/\/decoplanta.com\/pt-pt\/plantadeiras-de-resina\/jardineira-esferica-decoesfera\/","og_site_name":"Plantas y \u00e1rboles artificiales de Alto Realismo","article_modified_time":"2026-05-09T10:39:24+00:00","og_image":[{"width":1400,"height":1400,"url":"https:\/\/decoplanta.com\/wp-content\/uploads\/2026\/05\/JDNDLA030-Jardinera_DECOESFERA-B-N.jpg","type":"image\/jpeg"}],"twitter_card":"summary_large_image","twitter_misc":{"Tempo estimado de leitura":"1 minuto"},"schema":{"@context":"https:\/\/schema.org","@graph":[{"@type":"WebPage","@id":"https:\/\/decoplanta.com\/pt-pt\/plantadeiras-de-resina\/jardineira-esferica-decoesfera\/","url":"https:\/\/decoplanta.com\/pt-pt\/plantadeiras-de-resina\/jardineira-esferica-decoesfera\/","name":"Jardineira esf\u00e9rica DECOESFERA em resina de alta resist\u00eancia","isPartOf":{"@id":"https:\/\/decoplanta.com\/pt-pt\/#website"},"primaryImageOfPage":{"@id":"https:\/\/decoplanta.com\/pt-pt\/plantadeiras-de-resina\/jardineira-esferica-decoesfera\/#primaryimage"},"image":{"@id":"https:\/\/decoplanta.com\/pt-pt\/plantadeiras-de-resina\/jardineira-esferica-decoesfera\/#primaryimage"},"thumbnailUrl":"https:\/\/decoplanta.com\/wp-content\/uploads\/2026\/05\/JDNDLA030-Jardinera_DECOESFERA-B-N.jpg","datePublished":"2026-05-09T09:37:00+00:00","dateModified":"2026-05-09T10:39:24+00:00","description":"Jardineira esf\u00e9rica DECOESFERA para exterior ou interior feita em resina de alta resist\u00eancia. Est\u00e1 dispon\u00edvel em 30 cm -Cores disponiveis: Preto e Branco","breadcrumb":{"@id":"https:\/\/decoplanta.com\/pt-pt\/plantadeiras-de-resina\/jardineira-esferica-decoesfera\/#breadcrumb"},"inLanguage":"pt-PT","potentialAction":[{"@type":"ReadAction","target":["https:\/\/decoplanta.com\/pt-pt\/plantadeiras-de-resina\/jardineira-esferica-decoesfera\/"]}]},{"@type":"ImageObject","inLanguage":"pt-PT","@id":"https:\/\/decoplanta.com\/pt-pt\/plantadeiras-de-resina\/jardineira-esferica-decoesfera\/#primaryimage","url":"https:\/\/decoplanta.com\/wp-content\/uploads\/2026\/05\/JDNDLA030-Jardinera_DECOESFERA-B-N.jpg","contentUrl":"https:\/\/decoplanta.com\/wp-content\/uploads\/2026\/05\/JDNDLA030-Jardinera_DECOESFERA-B-N.jpg","width":1400,"height":1400,"caption":"Jardinera redonda DECOESFERA, fabricada en resina de alta resistencia, v\u00e1lida para interior y exterior.\u00a0 Colores disponibles: Blanco y Negro."},{"@type":"BreadcrumbList","@id":"https:\/\/decoplanta.com\/pt-pt\/plantadeiras-de-resina\/jardineira-esferica-decoesfera\/#breadcrumb","itemListElement":[{"@type":"ListItem","position":1,"name":"Portada","item":"https:\/\/decoplanta.com\/pt-pt\/"},{"@type":"ListItem","position":2,"name":"Priv\u00e9\u00a0: Tienda","item":"https:\/\/decoplanta.com\/?page_id=377"},{"@type":"ListItem","position":3,"name":"Jardineira DECOESFERA"}]},{"@type":"WebSite","@id":"https:\/\/decoplanta.com\/pt-pt\/#website","url":"https:\/\/decoplanta.com\/pt-pt\/","name":"Plantas y \u00e1rboles artificiales de Alto Realismo","description":"Proveedor de Plantas artificiales para estudios de Arquitectura, Interiorismo, Paisajismo, Escenograf\u00eda, Tiendas de Decoraci\u00f3n Florister\u00edas y Mobiliario","publisher":{"@id":"https:\/\/decoplanta.com\/pt-pt\/#organization"},"potentialAction":[{"@type":"SearchAction","target":{"@type":"EntryPoint","urlTemplate":"https:\/\/decoplanta.com\/pt-pt\/?s={search_term_string}"},"query-input":{"@type":"PropertyValueSpecification","valueRequired":true,"valueName":"search_term_string"}}],"inLanguage":"pt-PT"},{"@type":"Organization","@id":"https:\/\/decoplanta.com\/pt-pt\/#organization","name":"Plantas y \u00e1rboles artificiales de Alto Realismo","url":"https:\/\/decoplanta.com\/pt-pt\/","logo":{"@type":"ImageObject","inLanguage":"pt-PT","@id":"https:\/\/decoplanta.com\/pt-pt\/#\/schema\/logo\/image\/","url":"https:\/\/decoplanta.com\/wp-content\/uploads\/2021\/02\/decoplanta-logo2020.svg","contentUrl":"https:\/\/decoplanta.com\/wp-content\/uploads\/2021\/02\/decoplanta-logo2020.svg","width":500,"height":500,"caption":"Plantas y \u00e1rboles artificiales de Alto Realismo"},"image":{"@id":"https:\/\/decoplanta.com\/pt-pt\/#\/schema\/logo\/image\/"}}]}},"_links":{"self":[{"href":"https:\/\/decoplanta.com\/pt-pt\/wp-json\/wp\/v2\/product\/9041","targetHints":{"allow":["GET"]}}],"collection":[{"href":"https:\/\/decoplanta.com\/pt-pt\/wp-json\/wp\/v2\/product"}],"about":[{"href":"https:\/\/decoplanta.com\/pt-pt\/wp-json\/wp\/v2\/types\/product"}],"version-history":[{"count":1,"href":"https:\/\/decoplanta.com\/pt-pt\/wp-json\/wp\/v2\/product\/9041\/revisions"}],"predecessor-version":[{"id":9071,"href":"https:\/\/decoplanta.com\/pt-pt\/wp-json\/wp\/v2\/product\/9041\/revisions\/9071"}],"wp:featuredmedia":[{"embeddable":true,"href":"https:\/\/decoplanta.com\/pt-pt\/wp-json\/wp\/v2\/media\/9062"}],"wp:attachment":[{"href":"https:\/\/decoplanta.com\/pt-pt\/wp-json\/wp\/v2\/media?parent=9041"}],"wp:term":[{"taxonomy":"product_brand","embeddable":true,"href":"https:\/\/decoplanta.com\/pt-pt\/wp-json\/wp\/v2\/product_brand?post=9041"},{"taxonomy":"product_cat","embeddable":true,"href":"https:\/\/decoplanta.com\/pt-pt\/wp-json\/wp\/v2\/product_cat?post=9041"},{"taxonomy":"product_tag","embeddable":true,"href":"https:\/\/decoplanta.com\/pt-pt\/wp-json\/wp\/v2\/product_tag?post=9041"}],"curies":[{"name":"wp","href":"https:\/\/api.w.org\/{rel}","templated":true}]}}